{"id":3689,"date":"2025-07-14T15:47:50","date_gmt":"2025-07-14T07:47:50","guid":{"rendered":"https:\/\/jblcorten.com\/?post_type=product&#038;p=3689"},"modified":"2025-07-14T15:47:50","modified_gmt":"2025-07-14T07:47:50","slug":"cortenstahl-wassertisch","status":"publish","type":"product","link":"https:\/\/jblcorten.com\/de\/corten-steel-water-table\/","title":{"rendered":"Cortenstahl-Wassertisch"},"content":{"rendered":"<h2 style=\"text-align: center;\"><span style=\"font-size: 14pt;\">Cortenstahl-Wassertisch<\/span><\/h2>\n<p>Dieser Wassertisch aus Cortenstahl ist aus hochwertigem Cortenstahl gefertigt und hat ein einzigartiges rostrotes Aussehen, das sich perfekt in die nat\u00fcrliche Umgebung einf\u00fcgt. Das schlichte rechteckige Design ist modern und elegant und passt zu einer Vielzahl von Hof- und Landschaftsgestaltungsstilen.<\/p>\n<p>Der Wassertisch aus Cortenstahl verf\u00fcgt \u00fcber ein sorgf\u00e4ltig konzipiertes Wasserzirkulationssystem im Inneren, und das Wasser flie\u00dft langsam aus der Mitte und bildet ein ruhiges Wasserspiel. Er verleiht dem Raum nicht nur ein dynamisches Element, sondern schafft auch eine beruhigende Umgebung.<\/p>\n<p>Das Material aus Cortenstahl wurde speziell behandelt, um verschiedenen rauen Wetterbedingungen standzuhalten, und kann viele Jahre lang ohne zus\u00e4tzliche Wartung in gutem Zustand bleiben. Es ist die ideale Wahl f\u00fcr die hochwertige Gestaltung von Innenh\u00f6fen.<\/p>\n<p><img fetchpriority=\"high\" decoding=\"async\" class=\"alignnone size-full wp-image-3690\" src=\"https:\/\/jblcorten.com\/wp-content\/uploads\/2025\/07\/Corten-Steel-Water-Table.jpg\" alt=\"Cortenstahl-Wassertisch\" width=\"750\" height=\"503\" title=\"\" srcset=\"https:\/\/jblcorten.com\/wp-content\/uploads\/2025\/07\/Corten-Steel-Water-Table.jpg 750w, https:\/\/jblcorten.com\/wp-content\/uploads\/2025\/07\/Corten-Steel-Water-Table-300x201.jpg 300w, https:\/\/jblcorten.com\/wp-content\/uploads\/2025\/07\/Corten-Steel-Water-Table-18x12.jpg 18w, https:\/\/jblcorten.com\/wp-content\/uploads\/2025\/07\/Corten-Steel-Water-Table-600x402.jpg 600w\" sizes=\"(max-width: 750px) 100vw, 750px\" \/><\/p>\n<p><span style=\"font-size: 14pt;\"><strong>Wesentliche Merkmale:<\/strong><\/span><\/p>\n<ul>\n<li><span style=\"color: #db6d1f;\"><strong>Hochwertiges Material:<\/strong> <\/span>Aus hochwertigem wetterfestem Stahl gefertigt, verf\u00fcgt er \u00fcber eine ausgezeichnete Korrosions- und Witterungsbest\u00e4ndigkeit und kann jahrzehntelang genutzt werden.<\/li>\n<li><strong><span style=\"color: #db6d1f;\">Modernes Design:<\/span><\/strong> Einfaches rechteckiges Design mit glatten Linien, passt perfekt zum modernen architektonischen Stil und verbessert die Qualit\u00e4t des Raumes<\/li>\n<li><span style=\"color: #db6d1f;\"><strong>Effekt der Wasserlandschaft:<\/strong><\/span> Eingebautes Wasserzirkulationssystem, das Wasser flie\u00dft nat\u00fcrlich und schafft eine ruhige und beruhigende Umgebung<\/li>\n<li><span style=\"color: #db6d1f;\"><strong>Leicht zu pflegen:<\/strong><\/span> Das Material aus wetterfestem Stahl ist wartungsfrei, es ist keine regelm\u00e4\u00dfige Wartung erforderlich, was langfristig Wartungskosten spart.<\/li>\n<\/ul>\n<p><strong><span style=\"font-size: 14pt;\">Produktspezifikation:<\/span><\/strong><\/p>\n<table style=\"border-collapse: collapse; width: 100%; height: 265px;\">\n<tbody>\n<tr style=\"height: 53px;\">\n<td style=\"width: 30.0299%; height: 53px; background-color: #f5f5f5;\">Produktname<\/td>\n<td style=\"width: 69.9701%; height: 53px; background-color: #f5f5f5;\">Cortenstahl-Wassertisch<\/td>\n<\/tr>\n<tr style=\"height: 53px;\">\n<td style=\"width: 30.0299%; height: 53px;\">Form<\/td>\n<td style=\"width: 69.9701%; height: 53px;\">Rechteckig\/quadratisch\/rund\/kundenspezifisch<\/td>\n<\/tr>\n<tr style=\"height: 53px;\">\n<td style=\"width: 30.0299%; height: 53px; background-color: #f5f5f5;\">Material<\/td>\n<td style=\"width: 69.9701%; height: 53px; background-color: #f5f5f5;\">Cortenstahl<\/td>\n<\/tr>\n<tr style=\"height: 53px;\">\n<td style=\"width: 30.0299%; height: 53px;\">Gr\u00f6\u00dfe<\/td>\n<td style=\"width: 69.9701%; height: 53px;\">L 1000 \u00d7 B 2500 \u00d7 H400 mm<\/td>\n<\/tr>\n<tr style=\"height: 53px;\">\n<td style=\"width: 30.0299%; height: 53px; background-color: #f5f5f5;\">Paket<\/td>\n<td style=\"width: 69.9701%; height: 53px; background-color: #f5f5f5;\"><span class=\"magic-8\" data-spm-anchor-id=\"a2700.details-description.0.i1.764b1REx1RExij\">Innen: Verschlei\u00dffestes Schaumstoffpapier,\u00a0<\/span><span class=\"magic-8\">\u00c4u\u00dferes: Pappkarton<\/span><\/td>\n<\/tr>\n<\/tbody>\n<\/table>\n<p><strong><span style=\"font-size: 14pt;\">Personalisierte Auswahl:<\/span><\/strong><\/p>\n<p>Unser Cortenstahl-Wassertisch kann mit 3 oder 4 D\u00fcsen konfiguriert werden, die je nach Gr\u00f6\u00dfe des Gel\u00e4ndes, der Wasserflusswirkung oder der \u00c4sthetik des Kunden frei gew\u00e4hlt werden k\u00f6nnen, um eine flexiblere Gestaltung der Wasserlandschaft zu erreichen.<\/p>\n<p><img decoding=\"async\" class=\"alignnone size-full wp-image-3691\" src=\"https:\/\/jblcorten.com\/wp-content\/uploads\/2025\/07\/water-table-water-feature.jpg\" alt=\"Wassertisch Wasserspiel\" width=\"750\" height=\"213\" title=\"\" srcset=\"https:\/\/jblcorten.com\/wp-content\/uploads\/2025\/07\/water-table-water-feature.jpg 750w, https:\/\/jblcorten.com\/wp-content\/uploads\/2025\/07\/water-table-water-feature-300x85.jpg 300w, https:\/\/jblcorten.com\/wp-content\/uploads\/2025\/07\/water-table-water-feature-18x5.jpg 18w, https:\/\/jblcorten.com\/wp-content\/uploads\/2025\/07\/water-table-water-feature-600x170.jpg 600w\" sizes=\"(max-width: 750px) 100vw, 750px\" \/><\/p>\n<p><strong><span style=\"font-size: 14pt;\">Produktpaket:<\/span><\/strong><\/p>\n<p>Um das Corten-Wasserspiel vor Verschlei\u00df zu sch\u00fctzen, werden wir zun\u00e4chst versuchen, das Wasserspiel mit Schaumstoff zu umwickeln und dann Holzkisten f\u00fcr die Au\u00dfenverpackung zu verwenden.<\/p>\n<p><img decoding=\"async\" class=\"alignnone size-full wp-image-3695\" src=\"https:\/\/jblcorten.com\/wp-content\/uploads\/2025\/07\/corten-steel-water-tables.jpg\" alt=\"\" width=\"750\" height=\"421\" title=\"\" srcset=\"https:\/\/jblcorten.com\/wp-content\/uploads\/2025\/07\/corten-steel-water-tables.jpg 750w, https:\/\/jblcorten.com\/wp-content\/uploads\/2025\/07\/corten-steel-water-tables-300x168.jpg 300w, https:\/\/jblcorten.com\/wp-content\/uploads\/2025\/07\/corten-steel-water-tables-18x10.jpg 18w, https:\/\/jblcorten.com\/wp-content\/uploads\/2025\/07\/corten-steel-water-tables-600x337.jpg 600w\" sizes=\"(max-width: 750px) 100vw, 750px\" \/><\/p>\n<p><img loading=\"lazy\" decoding=\"async\" class=\"alignnone size-full wp-image-3696\" src=\"https:\/\/jblcorten.com\/wp-content\/uploads\/2025\/07\/Rectangular-Corten-steel-Water-Table.jpg\" alt=\"Rechteckiger Wassertisch aus Cortenstahl\" width=\"750\" height=\"421\" title=\"\" srcset=\"https:\/\/jblcorten.com\/wp-content\/uploads\/2025\/07\/Rectangular-Corten-steel-Water-Table.jpg 750w, https:\/\/jblcorten.com\/wp-content\/uploads\/2025\/07\/Rectangular-Corten-steel-Water-Table-300x168.jpg 300w, https:\/\/jblcorten.com\/wp-content\/uploads\/2025\/07\/Rectangular-Corten-steel-Water-Table-18x10.jpg 18w, https:\/\/jblcorten.com\/wp-content\/uploads\/2025\/07\/Rectangular-Corten-steel-Water-Table-600x337.jpg 600w\" sizes=\"(max-width: 750px) 100vw, 750px\" \/><\/p>\n<p><strong><span style=\"font-size: 14pt;\">FAQ:<\/span><\/strong><\/p>\n<p><span style=\"color: #db6d1f;\">F1: Kann Cortenstahl wirklich rosten? Ist er sicher?<\/span><br \/>\nA: Er rostet, aber das ist eine kontrollierte nat\u00fcrliche Oxidschicht, die den Stahl vor weiterer Korrosion sch\u00fctzt. Es handelt sich um ein hochwertiges Material, das h\u00e4ufig in der Au\u00dfenarchitektur und f\u00fcr Skulpturen verwendet wird.<\/p>\n<p><span style=\"color: #db6d1f;\">F2: Muss die Wasserlandschaftsplattform an eine Wasserquelle angeschlossen werden?<\/span><br \/>\nA: Nein, das Produkt hat einen eingebauten Wassertank und eine Umw\u00e4lzpumpe, die ein selbstzirkulierendes System ist. Sie m\u00fcssen nur regelm\u00e4\u00dfig Wasser nachf\u00fcllen.<\/p>\n<p><span style=\"color: #db6d1f;\">F3: K\u00f6nnen LED-Leuchten konfiguriert werden?<\/span><br \/>\nA: Ja, wir unterst\u00fctzen wasserdichte LED-Lichtstreifen oder Flutlichter innerhalb oder am Rand der Wasserplattform, um die visuellen Effekte bei Nacht zu verbessern.<\/p>","protected":false},"excerpt":{"rendered":"<p>Der Cortenstahl-Wassertisch ist aus hochwertigem Cortenstahl gefertigt und hat ein elegantes rechteckiges Design. Die Oberfl\u00e4che des Wassertisches ist ein integriertes flaches Plattformdesign, das einen \u201cSpiegelwasserfl\u00e4chen\u201d-Effekt erzeugen kann.<\/p>\n<p>Im Inneren des Wasserk\u00f6rpers ist ein Niederdruck-Wasserumlaufpumpensystem installiert, das leicht zu warten und leise im Betrieb ist.<\/p>\n<p>Cortenstahl oxidiert im Laufe der Zeit auf nat\u00fcrliche Weise und bildet eine sch\u00fctzende Rostschicht, die nicht nur stark und haltbar ist, sondern auch einen einzigartigen \u00e4sthetischen Reiz aus\u00fcbt.<\/p>","protected":false},"featured_media":3693,"template":"","meta":{"site-sidebar-layout":"default","site-content-layout":"","ast-site-content-layout":"default","site-content-style":"default","site-sidebar-style":"default","ast-global-header-display":"","ast-banner-title-visibility":"","ast-main-header-display":"","ast-hfb-above-header-display":"","ast-hfb-below-header-display":"","ast-hfb-mobile-header-display":"","site-post-title":"","ast-breadcrumbs-content":"","ast-featured-img":"","footer-sml-layout":"","ast-disable-related-posts":"","theme-transparent-header-meta":"default","adv-header-id-meta":"","stick-header-meta":"","header-above-stick-meta":"","header-main-stick-meta":"","header-below-stick-meta":"","astra-migrate-meta-layouts":"set","ast-page-background-enabled":"default","ast-page-background-meta":{"desktop":{"background-color":"var(--ast-global-color-4)","background-image":"","background-repeat":"repeat","background-position":"center center","background-size":"auto","background-attachment":"scroll","background-type":"","background-media":"","overlay-type":"","overlay-color":"","overlay-opacity":"","overlay-gradient":""},"tablet":{"background-color":"","background-image":"","background-repeat":"repeat","background-position":"center center","background-size":"auto","background-attachment":"scroll","background-type":"","background-media":"","overlay-type":"","overlay-color":"","overlay-opacity":"","overlay-gradient":""},"mobile":{"background-color":"","background-image":"","background-repeat":"repeat","background-position":"center center","background-size":"auto","background-attachment":"scroll","background-type":"","background-media":"","overlay-type":"","overlay-color":"","overlay-opacity":"","overlay-gradient":""}},"ast-content-background-meta":{"desktop":{"background-color":"var(--ast-global-color-5)","background-image":"","background-repeat":"repeat","background-position":"center center","background-size":"auto","background-attachment":"scroll","background-type":"","background-media":"","overlay-type":"","overlay-color":"","overlay-opacity":"","overlay-gradient":""},"tablet":{"background-color":"var(--ast-global-color-5)","background-image":"","background-repeat":"repeat","background-position":"center center","background-size":"auto","background-attachment":"scroll","background-type":"","background-media":"","overlay-type":"","overlay-color":"","overlay-opacity":"","overlay-gradient":""},"mobile":{"background-color":"var(--ast-global-color-5)","background-image":"","background-repeat":"repeat","background-position":"center center","background-size":"auto","background-attachment":"scroll","background-type":"","background-media":"","overlay-type":"","overlay-color":"","overlay-opacity":"","overlay-gradient":""}}},"product_brand":[],"product_cat":[40],"product_tag":[],"class_list":{"0":"post-3689","1":"product","2":"type-product","3":"status-publish","4":"has-post-thumbnail","6":"product_cat-water-feature","7":"desktop-align-center","8":"tablet-align-left","9":"mobile-align-left","11":"first","12":"instock","13":"shipping-taxable","14":"product-type-simple"},"_links":{"self":[{"href":"https:\/\/jblcorten.com\/de\/wp-json\/wp\/v2\/product\/3689","targetHints":{"allow":["GET"]}}],"collection":[{"href":"https:\/\/jblcorten.com\/de\/wp-json\/wp\/v2\/product"}],"about":[{"href":"https:\/\/jblcorten.com\/de\/wp-json\/wp\/v2\/types\/product"}],"wp:featuredmedia":[{"embeddable":true,"href":"https:\/\/jblcorten.com\/de\/wp-json\/wp\/v2\/media\/3693"}],"wp:attachment":[{"href":"https:\/\/jblcorten.com\/de\/wp-json\/wp\/v2\/media?parent=3689"}],"wp:term":[{"taxonomy":"product_brand","embeddable":true,"href":"https:\/\/jblcorten.com\/de\/wp-json\/wp\/v2\/product_brand?post=3689"},{"taxonomy":"product_cat","embeddable":true,"href":"https:\/\/jblcorten.com\/de\/wp-json\/wp\/v2\/product_cat?post=3689"},{"taxonomy":"product_tag","embeddable":true,"href":"https:\/\/jblcorten.com\/de\/wp-json\/wp\/v2\/product_tag?post=3689"}],"curies":[{"name":"wp","href":"https:\/\/api.w.org\/{rel}","templated":true}]}}