{"id":3649,"date":"2025-07-09T17:14:00","date_gmt":"2025-07-09T09:14:00","guid":{"rendered":"https:\/\/jblcorten.com\/?post_type=product&#038;p=3649"},"modified":"2025-07-09T17:14:00","modified_gmt":"2025-07-09T09:14:00","slug":"cortenstahl-wasserwand","status":"publish","type":"product","link":"https:\/\/jblcorten.com\/de\/corten-steel-water-wall\/","title":{"rendered":"Cortenstahl-Wasserwand"},"content":{"rendered":"<h2 style=\"text-align: center;\"><span style=\"font-size: 14pt;\">Cortenstahl-Wasserwand<\/span><\/h2>\n<p>Die Cortenstahl-Wasserwand ist ein freistehendes vertikales Wasserspiel. Die aus hochwertigem, wetterfestem Stahl gefertigte Struktur ist so konzipiert, dass sie auf nat\u00fcrliche Weise einen reichen Rost entwickelt, der mit der Zeit reift - so wird jede Einheit einzigartig sch\u00f6n, ohne dass eine Oberfl\u00e4chenbehandlung oder ein Anstrich erforderlich ist.<\/p>\n<p>Das Wasser flie\u00dft kontinuierlich und sanft von der Oberkante der Wand, gleitet gleichm\u00e4\u00dfig an der rostigen Stahloberfl\u00e4che entlang und l\u00e4uft schlie\u00dflich am Boden zusammen. Am Boden ist ein rechteckiges Becken angelegt, und eine versteckte Wasserpumpe sorgt f\u00fcr die Zirkulation des Wassers. Eine versteckte Wasserpumpe sorgt daf\u00fcr, dass das Wasser zirkuliert. Es sind keine Rohrleitungen, sondern nur ein elektrischer Anschluss erforderlich, was es zu einem praktischen Wasserspiel f\u00fcr moderne Au\u00dfenbereiche macht.<\/p>\n<p><img fetchpriority=\"high\" decoding=\"async\" class=\"alignnone size-full wp-image-3654\" src=\"https:\/\/jblcorten.com\/wp-content\/uploads\/2025\/07\/Corten-Steel-Water-Wall-1.jpg\" alt=\"Cortenstahl-Wasserwand\" width=\"750\" height=\"350\" title=\"\" srcset=\"https:\/\/jblcorten.com\/wp-content\/uploads\/2025\/07\/Corten-Steel-Water-Wall-1.jpg 750w, https:\/\/jblcorten.com\/wp-content\/uploads\/2025\/07\/Corten-Steel-Water-Wall-1-300x140.jpg 300w, https:\/\/jblcorten.com\/wp-content\/uploads\/2025\/07\/Corten-Steel-Water-Wall-1-18x8.jpg 18w, https:\/\/jblcorten.com\/wp-content\/uploads\/2025\/07\/Corten-Steel-Water-Wall-1-600x280.jpg 600w\" sizes=\"(max-width: 750px) 100vw, 750px\" \/><\/p>\n<table style=\"border-collapse: collapse; width: 100%;\">\n<tbody>\n<tr>\n<td style=\"width: 34.742%; background-color: #f5f5f5;\">Produkttyp<\/td>\n<td style=\"width: 65.258%; background-color: #f5f5f5;\">Vertikale Cortenstahl-Wasserwand<\/td>\n<\/tr>\n<tr>\n<td style=\"width: 34.742%;\">Material<\/td>\n<td style=\"width: 65.258%;\">Cortenstahl<\/td>\n<\/tr>\n<tr>\n<td style=\"width: 34.742%; background-color: #f5f5f5;\">Gr\u00f6\u00dfe<\/td>\n<td style=\"width: 65.258%; background-color: #f5f5f5;\">\u00a0B 1200 \u00d7 T 400 \u00d7 H 1750 mm<\/td>\n<\/tr>\n<tr>\n<td style=\"width: 34.742%;\">Gewicht<\/td>\n<td style=\"width: 65.258%;\">52kg<\/td>\n<\/tr>\n<tr>\n<td style=\"width: 34.742%; background-color: #f5f5f5;\">Anmeldung<\/td>\n<td style=\"width: 65.258%; background-color: #f5f5f5;\">Innen oder au\u00dfen<\/td>\n<\/tr>\n<\/tbody>\n<\/table>\n<p><strong><span style=\"font-size: 14pt;\">Was ist Cortenstahl?<\/span><\/strong><\/p>\n<p>Cortenstahl, auch als wetterfester Stahl bekannt, ist ein niedrig legierter Stahl mit ausgezeichneter Witterungsbest\u00e4ndigkeit. Wenn wetterfester Stahl der nat\u00fcrlichen Umgebung ausgesetzt ist, bildet sich auf der Oberfl\u00e4che eine Oxidrostschicht. Sie ist anfangs orangerot und wird mit der Zeit braunrot und dunkelbraun. Diese Oxidschicht unterscheidet sich vom Flugrost des normalen Stahls. Sie kann verhindern, dass Feuchtigkeit und Sauerstoff weiter in den Stahl eindringen, wodurch der Effekt des \u201crostverhindernden Rosts\u201d erzielt wird.<\/p>\n<p><img decoding=\"async\" class=\"alignnone wp-image-2518\" src=\"https:\/\/jblcorten.com\/wp-content\/uploads\/2025\/03\/Corten-Steel-vs.-Regular-Steel.jpg\" alt=\"Cortenstahl vs. Normalstahl\" width=\"750\" height=\"413\" title=\"\" srcset=\"https:\/\/jblcorten.com\/wp-content\/uploads\/2025\/03\/Corten-Steel-vs.-Regular-Steel.jpg 699w, https:\/\/jblcorten.com\/wp-content\/uploads\/2025\/03\/Corten-Steel-vs.-Regular-Steel-600x330.jpg 600w, https:\/\/jblcorten.com\/wp-content\/uploads\/2025\/03\/Corten-Steel-vs.-Regular-Steel-300x165.jpg 300w, https:\/\/jblcorten.com\/wp-content\/uploads\/2025\/03\/Corten-Steel-vs.-Regular-Steel-18x10.jpg 18w\" sizes=\"(max-width: 750px) 100vw, 750px\" \/> <img decoding=\"async\" class=\"alignnone wp-image-2519 size-full\" src=\"https:\/\/jblcorten.com\/wp-content\/uploads\/2025\/03\/corten-steel-material.jpg\" alt=\"\" width=\"750\" height=\"321\" title=\"\" srcset=\"https:\/\/jblcorten.com\/wp-content\/uploads\/2025\/03\/corten-steel-material.jpg 750w, https:\/\/jblcorten.com\/wp-content\/uploads\/2025\/03\/corten-steel-material-600x257.jpg 600w, https:\/\/jblcorten.com\/wp-content\/uploads\/2025\/03\/corten-steel-material-300x128.jpg 300w, https:\/\/jblcorten.com\/wp-content\/uploads\/2025\/03\/corten-steel-material-18x8.jpg 18w\" sizes=\"(max-width: 750px) 100vw, 750px\" \/><\/p>\n<p><strong><span style=\"font-size: 14pt;\">Produktbilder:<\/span><\/strong><\/p>\n<p><img loading=\"lazy\" decoding=\"async\" class=\"alignnone size-full wp-image-3655\" src=\"https:\/\/jblcorten.com\/wp-content\/uploads\/2025\/07\/corten-steel-waterfall.jpg\" alt=\"Wasserfall aus Cortenstahl\" width=\"750\" height=\"562\" title=\"\" srcset=\"https:\/\/jblcorten.com\/wp-content\/uploads\/2025\/07\/corten-steel-waterfall.jpg 750w, https:\/\/jblcorten.com\/wp-content\/uploads\/2025\/07\/corten-steel-waterfall-300x225.jpg 300w, https:\/\/jblcorten.com\/wp-content\/uploads\/2025\/07\/corten-steel-waterfall-16x12.jpg 16w, https:\/\/jblcorten.com\/wp-content\/uploads\/2025\/07\/corten-steel-waterfall-600x450.jpg 600w\" sizes=\"(max-width: 750px) 100vw, 750px\" \/><\/p>\n<p><img loading=\"lazy\" decoding=\"async\" class=\"alignnone size-full wp-image-3656\" src=\"https:\/\/jblcorten.com\/wp-content\/uploads\/2025\/07\/water-wall-in-corten.jpg\" alt=\"Wasserwand aus Corten\" width=\"750\" height=\"562\" title=\"\" srcset=\"https:\/\/jblcorten.com\/wp-content\/uploads\/2025\/07\/water-wall-in-corten.jpg 750w, https:\/\/jblcorten.com\/wp-content\/uploads\/2025\/07\/water-wall-in-corten-300x225.jpg 300w, https:\/\/jblcorten.com\/wp-content\/uploads\/2025\/07\/water-wall-in-corten-16x12.jpg 16w, https:\/\/jblcorten.com\/wp-content\/uploads\/2025\/07\/water-wall-in-corten-600x450.jpg 600w\" sizes=\"(max-width: 750px) 100vw, 750px\" \/><\/p>\n<p><strong><span style=\"font-size: 14pt;\">FAQ:<\/span><\/strong><\/p>\n<p><span style=\"color: #e3792d;\">F1: Wird diese Wasserwand \u00fcberm\u00e4\u00dfig rosten oder umliegende Oberfl\u00e4chen besch\u00e4digen?<\/span><br \/>\nA1: Verwitternder Stahl bildet eine stabile Rostschicht, die die Oberfl\u00e4che sch\u00fctzt. Bei der anf\u00e4nglichen Bewitterung kann es zu einem gewissen Abfluss kommen, daher ist es am besten, den Stahl in den ersten Wochen auf Kies oder Stein zu legen.<\/p>\n<p><span style=\"color: #e3792d;\">F2: Ist eine st\u00e4ndige Wasserzufuhr erforderlich?<\/span><br \/>\nA2: Nein. Es handelt sich um ein geschlossenes Kreislaufsystem - man f\u00fcllt das Becken mit Wasser, schlie\u00dft es an und schon kann es losgehen.<\/p>\n<p><span style=\"color: #e3792d;\">F3: Kann es mit Beleuchtung ausgestattet werden?<\/span><br \/>\nA3: Ja, nat\u00fcrlich.<\/p>","protected":false},"excerpt":{"rendered":"<p>Diese Wasserwand aus Cortenstahl ist so konzipiert, dass sie senkrecht steht und das Wasser gleichm\u00e4\u00dfig von oben herabflie\u00dft, so dass ein kontinuierlicher Wasservorhang entsteht, der zirkuliert. Die Oberfl\u00e4che ist von Natur aus rotbraun gerostet, was ihr eine industrielle Sch\u00f6nheit und eine nat\u00fcrliche Textur verleiht. Sie eignet sich f\u00fcr Au\u00dfenbereiche wie G\u00e4rten, H\u00f6fe und kommerzielle Pl\u00e4tze und ist sowohl dekorativ als auch funktional.<\/p>\n<p>Material: Cortenstahl<br \/>\nFarbe: Rostig<br \/>\nGr\u00f6\u00dfe: B 1200 \u00d7 T 400 \u00d7 H 1750 mm<br \/>\nGewicht: 52kg<\/p>","protected":false},"featured_media":3652,"template":"","meta":{"site-sidebar-layout":"default","site-content-layout":"","ast-site-content-layout":"default","site-content-style":"default","site-sidebar-style":"default","ast-global-header-display":"","ast-banner-title-visibility":"","ast-main-header-display":"","ast-hfb-above-header-display":"","ast-hfb-below-header-display":"","ast-hfb-mobile-header-display":"","site-post-title":"","ast-breadcrumbs-content":"","ast-featured-img":"","footer-sml-layout":"","ast-disable-related-posts":"","theme-transparent-header-meta":"default","adv-header-id-meta":"","stick-header-meta":"","header-above-stick-meta":"","header-main-stick-meta":"","header-below-stick-meta":"","astra-migrate-meta-layouts":"set","ast-page-background-enabled":"default","ast-page-background-meta":{"desktop":{"background-color":"var(--ast-global-color-4)","background-image":"","background-repeat":"repeat","background-position":"center center","background-size":"auto","background-attachment":"scroll","background-type":"","background-media":"","overlay-type":"","overlay-color":"","overlay-opacity":"","overlay-gradient":""},"tablet":{"background-color":"","background-image":"","background-repeat":"repeat","background-position":"center center","background-size":"auto","background-attachment":"scroll","background-type":"","background-media":"","overlay-type":"","overlay-color":"","overlay-opacity":"","overlay-gradient":""},"mobile":{"background-color":"","background-image":"","background-repeat":"repeat","background-position":"center center","background-size":"auto","background-attachment":"scroll","background-type":"","background-media":"","overlay-type":"","overlay-color":"","overlay-opacity":"","overlay-gradient":""}},"ast-content-background-meta":{"desktop":{"background-color":"var(--ast-global-color-5)","background-image":"","background-repeat":"repeat","background-position":"center center","background-size":"auto","background-attachment":"scroll","background-type":"","background-media":"","overlay-type":"","overlay-color":"","overlay-opacity":"","overlay-gradient":""},"tablet":{"background-color":"var(--ast-global-color-5)","background-image":"","background-repeat":"repeat","background-position":"center center","background-size":"auto","background-attachment":"scroll","background-type":"","background-media":"","overlay-type":"","overlay-color":"","overlay-opacity":"","overlay-gradient":""},"mobile":{"background-color":"var(--ast-global-color-5)","background-image":"","background-repeat":"repeat","background-position":"center center","background-size":"auto","background-attachment":"scroll","background-type":"","background-media":"","overlay-type":"","overlay-color":"","overlay-opacity":"","overlay-gradient":""}}},"product_brand":[],"product_cat":[40],"product_tag":[],"class_list":{"0":"post-3649","1":"product","2":"type-product","3":"status-publish","4":"has-post-thumbnail","6":"product_cat-water-feature","7":"desktop-align-center","8":"tablet-align-left","9":"mobile-align-left","11":"first","12":"instock","13":"shipping-taxable","14":"product-type-simple"},"_links":{"self":[{"href":"https:\/\/jblcorten.com\/de\/wp-json\/wp\/v2\/product\/3649","targetHints":{"allow":["GET"]}}],"collection":[{"href":"https:\/\/jblcorten.com\/de\/wp-json\/wp\/v2\/product"}],"about":[{"href":"https:\/\/jblcorten.com\/de\/wp-json\/wp\/v2\/types\/product"}],"wp:featuredmedia":[{"embeddable":true,"href":"https:\/\/jblcorten.com\/de\/wp-json\/wp\/v2\/media\/3652"}],"wp:attachment":[{"href":"https:\/\/jblcorten.com\/de\/wp-json\/wp\/v2\/media?parent=3649"}],"wp:term":[{"taxonomy":"product_brand","embeddable":true,"href":"https:\/\/jblcorten.com\/de\/wp-json\/wp\/v2\/product_brand?post=3649"},{"taxonomy":"product_cat","embeddable":true,"href":"https:\/\/jblcorten.com\/de\/wp-json\/wp\/v2\/product_cat?post=3649"},{"taxonomy":"product_tag","embeddable":true,"href":"https:\/\/jblcorten.com\/de\/wp-json\/wp\/v2\/product_tag?post=3649"}],"curies":[{"name":"wp","href":"https:\/\/api.w.org\/{rel}","templated":true}]}}