{"id":3644,"date":"2025-07-09T15:31:27","date_gmt":"2025-07-09T07:31:27","guid":{"rendered":"https:\/\/jblcorten.com\/?post_type=product&#038;p=3644"},"modified":"2025-07-09T15:31:28","modified_gmt":"2025-07-09T07:31:28","slug":"wasserspiel-aus-cortenschale","status":"publish","type":"product","link":"https:\/\/jblcorten.com\/de\/corten-bowl-water-feature\/","title":{"rendered":"Corten-Schale Wasserspiel"},"content":{"rendered":"<h2 style=\"text-align: center;\"><span style=\"font-size: 14pt;\">Corten-Schale Wasserspiel<\/span><\/h2>\n<p>Dieses Wasserspiel aus Cortenstahl ist eine sehr moderne Landschaftsinstallation. Die nat\u00fcrlich entstandene rot-braune Roststruktur auf der Oberfl\u00e4che verleiht ihm nicht nur eine einzigartige Retro-\u00c4sthetik, sondern erh\u00f6ht auch seine Korrosionsbest\u00e4ndigkeit im Freien, was es f\u00fcr den langfristigen Einsatz in offenen R\u00e4umen wie G\u00e4rten, H\u00f6fen und Terrassen sehr geeignet macht.<\/p>\n<p>Der untere Teil ist ein Wasserreservoir, das je nach Installationsanforderungen versteckt (unterirdisch, nur der Wasserk\u00f6rper ist sichtbar) oder offen (das Becken liegt direkt auf dem Boden, was den Eindruck von Hierarchie und Pr\u00e4senz verst\u00e4rkt) sein kann. Der obere Teil ist eine bogenf\u00f6rmige, parabolische, erh\u00f6hte Struktur, wie eine stromlinienf\u00f6rmige Skulptur in der modernen Kunst, die nicht nur den dreidimensionalen Gesamteindruck verst\u00e4rkt, sondern auch das Wasser dazu bringt, auf nat\u00fcrliche Weise von oben nach unten zu flie\u00dfen und langsam hinabzugleiten, wodurch eine weiche und kontinuierliche Wasservorhanglandschaft entsteht.<\/p>\n<p><img fetchpriority=\"high\" decoding=\"async\" class=\"alignnone size-full wp-image-3645\" src=\"https:\/\/jblcorten.com\/wp-content\/uploads\/2025\/07\/corten-bowl-water-feature.jpg\" alt=\"Wasserspiel aus Cortenschale\" width=\"750\" height=\"469\" title=\"\" srcset=\"https:\/\/jblcorten.com\/wp-content\/uploads\/2025\/07\/corten-bowl-water-feature.jpg 750w, https:\/\/jblcorten.com\/wp-content\/uploads\/2025\/07\/corten-bowl-water-feature-300x188.jpg 300w, https:\/\/jblcorten.com\/wp-content\/uploads\/2025\/07\/corten-bowl-water-feature-18x12.jpg 18w, https:\/\/jblcorten.com\/wp-content\/uploads\/2025\/07\/corten-bowl-water-feature-600x375.jpg 600w\" sizes=\"(max-width: 750px) 100vw, 750px\" \/><\/p>\n<p>Das eingebaute Wasserumlaufpumpensystem sorgt f\u00fcr einen kontinuierlichen Wasserfluss, ohne dass eine externe Wasserzufuhr erforderlich ist, was energiesparend, umweltschonend und wartungsfreundlich ist. Der Wasserfluss zirkuliert kontinuierlich zwischen der Skulptur und dem Pool und sorgt nicht nur f\u00fcr ein angenehmes Wasserger\u00e4usch, sondern erh\u00f6ht auch die Feuchtigkeit und Vitalit\u00e4t der Umgebung.<\/p>\n<p><strong><span style=\"font-size: 14pt;\">Produktspezifikation:<\/span><\/strong><\/p>\n<table style=\"border-collapse: collapse; width: 100%;\">\n<tbody>\n<tr>\n<td style=\"width: 26.2902%; background-color: #f5f5f5;\">Produktname<\/td>\n<td style=\"width: 73.7098%; background-color: #f5f5f5;\">Corten-Schale Wasserspiel<\/td>\n<\/tr>\n<tr>\n<td style=\"width: 26.2902%;\">Material<\/td>\n<td style=\"width: 73.7098%;\">Cortenstahl<\/td>\n<\/tr>\n<tr>\n<td style=\"width: 26.2902%; background-color: #f5f5f5;\">Gr\u00f6\u00dfe<\/td>\n<td style=\"width: 73.7098%; background-color: #f5f5f5;\">1000 mm oder kundenspezifisch<\/td>\n<\/tr>\n<tr>\n<td style=\"width: 26.2902%;\">Technologie<\/td>\n<td style=\"width: 73.7098%;\">CNC-Laserschneiden &gt;Metallbiegen &gt; Schwei\u00dfen und Polieren &gt;Oberfl\u00e4chenbehandlung &gt; Zusammengebaute Komponenten und Verpackung<\/td>\n<\/tr>\n<\/tbody>\n<\/table>\n<p><strong><span style=\"font-size: 14pt;\">Produktmerkmale:<\/span><\/strong><\/p>\n<ul>\n<li><span style=\"color: #ff9900;\">Material:<\/span> Hochwertiger Cortenstahl<\/li>\n<li><span style=\"color: #ff9900;\">Entwurf:<\/span> Gew\u00f6lbter Auslauf mit rundem Beckenboden f\u00fcr moderne \u00c4sthetik<\/li>\n<li><span style=\"color: #ff9900;\">Oberfl\u00e4chenbehandlung:<\/span> Nat\u00fcrliche Rostpatina, wartungsfrei<\/li>\n<li><span style=\"color: #ff9900;\">Wasserdurchfluss:<\/span> Sanfter Wasserfall-Effekt, beruhigendes Wasserger\u00e4usch<\/li>\n<li><span style=\"color: #ff9900;\">Einbau:<\/span> Unterirdisch oder oberirdisch<\/li>\n<li><span style=\"color: #ff9900;\">Kreislaufsystem:<\/span> Eingebaute Wasserpumpe (Plug and Play)<\/li>\n<li><span style=\"color: #ff9900;\">Witterungsbest\u00e4ndigkeit:<\/span> Ganzj\u00e4hrig f\u00fcr den Au\u00dfeneinsatz geeignet<\/li>\n<li><span style=\"color: #ff9900;\">Nachhaltigkeit:<\/span> Zirkulationssystem, keine Wasserverschwendung<\/li>\n<\/ul>\n<p><strong><span style=\"font-size: 14pt;\">\u00dcber uns:<\/span><\/strong><\/p>\n<p><img decoding=\"async\" class=\"alignnone wp-image-1464\" src=\"https:\/\/jblcorten.com\/wp-content\/uploads\/2024\/10\/HNJBL.jpg\" alt=\"HNJBL\" width=\"750\" height=\"422\" title=\"\" srcset=\"https:\/\/jblcorten.com\/wp-content\/uploads\/2024\/10\/HNJBL.jpg 800w, https:\/\/jblcorten.com\/wp-content\/uploads\/2024\/10\/HNJBL-600x338.jpg 600w, https:\/\/jblcorten.com\/wp-content\/uploads\/2024\/10\/HNJBL-300x169.jpg 300w, https:\/\/jblcorten.com\/wp-content\/uploads\/2024\/10\/HNJBL-768x432.jpg 768w\" sizes=\"(max-width: 750px) 100vw, 750px\" \/><\/p>\n<p>Henan Jinbailai Industrial Co., Ltd. wurde 2008 gegr\u00fcndet und befindet sich in Anyang, einer der acht alten Hauptst\u00e4dte Chinas. Das Unternehmen hat sich auf die Verarbeitung und Herstellung von wetterfestem Stahl spezialisiert. Mit mehr als zehn Jahren Branchenerfahrung verf\u00fcgen wir nicht nur \u00fcber fortschrittliche Produktionsanlagen, sondern auch \u00fcber ein erfahrenes technisches Team, das sich daf\u00fcr einsetzt, den Kunden hochwertige wetterfeste Stahlprodukte zu liefern.<\/p>\n<p>Zu unseren Produkten geh\u00f6ren Feuerstellen, Grills, Kamine, dekorative Schirme, Pflanzgef\u00e4\u00dfe aus Metall, Wasserspiele aus Metall, Gartendekorationen aus Cortenstahl usw.<\/p>\n<p><img decoding=\"async\" class=\"alignnone size-full wp-image-3648\" src=\"https:\/\/jblcorten.com\/wp-content\/uploads\/2025\/07\/certification.jpg\" alt=\"\" width=\"750\" height=\"695\" title=\"\" srcset=\"https:\/\/jblcorten.com\/wp-content\/uploads\/2025\/07\/certification.jpg 750w, https:\/\/jblcorten.com\/wp-content\/uploads\/2025\/07\/certification-300x278.jpg 300w, https:\/\/jblcorten.com\/wp-content\/uploads\/2025\/07\/certification-13x12.jpg 13w, https:\/\/jblcorten.com\/wp-content\/uploads\/2025\/07\/certification-600x556.jpg 600w\" sizes=\"(max-width: 750px) 100vw, 750px\" \/><\/p>\n<p><img loading=\"lazy\" decoding=\"async\" class=\"alignnone size-full wp-image-3646\" src=\"https:\/\/jblcorten.com\/wp-content\/uploads\/2025\/07\/customer-visit.jpg\" alt=\"\" width=\"750\" height=\"440\" title=\"\" srcset=\"https:\/\/jblcorten.com\/wp-content\/uploads\/2025\/07\/customer-visit.jpg 750w, https:\/\/jblcorten.com\/wp-content\/uploads\/2025\/07\/customer-visit-300x176.jpg 300w, https:\/\/jblcorten.com\/wp-content\/uploads\/2025\/07\/customer-visit-18x12.jpg 18w, https:\/\/jblcorten.com\/wp-content\/uploads\/2025\/07\/customer-visit-600x352.jpg 600w\" sizes=\"(max-width: 750px) 100vw, 750px\" \/> <img loading=\"lazy\" decoding=\"async\" class=\"alignnone size-full wp-image-3647\" src=\"https:\/\/jblcorten.com\/wp-content\/uploads\/2025\/07\/HNJBL-exhibition.jpg\" alt=\"\" width=\"750\" height=\"540\" title=\"\" srcset=\"https:\/\/jblcorten.com\/wp-content\/uploads\/2025\/07\/HNJBL-exhibition.jpg 750w, https:\/\/jblcorten.com\/wp-content\/uploads\/2025\/07\/HNJBL-exhibition-300x216.jpg 300w, https:\/\/jblcorten.com\/wp-content\/uploads\/2025\/07\/HNJBL-exhibition-18x12.jpg 18w, https:\/\/jblcorten.com\/wp-content\/uploads\/2025\/07\/HNJBL-exhibition-600x432.jpg 600w\" sizes=\"(max-width: 750px) 100vw, 750px\" \/><\/p>","protected":false},"excerpt":{"rendered":"<p>Dieses moderne Wasserspiel aus Cortenholz hat einen elegant geschwungenen Auslauf und einen runden Sockel. Der kaskadenf\u00f6rmige Wasserfall schafft eine ruhige Atmosph\u00e4re f\u00fcr Ihren Garten, Ihre Terrasse oder Ihren Au\u00dfenbereich. Die Schale aus wetterfestem Stahl entwickelt mit der Zeit eine sch\u00f6ne rost\u00e4hnliche Patina.<\/p>","protected":false},"featured_media":3643,"template":"","meta":{"site-sidebar-layout":"default","site-content-layout":"","ast-site-content-layout":"default","site-content-style":"default","site-sidebar-style":"default","ast-global-header-display":"","ast-banner-title-visibility":"","ast-main-header-display":"","ast-hfb-above-header-display":"","ast-hfb-below-header-display":"","ast-hfb-mobile-header-display":"","site-post-title":"","ast-breadcrumbs-content":"","ast-featured-img":"","footer-sml-layout":"","ast-disable-related-posts":"","theme-transparent-header-meta":"default","adv-header-id-meta":"","stick-header-meta":"","header-above-stick-meta":"","header-main-stick-meta":"","header-below-stick-meta":"","astra-migrate-meta-layouts":"set","ast-page-background-enabled":"default","ast-page-background-meta":{"desktop":{"background-color":"var(--ast-global-color-4)","background-image":"","background-repeat":"repeat","background-position":"center center","background-size":"auto","background-attachment":"scroll","background-type":"","background-media":"","overlay-type":"","overlay-color":"","overlay-opacity":"","overlay-gradient":""},"tablet":{"background-color":"","background-image":"","background-repeat":"repeat","background-position":"center center","background-size":"auto","background-attachment":"scroll","background-type":"","background-media":"","overlay-type":"","overlay-color":"","overlay-opacity":"","overlay-gradient":""},"mobile":{"background-color":"","background-image":"","background-repeat":"repeat","background-position":"center center","background-size":"auto","background-attachment":"scroll","background-type":"","background-media":"","overlay-type":"","overlay-color":"","overlay-opacity":"","overlay-gradient":""}},"ast-content-background-meta":{"desktop":{"background-color":"var(--ast-global-color-5)","background-image":"","background-repeat":"repeat","background-position":"center center","background-size":"auto","background-attachment":"scroll","background-type":"","background-media":"","overlay-type":"","overlay-color":"","overlay-opacity":"","overlay-gradient":""},"tablet":{"background-color":"var(--ast-global-color-5)","background-image":"","background-repeat":"repeat","background-position":"center center","background-size":"auto","background-attachment":"scroll","background-type":"","background-media":"","overlay-type":"","overlay-color":"","overlay-opacity":"","overlay-gradient":""},"mobile":{"background-color":"var(--ast-global-color-5)","background-image":"","background-repeat":"repeat","background-position":"center center","background-size":"auto","background-attachment":"scroll","background-type":"","background-media":"","overlay-type":"","overlay-color":"","overlay-opacity":"","overlay-gradient":""}}},"product_brand":[],"product_cat":[40],"product_tag":[80],"class_list":{"0":"post-3644","1":"product","2":"type-product","3":"status-publish","4":"has-post-thumbnail","6":"product_cat-water-feature","7":"product_tag-corten-water-feature","8":"desktop-align-center","9":"tablet-align-left","10":"mobile-align-left","12":"first","13":"instock","14":"shipping-taxable","15":"product-type-simple"},"_links":{"self":[{"href":"https:\/\/jblcorten.com\/de\/wp-json\/wp\/v2\/product\/3644","targetHints":{"allow":["GET"]}}],"collection":[{"href":"https:\/\/jblcorten.com\/de\/wp-json\/wp\/v2\/product"}],"about":[{"href":"https:\/\/jblcorten.com\/de\/wp-json\/wp\/v2\/types\/product"}],"wp:featuredmedia":[{"embeddable":true,"href":"https:\/\/jblcorten.com\/de\/wp-json\/wp\/v2\/media\/3643"}],"wp:attachment":[{"href":"https:\/\/jblcorten.com\/de\/wp-json\/wp\/v2\/media?parent=3644"}],"wp:term":[{"taxonomy":"product_brand","embeddable":true,"href":"https:\/\/jblcorten.com\/de\/wp-json\/wp\/v2\/product_brand?post=3644"},{"taxonomy":"product_cat","embeddable":true,"href":"https:\/\/jblcorten.com\/de\/wp-json\/wp\/v2\/product_cat?post=3644"},{"taxonomy":"product_tag","embeddable":true,"href":"https:\/\/jblcorten.com\/de\/wp-json\/wp\/v2\/product_tag?post=3644"}],"curies":[{"name":"wp","href":"https:\/\/api.w.org\/{rel}","templated":true}]}}