{"id":3639,"date":"2025-07-14T10:59:19","date_gmt":"2025-07-14T02:59:19","guid":{"rendered":"https:\/\/jblcorten.com\/?post_type=product&#038;p=3639"},"modified":"2025-07-14T11:02:32","modified_gmt":"2025-07-14T03:02:32","slug":"wasserspiel-aus-corten","status":"publish","type":"product","link":"https:\/\/jblcorten.com\/de\/corten-water-feature\/","title":{"rendered":"Wasserspiel aus Corten"},"content":{"rendered":"<h2 style=\"text-align: center;\"><span style=\"font-size: 14pt;\">Wasserspiel aus Corten<\/span><\/h2>\n<p>Dieses Wasserspiel aus Cortenstahl ist ein dekoratives Kunstwerk f\u00fcr den Au\u00dfenbereich, das Natur und modernen Stil vereint. Es besteht aus hochwertigem wetterfestem Stahl (Cortenstahl) und pr\u00e4sentiert sich in einem schlichten quadratischen Design mit einer zarten kleinen Wassers\u00e4ule in der Mitte, die langsam nach oben sprudelt und dem Raum eine dynamische Wasserlandschaft und eine ruhige Atmosph\u00e4re verleiht. Mit der Zeit bildet sich auf der Oberfl\u00e4che auf nat\u00fcrliche Weise eine rostrote Schutzschicht, die nicht nur sch\u00f6n ist, sondern auch der Erosion durch Wind und Regen im Freien standh\u00e4lt und einen einzigartigen Blickfang im Au\u00dfenbereich schafft.<\/p>\n<p>Das Wassers\u00e4ulendesign befindet sich in der Mitte, und die eingebaute Wasserpumpe sorgt f\u00fcr Zirkulation und R\u00fcckfluss, sodass die Wasseroberfl\u00e4che kontinuierlich flie\u00dft und ein angenehmes Wasserger\u00e4usch erzeugt. Das gesamte System ist ein integriertes Design, einfach zu installieren, wartungsarm und unterst\u00fctzt kundenspezifische Gr\u00f6\u00dfen und Springbrunnenh\u00f6hen entsprechend den Kundenanforderungen.<\/p>\n<p><img fetchpriority=\"high\" decoding=\"async\" class=\"alignnone size-full wp-image-3687\" src=\"https:\/\/jblcorten.com\/wp-content\/uploads\/2025\/07\/corten-water-feature-4.jpg\" alt=\"Wasserspiel aus Corten\" width=\"750\" height=\"283\" title=\"\" srcset=\"https:\/\/jblcorten.com\/wp-content\/uploads\/2025\/07\/corten-water-feature-4.jpg 750w, https:\/\/jblcorten.com\/wp-content\/uploads\/2025\/07\/corten-water-feature-4-300x113.jpg 300w, https:\/\/jblcorten.com\/wp-content\/uploads\/2025\/07\/corten-water-feature-4-18x7.jpg 18w, https:\/\/jblcorten.com\/wp-content\/uploads\/2025\/07\/corten-water-feature-4-600x226.jpg 600w\" sizes=\"(max-width: 750px) 100vw, 750px\" \/><\/p>\n<p><strong><span style=\"font-size: 14pt;\">Produktspezifikation:<\/span><\/strong><\/p>\n<table style=\"border-collapse: collapse; width: 100%;\">\n<tbody>\n<tr>\n<td style=\"width: 27.4121%; background-color: #f5f5f5;\">Produktname<\/td>\n<td style=\"width: 72.5879%; background-color: #f5f5f5;\">Wasserspiel aus Corten<\/td>\n<\/tr>\n<tr>\n<td style=\"width: 27.4121%;\">Material<\/td>\n<td style=\"width: 72.5879%;\">Cortenstahl\/Wetterfester Stahl<\/td>\n<\/tr>\n<tr>\n<td style=\"width: 27.4121%; background-color: #f5f5f5;\">Farbe<\/td>\n<td style=\"width: 72.5879%; background-color: #f5f5f5;\">Rostig oder Schwarz<\/td>\n<\/tr>\n<tr>\n<td style=\"width: 27.4121%;\">Gr\u00f6\u00dfe<\/td>\n<td style=\"width: 72.5879%;\">L 800 \u00d7 B 800 \u00d7 H 400 mm<\/td>\n<\/tr>\n<tr>\n<td style=\"width: 27.4121%; background-color: #f5f5f5;\">Technologie<\/td>\n<td style=\"width: 72.5879%; background-color: #f5f5f5;\">\n<div class=\"text\">Laserschneiden, Biegen, Stanzen, Schwei\u00dfen<\/div>\n<\/td>\n<\/tr>\n<\/tbody>\n<\/table>\n<p><strong><span style=\"font-size: 14pt;\">Produktmerkmale:<\/span><\/strong><\/p>\n<ul>\n<li><strong><span style=\"color: #e09119;\">Elegantes quadratisches Design:<\/span><\/strong> minimalistische Form, vielseitig einsetzbar in allen Landschaftsstilen<\/li>\n<li><span style=\"color: #e09119;\"><strong>Dynamischer zentraler Wasserfluss:<\/strong> <\/span>Sanfter Springbrunnen-Effekt, der das Raumgef\u00fchl verst\u00e4rkt<\/li>\n<li><span style=\"color: #e09119;\"><strong>Nat\u00fcrliche Rost\u00e4sthetik:<\/strong> <\/span>Einzigartige Oxidationsstruktur, die mit der Zeit immer reizvoller wird<\/li>\n<li><span style=\"color: #e09119;\"><strong>Hohe Witterungsbest\u00e4ndigkeit:<\/strong> <\/span>wind- und regenfest, korrosionsbest\u00e4ndig, kein Anstrich erforderlich<\/li>\n<li><span style=\"color: #e09119;\"><strong>Selbstzirkulierendes System:<\/strong> <\/span>Eingebaute Wasserpumpe, Wasserzirkulation<\/li>\n<li><span style=\"color: #e09119;\"><strong>Verschiedene Gr\u00f6\u00dfen erh\u00e4ltlich:<\/strong> <\/span>die Anforderungen verschiedener Orte und Projekte erf\u00fcllen<\/li>\n<\/ul>\n<p><strong><span style=\"font-size: 14pt;\">Ma\u00dfgeschneiderter Service:<\/span><\/strong><\/p>\n<p>Unsere Corten-Wasserspiele k\u00f6nnen individuell angepasst werden, einschlie\u00dflich Gr\u00f6\u00dfe, Farbe usw. Dar\u00fcber hinaus bieten wir eine Vielzahl von Corten-Wasserspielen in verschiedenen Stilen zur Auswahl an.<\/p>\n<p><img decoding=\"async\" class=\"alignnone size-full wp-image-3688\" src=\"https:\/\/jblcorten.com\/wp-content\/uploads\/2025\/07\/modern-square-water-feature.jpg\" alt=\"Modernes quadratisches Wasserspiel\" width=\"750\" height=\"350\" title=\"\" srcset=\"https:\/\/jblcorten.com\/wp-content\/uploads\/2025\/07\/modern-square-water-feature.jpg 750w, https:\/\/jblcorten.com\/wp-content\/uploads\/2025\/07\/modern-square-water-feature-300x140.jpg 300w, https:\/\/jblcorten.com\/wp-content\/uploads\/2025\/07\/modern-square-water-feature-18x8.jpg 18w, https:\/\/jblcorten.com\/wp-content\/uploads\/2025\/07\/modern-square-water-feature-600x280.jpg 600w\" sizes=\"(max-width: 750px) 100vw, 750px\" \/><\/p>\n<p><img decoding=\"async\" class=\"alignnone size-full wp-image-3619\" src=\"https:\/\/jblcorten.com\/wp-content\/uploads\/2025\/07\/rusted-metal-water-features.jpg\" alt=\"verrostete Wasserspiele aus Metall\" width=\"750\" height=\"760\" title=\"\" srcset=\"https:\/\/jblcorten.com\/wp-content\/uploads\/2025\/07\/rusted-metal-water-features.jpg 750w, https:\/\/jblcorten.com\/wp-content\/uploads\/2025\/07\/rusted-metal-water-features-296x300.jpg 296w, https:\/\/jblcorten.com\/wp-content\/uploads\/2025\/07\/rusted-metal-water-features-12x12.jpg 12w, https:\/\/jblcorten.com\/wp-content\/uploads\/2025\/07\/rusted-metal-water-features-600x608.jpg 600w, https:\/\/jblcorten.com\/wp-content\/uploads\/2025\/07\/rusted-metal-water-features-100x100.jpg 100w\" sizes=\"(max-width: 750px) 100vw, 750px\" \/><\/p>\n<p><strong><span style=\"font-size: 14pt;\">FAQ:<\/span><\/strong><\/p>\n<p><strong><span style=\"color: #e09119;\">Frage 1: Rostet Cortenstahl? Verrottet er?<\/span><\/strong><br \/>\nA: Der Rost von Cortenstahl ist eine sch\u00fctzende Oxidschicht, die weitere Korrosion verhindert. Seine Rostfarbe ist Teil des Designs und hat keinen Einfluss auf die strukturelle Festigkeit.<\/p>\n<p><span style=\"color: #e09119;\"><strong>Frage 2: Wie installiert man dieses Wasserspiel? Ist das kompliziert?<\/strong><\/span><br \/>\nA: Die Installation ist sehr einfach. Stellen Sie das Ger\u00e4t einfach an der richtigen Stelle auf, f\u00fcllen Sie es mit Wasser und schlie\u00dfen Sie es an, um es in Betrieb zu nehmen. Wir bieten auch detaillierte Installationsanleitungen und Video-Support.<\/p>\n<p><span style=\"color: #e09119;\"><strong>F3: Muss w\u00e4hrend des Gebrauchs Wasser nachgef\u00fcllt werden?<\/strong><\/span><br \/>\nA: Ja, je nach Klima und Verdunstung m\u00fcssen Sie von Zeit zu Zeit Wasser nachf\u00fcllen, um den normalen Betrieb des Zirkulationssystems sicherzustellen.<\/p>","protected":false},"excerpt":{"rendered":"<p>Entdecken Sie dieses Wasserspiel aus Cortenstahl \u2013 ein quadratisches Design mit einer kleinen Wassers\u00e4ule, die aus der Mitte sprudelt, geeignet f\u00fcr moderne Innenh\u00f6fe und gewerbliche Au\u00dfenanlagen. Es besteht aus Cortenstahl, ist langlebig, individuell anpassbar und einfach zu installieren und zu warten.<\/p>\n<p>Produktform: Quadratisch<br \/>\nMaterial: Cortenstahl<br \/>\nGr\u00f6\u00dfe: L 800 \u00d7  B 800 \u00d7 H 400 mm<br \/>\nFarbe: Rostrot oder Schwarz<\/p>","protected":false},"featured_media":3686,"template":"","meta":{"site-sidebar-layout":"default","site-content-layout":"","ast-site-content-layout":"default","site-content-style":"default","site-sidebar-style":"default","ast-global-header-display":"","ast-banner-title-visibility":"","ast-main-header-display":"","ast-hfb-above-header-display":"","ast-hfb-below-header-display":"","ast-hfb-mobile-header-display":"","site-post-title":"","ast-breadcrumbs-content":"","ast-featured-img":"","footer-sml-layout":"","ast-disable-related-posts":"","theme-transparent-header-meta":"default","adv-header-id-meta":"","stick-header-meta":"","header-above-stick-meta":"","header-main-stick-meta":"","header-below-stick-meta":"","astra-migrate-meta-layouts":"set","ast-page-background-enabled":"default","ast-page-background-meta":{"desktop":{"background-color":"var(--ast-global-color-4)","background-image":"","background-repeat":"repeat","background-position":"center center","background-size":"auto","background-attachment":"scroll","background-type":"","background-media":"","overlay-type":"","overlay-color":"","overlay-opacity":"","overlay-gradient":""},"tablet":{"background-color":"","background-image":"","background-repeat":"repeat","background-position":"center center","background-size":"auto","background-attachment":"scroll","background-type":"","background-media":"","overlay-type":"","overlay-color":"","overlay-opacity":"","overlay-gradient":""},"mobile":{"background-color":"","background-image":"","background-repeat":"repeat","background-position":"center center","background-size":"auto","background-attachment":"scroll","background-type":"","background-media":"","overlay-type":"","overlay-color":"","overlay-opacity":"","overlay-gradient":""}},"ast-content-background-meta":{"desktop":{"background-color":"var(--ast-global-color-5)","background-image":"","background-repeat":"repeat","background-position":"center center","background-size":"auto","background-attachment":"scroll","background-type":"","background-media":"","overlay-type":"","overlay-color":"","overlay-opacity":"","overlay-gradient":""},"tablet":{"background-color":"var(--ast-global-color-5)","background-image":"","background-repeat":"repeat","background-position":"center center","background-size":"auto","background-attachment":"scroll","background-type":"","background-media":"","overlay-type":"","overlay-color":"","overlay-opacity":"","overlay-gradient":""},"mobile":{"background-color":"var(--ast-global-color-5)","background-image":"","background-repeat":"repeat","background-position":"center center","background-size":"auto","background-attachment":"scroll","background-type":"","background-media":"","overlay-type":"","overlay-color":"","overlay-opacity":"","overlay-gradient":""}}},"product_brand":[],"product_cat":[40],"product_tag":[],"class_list":{"0":"post-3639","1":"product","2":"type-product","3":"status-publish","4":"has-post-thumbnail","6":"product_cat-water-feature","7":"desktop-align-center","8":"tablet-align-left","9":"mobile-align-left","11":"first","12":"instock","13":"shipping-taxable","14":"product-type-simple"},"_links":{"self":[{"href":"https:\/\/jblcorten.com\/de\/wp-json\/wp\/v2\/product\/3639","targetHints":{"allow":["GET"]}}],"collection":[{"href":"https:\/\/jblcorten.com\/de\/wp-json\/wp\/v2\/product"}],"about":[{"href":"https:\/\/jblcorten.com\/de\/wp-json\/wp\/v2\/types\/product"}],"wp:featuredmedia":[{"embeddable":true,"href":"https:\/\/jblcorten.com\/de\/wp-json\/wp\/v2\/media\/3686"}],"wp:attachment":[{"href":"https:\/\/jblcorten.com\/de\/wp-json\/wp\/v2\/media?parent=3639"}],"wp:term":[{"taxonomy":"product_brand","embeddable":true,"href":"https:\/\/jblcorten.com\/de\/wp-json\/wp\/v2\/product_brand?post=3639"},{"taxonomy":"product_cat","embeddable":true,"href":"https:\/\/jblcorten.com\/de\/wp-json\/wp\/v2\/product_cat?post=3639"},{"taxonomy":"product_tag","embeddable":true,"href":"https:\/\/jblcorten.com\/de\/wp-json\/wp\/v2\/product_tag?post=3639"}],"curies":[{"name":"wp","href":"https:\/\/api.w.org\/{rel}","templated":true}]}}