{"id":3613,"date":"2025-07-08T10:26:43","date_gmt":"2025-07-08T02:26:43","guid":{"rendered":"https:\/\/jblcorten.com\/?post_type=product&#038;p=3613"},"modified":"2025-07-08T10:26:43","modified_gmt":"2025-07-08T02:26:43","slug":"regenvorhang-wasserspiel","status":"publish","type":"product","link":"https:\/\/jblcorten.com\/de\/rain-curtain-water-feature\/","title":{"rendered":"Regenvorhang Wasserspiel"},"content":{"rendered":"<h2 style=\"text-align: center;\"><span style=\"font-size: 14pt;\">Regenvorhang Wasserspiel<\/span><\/h2>\n<p>Die Gesamtstruktur dieses Regenvorhang-Wasserspiels weist eine elegante, L-f\u00f6rmig geschwungene Form mit glatten und dynamischen Linien auf, die die Essenz des zeitgen\u00f6ssischen Industriedesigns widerspiegelt. Die Oberseite des Ger\u00e4ts ist mit einem breiten Wasservorhangsystem ausgestattet, das mit einer pr\u00e4zisen Technologie zur Verteilung des Wasserflusses daf\u00fcr sorgt, dass das Wasser gleichm\u00e4\u00dfig von oben nach unten flie\u00dft und einen seidigen und kontinuierlichen Wasservorhang-Effekt bildet.<\/p>\n<p>Das Wasser flie\u00dft langsam von oben herab und bildet durch die Schwerkraft einen perfekten vertikalen Wasservorhang. Der Boden des Ger\u00e4ts ist mit einem versteckten Wasserreservoir ausgestattet und verf\u00fcgt \u00fcber ein fortschrittliches Wasserumlaufpumpensystem, das ein effizientes Recycling der Wasserressourcen und einen 24-Stunden-Dauerbetrieb gew\u00e4hrleistet.<\/p>\n<p><strong><span style=\"font-size: 14pt;\">Produktspezifikation:<\/span><\/strong><\/p>\n<table style=\"border-collapse: collapse; width: 100%;\">\n<tbody>\n<tr>\n<td style=\"width: 32.5729%; background-color: #f5f5f5;\">Produktname<\/td>\n<td style=\"width: 67.4271%; background-color: #f5f5f5;\">Regenvorhang Wasserspiel<\/td>\n<\/tr>\n<tr>\n<td style=\"width: 32.5729%;\">Material<\/td>\n<td style=\"width: 67.4271%;\">Cortenstahl oder Metall<\/td>\n<\/tr>\n<tr>\n<td style=\"width: 32.5729%; background-color: #f5f5f5;\">Gr\u00f6\u00dfe<\/td>\n<td style=\"width: 67.4271%; background-color: #f5f5f5;\">Kundenspezifisch<\/td>\n<\/tr>\n<tr>\n<td style=\"width: 32.5729%;\">Farbe<\/td>\n<td style=\"width: 67.4271%;\">Rostrot<\/td>\n<\/tr>\n<\/tbody>\n<\/table>\n<p><strong><span style=\"font-size: 14pt;\">Unser Service:<\/span><\/strong><\/p>\n<p>Wir verwenden die Technologie des Vollschwei\u00dfens, um die Verbindungen der Wasserspiele zu bearbeiten. Auf diese Weise kann das Wasserspiel nicht so leicht rosten und ist stabiler. (Die meisten anderen Unternehmen verwenden Punktschwei\u00dfen). Die von HNJBL hergestellten Wasserspiele k\u00f6nnen sich auch im Detail bew\u00e4hren.<\/p>\n<p><img fetchpriority=\"high\" decoding=\"async\" class=\"alignnone size-full wp-image-3614\" src=\"https:\/\/jblcorten.com\/wp-content\/uploads\/2025\/07\/HNJBL.jpg\" alt=\"HNJBL Hersteller \" width=\"750\" height=\"335\" title=\"\" srcset=\"https:\/\/jblcorten.com\/wp-content\/uploads\/2025\/07\/HNJBL.jpg 750w, https:\/\/jblcorten.com\/wp-content\/uploads\/2025\/07\/HNJBL-300x134.jpg 300w, https:\/\/jblcorten.com\/wp-content\/uploads\/2025\/07\/HNJBL-18x8.jpg 18w, https:\/\/jblcorten.com\/wp-content\/uploads\/2025\/07\/HNJBL-600x268.jpg 600w\" sizes=\"(max-width: 750px) 100vw, 750px\" \/><\/p>\n<p><strong><span style=\"font-size: 14pt;\">Warum brauchen wir eine Vorrostbehandlung? (Cortenstahl Behandlung Prozess)?<\/span><\/strong><\/p>\n<p>Es dauert in der Regel lange, bis wetterfester Stahl auf nat\u00fcrliche Weise eine stabile Rostschicht bildet. Dies wirkt sich stark auf die Verwendung von wetterfestem Stahl aus, insbesondere bei der ersten Verwendung, dem Abtropfen von Rostfl\u00fcssigkeit und der Bildung von Rost. Eine Anti-Rost-Behandlung kann dazu beitragen, dass wetterfester Stahl die Verwitterungsbehandlung in kurzer Zeit abschlie\u00dft, und die Farbe kann ebenfalls kontrolliert werden.<\/p>\n<p><img decoding=\"async\" class=\"alignnone size-full wp-image-2519\" src=\"https:\/\/jblcorten.com\/wp-content\/uploads\/2025\/03\/corten-steel-material.jpg\" alt=\"\" width=\"750\" height=\"321\" title=\"\" srcset=\"https:\/\/jblcorten.com\/wp-content\/uploads\/2025\/03\/corten-steel-material.jpg 750w, https:\/\/jblcorten.com\/wp-content\/uploads\/2025\/03\/corten-steel-material-600x257.jpg 600w, https:\/\/jblcorten.com\/wp-content\/uploads\/2025\/03\/corten-steel-material-300x128.jpg 300w, https:\/\/jblcorten.com\/wp-content\/uploads\/2025\/03\/corten-steel-material-18x8.jpg 18w\" sizes=\"(max-width: 750px) 100vw, 750px\" \/><\/p>\n<p><strong><span style=\"font-size: 14pt;\">Mehr Stile:<\/span><\/strong><\/p>\n<p>Wir sind ein Hersteller und Lieferant von Cortenstahl, unsere Produkte k\u00f6nnen individuell angepasst werden<\/p>\n<p><img decoding=\"async\" class=\"alignnone size-full wp-image-3619\" src=\"https:\/\/jblcorten.com\/wp-content\/uploads\/2025\/07\/rusted-metal-water-features.jpg\" alt=\"\" width=\"750\" height=\"760\" title=\"\" srcset=\"https:\/\/jblcorten.com\/wp-content\/uploads\/2025\/07\/rusted-metal-water-features.jpg 750w, https:\/\/jblcorten.com\/wp-content\/uploads\/2025\/07\/rusted-metal-water-features-296x300.jpg 296w, https:\/\/jblcorten.com\/wp-content\/uploads\/2025\/07\/rusted-metal-water-features-12x12.jpg 12w, https:\/\/jblcorten.com\/wp-content\/uploads\/2025\/07\/rusted-metal-water-features-600x608.jpg 600w, https:\/\/jblcorten.com\/wp-content\/uploads\/2025\/07\/rusted-metal-water-features-100x100.jpg 100w\" sizes=\"(max-width: 750px) 100vw, 750px\" \/><\/p>","protected":false},"excerpt":{"rendered":"<p>Das Regenvorhang-Wasserspiel zeigt mit seiner einzigartigen L-Form, der hellen n\u00e4chtlichen LED-Beleuchtung und dem Wasservorhang-Effekt sowie den Eigenschaften des Cortenstahl-Materials ein einzigartiges Designkonzept. Wenn Sie an diesem Cortenstahl-Wasserspiel interessiert sind, z\u00f6gern Sie bitte nicht, uns zu kontaktieren.<\/p>\n<p>Material: Cortenstahl oder kundenspezifische Metallmaterialien<br \/>\nGr\u00f6\u00dfe: Kundenspezifisch<br \/>\nVerpackung: Starke Holzkisten<br \/>\nDienstleistung: Kostenloser Entwurf, Gestaltung, Lieferung nach Hause<\/p>","protected":false},"featured_media":3615,"template":"","meta":{"site-sidebar-layout":"default","site-content-layout":"","ast-site-content-layout":"default","site-content-style":"default","site-sidebar-style":"default","ast-global-header-display":"","ast-banner-title-visibility":"","ast-main-header-display":"","ast-hfb-above-header-display":"","ast-hfb-below-header-display":"","ast-hfb-mobile-header-display":"","site-post-title":"","ast-breadcrumbs-content":"","ast-featured-img":"","footer-sml-layout":"","ast-disable-related-posts":"","theme-transparent-header-meta":"default","adv-header-id-meta":"","stick-header-meta":"","header-above-stick-meta":"","header-main-stick-meta":"","header-below-stick-meta":"","astra-migrate-meta-layouts":"set","ast-page-background-enabled":"default","ast-page-background-meta":{"desktop":{"background-color":"var(--ast-global-color-4)","background-image":"","background-repeat":"repeat","background-position":"center center","background-size":"auto","background-attachment":"scroll","background-type":"","background-media":"","overlay-type":"","overlay-color":"","overlay-opacity":"","overlay-gradient":""},"tablet":{"background-color":"","background-image":"","background-repeat":"repeat","background-position":"center center","background-size":"auto","background-attachment":"scroll","background-type":"","background-media":"","overlay-type":"","overlay-color":"","overlay-opacity":"","overlay-gradient":""},"mobile":{"background-color":"","background-image":"","background-repeat":"repeat","background-position":"center center","background-size":"auto","background-attachment":"scroll","background-type":"","background-media":"","overlay-type":"","overlay-color":"","overlay-opacity":"","overlay-gradient":""}},"ast-content-background-meta":{"desktop":{"background-color":"var(--ast-global-color-5)","background-image":"","background-repeat":"repeat","background-position":"center center","background-size":"auto","background-attachment":"scroll","background-type":"","background-media":"","overlay-type":"","overlay-color":"","overlay-opacity":"","overlay-gradient":""},"tablet":{"background-color":"var(--ast-global-color-5)","background-image":"","background-repeat":"repeat","background-position":"center center","background-size":"auto","background-attachment":"scroll","background-type":"","background-media":"","overlay-type":"","overlay-color":"","overlay-opacity":"","overlay-gradient":""},"mobile":{"background-color":"var(--ast-global-color-5)","background-image":"","background-repeat":"repeat","background-position":"center center","background-size":"auto","background-attachment":"scroll","background-type":"","background-media":"","overlay-type":"","overlay-color":"","overlay-opacity":"","overlay-gradient":""}}},"product_brand":[],"product_cat":[40],"product_tag":[],"class_list":{"0":"post-3613","1":"product","2":"type-product","3":"status-publish","4":"has-post-thumbnail","6":"product_cat-water-feature","7":"desktop-align-center","8":"tablet-align-left","9":"mobile-align-left","11":"first","12":"instock","13":"shipping-taxable","14":"product-type-simple"},"_links":{"self":[{"href":"https:\/\/jblcorten.com\/de\/wp-json\/wp\/v2\/product\/3613","targetHints":{"allow":["GET"]}}],"collection":[{"href":"https:\/\/jblcorten.com\/de\/wp-json\/wp\/v2\/product"}],"about":[{"href":"https:\/\/jblcorten.com\/de\/wp-json\/wp\/v2\/types\/product"}],"wp:featuredmedia":[{"embeddable":true,"href":"https:\/\/jblcorten.com\/de\/wp-json\/wp\/v2\/media\/3615"}],"wp:attachment":[{"href":"https:\/\/jblcorten.com\/de\/wp-json\/wp\/v2\/media?parent=3613"}],"wp:term":[{"taxonomy":"product_brand","embeddable":true,"href":"https:\/\/jblcorten.com\/de\/wp-json\/wp\/v2\/product_brand?post=3613"},{"taxonomy":"product_cat","embeddable":true,"href":"https:\/\/jblcorten.com\/de\/wp-json\/wp\/v2\/product_cat?post=3613"},{"taxonomy":"product_tag","embeddable":true,"href":"https:\/\/jblcorten.com\/de\/wp-json\/wp\/v2\/product_tag?post=3613"}],"curies":[{"name":"wp","href":"https:\/\/api.w.org\/{rel}","templated":true}]}}