{"id":3526,"date":"2025-06-30T17:42:50","date_gmt":"2025-06-30T09:42:50","guid":{"rendered":"https:\/\/jblcorten.com\/?post_type=product&#038;p=3526"},"modified":"2025-06-30T17:42:51","modified_gmt":"2025-06-30T09:42:51","slug":"hangender-holzkamin","status":"publish","type":"product","link":"https:\/\/jblcorten.com\/de\/hanging-wood-burning-fireplace\/","title":{"rendered":"H\u00e4ngender holzbefeuerter Kamin"},"content":{"rendered":"<h2 style=\"text-align: center;\"><span style=\"font-size: 14pt;\">H\u00e4ngender holzbefeuerter Kamin<\/span><\/h2>\n<p>Dieser h\u00e4ngende Kamin wird von der Decke abgeh\u00e4ngt und ist v\u00f6llig frei von den Zw\u00e4ngen des Bodens, wodurch jeder Zentimeter kostbarer Bodenfl\u00e4che f\u00fcr Ihren Wohnraum frei wird und die Inneneinrichtung flexibler und freier gestaltet werden kann, besonders geeignet f\u00fcr die Heizbed\u00fcrfnisse moderner st\u00e4dtischer Wohnungen und kleiner R\u00e4ume.<\/p>\n<p>Das Geh\u00e4use des Kamins besteht aus hochwertigem Kohlenstoffstahl und wurde strengen Festigkeitspr\u00fcfungen und einer Pr\u00fcfung der Hochtemperaturbest\u00e4ndigkeit unterzogen, um eine stabile strukturelle Leistung bei langfristiger Nutzung zu gew\u00e4hrleisten. Die Oberfl\u00e4che wurde professionell mit schwarzer Mattierung behandelt, die nicht nur ausgezeichnete Anti-Oxidations- und Anti-Korrosionseigenschaften hat, sondern auch einen ruhigen und atmosph\u00e4rischen industriellen \u00e4sthetischen Stil pr\u00e4sentiert, der perfekt mit verschiedenen modernen Einrichtungsstilen harmoniert.<\/p>\n<p><img fetchpriority=\"high\" decoding=\"async\" class=\"alignnone size-full wp-image-3531\" src=\"https:\/\/jblcorten.com\/wp-content\/uploads\/2025\/06\/fireplace-hanging-from-ceiling.jpg\" alt=\"Kamin von der Decke h\u00e4ngend\" width=\"750\" height=\"391\" title=\"\" srcset=\"https:\/\/jblcorten.com\/wp-content\/uploads\/2025\/06\/fireplace-hanging-from-ceiling.jpg 750w, https:\/\/jblcorten.com\/wp-content\/uploads\/2025\/06\/fireplace-hanging-from-ceiling-300x156.jpg 300w, https:\/\/jblcorten.com\/wp-content\/uploads\/2025\/06\/fireplace-hanging-from-ceiling-18x9.jpg 18w, https:\/\/jblcorten.com\/wp-content\/uploads\/2025\/06\/fireplace-hanging-from-ceiling-600x313.jpg 600w\" sizes=\"(max-width: 750px) 100vw, 750px\" \/><\/p>\n<p>Das gr\u00f6\u00dfte Highlight des Kamins ist die einzigartige 360-Grad-Rundum-Drehfunktion des Ofenkopfes. Der Benutzer kann die Richtung der Ofen\u00f6ffnung nach Belieben entsprechend der Raumaufteilung und den Heizbed\u00fcrfnissen einstellen, um eine pr\u00e4zise Richtungsheizung zu erreichen. Egal, wo Sie sich im Raum befinden, Sie k\u00f6nnen den warmen W\u00e4rmestrom durch einfaches Drehen genau in den gew\u00fcnschten Bereich leiten, was die Flexibilit\u00e4t und den Komfort des Heizens erheblich verbessert.<\/p>\n<p>Die Kamint\u00fcr besteht aus hochwertigem, transparentem, feuerfestem Glas, durch das man die Flammen des brennenden Holzes deutlich sehen kann, was eine warme und romantische Wohnatmosph\u00e4re schafft und gleichzeitig die Feuerquelle effektiv isoliert, um eine sichere Nutzung zu gew\u00e4hrleisten. Die Glast\u00fcr ist mit einem professionell gestalteten, verbr\u00fchungssicheren Griff aus w\u00e4rmeisolierenden Materialien ausgestattet. Sie kann sicher ge\u00f6ffnet und geschlossen werden, auch wenn der Ofenk\u00f6rper bei hoher Temperatur l\u00e4uft, was das t\u00e4gliche Nachlegen von Brennstoff sowie die Reinigung und Wartung erleichtert.<\/p>\n<p><strong><span style=\"font-size: 14pt;\">Produktspezifikation:<\/span><\/strong><\/p>\n<table style=\"border-collapse: collapse; width: 100%;\">\n<tbody>\n<tr>\n<td style=\"width: 25.6171%; background-color: #f5f5f5;\">Material<\/td>\n<td style=\"width: 74.3829%; background-color: #f5f5f5;\">Hochwertiger Kohlenstoffstahl<\/td>\n<\/tr>\n<tr>\n<td style=\"width: 25.6171%;\">Kraftstoff<\/td>\n<td style=\"width: 74.3829%;\">Holz<\/td>\n<\/tr>\n<tr>\n<td style=\"width: 25.6171%; background-color: #f5f5f5;\">Einbauverfahren<\/td>\n<td style=\"width: 74.3829%; background-color: #f5f5f5;\">Aufh\u00e4ngen an der Decke<\/td>\n<\/tr>\n<tr>\n<td style=\"width: 25.6171%;\">Durchmesser<\/td>\n<td style=\"width: 74.3829%;\">700mm\/800mm\/900mm\/1000mm\/1200 oder kundenspezifisch<\/td>\n<\/tr>\n<tr>\n<td style=\"width: 25.6171%; background-color: #f5f5f5;\">Schornstein<\/td>\n<td style=\"width: 74.3829%; background-color: #f5f5f5;\">Durchmesser 219 mm, Standard H\u00f6he 2000-2200 mm<\/td>\n<\/tr>\n<tr>\n<td style=\"width: 25.6171%;\">Oberfl\u00e4chenbehandlung<\/td>\n<td style=\"width: 74.3829%;\">Schwarz gegen hohe Temperaturen oder kundenspezifisch<\/td>\n<\/tr>\n<\/tbody>\n<\/table>\n<p><strong><span style=\"font-size: 14pt;\">Mehr Auswahlm\u00f6glichkeiten:<\/span><\/strong><\/p>\n<p>Wir haben viele verschiedene Arten von h\u00e4ngenden Kaminen, einschlie\u00dflich holzbefeuerten h\u00e4ngenden Kaminen, h\u00e4ngenden Bioethanol-Kaminen, h\u00e4ngenden elektrischen Kaminen, etc. <span style=\"color: #ff0000;\"><a style=\"color: #ff0000;\" href=\"\/de\/kontaktieren-sie-uns\/\">Kontaktieren Sie uns f\u00fcr weitere Informationen.<\/a><\/span><\/p>\n<p><img decoding=\"async\" class=\"alignnone size-full wp-image-3533\" style=\"font-style: inherit; font-weight: inherit;\" src=\"https:\/\/jblcorten.com\/wp-content\/uploads\/2025\/06\/suspended-stoves.jpg\" alt=\"Schwebe\u00f6fen\" width=\"750\" height=\"505\" title=\"\" srcset=\"https:\/\/jblcorten.com\/wp-content\/uploads\/2025\/06\/suspended-stoves.jpg 750w, https:\/\/jblcorten.com\/wp-content\/uploads\/2025\/06\/suspended-stoves-300x202.jpg 300w, https:\/\/jblcorten.com\/wp-content\/uploads\/2025\/06\/suspended-stoves-18x12.jpg 18w, https:\/\/jblcorten.com\/wp-content\/uploads\/2025\/06\/suspended-stoves-600x404.jpg 600w\" sizes=\"(max-width: 750px) 100vw, 750px\" \/><\/p>\n<p><strong><span style=\"font-size: 14pt;\">Produktpaket:<\/span><\/strong><\/p>\n<p>Unsere h\u00e4ngenden Kamine werden separat verpackt (Ofenk\u00f6rper + Ofenrohr + Installationsteile); au\u00dferdem besteht die Verpackungsmethode f\u00fcr unsere Produkte darin, dass der \u00e4u\u00dfere Teil eine Holzkiste ist und der innere Teil von Schaumstoff umgeben ist. Wie in der Abbildung unten gezeigt:<\/p>\n<p><img decoding=\"async\" class=\"alignnone size-full wp-image-3534\" src=\"https:\/\/jblcorten.com\/wp-content\/uploads\/2025\/06\/hanging-fireplace-buy-online.jpg\" alt=\"H\u00e4ngekamin online kaufen\" width=\"750\" height=\"562\" title=\"\" srcset=\"https:\/\/jblcorten.com\/wp-content\/uploads\/2025\/06\/hanging-fireplace-buy-online.jpg 750w, https:\/\/jblcorten.com\/wp-content\/uploads\/2025\/06\/hanging-fireplace-buy-online-300x225.jpg 300w, https:\/\/jblcorten.com\/wp-content\/uploads\/2025\/06\/hanging-fireplace-buy-online-16x12.jpg 16w, https:\/\/jblcorten.com\/wp-content\/uploads\/2025\/06\/hanging-fireplace-buy-online-600x450.jpg 600w\" sizes=\"(max-width: 750px) 100vw, 750px\" \/><\/p>\n<p><img loading=\"lazy\" decoding=\"async\" class=\"alignnone size-full wp-image-3535\" src=\"https:\/\/jblcorten.com\/wp-content\/uploads\/2025\/06\/hanging-fireplace-for-sale.jpg\" alt=\"H\u00e4ngekamin zu verkaufen\" width=\"750\" height=\"562\" title=\"\" srcset=\"https:\/\/jblcorten.com\/wp-content\/uploads\/2025\/06\/hanging-fireplace-for-sale.jpg 750w, https:\/\/jblcorten.com\/wp-content\/uploads\/2025\/06\/hanging-fireplace-for-sale-300x225.jpg 300w, https:\/\/jblcorten.com\/wp-content\/uploads\/2025\/06\/hanging-fireplace-for-sale-16x12.jpg 16w, https:\/\/jblcorten.com\/wp-content\/uploads\/2025\/06\/hanging-fireplace-for-sale-600x450.jpg 600w\" sizes=\"(max-width: 750px) 100vw, 750px\" \/><\/p>\n<p><img loading=\"lazy\" decoding=\"async\" class=\"alignnone size-full wp-image-3536\" src=\"https:\/\/jblcorten.com\/wp-content\/uploads\/2025\/06\/Hanging-Fireplace.jpg\" alt=\"H\u00e4ngende Feuerstelle\" width=\"750\" height=\"562\" title=\"\" srcset=\"https:\/\/jblcorten.com\/wp-content\/uploads\/2025\/06\/Hanging-Fireplace.jpg 750w, https:\/\/jblcorten.com\/wp-content\/uploads\/2025\/06\/Hanging-Fireplace-300x225.jpg 300w, https:\/\/jblcorten.com\/wp-content\/uploads\/2025\/06\/Hanging-Fireplace-16x12.jpg 16w, https:\/\/jblcorten.com\/wp-content\/uploads\/2025\/06\/Hanging-Fireplace-600x450.jpg 600w\" sizes=\"(max-width: 750px) 100vw, 750px\" \/><\/p>\n<p><strong><span style=\"font-size: 14pt;\">FAQ:<\/span><\/strong><\/p>\n<p>Q1: Ben\u00f6tigen Sie Fachleute f\u00fcr die Installation?<br \/>\nA: Es wird empfohlen, dass professionelle Installateure das Anheben und Befestigen durchf\u00fchren, um die Sicherheit zu gew\u00e4hrleisten.<\/p>\n<p>Q2: Kann die Gr\u00f6\u00dfe oder Farbe angepasst werden?<br \/>\nA: Kundenspezifische Anpassungen sind m\u00f6glich, einschlie\u00dflich der Farbe des Ofenk\u00f6rpers, der Gr\u00f6\u00dfe, der L\u00e4nge des Ofenrohrs usw.<\/p>\n<p>F3: Ist es leicht zu reinigen und zu pflegen?<br \/>\nA: Die Oberfl\u00e4che kann abgewischt und die Asche im Inneren des Ofens kann regelm\u00e4\u00dfig entfernt werden.<\/p>","protected":false},"excerpt":{"rendered":"<p>Der h\u00e4ngende Holzkamin hat ein Null-Fu\u00dfabdruck-Design, das Platz im Raum schafft. Das Material aus Kohlenstoffstahl und die schwarze Verarbeitung sind robust und sch\u00f6n. Die manuelle 360-Grad-Drehung des Brennerkopfes erm\u00f6glicht eine pr\u00e4zise Ausrichtung der Heizung. Die transparente Glast\u00fcr ist mit einem verbr\u00fchungssicheren Griff ausgestattet, damit Sie das Feuer sicher beobachten k\u00f6nnen.<\/p>","protected":false},"featured_media":3529,"template":"","meta":{"site-sidebar-layout":"default","site-content-layout":"","ast-site-content-layout":"default","site-content-style":"default","site-sidebar-style":"default","ast-global-header-display":"","ast-banner-title-visibility":"","ast-main-header-display":"","ast-hfb-above-header-display":"","ast-hfb-below-header-display":"","ast-hfb-mobile-header-display":"","site-post-title":"","ast-breadcrumbs-content":"","ast-featured-img":"","footer-sml-layout":"","ast-disable-related-posts":"","theme-transparent-header-meta":"default","adv-header-id-meta":"","stick-header-meta":"","header-above-stick-meta":"","header-main-stick-meta":"","header-below-stick-meta":"","astra-migrate-meta-layouts":"set","ast-page-background-enabled":"default","ast-page-background-meta":{"desktop":{"background-color":"var(--ast-global-color-4)","background-image":"","background-repeat":"repeat","background-position":"center center","background-size":"auto","background-attachment":"scroll","background-type":"","background-media":"","overlay-type":"","overlay-color":"","overlay-opacity":"","overlay-gradient":""},"tablet":{"background-color":"","background-image":"","background-repeat":"repeat","background-position":"center center","background-size":"auto","background-attachment":"scroll","background-type":"","background-media":"","overlay-type":"","overlay-color":"","overlay-opacity":"","overlay-gradient":""},"mobile":{"background-color":"","background-image":"","background-repeat":"repeat","background-position":"center center","background-size":"auto","background-attachment":"scroll","background-type":"","background-media":"","overlay-type":"","overlay-color":"","overlay-opacity":"","overlay-gradient":""}},"ast-content-background-meta":{"desktop":{"background-color":"var(--ast-global-color-5)","background-image":"","background-repeat":"repeat","background-position":"center center","background-size":"auto","background-attachment":"scroll","background-type":"","background-media":"","overlay-type":"","overlay-color":"","overlay-opacity":"","overlay-gradient":""},"tablet":{"background-color":"var(--ast-global-color-5)","background-image":"","background-repeat":"repeat","background-position":"center center","background-size":"auto","background-attachment":"scroll","background-type":"","background-media":"","overlay-type":"","overlay-color":"","overlay-opacity":"","overlay-gradient":""},"mobile":{"background-color":"var(--ast-global-color-5)","background-image":"","background-repeat":"repeat","background-position":"center center","background-size":"auto","background-attachment":"scroll","background-type":"","background-media":"","overlay-type":"","overlay-color":"","overlay-opacity":"","overlay-gradient":""}}},"product_brand":[],"product_cat":[30],"product_tag":[],"class_list":{"0":"post-3526","1":"product","2":"type-product","3":"status-publish","4":"has-post-thumbnail","6":"product_cat-fireplace","7":"desktop-align-center","8":"tablet-align-left","9":"mobile-align-left","11":"first","12":"instock","13":"shipping-taxable","14":"product-type-simple"},"_links":{"self":[{"href":"https:\/\/jblcorten.com\/de\/wp-json\/wp\/v2\/product\/3526","targetHints":{"allow":["GET"]}}],"collection":[{"href":"https:\/\/jblcorten.com\/de\/wp-json\/wp\/v2\/product"}],"about":[{"href":"https:\/\/jblcorten.com\/de\/wp-json\/wp\/v2\/types\/product"}],"wp:featuredmedia":[{"embeddable":true,"href":"https:\/\/jblcorten.com\/de\/wp-json\/wp\/v2\/media\/3529"}],"wp:attachment":[{"href":"https:\/\/jblcorten.com\/de\/wp-json\/wp\/v2\/media?parent=3526"}],"wp:term":[{"taxonomy":"product_brand","embeddable":true,"href":"https:\/\/jblcorten.com\/de\/wp-json\/wp\/v2\/product_brand?post=3526"},{"taxonomy":"product_cat","embeddable":true,"href":"https:\/\/jblcorten.com\/de\/wp-json\/wp\/v2\/product_cat?post=3526"},{"taxonomy":"product_tag","embeddable":true,"href":"https:\/\/jblcorten.com\/de\/wp-json\/wp\/v2\/product_tag?post=3526"}],"curies":[{"name":"wp","href":"https:\/\/api.w.org\/{rel}","templated":true}]}}