{"id":3483,"date":"2025-06-26T17:20:04","date_gmt":"2025-06-26T09:20:04","guid":{"rendered":"https:\/\/jblcorten.com\/?post_type=product&#038;p=3483"},"modified":"2025-06-26T17:20:04","modified_gmt":"2025-06-26T09:20:04","slug":"versteckter-propantank-feuerstelle","status":"publish","type":"product","link":"https:\/\/jblcorten.com\/de\/hidden-propane-tank-fire-pit\/","title":{"rendered":"Versteckter Propantank Feuerstelle"},"content":{"rendered":"<h2 style=\"text-align: center;\"><span style=\"font-size: 14pt;\">Versteckter Propantank Feuerstelle<\/span><\/h2>\n<p>Diese Feuerstelle mit verstecktem Propantank ist aus Cortenstahl (Verwitterungsstahl) gefertigt und wird im Laufe der Zeit auf nat\u00fcrliche Weise ein rostiges Aussehen entwickeln, das rostfrei ist und einen hohen dekorativen Wert hat. Das Innere der Feuerstelle ist ein Edelstahlbrenner, mit Vulkangestein Dekoration im Inneren, die eine stabile und sch\u00f6ne Flamme bietet, und ist von einem geh\u00e4rteten Glas Windschutz f\u00fcr verbesserte Sicherheit und Seherlebnis umgeben.<\/p>\n<p>Die Feuerstelle ist mit versteckten Gasleitungen und Propantanks im Inneren ausgestattet und verf\u00fcgt \u00fcber einen Schalter und eine Vorrichtung zur Einstellung der Flamme, die einfach zu bedienen ist. Sie eignet sich f\u00fcr private Innenh\u00f6fe und wird auch h\u00e4ufig in gehobenen Hotels, auf Dachterrassen usw. verwendet.<\/p>\n<p><img fetchpriority=\"high\" decoding=\"async\" class=\"alignnone wp-image-3484\" src=\"https:\/\/jblcorten.com\/wp-content\/uploads\/2025\/06\/hidden-propane-tank-fire-pit.jpg\" alt=\"Versteckter Propantank Feuerstelle\" width=\"750\" height=\"470\" title=\"\" srcset=\"https:\/\/jblcorten.com\/wp-content\/uploads\/2025\/06\/hidden-propane-tank-fire-pit.jpg 1000w, https:\/\/jblcorten.com\/wp-content\/uploads\/2025\/06\/hidden-propane-tank-fire-pit-300x188.jpg 300w, https:\/\/jblcorten.com\/wp-content\/uploads\/2025\/06\/hidden-propane-tank-fire-pit-768x481.jpg 768w, https:\/\/jblcorten.com\/wp-content\/uploads\/2025\/06\/hidden-propane-tank-fire-pit-18x12.jpg 18w, https:\/\/jblcorten.com\/wp-content\/uploads\/2025\/06\/hidden-propane-tank-fire-pit-600x376.jpg 600w\" sizes=\"(max-width: 750px) 100vw, 750px\" \/><\/p>\n<p><strong><span style=\"font-size: 14pt;\">Produktspezifikation:<\/span><\/strong><\/p>\n<table style=\"border-collapse: collapse; width: 100%;\">\n<tbody>\n<tr>\n<td style=\"width: 29.2072%; background-color: #f5f5f5;\">Produkttyp<\/td>\n<td style=\"width: 70.7928%; background-color: #f5f5f5;\">Gas-Feuerstelle<\/td>\n<\/tr>\n<tr>\n<td style=\"width: 29.2072%;\">Material<\/td>\n<td style=\"width: 70.7928%;\">Cortenstahl, rostfreier Stahl<\/td>\n<\/tr>\n<tr>\n<td style=\"width: 29.2072%; background-color: #f5f5f5;\">Gr\u00f6\u00dfe<\/td>\n<td style=\"width: 70.7928%; background-color: #f5f5f5;\">1200mm \u00d7500mm \u00d7600mm oder kundenspezifisch<\/td>\n<\/tr>\n<tr>\n<td style=\"width: 29.2072%;\">Kraftstoff<\/td>\n<td style=\"width: 70.7928%;\">Propan<\/td>\n<\/tr>\n<tr>\n<td style=\"width: 29.2072%; background-color: #f5f5f5;\">Z\u00fcndung<\/td>\n<td style=\"width: 70.7928%; background-color: #f5f5f5;\">Z\u00fcndung per Knopfdruck<\/td>\n<\/tr>\n<\/tbody>\n<\/table>\n<p><strong><span style=\"font-size: 14pt;\">Zubeh\u00f6r:<\/span><\/strong><\/p>\n<ul>\n<li>Brenner: Aus rostfreiem Stahl, langlebig<\/li>\n<li>Glas-Windschutz: Verbessert die Flammenstabilit\u00e4t und die Sicht auf die Feuerstelle<\/li>\n<li>Lava-Steine: Sorgt f\u00fcr eine gleichm\u00e4\u00dfige Verteilung der Flammen und verbessert die visuellen Effekte<\/li>\n<li>Gasschlauch mit Anschluss: Verbindet die Feuerstelle mit dem Propangastank<\/li>\n<\/ul>\n<p><img decoding=\"async\" class=\"alignnone size-full wp-image-3487\" src=\"https:\/\/jblcorten.com\/wp-content\/uploads\/2025\/06\/fire-pit-with-propane-tank-inside.jpg\" alt=\"Feuerstelle mit Propantank innen\" width=\"1000\" height=\"400\" title=\"\" srcset=\"https:\/\/jblcorten.com\/wp-content\/uploads\/2025\/06\/fire-pit-with-propane-tank-inside.jpg 1000w, https:\/\/jblcorten.com\/wp-content\/uploads\/2025\/06\/fire-pit-with-propane-tank-inside-300x120.jpg 300w, https:\/\/jblcorten.com\/wp-content\/uploads\/2025\/06\/fire-pit-with-propane-tank-inside-768x307.jpg 768w, https:\/\/jblcorten.com\/wp-content\/uploads\/2025\/06\/fire-pit-with-propane-tank-inside-18x7.jpg 18w, https:\/\/jblcorten.com\/wp-content\/uploads\/2025\/06\/fire-pit-with-propane-tank-inside-600x240.jpg 600w\" sizes=\"(max-width: 1000px) 100vw, 1000px\" \/><\/p>\n<p><strong><span style=\"font-size: 14pt;\">FAQ:<\/span><\/strong><\/p>\n<p>1.Q: Wird es bei der Benutzung rauchen?<br \/>\nA: Nein, die Feuerstelle wird mit Gas befeuert, das sauber und ohne Rauch und Asche verbrennt.<\/p>\n<p>2. F: Muss es zusammengebaut werden?<br \/>\nA: Im Grunde genommen ist keine Montage erforderlich, Sie m\u00fcssen nur die Gasschnittstelle anschlie\u00dfen und k\u00f6nnen sie verwenden.<\/p>\n<p>3. F: Wird wetterfester Stahl immer rosten?<br \/>\nA: Der \u201cRost\u201d ist eine Schutzschicht, die stabil ist und nach der Bildung nicht abf\u00e4llt und den Gebrauch nicht beeintr\u00e4chtigt.<\/p>\n<p>4.Q: Kann es auf einen Holzboden gestellt werden?<br \/>\nA: Ja, aber es wird empfohlen, eine hitzebest\u00e4ndige Matte oder einen feuerfesten Stein auf den Boden der Feuerstelle zu legen, um die Sicherheit zu erh\u00f6hen.<\/p>\n<p>5. Q: Kann die Gr\u00f6\u00dfe oder Farbe angepasst werden?<br \/>\nA: Ma\u00dfgeschneiderte Gr\u00f6\u00dfen und passendes Zubeh\u00f6r werden unterst\u00fctzt. Bitte hinterlassen Sie eine Nachricht in das Formular unten f\u00fcr weitere Informationen.<\/p>","protected":false},"excerpt":{"rendered":"<p>Diese Feuerstelle mit verstecktem Propantank ist aus hochwertigem Cortenstahl gefertigt, und die Oberfl\u00e4che ist speziell mit Rostschutz behandelt, um eine nat\u00fcrliche rostfarbene Schutzschicht zu bilden. Ausgestattet mit einem Geh\u00e4use aus geh\u00e4rtetem Hochtemperaturglas, blockiert es effektiv den Wind und bietet Sicherheitsschutz.<\/p>\n<ul>\n<li>Hochwertiges wetterfestes Stahlmaterial, langlebig;<\/li>\n<li>Transparente Abdeckung aus hochtemperaturbest\u00e4ndigem Glas;<\/li>\n<li>Elektronisches Z\u00fcndsystem, einfach zu bedienen;<\/li>\n<li>Mehrstufige Feuereinstellung;<\/li>\n<li>Verdeckte Konstruktion des Propantanks.<\/li>\n<\/ul>","protected":false},"featured_media":2569,"template":"","meta":{"site-sidebar-layout":"default","site-content-layout":"","ast-site-content-layout":"default","site-content-style":"default","site-sidebar-style":"default","ast-global-header-display":"","ast-banner-title-visibility":"","ast-main-header-display":"","ast-hfb-above-header-display":"","ast-hfb-below-header-display":"","ast-hfb-mobile-header-display":"","site-post-title":"","ast-breadcrumbs-content":"","ast-featured-img":"","footer-sml-layout":"","ast-disable-related-posts":"","theme-transparent-header-meta":"default","adv-header-id-meta":"","stick-header-meta":"","header-above-stick-meta":"","header-main-stick-meta":"","header-below-stick-meta":"","astra-migrate-meta-layouts":"set","ast-page-background-enabled":"default","ast-page-background-meta":{"desktop":{"background-color":"var(--ast-global-color-4)","background-image":"","background-repeat":"repeat","background-position":"center center","background-size":"auto","background-attachment":"scroll","background-type":"","background-media":"","overlay-type":"","overlay-color":"","overlay-opacity":"","overlay-gradient":""},"tablet":{"background-color":"","background-image":"","background-repeat":"repeat","background-position":"center center","background-size":"auto","background-attachment":"scroll","background-type":"","background-media":"","overlay-type":"","overlay-color":"","overlay-opacity":"","overlay-gradient":""},"mobile":{"background-color":"","background-image":"","background-repeat":"repeat","background-position":"center center","background-size":"auto","background-attachment":"scroll","background-type":"","background-media":"","overlay-type":"","overlay-color":"","overlay-opacity":"","overlay-gradient":""}},"ast-content-background-meta":{"desktop":{"background-color":"var(--ast-global-color-5)","background-image":"","background-repeat":"repeat","background-position":"center center","background-size":"auto","background-attachment":"scroll","background-type":"","background-media":"","overlay-type":"","overlay-color":"","overlay-opacity":"","overlay-gradient":""},"tablet":{"background-color":"var(--ast-global-color-5)","background-image":"","background-repeat":"repeat","background-position":"center center","background-size":"auto","background-attachment":"scroll","background-type":"","background-media":"","overlay-type":"","overlay-color":"","overlay-opacity":"","overlay-gradient":""},"mobile":{"background-color":"var(--ast-global-color-5)","background-image":"","background-repeat":"repeat","background-position":"center center","background-size":"auto","background-attachment":"scroll","background-type":"","background-media":"","overlay-type":"","overlay-color":"","overlay-opacity":"","overlay-gradient":""}}},"product_brand":[],"product_cat":[29,47],"product_tag":[78,79],"class_list":{"0":"post-3483","1":"product","2":"type-product","3":"status-publish","4":"has-post-thumbnail","6":"product_cat-fire-pit","7":"product_cat-gas-fire-pit","8":"product_tag-gas-fire-pit","9":"product_tag-smokeless-fire-pit","10":"desktop-align-center","11":"tablet-align-left","12":"mobile-align-left","14":"first","15":"instock","16":"shipping-taxable","17":"product-type-simple"},"_links":{"self":[{"href":"https:\/\/jblcorten.com\/de\/wp-json\/wp\/v2\/product\/3483","targetHints":{"allow":["GET"]}}],"collection":[{"href":"https:\/\/jblcorten.com\/de\/wp-json\/wp\/v2\/product"}],"about":[{"href":"https:\/\/jblcorten.com\/de\/wp-json\/wp\/v2\/types\/product"}],"wp:featuredmedia":[{"embeddable":true,"href":"https:\/\/jblcorten.com\/de\/wp-json\/wp\/v2\/media\/2569"}],"wp:attachment":[{"href":"https:\/\/jblcorten.com\/de\/wp-json\/wp\/v2\/media?parent=3483"}],"wp:term":[{"taxonomy":"product_brand","embeddable":true,"href":"https:\/\/jblcorten.com\/de\/wp-json\/wp\/v2\/product_brand?post=3483"},{"taxonomy":"product_cat","embeddable":true,"href":"https:\/\/jblcorten.com\/de\/wp-json\/wp\/v2\/product_cat?post=3483"},{"taxonomy":"product_tag","embeddable":true,"href":"https:\/\/jblcorten.com\/de\/wp-json\/wp\/v2\/product_tag?post=3483"}],"curies":[{"name":"wp","href":"https:\/\/api.w.org\/{rel}","templated":true}]}}