{"id":3440,"date":"2025-06-23T15:50:55","date_gmt":"2025-06-23T07:50:55","guid":{"rendered":"https:\/\/jblcorten.com\/?post_type=product&#038;p=3440"},"modified":"2025-06-24T11:44:05","modified_gmt":"2025-06-24T03:44:05","slug":"holzbefeuerte-feuerstellen","status":"publish","type":"product","link":"https:\/\/jblcorten.com\/de\/wood-burning-fire-pits\/","title":{"rendered":"Holzbefeuerte Feuerstellen"},"content":{"rendered":"<h2 style=\"text-align: center;\"><span style=\"font-size: 14pt;\">Holzbefeuerte Feuerstellen<\/span><\/h2>\n<p>Das Design mit einem Durchmesser von 120 cm bietet ausreichend Platz zum Verbrennen und kann eine gro\u00dfe Menge Holz aufnehmen, um eine langfristig stabile Verbrennung zu gew\u00e4hrleisten. Die flache Beckenstruktur verbessert die Sauerstoffzirkulation, wodurch die Verbrennung vollst\u00e4ndiger und die Flamme kr\u00e4ftiger wird.<\/p>\n<p>Die 3 mm dicke hochwertige Stahlplatte gew\u00e4hrleistet die Langlebigkeit des Produkts, w\u00e4hrend das wissenschaftliche Strukturdesign eine sichere Verwendung gew\u00e4hrleistet. Das Design mit Boden\u00fcberkopf sch\u00fctzt den Boden wirksam und verhindert Sch\u00e4den durch hohe Temperaturen. Jedes Detail wurde sorgf\u00e4ltig durchdacht, um den Benutzern ein m\u00f6glichst sicheres Nutzungserlebnis zu bieten.<\/p>\n<p>Dar\u00fcber hinaus besteht das Material der Holzfeuerstellen aus Cortenstahl, der einzigartige Selbstschutzeigenschaften aufweist und in der nat\u00fcrlichen Umgebung eine dichte Oxidschutzschicht bildet. Diese \u201cRostfarbe\u201d ist tats\u00e4chlich die nat\u00fcrlichste Korrosionsschutzbeschichtung. Eine regelm\u00e4\u00dfige Wartung ist nicht erforderlich. Mit der Zeit wird die Oberfl\u00e4chenstruktur immer reichhaltiger und zeigt einzigartige Spuren der Zeit. Die normale Lebensdauer kann 20 bis 30 Jahre betragen, was einem Vielfachen der Lebensdauer herk\u00f6mmlicher Stahlprodukte entspricht.<\/p>\n<p><strong><span style=\"font-size: 14pt;\">Produktspezifikation:<\/span><\/strong><\/p>\n<table style=\"border-collapse: collapse; width: 100%; height: 265px;\">\n<tbody>\n<tr style=\"height: 53px;\">\n<td style=\"width: 26.2902%; height: 53px; background-color: #f5f5f5;\">Produktname<\/td>\n<td style=\"width: 73.7098%; height: 53px; background-color: #f5f5f5;\">Holzbefeuerte Feuerstellen<\/td>\n<\/tr>\n<tr style=\"height: 53px;\">\n<td style=\"width: 26.2902%; height: 53px;\">Material<\/td>\n<td style=\"width: 73.7098%; height: 53px;\">Cortenstahl<\/td>\n<\/tr>\n<tr style=\"height: 53px;\">\n<td style=\"width: 26.2902%; height: 53px; background-color: #f5f5f5;\">Durchmesser<\/td>\n<td style=\"width: 73.7098%; height: 53px; background-color: #f5f5f5;\">120 cm oder nach Ma\u00df<\/td>\n<\/tr>\n<tr style=\"height: 53px;\">\n<td style=\"width: 26.2902%; height: 53px;\">Dicke<\/td>\n<td style=\"width: 73.7098%; height: 53px;\">2\u20133 mm<\/td>\n<\/tr>\n<tr style=\"height: 53px;\">\n<td style=\"width: 26.2902%; height: 53px; background-color: #f5f5f5;\">Oberfl\u00e4che<\/td>\n<td style=\"width: 73.7098%; height: 53px; background-color: #f5f5f5;\">Nat\u00fcrlicher Rost<\/td>\n<\/tr>\n<\/tbody>\n<\/table>\n<p><strong><span style=\"font-size: 14pt;\">Die Vorteile von Cortenstahl:<\/span><\/strong><\/p>\n<ul>\n<li><strong>Nat\u00fcrlicher Korrosionsschutz: <\/strong>Cortenstahl bildet in der nat\u00fcrlichen Umgebung eine dichte Oxidschicht. Diese \u201cRostschicht\u201d ist tats\u00e4chlich die beste Schutzschicht.<\/li>\n<li><strong>Wartungsfrei:<\/strong> Es ist nicht notwendig, regelm\u00e4\u00dfig zu streichen oder zu rostsch\u00fctzen, der nat\u00fcrliche Alterungsprozess ist die beste Pflege.<\/li>\n<li><strong>Umweltfreundlich:<\/strong> 100% recycelbare Materialien, im Einklang mit modernen Umweltschutzkonzepten<\/li>\n<li><strong>Starke Haltbarkeit:<\/strong> Bei normaler Nutzung kann eine Lebensdauer von 20 bis 30 Jahren erreicht werden, was dem 3- bis 5-fachen der Lebensdauer von gew\u00f6hnlichem Stahl entspricht.<\/li>\n<\/ul>\n<p><strong><span style=\"font-size: 14pt;\">Anwendungsszenarien:<\/span><\/strong><\/p>\n<ul style=\"list-style-type: circle;\">\n<li><strong>Heizung<\/strong><br \/>\nWenn die Nacht hereinbricht, z\u00fcnde das trockene Holz an, die Flammen springen und tanzen und strahlen warmes Licht und W\u00e4rme aus. Familie und Freunde sitzen um das Feuer herum und genie\u00dfen die W\u00e4rme, die es spendet.<\/li>\n<li><strong>Grill<\/strong><br \/>\nStellen Sie einen speziellen Grillrost \u00fcber den Feuertopf, und schon haben Sie eine professionelle Outdoor-Grillausr\u00fcstung. Die gleichm\u00e4\u00dfig brennende Holzkohle oder das Holz darunter sorgen f\u00fcr eine kontinuierliche und gleichm\u00e4\u00dfige W\u00e4rmequelle, und auf dem Grillrost dar\u00fcber k\u00f6nnen Sie eine Vielzahl von K\u00f6stlichkeiten zubereiten.<\/li>\n<li><strong>Wasserlandschaft<\/strong><br \/>\nF\u00fcllen Sie das Becken mit sauberem Wasser, um sofort einen modernen und schlichten Wassereffekt zu erzielen. Sie k\u00f6nnen ein paar Lotusblumen oder Wasserlinsen ins Wasser legen, um einen nat\u00fcrlichen und eleganten Charme zu erzielen.<\/li>\n<\/ul>\n<p><img fetchpriority=\"high\" decoding=\"async\" class=\"alignnone size-full wp-image-3446\" src=\"https:\/\/jblcorten.com\/wp-content\/uploads\/2025\/06\/wood-burning-fire-pit.jpg\" alt=\"holzbefeuerte Feuerstelle\" width=\"750\" height=\"250\" title=\"\" srcset=\"https:\/\/jblcorten.com\/wp-content\/uploads\/2025\/06\/wood-burning-fire-pit.jpg 750w, https:\/\/jblcorten.com\/wp-content\/uploads\/2025\/06\/wood-burning-fire-pit-300x100.jpg 300w, https:\/\/jblcorten.com\/wp-content\/uploads\/2025\/06\/wood-burning-fire-pit-18x6.jpg 18w, https:\/\/jblcorten.com\/wp-content\/uploads\/2025\/06\/wood-burning-fire-pit-600x200.jpg 600w\" sizes=\"(max-width: 750px) 100vw, 750px\" \/><\/p>\n<p><strong><span style=\"font-size: 14pt;\">Produkt-Verpackung:<\/span><\/strong><\/p>\n<p>Unsere Verpackungsmethoden umfassen Holzrahmen, Holzkisten und Eisenpellets usw.<\/p>\n<p><img decoding=\"async\" class=\"alignnone wp-image-2452\" src=\"https:\/\/jblcorten.com\/wp-content\/uploads\/2024\/08\/metal-fire-pit.jpg\" alt=\"\" width=\"750\" height=\"473\" title=\"\" srcset=\"https:\/\/jblcorten.com\/wp-content\/uploads\/2024\/08\/metal-fire-pit.jpg 711w, https:\/\/jblcorten.com\/wp-content\/uploads\/2024\/08\/metal-fire-pit-600x378.jpg 600w, https:\/\/jblcorten.com\/wp-content\/uploads\/2024\/08\/metal-fire-pit-300x189.jpg 300w, https:\/\/jblcorten.com\/wp-content\/uploads\/2024\/08\/metal-fire-pit-18x12.jpg 18w\" sizes=\"(max-width: 750px) 100vw, 750px\" \/><\/p>","protected":false},"excerpt":{"rendered":"<p>Der gro\u00dfe Brennraum bietet Platz f\u00fcr eine gro\u00dfe Menge Holz und die Brenndauer ist l\u00e4nger. Dar\u00fcber hinaus ist diese Holzfeuerstelle multifunktional und kann als Feuerstelle, Grill, Gartendekoration usw. verwendet werden.<\/p>","protected":false},"featured_media":3442,"template":"","meta":{"site-sidebar-layout":"default","site-content-layout":"","ast-site-content-layout":"default","site-content-style":"default","site-sidebar-style":"default","ast-global-header-display":"","ast-banner-title-visibility":"","ast-main-header-display":"","ast-hfb-above-header-display":"","ast-hfb-below-header-display":"","ast-hfb-mobile-header-display":"","site-post-title":"","ast-breadcrumbs-content":"","ast-featured-img":"","footer-sml-layout":"","ast-disable-related-posts":"","theme-transparent-header-meta":"default","adv-header-id-meta":"","stick-header-meta":"","header-above-stick-meta":"","header-main-stick-meta":"","header-below-stick-meta":"","astra-migrate-meta-layouts":"set","ast-page-background-enabled":"default","ast-page-background-meta":{"desktop":{"background-color":"var(--ast-global-color-4)","background-image":"","background-repeat":"repeat","background-position":"center center","background-size":"auto","background-attachment":"scroll","background-type":"","background-media":"","overlay-type":"","overlay-color":"","overlay-opacity":"","overlay-gradient":""},"tablet":{"background-color":"","background-image":"","background-repeat":"repeat","background-position":"center center","background-size":"auto","background-attachment":"scroll","background-type":"","background-media":"","overlay-type":"","overlay-color":"","overlay-opacity":"","overlay-gradient":""},"mobile":{"background-color":"","background-image":"","background-repeat":"repeat","background-position":"center center","background-size":"auto","background-attachment":"scroll","background-type":"","background-media":"","overlay-type":"","overlay-color":"","overlay-opacity":"","overlay-gradient":""}},"ast-content-background-meta":{"desktop":{"background-color":"var(--ast-global-color-5)","background-image":"","background-repeat":"repeat","background-position":"center center","background-size":"auto","background-attachment":"scroll","background-type":"","background-media":"","overlay-type":"","overlay-color":"","overlay-opacity":"","overlay-gradient":""},"tablet":{"background-color":"var(--ast-global-color-5)","background-image":"","background-repeat":"repeat","background-position":"center center","background-size":"auto","background-attachment":"scroll","background-type":"","background-media":"","overlay-type":"","overlay-color":"","overlay-opacity":"","overlay-gradient":""},"mobile":{"background-color":"var(--ast-global-color-5)","background-image":"","background-repeat":"repeat","background-position":"center center","background-size":"auto","background-attachment":"scroll","background-type":"","background-media":"","overlay-type":"","overlay-color":"","overlay-opacity":"","overlay-gradient":""}}},"product_brand":[],"product_cat":[45,29],"product_tag":[],"class_list":{"0":"post-3440","1":"product","2":"type-product","3":"status-publish","4":"has-post-thumbnail","6":"product_cat-wood-burning-fire-pit","7":"product_cat-fire-pit","8":"desktop-align-center","9":"tablet-align-left","10":"mobile-align-left","12":"first","13":"instock","14":"shipping-taxable","15":"product-type-simple"},"_links":{"self":[{"href":"https:\/\/jblcorten.com\/de\/wp-json\/wp\/v2\/product\/3440","targetHints":{"allow":["GET"]}}],"collection":[{"href":"https:\/\/jblcorten.com\/de\/wp-json\/wp\/v2\/product"}],"about":[{"href":"https:\/\/jblcorten.com\/de\/wp-json\/wp\/v2\/types\/product"}],"wp:featuredmedia":[{"embeddable":true,"href":"https:\/\/jblcorten.com\/de\/wp-json\/wp\/v2\/media\/3442"}],"wp:attachment":[{"href":"https:\/\/jblcorten.com\/de\/wp-json\/wp\/v2\/media?parent=3440"}],"wp:term":[{"taxonomy":"product_brand","embeddable":true,"href":"https:\/\/jblcorten.com\/de\/wp-json\/wp\/v2\/product_brand?post=3440"},{"taxonomy":"product_cat","embeddable":true,"href":"https:\/\/jblcorten.com\/de\/wp-json\/wp\/v2\/product_cat?post=3440"},{"taxonomy":"product_tag","embeddable":true,"href":"https:\/\/jblcorten.com\/de\/wp-json\/wp\/v2\/product_tag?post=3440"}],"curies":[{"name":"wp","href":"https:\/\/api.w.org\/{rel}","templated":true}]}}