{"id":3430,"date":"2025-06-20T16:22:59","date_gmt":"2025-06-20T08:22:59","guid":{"rendered":"https:\/\/jblcorten.com\/?post_type=product&#038;p=3430"},"modified":"2025-06-20T16:23:42","modified_gmt":"2025-06-20T08:23:42","slug":"feuerstelle-aus-cortenstahl","status":"publish","type":"product","link":"https:\/\/jblcorten.com\/de\/corten-steel-fire-pit\/","title":{"rendered":"Cortenstahl-Feuerstelle"},"content":{"rendered":"<h2><span style=\"font-size: 14pt;\">Cortenstahl-Feuerstelle<\/span><\/h2>\n<p>Die Cortenstahl-Feuerstelle ist nicht nur eine langlebige Feuerstelle f\u00fcr den Au\u00dfenbereich, sondern auch ein tragbarer Grill. Sie ist aus hochwertigem, wetterfestem Stahl gefertigt, und die Oberfl\u00e4che muss nicht gewartet werden. Je l\u00e4nger sie benutzt wird, oxidiert die Oberfl\u00e4che auf nat\u00fcrliche Weise und bildet eine einzigartige rostfarbene Schutzschicht, die dem Produkt nicht nur ein einzigartiges Aussehen verleiht, sondern auch seine Korrosionsbest\u00e4ndigkeit erheblich verbessert. Selbst wenn es das ganze Jahr \u00fcber der freien Natur ausgesetzt ist, ben\u00f6tigt es fast keine Wartung.<\/p>\n<p>Die Feuerstelle wird durch Laserschneiden geformt, und mehrere Stahlblechmodule werden pr\u00e4zise zusammengef\u00fcgt. Die Struktur ist stabil, schnell aufzubauen, leicht zu demontieren und einfach zu transportieren und zu lagern. Die Oberseite ist mit einem abnehmbaren Grill ausgestattet, der sich leicht in einen voll funktionsf\u00e4higen Barbecue-Grill verwandeln l\u00e4sst. An der Unterseite der Feuerstelle befinden sich L\u00fcftungsschlitze, die die Luftzirkulation effektiv f\u00f6rdern, die Verbrennung vollst\u00e4ndiger machen und die Flammen kr\u00e4ftiger werden lassen, wodurch Brennstoff gespart und die Effizienz verbessert wird.<\/p>\n<p><img fetchpriority=\"high\" decoding=\"async\" class=\"alignnone size-full wp-image-3435\" src=\"https:\/\/jblcorten.com\/wp-content\/uploads\/2025\/06\/fire-pit-bbq.jpg\" alt=\"Feuergrube-BBQ\" width=\"750\" height=\"375\" title=\"\" srcset=\"https:\/\/jblcorten.com\/wp-content\/uploads\/2025\/06\/fire-pit-bbq.jpg 750w, https:\/\/jblcorten.com\/wp-content\/uploads\/2025\/06\/fire-pit-bbq-300x150.jpg 300w, https:\/\/jblcorten.com\/wp-content\/uploads\/2025\/06\/fire-pit-bbq-18x9.jpg 18w, https:\/\/jblcorten.com\/wp-content\/uploads\/2025\/06\/fire-pit-bbq-600x300.jpg 600w\" sizes=\"(max-width: 750px) 100vw, 750px\" \/><\/p>\n<p><strong><span style=\"font-size: 14pt;\">Produktspezifikation:<\/span><\/strong><\/p>\n<table style=\"border-collapse: collapse; width: 100%;\">\n<tbody>\n<tr>\n<td style=\"width: 18.8108%; background-color: #f5f5f5;\">Produkttyp<\/td>\n<td style=\"width: 81.1892%;\">Feuerstelle<\/td>\n<\/tr>\n<tr>\n<td style=\"width: 18.8108%; background-color: #f5f5f5;\">Material<\/td>\n<td style=\"width: 81.1892%;\">Cortenstahl<\/td>\n<\/tr>\n<tr>\n<td style=\"width: 18.8108%; background-color: #f5f5f5;\">Gr\u00f6\u00dfe<\/td>\n<td style=\"width: 81.1892%;\">90*40*40cm<\/td>\n<\/tr>\n<tr>\n<td style=\"width: 18.8108%; background-color: #f5f5f5;\">Dicke<\/td>\n<td style=\"width: 81.1892%;\">3mm<\/td>\n<\/tr>\n<tr>\n<td style=\"width: 18.8108%; background-color: #f5f5f5;\">Oberfl\u00e4chenbehandlung<\/td>\n<td style=\"width: 81.1892%;\">Original oxidierte Rostoberfl\u00e4che, kein Anstrich erforderlich<\/td>\n<\/tr>\n<tr>\n<td style=\"width: 18.8108%; background-color: #f5f5f5;\">Zubeh\u00f6r<\/td>\n<td style=\"width: 81.1892%;\">Abnehmbarer Grill (rostfreier Stahl)<\/td>\n<\/tr>\n<\/tbody>\n<\/table>\n<p><strong><span style=\"font-size: 14pt;\">Einzelheiten zum Produkt:<\/span><\/strong><\/p>\n<p><img decoding=\"async\" class=\"alignnone wp-image-3438 size-full\" src=\"https:\/\/jblcorten.com\/wp-content\/uploads\/2025\/06\/Rusty-Steel-Fire-Pit.jpg\" alt=\"Rostige Stahl-Feuerstelle\" width=\"750\" height=\"730\" title=\"\" srcset=\"https:\/\/jblcorten.com\/wp-content\/uploads\/2025\/06\/Rusty-Steel-Fire-Pit.jpg 750w, https:\/\/jblcorten.com\/wp-content\/uploads\/2025\/06\/Rusty-Steel-Fire-Pit-300x292.jpg 300w, https:\/\/jblcorten.com\/wp-content\/uploads\/2025\/06\/Rusty-Steel-Fire-Pit-12x12.jpg 12w, https:\/\/jblcorten.com\/wp-content\/uploads\/2025\/06\/Rusty-Steel-Fire-Pit-600x584.jpg 600w\" sizes=\"(max-width: 750px) 100vw, 750px\" \/><\/p>\n<p><img decoding=\"async\" class=\"alignnone size-full wp-image-3432\" src=\"https:\/\/jblcorten.com\/wp-content\/uploads\/2025\/06\/Corten-Steel-Outdoor-Fireplace.jpg\" alt=\"Cortenstahl-Kamin f\u00fcr drau\u00dfen\" width=\"750\" height=\"750\" title=\"\" srcset=\"https:\/\/jblcorten.com\/wp-content\/uploads\/2025\/06\/Corten-Steel-Outdoor-Fireplace.jpg 750w, https:\/\/jblcorten.com\/wp-content\/uploads\/2025\/06\/Corten-Steel-Outdoor-Fireplace-300x300.jpg 300w, https:\/\/jblcorten.com\/wp-content\/uploads\/2025\/06\/Corten-Steel-Outdoor-Fireplace-150x150.jpg 150w, https:\/\/jblcorten.com\/wp-content\/uploads\/2025\/06\/Corten-Steel-Outdoor-Fireplace-12x12.jpg 12w, https:\/\/jblcorten.com\/wp-content\/uploads\/2025\/06\/Corten-Steel-Outdoor-Fireplace-600x600.jpg 600w, https:\/\/jblcorten.com\/wp-content\/uploads\/2025\/06\/Corten-Steel-Outdoor-Fireplace-100x100.jpg 100w\" sizes=\"(max-width: 750px) 100vw, 750px\" \/><\/p>","protected":false},"excerpt":{"rendered":"<p>Die Feuerstelle aus Cortenstahl ist stabil in der Struktur, leicht und tragbar. Sie ist mit einem Grill ausgestattet und kann sowohl zum Heizen der Feuerstelle als auch zum Grillen im Freien verwendet werden.<\/p>","protected":false},"featured_media":3431,"template":"","meta":{"site-sidebar-layout":"default","site-content-layout":"","ast-site-content-layout":"default","site-content-style":"default","site-sidebar-style":"default","ast-global-header-display":"","ast-banner-title-visibility":"","ast-main-header-display":"","ast-hfb-above-header-display":"","ast-hfb-below-header-display":"","ast-hfb-mobile-header-display":"","site-post-title":"","ast-breadcrumbs-content":"","ast-featured-img":"","footer-sml-layout":"","ast-disable-related-posts":"","theme-transparent-header-meta":"default","adv-header-id-meta":"","stick-header-meta":"","header-above-stick-meta":"","header-main-stick-meta":"","header-below-stick-meta":"","astra-migrate-meta-layouts":"set","ast-page-background-enabled":"default","ast-page-background-meta":{"desktop":{"background-color":"var(--ast-global-color-4)","background-image":"","background-repeat":"repeat","background-position":"center center","background-size":"auto","background-attachment":"scroll","background-type":"","background-media":"","overlay-type":"","overlay-color":"","overlay-opacity":"","overlay-gradient":""},"tablet":{"background-color":"","background-image":"","background-repeat":"repeat","background-position":"center center","background-size":"auto","background-attachment":"scroll","background-type":"","background-media":"","overlay-type":"","overlay-color":"","overlay-opacity":"","overlay-gradient":""},"mobile":{"background-color":"","background-image":"","background-repeat":"repeat","background-position":"center center","background-size":"auto","background-attachment":"scroll","background-type":"","background-media":"","overlay-type":"","overlay-color":"","overlay-opacity":"","overlay-gradient":""}},"ast-content-background-meta":{"desktop":{"background-color":"var(--ast-global-color-5)","background-image":"","background-repeat":"repeat","background-position":"center center","background-size":"auto","background-attachment":"scroll","background-type":"","background-media":"","overlay-type":"","overlay-color":"","overlay-opacity":"","overlay-gradient":""},"tablet":{"background-color":"var(--ast-global-color-5)","background-image":"","background-repeat":"repeat","background-position":"center center","background-size":"auto","background-attachment":"scroll","background-type":"","background-media":"","overlay-type":"","overlay-color":"","overlay-opacity":"","overlay-gradient":""},"mobile":{"background-color":"var(--ast-global-color-5)","background-image":"","background-repeat":"repeat","background-position":"center center","background-size":"auto","background-attachment":"scroll","background-type":"","background-media":"","overlay-type":"","overlay-color":"","overlay-opacity":"","overlay-gradient":""}}},"product_brand":[],"product_cat":[29,45],"product_tag":[77,76,75],"class_list":{"0":"post-3430","1":"product","2":"type-product","3":"status-publish","4":"has-post-thumbnail","6":"product_cat-fire-pit","7":"product_cat-wood-burning-fire-pit","8":"product_tag-bbq-fire-pit","9":"product_tag-corten-fire-pit","10":"product_tag-corten-steel-fire-pit","11":"desktop-align-center","12":"tablet-align-left","13":"mobile-align-left","15":"first","16":"instock","17":"shipping-taxable","18":"product-type-simple"},"_links":{"self":[{"href":"https:\/\/jblcorten.com\/de\/wp-json\/wp\/v2\/product\/3430","targetHints":{"allow":["GET"]}}],"collection":[{"href":"https:\/\/jblcorten.com\/de\/wp-json\/wp\/v2\/product"}],"about":[{"href":"https:\/\/jblcorten.com\/de\/wp-json\/wp\/v2\/types\/product"}],"wp:featuredmedia":[{"embeddable":true,"href":"https:\/\/jblcorten.com\/de\/wp-json\/wp\/v2\/media\/3431"}],"wp:attachment":[{"href":"https:\/\/jblcorten.com\/de\/wp-json\/wp\/v2\/media?parent=3430"}],"wp:term":[{"taxonomy":"product_brand","embeddable":true,"href":"https:\/\/jblcorten.com\/de\/wp-json\/wp\/v2\/product_brand?post=3430"},{"taxonomy":"product_cat","embeddable":true,"href":"https:\/\/jblcorten.com\/de\/wp-json\/wp\/v2\/product_cat?post=3430"},{"taxonomy":"product_tag","embeddable":true,"href":"https:\/\/jblcorten.com\/de\/wp-json\/wp\/v2\/product_tag?post=3430"}],"curies":[{"name":"wp","href":"https:\/\/api.w.org\/{rel}","templated":true}]}}