{"id":3380,"date":"2025-06-17T16:01:49","date_gmt":"2025-06-17T08:01:49","guid":{"rendered":"https:\/\/jblcorten.com\/?post_type=product&#038;p=3380"},"modified":"2025-06-17T16:04:07","modified_gmt":"2025-06-17T08:04:07","slug":"automatisch-rotierender-bbq-grill","status":"publish","type":"product","link":"https:\/\/jblcorten.com\/de\/automatic-rotating-bbq-grill\/","title":{"rendered":"Automatisch rotierender BBQ-Grill"},"content":{"rendered":"<h2 style=\"text-align: center;\"><span style=\"font-size: 14pt;\">Automatisch rotierender BBQ-Grill<\/span><\/h2>\n<p>Der automatische Drehgrill ist aus hochwertigem, wetterfestem Stahl gefertigt und hat ein industrielles Design, das sowohl praktisch als auch sch\u00f6n ist. Die Gesamtstruktur ist stabil, mit einem umgekehrten kegelf\u00f6rmigen Ofenk\u00f6rper an der Unterseite. Er ist nicht nur einzigartig in seiner Form, sondern auch f\u00f6rderlich f\u00fcr die Luftzirkulation und die Verbrennungseffizienz. Au\u00dferdem sorgt er f\u00fcr eine gute W\u00e4rmespeicherung, wodurch sichergestellt wird, dass das Holz vollst\u00e4ndig verbrannt wird und kontinuierlich stabile W\u00e4rme abgibt.<\/p>\n<p>Was die Grillfunktion betrifft, so ist dieser Grill mit einem runden Backblech aus Karbonstahl ausgestattet, das die W\u00e4rme schnell und gleichm\u00e4\u00dfig leitet und zum direkten Grillen aller Arten von Zutaten wie Fleisch, Meeresfr\u00fcchten, Gem\u00fcse usw. geeignet ist und den unverf\u00e4lschten Geschmack des urspr\u00fcnglichen Holzfeuergrillens vermittelt. Gleichzeitig ist er mit einem vollautomatischen Drehgrill auf der Oberseite ausgestattet, der sich f\u00fcr gro\u00dfe St\u00fccke wie Brath\u00e4hnchen, gebratene Ente und gebratene Lammkeulen eignet. Durch die automatische Drehfunktion wird das Grillgut gleichm\u00e4\u00dfig erhitzt, ohne dass es w\u00e4hrend des Grillvorgangs h\u00e4ufig gewendet werden muss, was die Effizienz und den Komfort des Grillens erheblich verbessert.<\/p>\n<p>Der Grill ist mit einem stabilen Boden ausgestattet, um die Stabilit\u00e4t und Sicherheit der gesamten Struktur zu erh\u00f6hen, und kann auch bei hohen Temperaturen \u00fcber einen langen Zeitraum stabil bleiben.<\/p>\n<p><strong><span style=\"font-size: 14pt;\">Produktspezifikation:<\/span><\/strong><\/p>\n<table style=\"border-collapse: collapse; width: 100%;\">\n<tbody>\n<tr>\n<td style=\"width: 24.1959%; background-color: #f5f5f5;\">Produktname<\/td>\n<td style=\"width: 75.8041%;\">Automatisch rotierender BBQ-Grill<\/td>\n<\/tr>\n<tr>\n<td style=\"width: 24.1959%; background-color: #f5f5f5;\">Material<\/td>\n<td style=\"width: 75.8041%;\">Cortenstahl<\/td>\n<\/tr>\n<tr>\n<td style=\"width: 24.1959%; background-color: #f5f5f5;\">Merkmal<\/td>\n<td style=\"width: 75.8041%;\">Multifunktional, automatisch<\/td>\n<\/tr>\n<tr>\n<td style=\"width: 24.1959%; background-color: #f5f5f5;\">Gr\u00f6\u00dfe<\/td>\n<td style=\"width: 75.8041%;\">Kundenspezifisch<\/td>\n<\/tr>\n<tr>\n<td style=\"width: 24.1959%; background-color: #f5f5f5;\">Anmeldung<\/td>\n<td style=\"width: 75.8041%;\">Barbecue im Freien<\/td>\n<\/tr>\n<\/tbody>\n<\/table>\n<p><strong><span style=\"font-size: 14pt;\">Wie benutzt man den BBQ-Grill?<\/span><\/strong><\/p>\n<ul>\n<li>Entfernen Sie den Staub auf dem Backblech.<\/li>\n<li>F\u00fcllen Sie das Holz in den Ofen, z\u00fcnden Sie es an und beginnen Sie mit dem Heizen.<\/li>\n<li>Nachdem die Temperatur angestiegen ist, k\u00f6nnen Sie auf dem Backblech aus Kohlenstoffstahl grillen.<\/li>\n<li>Wenn Sie einen vollautomatischen Grill verwenden, legen Sie ein ganzes H\u00e4hnchen oder andere gro\u00dfe St\u00fccke ein, starten Sie die automatische Drehvorrichtung und warten Sie auf ein gleichm\u00e4\u00dfiges Garen.<\/li>\n<li>Sie k\u00f6nnen sich hinsetzen und das Grillen genie\u00dfen, w\u00e4hrend Sie essen, was f\u00fcr mehrere Personen geeignet ist.<\/li>\n<\/ul>\n<p><strong><span style=\"font-size: 14pt;\">Wartung und Pflege:<\/span><\/strong><\/p>\n<ul>\n<li>Warten Sie nach dem Gebrauch, bis er abgek\u00fchlt ist, und wischen Sie das Backblech und die Au\u00dfenfl\u00e4che mit einem feuchten Tuch ab.<\/li>\n<li>Reinigen Sie regelm\u00e4\u00dfig die Asche und R\u00fcckst\u00e4nde im Inneren des Ofens, um eine effiziente Verbrennung zu gew\u00e4hrleisten.<\/li>\n<li>Bitte tragen Sie nach dem Gebrauch des Backblechs eine d\u00fcnne Schicht Speise\u00f6l auf, um Rost zu vermeiden und die Lebensdauer zu verl\u00e4ngern.<\/li>\n<li>Die Oberfl\u00e4che von wetterfestem Stahl muss nicht speziell behandelt werden, und die Rostfarbe bildet sich im Laufe der Zeit auf nat\u00fcrliche Weise und gleichm\u00e4\u00dfig.<\/li>\n<\/ul>\n<p><img fetchpriority=\"high\" decoding=\"async\" class=\"alignnone size-full wp-image-3386\" src=\"https:\/\/jblcorten.com\/wp-content\/uploads\/2025\/06\/corten-automatic-rotating-bbq-grill.jpg\" alt=\"Automatisch rotierender Grill aus Corten\" width=\"750\" height=\"562\" title=\"\" srcset=\"https:\/\/jblcorten.com\/wp-content\/uploads\/2025\/06\/corten-automatic-rotating-bbq-grill.jpg 750w, https:\/\/jblcorten.com\/wp-content\/uploads\/2025\/06\/corten-automatic-rotating-bbq-grill-600x450.jpg 600w, https:\/\/jblcorten.com\/wp-content\/uploads\/2025\/06\/corten-automatic-rotating-bbq-grill-300x225.jpg 300w, https:\/\/jblcorten.com\/wp-content\/uploads\/2025\/06\/corten-automatic-rotating-bbq-grill-16x12.jpg 16w\" sizes=\"(max-width: 750px) 100vw, 750px\" \/><\/p>\n<p><img decoding=\"async\" class=\"alignnone size-full wp-image-3383\" src=\"https:\/\/jblcorten.com\/wp-content\/uploads\/2025\/06\/automatic-rotating-grill.jpg\" alt=\"Automatischer Drehgrill\" width=\"750\" height=\"562\" title=\"\" srcset=\"https:\/\/jblcorten.com\/wp-content\/uploads\/2025\/06\/automatic-rotating-grill.jpg 750w, https:\/\/jblcorten.com\/wp-content\/uploads\/2025\/06\/automatic-rotating-grill-600x450.jpg 600w, https:\/\/jblcorten.com\/wp-content\/uploads\/2025\/06\/automatic-rotating-grill-300x225.jpg 300w, https:\/\/jblcorten.com\/wp-content\/uploads\/2025\/06\/automatic-rotating-grill-16x12.jpg 16w\" sizes=\"(max-width: 750px) 100vw, 750px\" \/><\/p>\n<p><img decoding=\"async\" class=\"alignnone size-full wp-image-3382\" src=\"https:\/\/jblcorten.com\/wp-content\/uploads\/2025\/06\/automatic-rotating-bbq-grill.jpg\" alt=\"Automatisch rotierender BBQ-Grill\" width=\"750\" height=\"562\" title=\"\" srcset=\"https:\/\/jblcorten.com\/wp-content\/uploads\/2025\/06\/automatic-rotating-bbq-grill.jpg 750w, https:\/\/jblcorten.com\/wp-content\/uploads\/2025\/06\/automatic-rotating-bbq-grill-600x450.jpg 600w, https:\/\/jblcorten.com\/wp-content\/uploads\/2025\/06\/automatic-rotating-bbq-grill-300x225.jpg 300w, https:\/\/jblcorten.com\/wp-content\/uploads\/2025\/06\/automatic-rotating-bbq-grill-16x12.jpg 16w\" sizes=\"(max-width: 750px) 100vw, 750px\" \/><\/p>","protected":false},"excerpt":{"rendered":"<p>Der automatische Drehgrill ist nicht nur voll funktionsf\u00e4hig und f\u00fcr eine Vielzahl von Grillmethoden geeignet, sondern ber\u00fccksichtigt auch Haltbarkeit und k\u00fcnstlerische Sch\u00f6nheit. Das nat\u00fcrlich rostige \u00c4u\u00dfere aus verwittertem Stahl wird mit der Zeit immer attraktiver und ist ein gro\u00dfartiges dekoratives Element f\u00fcr den Au\u00dfenbereich.<\/p>","protected":false},"featured_media":3384,"template":"","meta":{"site-sidebar-layout":"default","site-content-layout":"","ast-site-content-layout":"default","site-content-style":"default","site-sidebar-style":"default","ast-global-header-display":"","ast-banner-title-visibility":"","ast-main-header-display":"","ast-hfb-above-header-display":"","ast-hfb-below-header-display":"","ast-hfb-mobile-header-display":"","site-post-title":"","ast-breadcrumbs-content":"","ast-featured-img":"","footer-sml-layout":"","ast-disable-related-posts":"","theme-transparent-header-meta":"default","adv-header-id-meta":"","stick-header-meta":"","header-above-stick-meta":"","header-main-stick-meta":"","header-below-stick-meta":"","astra-migrate-meta-layouts":"set","ast-page-background-enabled":"default","ast-page-background-meta":{"desktop":{"background-color":"var(--ast-global-color-4)","background-image":"","background-repeat":"repeat","background-position":"center center","background-size":"auto","background-attachment":"scroll","background-type":"","background-media":"","overlay-type":"","overlay-color":"","overlay-opacity":"","overlay-gradient":""},"tablet":{"background-color":"","background-image":"","background-repeat":"repeat","background-position":"center center","background-size":"auto","background-attachment":"scroll","background-type":"","background-media":"","overlay-type":"","overlay-color":"","overlay-opacity":"","overlay-gradient":""},"mobile":{"background-color":"","background-image":"","background-repeat":"repeat","background-position":"center center","background-size":"auto","background-attachment":"scroll","background-type":"","background-media":"","overlay-type":"","overlay-color":"","overlay-opacity":"","overlay-gradient":""}},"ast-content-background-meta":{"desktop":{"background-color":"var(--ast-global-color-5)","background-image":"","background-repeat":"repeat","background-position":"center center","background-size":"auto","background-attachment":"scroll","background-type":"","background-media":"","overlay-type":"","overlay-color":"","overlay-opacity":"","overlay-gradient":""},"tablet":{"background-color":"var(--ast-global-color-5)","background-image":"","background-repeat":"repeat","background-position":"center center","background-size":"auto","background-attachment":"scroll","background-type":"","background-media":"","overlay-type":"","overlay-color":"","overlay-opacity":"","overlay-gradient":""},"mobile":{"background-color":"var(--ast-global-color-5)","background-image":"","background-repeat":"repeat","background-position":"center center","background-size":"auto","background-attachment":"scroll","background-type":"","background-media":"","overlay-type":"","overlay-color":"","overlay-opacity":"","overlay-gradient":""}}},"product_brand":[],"product_cat":[25],"product_tag":[],"class_list":{"0":"post-3380","1":"product","2":"type-product","3":"status-publish","4":"has-post-thumbnail","6":"product_cat-bbq-grill","7":"desktop-align-center","8":"tablet-align-left","9":"mobile-align-left","11":"first","12":"instock","13":"shipping-taxable","14":"product-type-simple"},"_links":{"self":[{"href":"https:\/\/jblcorten.com\/de\/wp-json\/wp\/v2\/product\/3380","targetHints":{"allow":["GET"]}}],"collection":[{"href":"https:\/\/jblcorten.com\/de\/wp-json\/wp\/v2\/product"}],"about":[{"href":"https:\/\/jblcorten.com\/de\/wp-json\/wp\/v2\/types\/product"}],"wp:featuredmedia":[{"embeddable":true,"href":"https:\/\/jblcorten.com\/de\/wp-json\/wp\/v2\/media\/3384"}],"wp:attachment":[{"href":"https:\/\/jblcorten.com\/de\/wp-json\/wp\/v2\/media?parent=3380"}],"wp:term":[{"taxonomy":"product_brand","embeddable":true,"href":"https:\/\/jblcorten.com\/de\/wp-json\/wp\/v2\/product_brand?post=3380"},{"taxonomy":"product_cat","embeddable":true,"href":"https:\/\/jblcorten.com\/de\/wp-json\/wp\/v2\/product_cat?post=3380"},{"taxonomy":"product_tag","embeddable":true,"href":"https:\/\/jblcorten.com\/de\/wp-json\/wp\/v2\/product_tag?post=3380"}],"curies":[{"name":"wp","href":"https:\/\/api.w.org\/{rel}","templated":true}]}}