{"id":3341,"date":"2025-06-13T11:16:03","date_gmt":"2025-06-13T03:16:03","guid":{"rendered":"https:\/\/jblcorten.com\/?post_type=product&#038;p=3341"},"modified":"2025-06-13T11:16:03","modified_gmt":"2025-06-13T03:16:03","slug":"cortengrill","status":"publish","type":"product","link":"https:\/\/jblcorten.com\/de\/corten-barbecue-grill\/","title":{"rendered":"Corten Barbecue Grill"},"content":{"rendered":"<h2 style=\"text-align: center;\"><span style=\"font-size: 14pt;\">Corten Barbecue Grill<\/span><\/h2>\n<p>Dieser Corten-Barbecue-Grill ist mit einer hochfesten Basis aus verwittertem Stahl und einer dicken Kochfl\u00e4che aus Kohlenstoffstahl ausgestattet, die das Grillen, Braten und Schmoren erm\u00f6glicht. Der Ofenk\u00f6rper hat eine konische Form, die stabil und sch\u00f6n ist, und die Oberfl\u00e4che hat eine rost\u00e4hnliche nat\u00fcrliche Oxidationsschutzschicht, ohne dass eine zus\u00e4tzliche Beschichtung erforderlich ist. Mit einem Hakensystem ausgestattet, k\u00f6nnen Sie Werkzeuge wie Grillgabeln, Pfannenwender, Pinsel und Gew\u00fcrzbecher aufh\u00e4ngen, was bequem und praktisch ist. Geeignet f\u00fcr Outdoor-Aktivit\u00e4ten wie Familienfeiern im Hof, Camping und Picknicks.<\/p>\n<p>Das 360\u00b0-Ringdesign verbessert nicht nur die Kocheffizienz, sondern erm\u00f6glicht es auch, dass Verwandte und Freunde um den Herd sitzen, sich beim Grillen unterhalten und die warme Zeit im Rauch genie\u00dfen.<\/p>\n<p><strong><span style=\"font-size: 14pt;\">Produktspezifikation:<\/span><\/strong><\/p>\n<table style=\"border-collapse: collapse; width: 100%;\">\n<tbody>\n<tr>\n<td style=\"width: 21.279%; background-color: #f5f5f5;\">Produkttyp<\/td>\n<td style=\"width: 78.721%;\">Cortenstahl BBQ-Grill<\/td>\n<\/tr>\n<tr>\n<td style=\"width: 21.279%; background-color: #f5f5f5;\">Material<\/td>\n<td style=\"width: 78.721%;\">Cortenstahl, Kohlenstoffstahl<\/td>\n<\/tr>\n<tr>\n<td style=\"width: 21.279%; background-color: #f5f5f5;\">Gr\u00f6\u00dfe<\/td>\n<td style=\"width: 78.721%;\">\u00a0T 100 cm \u00d7 H 90 cm oder kundenspezifisch<\/td>\n<\/tr>\n<tr>\n<td style=\"width: 21.279%; background-color: #f5f5f5;\">Dicke<\/td>\n<td style=\"width: 78.721%;\">3-20mm<\/td>\n<\/tr>\n<tr>\n<td style=\"width: 21.279%; background-color: #f5f5f5;\">Gewicht<\/td>\n<td style=\"width: 78.721%;\">115kg<\/td>\n<\/tr>\n<tr>\n<td style=\"width: 21.279%; background-color: #f5f5f5;\">Kraftstoff<\/td>\n<td style=\"width: 78.721%;\">Holz oder Holzkohle<\/td>\n<\/tr>\n<\/tbody>\n<\/table>\n<p><strong><span style=\"font-size: 14pt;\">Produktmerkmale:<\/span><\/strong><\/p>\n<ul style=\"list-style-type: disc;\">\n<li><strong>Multifunktionales Kochdesign:<\/strong> Der mittlere Ofen wird zum direkten Grillen \u00fcber Holzkohlefeuer verwendet, und die \u00e4u\u00dfere runde Heizplatte eignet sich zum Braten und Grillen von Speisen. Ein Ofen ist gleichbedeutend mit vielen.<\/li>\n<li><strong>Material wetterfester Stahl:<\/strong> Der nat\u00fcrliche Rost bildet eine Schutzschicht, die korrosionsbest\u00e4ndig, hochtemperaturbest\u00e4ndig, robust und langlebig ist.<\/li>\n<li><strong>360\u00b0 kreisf\u00f6rmiges Design:<\/strong> Das kreisf\u00f6rmige Design eignet sich f\u00fcr die gleichzeitige Nutzung durch mehrere Personen und f\u00f6rdert die Interaktivit\u00e4t und das Erlebnis im Freien.<\/li>\n<li><strong>Abnehmbare Struktur:<\/strong> Der Deckel ist abnehmbar, um die Reinigung, die Handhabung und den Austausch von Teilen zu erleichtern.<\/li>\n<li><strong>Praktisches Hakensystem:<\/strong> Bequemer Zugang zu den Grillwerkzeugen, effizienter Betrieb, ordentlich und aufger\u00e4umt.<\/li>\n<\/ul>\n<p><img fetchpriority=\"high\" decoding=\"async\" class=\"alignnone wp-image-3347 size-full\" src=\"https:\/\/jblcorten.com\/wp-content\/uploads\/2025\/06\/corten-barbecue-grill.jpg\" alt=\"Cortengrill\" width=\"750\" height=\"513\" title=\"\" srcset=\"https:\/\/jblcorten.com\/wp-content\/uploads\/2025\/06\/corten-barbecue-grill.jpg 750w, https:\/\/jblcorten.com\/wp-content\/uploads\/2025\/06\/corten-barbecue-grill-600x410.jpg 600w, https:\/\/jblcorten.com\/wp-content\/uploads\/2025\/06\/corten-barbecue-grill-300x205.jpg 300w, https:\/\/jblcorten.com\/wp-content\/uploads\/2025\/06\/corten-barbecue-grill-18x12.jpg 18w\" sizes=\"(max-width: 750px) 100vw, 750px\" \/><\/p>\n<p><strong><span style=\"font-size: 14pt;\">\u00dcber uns:<\/span><\/strong><\/p>\n<p>Wir sind ein professioneller Hersteller von Cortenstahlprodukten mit Sitz in Anyang, China. Seit der Gr\u00fcndung im Jahr 2008 haben wir uns auf das Design und die Produktion von Cortenstahl-Grills, Outdoor-\u00d6fen und Gartendekorationen aus Metall konzentriert. Wir verf\u00fcgen \u00fcber eine eigene Fabrik und ein technisches F&amp;E-Team, und unsere Produkte werden in viele L\u00e4nder und Regionen wie Europa, Amerika, Australien und den Nahen Osten exportiert.<\/p>\n<p><img decoding=\"async\" class=\"alignnone size-full wp-image-3349\" src=\"https:\/\/jblcorten.com\/wp-content\/uploads\/2025\/06\/corten-steel-bbq-grill-manufacturer.jpg\" alt=\"Hersteller von Cortenstahl-BBQ-Grills\" width=\"750\" height=\"375\" title=\"\" srcset=\"https:\/\/jblcorten.com\/wp-content\/uploads\/2025\/06\/corten-steel-bbq-grill-manufacturer.jpg 750w, https:\/\/jblcorten.com\/wp-content\/uploads\/2025\/06\/corten-steel-bbq-grill-manufacturer-600x300.jpg 600w, https:\/\/jblcorten.com\/wp-content\/uploads\/2025\/06\/corten-steel-bbq-grill-manufacturer-300x150.jpg 300w, https:\/\/jblcorten.com\/wp-content\/uploads\/2025\/06\/corten-steel-bbq-grill-manufacturer-18x9.jpg 18w\" sizes=\"(max-width: 750px) 100vw, 750px\" \/><\/p>\n<p><img decoding=\"async\" class=\"alignnone size-full wp-image-3348\" src=\"https:\/\/jblcorten.com\/wp-content\/uploads\/2025\/06\/bbq-grill-in-corten.jpg\" alt=\"bbq-grill in corten\" width=\"750\" height=\"500\" title=\"\" srcset=\"https:\/\/jblcorten.com\/wp-content\/uploads\/2025\/06\/bbq-grill-in-corten.jpg 750w, https:\/\/jblcorten.com\/wp-content\/uploads\/2025\/06\/bbq-grill-in-corten-600x400.jpg 600w, https:\/\/jblcorten.com\/wp-content\/uploads\/2025\/06\/bbq-grill-in-corten-300x200.jpg 300w, https:\/\/jblcorten.com\/wp-content\/uploads\/2025\/06\/bbq-grill-in-corten-18x12.jpg 18w\" sizes=\"(max-width: 750px) 100vw, 750px\" \/><\/p>\n<p><strong><span style=\"font-size: 14pt;\">FAQ:<\/span><\/strong><\/p>\n<p>Q1: Kann dieser Grill Holz verbrennen?<br \/>\nA1: Ja, Sie k\u00f6nnen Brennholz, Holzkohle, Obstholz usw. als Brennstoff verwenden. Es wird empfohlen, trockenes Holz f\u00fcr beste Ergebnisse zu verwenden.<\/p>\n<p>F2: Ist die Kochfl\u00e4che leicht zu rosten?<br \/>\nA2: Das Kochfeld ist aus Kohlenstoffstahl gefertigt. Nach normalem Gebrauch bildet sich ein \u00d6lfilm, um Rost zu verhindern. Wenn Sie eine st\u00e4rkere Rostbest\u00e4ndigkeit ben\u00f6tigen, k\u00f6nnen Sie sich f\u00fcr 304- oder 316-Edelstahlplatten entscheiden.<\/p>\n<p>Q3: Kann die Gr\u00f6\u00dfe oder das Logo angepasst werden?<br \/>\nA3: Auf jeden Fall. Wir unterst\u00fctzen Dienstleistungen zur Anpassung an das Unternehmen, einschlie\u00dflich Markenlogos, Gr\u00f6\u00dfen, Zubeh\u00f6r und Verpackungen.<\/p>\n<p>F4: K\u00f6nnen Sie Muster zur Verf\u00fcgung stellen?<br \/>\nA4: Muster k\u00f6nnen zur Verf\u00fcgung gestellt werden. Bitte kontaktieren Sie unseren Verkaufsberater f\u00fcr Details.<\/p>\n<p>&nbsp;<\/p>","protected":false},"excerpt":{"rendered":"<p>Dieser Corten-Grill verwendet hochfesten Wetterstahl f\u00fcr die Grundstruktur, und die Oberfl\u00e4che ist nat\u00fcrlich oxidiert, um ein warmes, rostrotes Aussehen zu erhalten. Die obere Kochplattform verwendet eine 10 mm dicke Heizfl\u00e4che aus Kohlenstoffstahl, die sich schnell aufheizt und die W\u00e4rme lange speichert. Mit dem zentralen Direktfeuergrill lassen sich eine Vielzahl von Kochmethoden realisieren.<\/p>","protected":false},"featured_media":3342,"template":"","meta":{"site-sidebar-layout":"default","site-content-layout":"","ast-site-content-layout":"default","site-content-style":"default","site-sidebar-style":"default","ast-global-header-display":"","ast-banner-title-visibility":"","ast-main-header-display":"","ast-hfb-above-header-display":"","ast-hfb-below-header-display":"","ast-hfb-mobile-header-display":"","site-post-title":"","ast-breadcrumbs-content":"","ast-featured-img":"","footer-sml-layout":"","ast-disable-related-posts":"","theme-transparent-header-meta":"default","adv-header-id-meta":"","stick-header-meta":"","header-above-stick-meta":"","header-main-stick-meta":"","header-below-stick-meta":"","astra-migrate-meta-layouts":"set","ast-page-background-enabled":"default","ast-page-background-meta":{"desktop":{"background-color":"var(--ast-global-color-4)","background-image":"","background-repeat":"repeat","background-position":"center center","background-size":"auto","background-attachment":"scroll","background-type":"","background-media":"","overlay-type":"","overlay-color":"","overlay-opacity":"","overlay-gradient":""},"tablet":{"background-color":"","background-image":"","background-repeat":"repeat","background-position":"center center","background-size":"auto","background-attachment":"scroll","background-type":"","background-media":"","overlay-type":"","overlay-color":"","overlay-opacity":"","overlay-gradient":""},"mobile":{"background-color":"","background-image":"","background-repeat":"repeat","background-position":"center center","background-size":"auto","background-attachment":"scroll","background-type":"","background-media":"","overlay-type":"","overlay-color":"","overlay-opacity":"","overlay-gradient":""}},"ast-content-background-meta":{"desktop":{"background-color":"var(--ast-global-color-5)","background-image":"","background-repeat":"repeat","background-position":"center center","background-size":"auto","background-attachment":"scroll","background-type":"","background-media":"","overlay-type":"","overlay-color":"","overlay-opacity":"","overlay-gradient":""},"tablet":{"background-color":"var(--ast-global-color-5)","background-image":"","background-repeat":"repeat","background-position":"center center","background-size":"auto","background-attachment":"scroll","background-type":"","background-media":"","overlay-type":"","overlay-color":"","overlay-opacity":"","overlay-gradient":""},"mobile":{"background-color":"var(--ast-global-color-5)","background-image":"","background-repeat":"repeat","background-position":"center center","background-size":"auto","background-attachment":"scroll","background-type":"","background-media":"","overlay-type":"","overlay-color":"","overlay-opacity":"","overlay-gradient":""}}},"product_brand":[],"product_cat":[25],"product_tag":[],"class_list":{"0":"post-3341","1":"product","2":"type-product","3":"status-publish","4":"has-post-thumbnail","6":"product_cat-bbq-grill","7":"desktop-align-center","8":"tablet-align-left","9":"mobile-align-left","11":"first","12":"instock","13":"shipping-taxable","14":"product-type-simple"},"_links":{"self":[{"href":"https:\/\/jblcorten.com\/de\/wp-json\/wp\/v2\/product\/3341","targetHints":{"allow":["GET"]}}],"collection":[{"href":"https:\/\/jblcorten.com\/de\/wp-json\/wp\/v2\/product"}],"about":[{"href":"https:\/\/jblcorten.com\/de\/wp-json\/wp\/v2\/types\/product"}],"wp:featuredmedia":[{"embeddable":true,"href":"https:\/\/jblcorten.com\/de\/wp-json\/wp\/v2\/media\/3342"}],"wp:attachment":[{"href":"https:\/\/jblcorten.com\/de\/wp-json\/wp\/v2\/media?parent=3341"}],"wp:term":[{"taxonomy":"product_brand","embeddable":true,"href":"https:\/\/jblcorten.com\/de\/wp-json\/wp\/v2\/product_brand?post=3341"},{"taxonomy":"product_cat","embeddable":true,"href":"https:\/\/jblcorten.com\/de\/wp-json\/wp\/v2\/product_cat?post=3341"},{"taxonomy":"product_tag","embeddable":true,"href":"https:\/\/jblcorten.com\/de\/wp-json\/wp\/v2\/product_tag?post=3341"}],"curies":[{"name":"wp","href":"https:\/\/api.w.org\/{rel}","templated":true}]}}