{"id":3301,"date":"2025-06-11T14:13:57","date_gmt":"2025-06-11T06:13:57","guid":{"rendered":"https:\/\/jblcorten.com\/?post_type=product&#038;p=3301"},"modified":"2025-06-11T14:16:06","modified_gmt":"2025-06-11T06:16:06","slug":"korten-bbq-grill","status":"publish","type":"product","link":"https:\/\/jblcorten.com\/de\/corten-bbq-grill\/","title":{"rendered":"Corten BBQ Grill"},"content":{"rendered":"<h2 style=\"text-align: center;\"><span style=\"font-size: 14pt;\">Corten BBQ Grill<\/span><\/h2>\n<p>Der Hauptteil des gesamten Cortengrills ist aus wetterfestem Stahl gefertigt. Der Backblech- und Grillteil dieses Grills ist aus hochwertigem Kohlenstoffstahl gefertigt. Kohlenstoffstahl wird aufgrund seiner hervorragenden W\u00e4rmeleitf\u00e4higkeit und hohen Temperaturbest\u00e4ndigkeit h\u00e4ufig f\u00fcr die Herstellung von Backblechen verwendet. Backbleche aus Karbonstahl k\u00f6nnen W\u00e4rme schnell aufnehmen und leiten und sorgen daf\u00fcr, dass die Oberfl\u00e4che des Backblechs gleichm\u00e4\u00dfig erhitzt wird, um ein teilweises Anbrennen oder Untergaren der Zutaten zu vermeiden. Gleichzeitig verf\u00fcgt Kohlenstoffstahl \u00fcber eine hohe strukturelle Stabilit\u00e4t und l\u00e4sst sich beim Grillen bei hohen Temperaturen nicht so leicht verformen, was zu einer gleichm\u00e4\u00dfigen Erw\u00e4rmung der Zutaten und einem stabilen Geschmack beitr\u00e4gt.<\/p>\n<p>Dar\u00fcber hinaus wird die Antihaftwirkung von Kohlenstoffstahl nach einer professionellen Beschichtung oder Topfbehandlung bis zu einem gewissen Grad verbessert. Bei richtiger Anwendung und Pflege (z. B. Einbrennen und Topfpflege vor dem ersten Gebrauch) kann die Haftung wirksam verringert und die Reinigung erleichtert werden.<\/p>\n<p><strong><span style=\"font-size: 14pt;\">Produktspezifikation:<\/span><\/strong><\/p>\n<table style=\"border-collapse: collapse; width: 100%;\">\n<tbody>\n<tr>\n<td style=\"width: 25.3179%;\">Produktname<\/td>\n<td style=\"width: 74.6821%;\">Corten BBQ Grill<\/td>\n<\/tr>\n<tr>\n<td style=\"width: 25.3179%;\">Material<\/td>\n<td style=\"width: 74.6821%;\">Cortenstahl, Kohlenstoffstahl<\/td>\n<\/tr>\n<tr>\n<td style=\"width: 25.3179%;\">Gr\u00f6\u00dfe (cm)<\/td>\n<td style=\"width: 74.6821%;\">100 (T) *70(H)<\/td>\n<\/tr>\n<tr>\n<td style=\"width: 25.3179%;\">Kochtopf<\/td>\n<td style=\"width: 74.6821%;\">10mm<\/td>\n<\/tr>\n<\/tbody>\n<\/table>\n<p><strong><span style=\"font-size: 14pt;\">Produktmerkmale:<\/span><\/strong><\/p>\n<p><span style=\"color: #32cd00;\">\u00a0 <strong>\u221a Robust und langlebig:<\/strong> <\/span>Der Ofenk\u00f6rper besteht aus hochfestem wetterfestem Stahl, der korrosionsbest\u00e4ndig und hochtemperaturbest\u00e4ndig ist und sich f\u00fcr verschiedene Au\u00dfenumgebungen eignet.<\/p>\n<p><strong><span style=\"color: #32cd00;\">\u00a0 \u221a Effizientes Kochen:<\/span> <\/strong>Ausgestattet mit Backblechen und -rosten aus Karbonstahl leitet er die W\u00e4rme schnell und gleichm\u00e4\u00dfig und kann problemlos leckere Gerichte backen.<\/p>\n<p><strong><span style=\"color: #32cd00;\">\u00a0 \u221a Verbrennungsmethode:<\/span> <\/strong>Durch die Verwendung von Brennholz oder Holzkohle als Brennstoff entsteht das urspr\u00fcngliche Aroma von Feuerwerksk\u00f6rpern und ein authentischer Grillgeschmack.<\/p>\n<p><strong><span style=\"color: #32cd00;\">\u00a0 \u221a Bequeme Montage:<\/span><\/strong> modularer Aufbau, schnelle Demontage und Montage, leicht zu tragen, zu transportieren und zu reinigen.<\/p>\n<p><img fetchpriority=\"high\" decoding=\"async\" class=\"alignnone size-full wp-image-3307\" src=\"https:\/\/jblcorten.com\/wp-content\/uploads\/2025\/06\/corten-bbq-grill-1.jpg\" alt=\"Korten-BBQ-Grill\" width=\"750\" height=\"500\" title=\"\" srcset=\"https:\/\/jblcorten.com\/wp-content\/uploads\/2025\/06\/corten-bbq-grill-1.jpg 750w, https:\/\/jblcorten.com\/wp-content\/uploads\/2025\/06\/corten-bbq-grill-1-600x400.jpg 600w, https:\/\/jblcorten.com\/wp-content\/uploads\/2025\/06\/corten-bbq-grill-1-300x200.jpg 300w, https:\/\/jblcorten.com\/wp-content\/uploads\/2025\/06\/corten-bbq-grill-1-18x12.jpg 18w\" sizes=\"(max-width: 750px) 100vw, 750px\" \/><\/p>\n<p><strong><span style=\"font-size: 14pt;\">Warum Cortenstahl?<\/span><\/strong><\/p>\n<p>Wetterfester Stahl, auch bekannt als atmosph\u00e4risch korrosionsbest\u00e4ndiger Stahl, verf\u00fcgt \u00fcber eine ausgezeichnete Antioxidations- und Korrosionsbest\u00e4ndigkeit. Im Vergleich zu herk\u00f6mmlichem Kohlenstoffstahl oder gew\u00f6hnlichem Edelstahl kann wetterfester Stahl lange Zeit im Freien ohne zus\u00e4tzliche Rostschutzbeschichtung verwendet werden und rostet oder verformt sich nicht so leicht aufgrund von Regen, Luftfeuchtigkeit oder Temperaturunterschieden.<\/p>\n<p><img decoding=\"async\" class=\"alignnone wp-image-2518\" src=\"https:\/\/jblcorten.com\/wp-content\/uploads\/2025\/03\/Corten-Steel-vs.-Regular-Steel.jpg\" alt=\"Cortenstahl vs. Normalstahl\" width=\"750\" height=\"413\" title=\"\" srcset=\"https:\/\/jblcorten.com\/wp-content\/uploads\/2025\/03\/Corten-Steel-vs.-Regular-Steel.jpg 699w, https:\/\/jblcorten.com\/wp-content\/uploads\/2025\/03\/Corten-Steel-vs.-Regular-Steel-600x330.jpg 600w, https:\/\/jblcorten.com\/wp-content\/uploads\/2025\/03\/Corten-Steel-vs.-Regular-Steel-300x165.jpg 300w, https:\/\/jblcorten.com\/wp-content\/uploads\/2025\/03\/Corten-Steel-vs.-Regular-Steel-18x10.jpg 18w\" sizes=\"(max-width: 750px) 100vw, 750px\" \/><\/p>\n<p>Au\u00dferdem bildet sich im Laufe der Zeit eine stabile Oxidationsschutzschicht, die so genannte \"rostrote Schutzschicht\", auf der Oberfl\u00e4che von verwittertem Stahl. Diese nat\u00fcrlich entstandene Schutzschicht erh\u00f6ht nicht nur die Korrosionsbest\u00e4ndigkeit des Materials, sondern verleiht dem Grillrost auch eine einzigartige industrielle Retro-\u00c4sthetik.<\/p>\n<p><img decoding=\"async\" class=\"alignnone wp-image-2519 size-full\" src=\"https:\/\/jblcorten.com\/wp-content\/uploads\/2025\/03\/corten-steel-material.jpg\" alt=\"\" width=\"750\" height=\"321\" title=\"\" srcset=\"https:\/\/jblcorten.com\/wp-content\/uploads\/2025\/03\/corten-steel-material.jpg 750w, https:\/\/jblcorten.com\/wp-content\/uploads\/2025\/03\/corten-steel-material-600x257.jpg 600w, https:\/\/jblcorten.com\/wp-content\/uploads\/2025\/03\/corten-steel-material-300x128.jpg 300w, https:\/\/jblcorten.com\/wp-content\/uploads\/2025\/03\/corten-steel-material-18x8.jpg 18w\" sizes=\"(max-width: 750px) 100vw, 750px\" \/><\/p>\n<p><strong><span style=\"font-size: 14pt;\">Einzelheiten zum Produkt:<\/span><\/strong><\/p>\n<p><img loading=\"lazy\" decoding=\"async\" class=\"alignnone size-full wp-image-3308\" src=\"https:\/\/jblcorten.com\/wp-content\/uploads\/2025\/06\/barbeque-corten.jpg\" alt=\"Grillkotelett\" width=\"750\" height=\"750\" title=\"\" srcset=\"https:\/\/jblcorten.com\/wp-content\/uploads\/2025\/06\/barbeque-corten.jpg 750w, https:\/\/jblcorten.com\/wp-content\/uploads\/2025\/06\/barbeque-corten-600x600.jpg 600w, https:\/\/jblcorten.com\/wp-content\/uploads\/2025\/06\/barbeque-corten-100x100.jpg 100w, https:\/\/jblcorten.com\/wp-content\/uploads\/2025\/06\/barbeque-corten-300x300.jpg 300w, https:\/\/jblcorten.com\/wp-content\/uploads\/2025\/06\/barbeque-corten-150x150.jpg 150w, https:\/\/jblcorten.com\/wp-content\/uploads\/2025\/06\/barbeque-corten-12x12.jpg 12w\" sizes=\"(max-width: 750px) 100vw, 750px\" \/><\/p>\n<p><img loading=\"lazy\" decoding=\"async\" class=\"alignnone size-full wp-image-3310\" src=\"https:\/\/jblcorten.com\/wp-content\/uploads\/2025\/06\/grill-corten.jpg\" alt=\"Grillkotelett\" width=\"750\" height=\"750\" title=\"\" srcset=\"https:\/\/jblcorten.com\/wp-content\/uploads\/2025\/06\/grill-corten.jpg 750w, https:\/\/jblcorten.com\/wp-content\/uploads\/2025\/06\/grill-corten-600x600.jpg 600w, https:\/\/jblcorten.com\/wp-content\/uploads\/2025\/06\/grill-corten-100x100.jpg 100w, https:\/\/jblcorten.com\/wp-content\/uploads\/2025\/06\/grill-corten-300x300.jpg 300w, https:\/\/jblcorten.com\/wp-content\/uploads\/2025\/06\/grill-corten-150x150.jpg 150w, https:\/\/jblcorten.com\/wp-content\/uploads\/2025\/06\/grill-corten-12x12.jpg 12w\" sizes=\"(max-width: 750px) 100vw, 750px\" \/><\/p>\n<p><img loading=\"lazy\" decoding=\"async\" class=\"alignnone size-full wp-image-3309\" src=\"https:\/\/jblcorten.com\/wp-content\/uploads\/2025\/06\/corten-bbq.jpg\" alt=\"Korten-BBQ\" width=\"750\" height=\"750\" title=\"\" srcset=\"https:\/\/jblcorten.com\/wp-content\/uploads\/2025\/06\/corten-bbq.jpg 750w, https:\/\/jblcorten.com\/wp-content\/uploads\/2025\/06\/corten-bbq-600x600.jpg 600w, https:\/\/jblcorten.com\/wp-content\/uploads\/2025\/06\/corten-bbq-100x100.jpg 100w, https:\/\/jblcorten.com\/wp-content\/uploads\/2025\/06\/corten-bbq-300x300.jpg 300w, https:\/\/jblcorten.com\/wp-content\/uploads\/2025\/06\/corten-bbq-150x150.jpg 150w, https:\/\/jblcorten.com\/wp-content\/uploads\/2025\/06\/corten-bbq-12x12.jpg 12w\" sizes=\"(max-width: 750px) 100vw, 750px\" \/><\/p>","protected":false},"excerpt":{"rendered":"<ul>\n<li>Dieser Corten-Grill ist aus wetterfestem Stahl gefertigt, mit einer soliden Struktur und starker Korrosionsbest\u00e4ndigkeit, geeignet f\u00fcr den Einsatz in verschiedenen Outdoor-Umgebungen.<\/li>\n<li>Die Grillpfanne und der Grillrost bestehen aus Kohlenstoffstahl mit hoher W\u00e4rmeleitf\u00e4higkeit, der sich gleichm\u00e4\u00dfig erhitzt und einen hervorragenden Backeffekt hat.<\/li>\n<li>Verwenden Sie Holz oder Holzkohle als Brennstoff, um den reinen Feuerwerksgeschmack zu erhalten.<\/li>\n<li>Er l\u00e4sst sich schnell montieren und demontieren und ist somit bequem zu transportieren und zu reinigen.<\/li>\n<\/ul>","protected":false},"featured_media":3306,"template":"","meta":{"site-sidebar-layout":"default","site-content-layout":"","ast-site-content-layout":"default","site-content-style":"default","site-sidebar-style":"default","ast-global-header-display":"","ast-banner-title-visibility":"","ast-main-header-display":"","ast-hfb-above-header-display":"","ast-hfb-below-header-display":"","ast-hfb-mobile-header-display":"","site-post-title":"","ast-breadcrumbs-content":"","ast-featured-img":"","footer-sml-layout":"","ast-disable-related-posts":"","theme-transparent-header-meta":"default","adv-header-id-meta":"","stick-header-meta":"","header-above-stick-meta":"","header-main-stick-meta":"","header-below-stick-meta":"","astra-migrate-meta-layouts":"set","ast-page-background-enabled":"default","ast-page-background-meta":{"desktop":{"background-color":"var(--ast-global-color-4)","background-image":"","background-repeat":"repeat","background-position":"center center","background-size":"auto","background-attachment":"scroll","background-type":"","background-media":"","overlay-type":"","overlay-color":"","overlay-opacity":"","overlay-gradient":""},"tablet":{"background-color":"","background-image":"","background-repeat":"repeat","background-position":"center center","background-size":"auto","background-attachment":"scroll","background-type":"","background-media":"","overlay-type":"","overlay-color":"","overlay-opacity":"","overlay-gradient":""},"mobile":{"background-color":"","background-image":"","background-repeat":"repeat","background-position":"center center","background-size":"auto","background-attachment":"scroll","background-type":"","background-media":"","overlay-type":"","overlay-color":"","overlay-opacity":"","overlay-gradient":""}},"ast-content-background-meta":{"desktop":{"background-color":"var(--ast-global-color-5)","background-image":"","background-repeat":"repeat","background-position":"center center","background-size":"auto","background-attachment":"scroll","background-type":"","background-media":"","overlay-type":"","overlay-color":"","overlay-opacity":"","overlay-gradient":""},"tablet":{"background-color":"var(--ast-global-color-5)","background-image":"","background-repeat":"repeat","background-position":"center center","background-size":"auto","background-attachment":"scroll","background-type":"","background-media":"","overlay-type":"","overlay-color":"","overlay-opacity":"","overlay-gradient":""},"mobile":{"background-color":"var(--ast-global-color-5)","background-image":"","background-repeat":"repeat","background-position":"center center","background-size":"auto","background-attachment":"scroll","background-type":"","background-media":"","overlay-type":"","overlay-color":"","overlay-opacity":"","overlay-gradient":""}}},"product_brand":[],"product_cat":[25],"product_tag":[],"class_list":{"0":"post-3301","1":"product","2":"type-product","3":"status-publish","4":"has-post-thumbnail","6":"product_cat-bbq-grill","7":"desktop-align-center","8":"tablet-align-left","9":"mobile-align-left","11":"first","12":"instock","13":"shipping-taxable","14":"product-type-simple"},"_links":{"self":[{"href":"https:\/\/jblcorten.com\/de\/wp-json\/wp\/v2\/product\/3301","targetHints":{"allow":["GET"]}}],"collection":[{"href":"https:\/\/jblcorten.com\/de\/wp-json\/wp\/v2\/product"}],"about":[{"href":"https:\/\/jblcorten.com\/de\/wp-json\/wp\/v2\/types\/product"}],"wp:featuredmedia":[{"embeddable":true,"href":"https:\/\/jblcorten.com\/de\/wp-json\/wp\/v2\/media\/3306"}],"wp:attachment":[{"href":"https:\/\/jblcorten.com\/de\/wp-json\/wp\/v2\/media?parent=3301"}],"wp:term":[{"taxonomy":"product_brand","embeddable":true,"href":"https:\/\/jblcorten.com\/de\/wp-json\/wp\/v2\/product_brand?post=3301"},{"taxonomy":"product_cat","embeddable":true,"href":"https:\/\/jblcorten.com\/de\/wp-json\/wp\/v2\/product_cat?post=3301"},{"taxonomy":"product_tag","embeddable":true,"href":"https:\/\/jblcorten.com\/de\/wp-json\/wp\/v2\/product_tag?post=3301"}],"curies":[{"name":"wp","href":"https:\/\/api.w.org\/{rel}","templated":true}]}}