{"id":3289,"date":"2025-06-10T17:25:22","date_gmt":"2025-06-10T09:25:22","guid":{"rendered":"https:\/\/jblcorten.com\/?post_type=product&#038;p=3289"},"modified":"2025-06-10T17:25:31","modified_gmt":"2025-06-10T09:25:31","slug":"metall-bbq-grill","status":"publish","type":"product","link":"https:\/\/jblcorten.com\/de\/metal-bbq-grill\/","title":{"rendered":"BBQ-Grill aus Metall"},"content":{"rendered":"<h2 style=\"text-align: center;\"><span style=\"font-size: 14pt;\">BBQ-Grill aus Metall<\/span><\/h2>\n<p>Dieser Metallgrill wurde in Anlehnung an das traditionelle Design mit einer neuen montierbaren feuerfesten Tischplatte ausgestattet. Die Tischplatte ist um die Grillpfanne herum angeordnet, was nicht nur die nutzbare Fl\u00e4che vergr\u00f6\u00dfert, sondern auch den Bedienungskomfort erheblich verbessert. Die Benutzer k\u00f6nnen Werkzeuge wie Gew\u00fcrzflaschen, Grillgabeln, Tabletts usw. auf der Tischplatte abstellen und m\u00fcssen sie nicht mehr hin und her tragen. Die Tischplatte kann auch als Sitzfl\u00e4che verwendet werden. Die Benutzer k\u00f6nnen w\u00e4hrend des Grillens mit Verwandten und Freunden zusammensitzen, grillen und essen, plaudern und genie\u00dfen, was die Interaktivit\u00e4t und das soziale Erlebnis erheblich steigert. Die Tischplatte ist aus feuerfestem und hochtemperaturbest\u00e4ndigem Material gefertigt, um eine sichere Verwendung zu gew\u00e4hrleisten. Sie verformt sich nicht und wird auch nicht besch\u00e4digt, wenn hei\u00dfe T\u00f6pfe und Platten auf ihr abgestellt werden.<\/p>\n<p><strong><span style=\"font-size: 14pt;\">Produktspezifikation:<\/span><\/strong><\/p>\n<table style=\"border-collapse: collapse; width: 100%;\">\n<tbody>\n<tr>\n<td style=\"width: 23.2984%; background-color: #f5f5f5;\">Produktname<\/td>\n<td style=\"width: 76.7016%;\">BBQ-Grill aus Metall<\/td>\n<\/tr>\n<tr>\n<td style=\"width: 23.2984%; background-color: #f5f5f5;\">Material<\/td>\n<td style=\"width: 76.7016%;\">Cortenstahl, Kohlenstoffstahl<\/td>\n<\/tr>\n<tr>\n<td style=\"width: 23.2984%; background-color: #f5f5f5;\">Kraftstoff<\/td>\n<td style=\"width: 76.7016%;\">Holz<\/td>\n<\/tr>\n<tr>\n<td style=\"width: 23.2984%; background-color: #f5f5f5;\">Gr\u00f6\u00dfe<\/td>\n<td style=\"width: 76.7016%;\">800mm, 1000mm, Standard oder kundenspezifisch<\/td>\n<\/tr>\n<\/tbody>\n<\/table>\n<p><strong><span style=\"font-size: 14pt;\">Einzelheiten zum Produkt:<\/span><\/strong><\/p>\n<p>Die Grillpfanne besteht aus dickem und haltbarem Karbonstahl mit hervorragender W\u00e4rmeleitf\u00e4higkeit, der die W\u00e4rme gleichm\u00e4\u00dfig leitet, so dass die Speisen gleichm\u00e4\u00dfig erhitzt werden und besser schmecken. In der Mitte der Grillpfanne befindet sich ein herausnehmbarer, runder Grill, der sich f\u00fcr das Grillen \u00fcber offenem Feuer eignet. Die gro\u00dfe Grillfl\u00e4che rundherum kann zum Grillen von Gem\u00fcse, Steaks, H\u00e4hnchenfl\u00fcgeln und anderen Zutaten verwendet werden, um den Bed\u00fcrfnissen verschiedener Grillstile gerecht zu werden.<\/p>\n<p><img fetchpriority=\"high\" decoding=\"async\" class=\"alignnone wp-image-3297\" src=\"https:\/\/jblcorten.com\/wp-content\/uploads\/2025\/06\/metal-bbq-grill-for-outdoor.jpg\" alt=\"Metallgrill f\u00fcr den Au\u00dfenbereich\" width=\"750\" height=\"375\" title=\"\" srcset=\"https:\/\/jblcorten.com\/wp-content\/uploads\/2025\/06\/metal-bbq-grill-for-outdoor.jpg 1000w, https:\/\/jblcorten.com\/wp-content\/uploads\/2025\/06\/metal-bbq-grill-for-outdoor-600x300.jpg 600w, https:\/\/jblcorten.com\/wp-content\/uploads\/2025\/06\/metal-bbq-grill-for-outdoor-300x150.jpg 300w, https:\/\/jblcorten.com\/wp-content\/uploads\/2025\/06\/metal-bbq-grill-for-outdoor-768x384.jpg 768w, https:\/\/jblcorten.com\/wp-content\/uploads\/2025\/06\/metal-bbq-grill-for-outdoor-18x9.jpg 18w\" sizes=\"(max-width: 750px) 100vw, 750px\" \/><\/p>\n<p>Darunter befindet sich ein Holzlager, in dem Brennholz und Holzbl\u00f6cke bequem gelagert werden k\u00f6nnen. Es kann auch als dekorativer Raum genutzt werden, wodurch der gesamte Grill kompletter und koordinierter aussieht. Der Holzlagerbereich hat ein offenes Design, das die Entnahme und Platzierung von Brennholz erleichtert und gleichzeitig die Luftzirkulation verbessert, was eine vollst\u00e4ndigere Verbrennung und st\u00e4rkere Feuerkraft gew\u00e4hrleistet.<\/p>\n<p><strong><span style=\"font-size: 14pt;\">Was ist Cortenstahl?<\/span><\/strong><\/p>\n<p>Cortenstahl (auch bekannt als wetterfester Stahl) ist ein Metallmaterial mit ausgezeichneter Korrosionsbest\u00e4ndigkeit. Wenn er der nat\u00fcrlichen Umgebung ausgesetzt wird, bildet er nach und nach eine stabile Rostschutzschicht, die Korrosion wirksam verhindern kann und eine extrem hohe visuelle Erkennbarkeit aufweist. Dieses Material ist nicht nur extrem widerstandsf\u00e4hig gegen hohe Temperaturen, Wind und Sonne, sondern ben\u00f6tigt auch keinen Farbschutz f\u00fcr den langfristigen Einsatz im Freien. Im Laufe der Zeit wird die Rostschicht an der Oberfl\u00e4che einen einzigartigen k\u00fcnstlerischen Sinn ergeben.<\/p>\n<p><img decoding=\"async\" class=\"alignnone wp-image-2519 size-full\" src=\"https:\/\/jblcorten.com\/wp-content\/uploads\/2025\/03\/corten-steel-material.jpg\" alt=\"\" width=\"750\" height=\"321\" title=\"\" srcset=\"https:\/\/jblcorten.com\/wp-content\/uploads\/2025\/03\/corten-steel-material.jpg 750w, https:\/\/jblcorten.com\/wp-content\/uploads\/2025\/03\/corten-steel-material-600x257.jpg 600w, https:\/\/jblcorten.com\/wp-content\/uploads\/2025\/03\/corten-steel-material-300x128.jpg 300w, https:\/\/jblcorten.com\/wp-content\/uploads\/2025\/03\/corten-steel-material-18x8.jpg 18w\" sizes=\"(max-width: 750px) 100vw, 750px\" \/><\/p>\n<p><strong><span style=\"font-size: 14pt;\">Produktbilder:<\/span><\/strong><\/p>\n<p><img decoding=\"async\" class=\"alignnone size-full wp-image-3298\" src=\"https:\/\/jblcorten.com\/wp-content\/uploads\/2025\/06\/barbecue-grill.jpg\" alt=\"Barbecue-Grill\" width=\"750\" height=\"562\" title=\"\" srcset=\"https:\/\/jblcorten.com\/wp-content\/uploads\/2025\/06\/barbecue-grill.jpg 750w, https:\/\/jblcorten.com\/wp-content\/uploads\/2025\/06\/barbecue-grill-600x450.jpg 600w, https:\/\/jblcorten.com\/wp-content\/uploads\/2025\/06\/barbecue-grill-300x225.jpg 300w, https:\/\/jblcorten.com\/wp-content\/uploads\/2025\/06\/barbecue-grill-16x12.jpg 16w\" sizes=\"(max-width: 750px) 100vw, 750px\" \/><\/p>\n<p><img loading=\"lazy\" decoding=\"async\" class=\"alignnone size-full wp-image-3300\" src=\"https:\/\/jblcorten.com\/wp-content\/uploads\/2025\/06\/Metal-bbq-grill-with-removable-table-board.jpg\" alt=\"Metallgrill mit abnehmbarer Tischplatte\" width=\"750\" height=\"562\" title=\"\" srcset=\"https:\/\/jblcorten.com\/wp-content\/uploads\/2025\/06\/Metal-bbq-grill-with-removable-table-board.jpg 750w, https:\/\/jblcorten.com\/wp-content\/uploads\/2025\/06\/Metal-bbq-grill-with-removable-table-board-600x450.jpg 600w, https:\/\/jblcorten.com\/wp-content\/uploads\/2025\/06\/Metal-bbq-grill-with-removable-table-board-300x225.jpg 300w, https:\/\/jblcorten.com\/wp-content\/uploads\/2025\/06\/Metal-bbq-grill-with-removable-table-board-16x12.jpg 16w\" sizes=\"(max-width: 750px) 100vw, 750px\" \/><\/p>\n<p><img loading=\"lazy\" decoding=\"async\" class=\"alignnone size-full wp-image-3299\" src=\"https:\/\/jblcorten.com\/wp-content\/uploads\/2025\/06\/camping-bbq.jpg\" alt=\"Camping-BBQ\" width=\"750\" height=\"421\" title=\"\" srcset=\"https:\/\/jblcorten.com\/wp-content\/uploads\/2025\/06\/camping-bbq.jpg 750w, https:\/\/jblcorten.com\/wp-content\/uploads\/2025\/06\/camping-bbq-600x337.jpg 600w, https:\/\/jblcorten.com\/wp-content\/uploads\/2025\/06\/camping-bbq-300x168.jpg 300w, https:\/\/jblcorten.com\/wp-content\/uploads\/2025\/06\/camping-bbq-18x10.jpg 18w\" sizes=\"(max-width: 750px) 100vw, 750px\" \/><\/p>\n<p><strong><span style=\"font-size: 14pt;\">FAQ:<\/span><\/strong><\/p>\n<p>1. k\u00f6nnen Ihre Grillger\u00e4te individuell angepasst werden?<br \/>\nNat\u00fcrlich verf\u00fcgen wir \u00fcber eine eigene Fabrik und k\u00f6nnen die Produkte den Kundenw\u00fcnschen entsprechend anpassen.<\/p>\n<p>2. kann die Tischplatte um diesen Grill abnehmbar sein?<br \/>\nJa, es ist auch sehr bequem zu installieren.<\/p>","protected":false},"excerpt":{"rendered":"<p>Dieser verbesserte Metallgrill ist aus wetterfestem Stahl gefertigt, der langlebig ist und mit einem Grillrost aus Kohlenstoffstahl gleichm\u00e4\u00dfig erhitzt wird. Darunter befindet sich ein Holzstauraum f\u00fcr die Lagerung von Brennholz.<\/p>\n<p>Dar\u00fcber hinaus kann ein feuerfester Tisch aufgestellt werden, um das Grillen und Essen im Sitzen zu genie\u00dfen. Dieser Grill ist vielseitig und besonders f\u00fcr Hofpartys geeignet.<\/p>","protected":false},"featured_media":3293,"template":"","meta":{"site-sidebar-layout":"default","site-content-layout":"","ast-site-content-layout":"default","site-content-style":"default","site-sidebar-style":"default","ast-global-header-display":"","ast-banner-title-visibility":"","ast-main-header-display":"","ast-hfb-above-header-display":"","ast-hfb-below-header-display":"","ast-hfb-mobile-header-display":"","site-post-title":"","ast-breadcrumbs-content":"","ast-featured-img":"","footer-sml-layout":"","ast-disable-related-posts":"","theme-transparent-header-meta":"default","adv-header-id-meta":"","stick-header-meta":"","header-above-stick-meta":"","header-main-stick-meta":"","header-below-stick-meta":"","astra-migrate-meta-layouts":"set","ast-page-background-enabled":"default","ast-page-background-meta":{"desktop":{"background-color":"var(--ast-global-color-4)","background-image":"","background-repeat":"repeat","background-position":"center center","background-size":"auto","background-attachment":"scroll","background-type":"","background-media":"","overlay-type":"","overlay-color":"","overlay-opacity":"","overlay-gradient":""},"tablet":{"background-color":"","background-image":"","background-repeat":"repeat","background-position":"center center","background-size":"auto","background-attachment":"scroll","background-type":"","background-media":"","overlay-type":"","overlay-color":"","overlay-opacity":"","overlay-gradient":""},"mobile":{"background-color":"","background-image":"","background-repeat":"repeat","background-position":"center center","background-size":"auto","background-attachment":"scroll","background-type":"","background-media":"","overlay-type":"","overlay-color":"","overlay-opacity":"","overlay-gradient":""}},"ast-content-background-meta":{"desktop":{"background-color":"var(--ast-global-color-5)","background-image":"","background-repeat":"repeat","background-position":"center center","background-size":"auto","background-attachment":"scroll","background-type":"","background-media":"","overlay-type":"","overlay-color":"","overlay-opacity":"","overlay-gradient":""},"tablet":{"background-color":"var(--ast-global-color-5)","background-image":"","background-repeat":"repeat","background-position":"center center","background-size":"auto","background-attachment":"scroll","background-type":"","background-media":"","overlay-type":"","overlay-color":"","overlay-opacity":"","overlay-gradient":""},"mobile":{"background-color":"var(--ast-global-color-5)","background-image":"","background-repeat":"repeat","background-position":"center center","background-size":"auto","background-attachment":"scroll","background-type":"","background-media":"","overlay-type":"","overlay-color":"","overlay-opacity":"","overlay-gradient":""}}},"product_brand":[],"product_cat":[25],"product_tag":[],"class_list":{"0":"post-3289","1":"product","2":"type-product","3":"status-publish","4":"has-post-thumbnail","6":"product_cat-bbq-grill","7":"desktop-align-center","8":"tablet-align-left","9":"mobile-align-left","11":"first","12":"instock","13":"shipping-taxable","14":"product-type-simple"},"_links":{"self":[{"href":"https:\/\/jblcorten.com\/de\/wp-json\/wp\/v2\/product\/3289","targetHints":{"allow":["GET"]}}],"collection":[{"href":"https:\/\/jblcorten.com\/de\/wp-json\/wp\/v2\/product"}],"about":[{"href":"https:\/\/jblcorten.com\/de\/wp-json\/wp\/v2\/types\/product"}],"wp:featuredmedia":[{"embeddable":true,"href":"https:\/\/jblcorten.com\/de\/wp-json\/wp\/v2\/media\/3293"}],"wp:attachment":[{"href":"https:\/\/jblcorten.com\/de\/wp-json\/wp\/v2\/media?parent=3289"}],"wp:term":[{"taxonomy":"product_brand","embeddable":true,"href":"https:\/\/jblcorten.com\/de\/wp-json\/wp\/v2\/product_brand?post=3289"},{"taxonomy":"product_cat","embeddable":true,"href":"https:\/\/jblcorten.com\/de\/wp-json\/wp\/v2\/product_cat?post=3289"},{"taxonomy":"product_tag","embeddable":true,"href":"https:\/\/jblcorten.com\/de\/wp-json\/wp\/v2\/product_tag?post=3289"}],"curies":[{"name":"wp","href":"https:\/\/api.w.org\/{rel}","templated":true}]}}