{"id":3157,"date":"2025-05-28T11:34:01","date_gmt":"2025-05-28T03:34:01","guid":{"rendered":"https:\/\/jblcorten.com\/?post_type=product&#038;p=3157"},"modified":"2025-05-28T11:44:34","modified_gmt":"2025-05-28T03:44:34","slug":"konische-runde-pflanzgefase","status":"publish","type":"product","link":"https:\/\/jblcorten.com\/de\/tapered-round-planter\/","title":{"rendered":"Konische runde Pflanzgef\u00e4\u00dfe"},"content":{"rendered":"<h2 style=\"text-align: center;\"><span style=\"font-size: 14pt;\">Konische runde Pflanzgef\u00e4\u00dfe<\/span><\/h2>\n<p>Das runde, konische Pflanzgef\u00e4\u00df ist ein hochwertiges dekoratives Produkt f\u00fcr den Au\u00dfenbereich, das Funktionalit\u00e4t und k\u00fcnstlerischen Sinn vereint. Sein Design ist von minimalistischer geometrischer \u00c4sthetik inspiriert. Es ist einem umgekehrten Kegel nachempfunden und weist eine einzigartige Kontur auf, die oben breit und unten schmal ist. Im Gegensatz zur traditionellen konischen Struktur verzichtet dieses Pflanzgef\u00e4\u00df geschickt auf die scharfen Winkel am Boden und nimmt ein flaches Design an, so dass es fest auf dem Boden platziert werden kann. Ob im Innenhof, auf dem Balkon oder im Au\u00dfenbereich, er kann einen stabilen und modernen visuellen Effekt zeigen. Die Gesamtlinien sind glatt und abgerundet, und die Kanten sind nicht eckig, was ihm ein weiches Aussehen verleiht.<\/p>\n<p>Das Material des konischen, runden Pflanzgef\u00e4\u00dfes ist hochwertiger, wetterfester Stahl, der eine ausgezeichnete Korrosionsbest\u00e4ndigkeit und extrem hohe Witterungsbest\u00e4ndigkeit aufweist. Die Oberfl\u00e4che des wetterfesten Stahls bildet in der nat\u00fcrlichen Umgebung allm\u00e4hlich eine dichte und stabile Rostschutzschicht, die dem Pflanzgef\u00e4\u00df nicht nur einen einzigartigen roten Rostton und eine Retro-Struktur verleiht, sondern auch effektiv der Erosion durch Regen, Wind und Sonne widersteht, seine Lebensdauer verl\u00e4ngert und keine zus\u00e4tzliche Lackierung oder Wartung erfordert. Er eignet sich hervorragend f\u00fcr den langfristigen Einsatz im Freien.<\/p>\n<p>Dar\u00fcber hinaus ist der Boden des Pflanzgef\u00e4\u00dfes mit einem speziellen Drainageloch ausgestattet, um eine reibungslose Entw\u00e4sserung zu gew\u00e4hrleisten, die F\u00e4ulnis der Pflanzenwurzeln aufgrund von Wasseransammlungen zu vermeiden und das Pflanzenwachstum und die Pflege zu erleichtern.<\/p>\n<p><strong><span style=\"font-size: 14pt;\">Produktspezifikation:<\/span><\/strong><\/p>\n<table style=\"border-collapse: collapse; width: 100%;\">\n<tbody>\n<tr>\n<td style=\"width: 21.7277%;\">Produktname<\/td>\n<td style=\"width: 78.2723%;\">Konische runde Pflanzgef\u00e4\u00dfe<\/td>\n<\/tr>\n<tr>\n<td style=\"width: 21.7277%;\">Hersteller<\/td>\n<td style=\"width: 78.2723%;\">HNJBL<\/td>\n<\/tr>\n<tr>\n<td style=\"width: 21.7277%;\">Material<\/td>\n<td style=\"width: 78.2723%;\">Cortenstahl\/Wetterfester Stahl<\/td>\n<\/tr>\n<tr>\n<td style=\"width: 21.7277%;\">Entw\u00e4sserungsbohrung<\/td>\n<td style=\"width: 78.2723%;\">Ja<\/td>\n<\/tr>\n<tr>\n<td style=\"width: 21.7277%;\">Gr\u00f6\u00dfe<\/td>\n<td style=\"width: 78.2723%;\">Kundenspezifisch<\/td>\n<\/tr>\n<\/tbody>\n<\/table>\n<p><strong><span style=\"font-size: 14pt;\">Produktmerkmale:<\/span><\/strong><\/p>\n<ul style=\"list-style-type: circle;\">\n<li>Dekorieren Sie Ihren Au\u00dfenbereich mit einem Paar konischer, runder Pflanzgef\u00e4\u00dfe auf beiden Seiten einer T\u00fcr;<\/li>\n<li>Langlebig, witterungsbest\u00e4ndig und mit Entw\u00e4sserungsl\u00f6chern versehen;<\/li>\n<li>Hergestellt aus hochwertigem wetterfestem Stahl;<\/li>\n<li>Auf der Oberfl\u00e4che bildet sich eine sch\u00fctzende, rostbest\u00e4ndige Schicht, die das Erscheinungsbild verbessert.<\/li>\n<\/ul>\n<p><strong><span style=\"font-size: 14pt;\">Einzelheiten zum Produkt:<\/span><\/strong><\/p>\n<p>Wir sind ein Hersteller von Pflanzgef\u00e4\u00dfen aus Cortenstahl. Wir k\u00f6nnen die Pflanzgef\u00e4\u00dfe k\u00fcnstlich rosten lassen, wodurch sie eine einheitlichere Farbe erhalten. Hier sind einige Bilder von der tats\u00e4chlichen Wirkung nach dem Rosten.<\/p>\n<p><img fetchpriority=\"high\" decoding=\"async\" class=\"alignnone size-full wp-image-3162\" src=\"https:\/\/jblcorten.com\/wp-content\/uploads\/2025\/05\/tapered-round-planter.jpg\" alt=\"konische runde Pflanzgef\u00e4\u00dfe\" width=\"750\" height=\"500\" title=\"\" srcset=\"https:\/\/jblcorten.com\/wp-content\/uploads\/2025\/05\/tapered-round-planter.jpg 750w, https:\/\/jblcorten.com\/wp-content\/uploads\/2025\/05\/tapered-round-planter-600x400.jpg 600w, https:\/\/jblcorten.com\/wp-content\/uploads\/2025\/05\/tapered-round-planter-300x200.jpg 300w, https:\/\/jblcorten.com\/wp-content\/uploads\/2025\/05\/tapered-round-planter-18x12.jpg 18w\" sizes=\"(max-width: 750px) 100vw, 750px\" \/><\/p>\n<p><img decoding=\"async\" class=\"alignnone size-full wp-image-3164\" src=\"https:\/\/jblcorten.com\/wp-content\/uploads\/2025\/05\/outdoor-tapered-planters.jpg\" alt=\"konische Pflanzgef\u00e4\u00dfe f\u00fcr den Au\u00dfenbereich\" width=\"750\" height=\"500\" title=\"\" srcset=\"https:\/\/jblcorten.com\/wp-content\/uploads\/2025\/05\/outdoor-tapered-planters.jpg 750w, https:\/\/jblcorten.com\/wp-content\/uploads\/2025\/05\/outdoor-tapered-planters-600x400.jpg 600w, https:\/\/jblcorten.com\/wp-content\/uploads\/2025\/05\/outdoor-tapered-planters-300x200.jpg 300w, https:\/\/jblcorten.com\/wp-content\/uploads\/2025\/05\/outdoor-tapered-planters-18x12.jpg 18w\" sizes=\"(max-width: 750px) 100vw, 750px\" \/><\/p>\n<p><strong><span style=\"font-size: 14pt;\">FAQ:<\/span><\/strong><\/p>\n<p>1. k\u00f6nnen Sie Sondergr\u00f6\u00dfen f\u00fcr meine speziellen Bed\u00fcrfnisse anbieten?<br \/>\nNat\u00fcrlich sind wir ein Hersteller und k\u00f6nnen Pflanzgef\u00e4\u00dfe nach Kundenw\u00fcnschen anfertigen.<\/p>\n<p>2. k\u00f6nnen Sie Muster in kleinen Mengen schicken?<br \/>\nNat\u00fcrlich k\u00f6nnen Sie uns bei Bedarf kontaktieren.<\/p>","protected":false},"excerpt":{"rendered":"<p>Wir sind ein Hersteller von konischen, runden Pflanzgef\u00e4\u00dfen aus Corten. Wir k\u00f6nnen die Pflanzgef\u00e4\u00dfe k\u00fcnstlich rosten, und das k\u00fcnstliche Rosten wird die Farbe einheitlicher machen.<\/p>","protected":false},"featured_media":3166,"template":"","meta":{"site-sidebar-layout":"default","site-content-layout":"","ast-site-content-layout":"default","site-content-style":"default","site-sidebar-style":"default","ast-global-header-display":"","ast-banner-title-visibility":"","ast-main-header-display":"","ast-hfb-above-header-display":"","ast-hfb-below-header-display":"","ast-hfb-mobile-header-display":"","site-post-title":"","ast-breadcrumbs-content":"","ast-featured-img":"","footer-sml-layout":"","ast-disable-related-posts":"","theme-transparent-header-meta":"default","adv-header-id-meta":"","stick-header-meta":"","header-above-stick-meta":"","header-main-stick-meta":"","header-below-stick-meta":"","astra-migrate-meta-layouts":"set","ast-page-background-enabled":"default","ast-page-background-meta":{"desktop":{"background-color":"var(--ast-global-color-4)","background-image":"","background-repeat":"repeat","background-position":"center center","background-size":"auto","background-attachment":"scroll","background-type":"","background-media":"","overlay-type":"","overlay-color":"","overlay-opacity":"","overlay-gradient":""},"tablet":{"background-color":"","background-image":"","background-repeat":"repeat","background-position":"center center","background-size":"auto","background-attachment":"scroll","background-type":"","background-media":"","overlay-type":"","overlay-color":"","overlay-opacity":"","overlay-gradient":""},"mobile":{"background-color":"","background-image":"","background-repeat":"repeat","background-position":"center center","background-size":"auto","background-attachment":"scroll","background-type":"","background-media":"","overlay-type":"","overlay-color":"","overlay-opacity":"","overlay-gradient":""}},"ast-content-background-meta":{"desktop":{"background-color":"var(--ast-global-color-5)","background-image":"","background-repeat":"repeat","background-position":"center center","background-size":"auto","background-attachment":"scroll","background-type":"","background-media":"","overlay-type":"","overlay-color":"","overlay-opacity":"","overlay-gradient":""},"tablet":{"background-color":"var(--ast-global-color-5)","background-image":"","background-repeat":"repeat","background-position":"center center","background-size":"auto","background-attachment":"scroll","background-type":"","background-media":"","overlay-type":"","overlay-color":"","overlay-opacity":"","overlay-gradient":""},"mobile":{"background-color":"var(--ast-global-color-5)","background-image":"","background-repeat":"repeat","background-position":"center center","background-size":"auto","background-attachment":"scroll","background-type":"","background-media":"","overlay-type":"","overlay-color":"","overlay-opacity":"","overlay-gradient":""}}},"product_brand":[],"product_cat":[34],"product_tag":[],"class_list":{"0":"post-3157","1":"product","2":"type-product","3":"status-publish","4":"has-post-thumbnail","6":"product_cat-planter-pots","7":"desktop-align-center","8":"tablet-align-left","9":"mobile-align-left","11":"first","12":"instock","13":"shipping-taxable","14":"product-type-simple"},"_links":{"self":[{"href":"https:\/\/jblcorten.com\/de\/wp-json\/wp\/v2\/product\/3157","targetHints":{"allow":["GET"]}}],"collection":[{"href":"https:\/\/jblcorten.com\/de\/wp-json\/wp\/v2\/product"}],"about":[{"href":"https:\/\/jblcorten.com\/de\/wp-json\/wp\/v2\/types\/product"}],"wp:featuredmedia":[{"embeddable":true,"href":"https:\/\/jblcorten.com\/de\/wp-json\/wp\/v2\/media\/3166"}],"wp:attachment":[{"href":"https:\/\/jblcorten.com\/de\/wp-json\/wp\/v2\/media?parent=3157"}],"wp:term":[{"taxonomy":"product_brand","embeddable":true,"href":"https:\/\/jblcorten.com\/de\/wp-json\/wp\/v2\/product_brand?post=3157"},{"taxonomy":"product_cat","embeddable":true,"href":"https:\/\/jblcorten.com\/de\/wp-json\/wp\/v2\/product_cat?post=3157"},{"taxonomy":"product_tag","embeddable":true,"href":"https:\/\/jblcorten.com\/de\/wp-json\/wp\/v2\/product_tag?post=3157"}],"curies":[{"name":"wp","href":"https:\/\/api.w.org\/{rel}","templated":true}]}}