{"id":3044,"date":"2025-05-13T14:17:35","date_gmt":"2025-05-13T06:17:35","guid":{"rendered":"https:\/\/jblcorten.com\/?post_type=product&#038;p=3044"},"modified":"2025-05-13T14:19:35","modified_gmt":"2025-05-13T06:19:35","slug":"hohe-pflanzgefase-aus-cortenstahl","status":"publish","type":"product","link":"https:\/\/jblcorten.com\/de\/tall-corten-steel-planter\/","title":{"rendered":"Hohe Pflanzgef\u00e4\u00dfe aus Cortenstahl"},"content":{"rendered":"<h2 style=\"text-align: center;\"><span style=\"font-size: 14pt;\">Hohe Pflanzgef\u00e4\u00dfe aus Cortenstahl<\/span><\/h2>\n<p>Herk\u00f6mmliche Blument\u00f6pfe sind meist rund oder kurz und dick, w\u00e4hrend dieser hohe Pflanzk\u00fcbel aus Cortenstahl ein quadratisches Design mit gleicher Breite an der oberen und unteren \u00d6ffnung hat, was optisch aufrechter und kr\u00e4ftiger wirkt. Die hohe Struktur erm\u00f6glicht es, mehr Erde aufzunehmen, was dem Wachstum von Pflanzen mit tiefem Wurzelsystem f\u00f6rderlich ist. Sie eignet sich besonders f\u00fcr die Anpflanzung von Gr\u00fcnpflanzen wie Bambus, Str\u00e4uchern, kleinen B\u00e4umen und Weinreben, die bestimmte Anforderungen an Platz und Bodentiefe haben. Gleichzeitig erleichtert diese Form das Anordnen und Kombinieren von Blument\u00f6pfen beim Auslegen, und sie k\u00f6nnen dicht aneinandergereiht werden, so dass ein symmetrischer oder gruppierter Landschaftseffekt entsteht, der sehr modern und geordnet wirkt.<\/p>\n<p><strong><span style=\"font-size: 14pt;\">Produktspezifikation:<\/span><\/strong><\/p>\n<table style=\"border-collapse: collapse; width: 100%; height: 265px;\">\n<tbody>\n<tr style=\"height: 53px;\">\n<td style=\"width: 22.0269%; background-color: #f5f5f5; height: 53px;\">Produktname<\/td>\n<td style=\"width: 77.9731%; background-color: #f5f5f5; height: 53px;\">Hohe Pflanzgef\u00e4\u00dfe aus Cortenstahl<\/td>\n<\/tr>\n<tr style=\"height: 53px;\">\n<td style=\"width: 22.0269%; height: 53px;\">Material<\/td>\n<td style=\"width: 77.9731%; height: 53px;\">Cortenstahl \/ Bewitterungsstahl<\/td>\n<\/tr>\n<tr style=\"height: 53px;\">\n<td style=\"width: 22.0269%; height: 53px; background-color: #f5f5f5;\">Gr\u00f6\u00dfe<\/td>\n<td style=\"width: 77.9731%; height: 53px; background-color: #f5f5f5;\">L 32\u00d7 B 32 \u00d7 H 75cm<\/td>\n<\/tr>\n<tr style=\"height: 53px;\">\n<td style=\"width: 22.0269%; height: 53px;\">Dicke<\/td>\n<td style=\"width: 77.9731%; height: 53px;\">3mm<\/td>\n<\/tr>\n<tr style=\"height: 53px;\">\n<td style=\"width: 22.0269%; height: 53px; background-color: #f5f5f5;\">Entw\u00e4sserungsbohrung<\/td>\n<td style=\"width: 77.9731%; height: 53px; background-color: #f5f5f5;\">Ja<\/td>\n<\/tr>\n<\/tbody>\n<\/table>\n<p><strong><span style=\"font-size: 14pt;\">Cortenstahl:<\/span><\/strong><\/p>\n<p>Das Material f\u00fcr dieses hohe Pflanzgef\u00e4\u00df ist wetterfester Stahl. Bei wetterfestem Stahl, der auch als \u201cCortenstahl\u201d oder \u201crostbest\u00e4ndiger Stahl\u201d bezeichnet wird, handelt es sich um einen niedrig legierten Stahl mit einem geringen Anteil an Legierungselementen wie Kupfer, Chrom und Nickel. In der nat\u00fcrlichen Umgebung bildet sich auf der Oberfl\u00e4che von wetterfestem Stahl eine stabile und dichte Oxidrostschicht. Diese Rostschicht verhindert nicht nur eine weitere Korrosion, sondern hat auch eine starke dekorative Wirkung, indem sie einen warmen rostroten Farbton mit einer einzigartigen und k\u00fcnstlerischen Textur aufweist. Im Vergleich zu normalem Stahl hat wetterfester Stahl eine l\u00e4ngere Lebensdauer und geringere Wartungskosten.<\/p>\n<p><img fetchpriority=\"high\" decoding=\"async\" class=\"alignnone size-full wp-image-2519\" src=\"https:\/\/jblcorten.com\/wp-content\/uploads\/2025\/03\/corten-steel-material.jpg\" alt=\"\" width=\"750\" height=\"321\" title=\"\" srcset=\"https:\/\/jblcorten.com\/wp-content\/uploads\/2025\/03\/corten-steel-material.jpg 750w, https:\/\/jblcorten.com\/wp-content\/uploads\/2025\/03\/corten-steel-material-600x257.jpg 600w, https:\/\/jblcorten.com\/wp-content\/uploads\/2025\/03\/corten-steel-material-300x128.jpg 300w, https:\/\/jblcorten.com\/wp-content\/uploads\/2025\/03\/corten-steel-material-18x8.jpg 18w\" sizes=\"(max-width: 750px) 100vw, 750px\" \/><\/p>\n<p><strong><span style=\"font-size: 14pt;\">Unser Service:<\/span><\/strong><\/p>\n<p>Dieses hohe Pflanzgef\u00e4\u00df aus Cortenstahl kann in Gr\u00f6\u00dfe und Oberfl\u00e4chenbehandlung individuell gestaltet werden. Ob es 1 Meter oder 1,5 Meter hoch ist, kann es flexibel nach Kundenwunsch bearbeitet werden, um sich an unterschiedliche Raumanforderungen anzupassen. Die Oberfl\u00e4che kann je nach Umgebungsatmosph\u00e4re nat\u00fcrlich gerostet oder vorgerostet werden, und es kann sogar eine Rostschutzfarbe oder eine transparente Schutzschicht aufgetragen werden, um den Rostprozess an der Oberfl\u00e4che zu verz\u00f6gern.<\/p>\n<p><img decoding=\"async\" class=\"alignnone wp-image-3051\" src=\"https:\/\/jblcorten.com\/wp-content\/uploads\/2025\/05\/tall-corten-steel-planter-1.jpg\" alt=\"Hohe Pflanzgef\u00e4\u00dfe aus Cortenstahl\" width=\"750\" height=\"563\" title=\"\" srcset=\"https:\/\/jblcorten.com\/wp-content\/uploads\/2025\/05\/tall-corten-steel-planter-1.jpg 1000w, https:\/\/jblcorten.com\/wp-content\/uploads\/2025\/05\/tall-corten-steel-planter-1-600x450.jpg 600w, https:\/\/jblcorten.com\/wp-content\/uploads\/2025\/05\/tall-corten-steel-planter-1-300x225.jpg 300w, https:\/\/jblcorten.com\/wp-content\/uploads\/2025\/05\/tall-corten-steel-planter-1-768x576.jpg 768w, https:\/\/jblcorten.com\/wp-content\/uploads\/2025\/05\/tall-corten-steel-planter-1-16x12.jpg 16w\" sizes=\"(max-width: 750px) 100vw, 750px\" \/><\/p>\n<p><img decoding=\"async\" class=\"alignnone size-full wp-image-3052\" src=\"https:\/\/jblcorten.com\/wp-content\/uploads\/2025\/05\/tall-flower-pots-outdoor.jpg\" alt=\"hohe Blument\u00f6pfe im Freien\" width=\"750\" height=\"562\" title=\"\" srcset=\"https:\/\/jblcorten.com\/wp-content\/uploads\/2025\/05\/tall-flower-pots-outdoor.jpg 750w, https:\/\/jblcorten.com\/wp-content\/uploads\/2025\/05\/tall-flower-pots-outdoor-600x450.jpg 600w, https:\/\/jblcorten.com\/wp-content\/uploads\/2025\/05\/tall-flower-pots-outdoor-300x225.jpg 300w, https:\/\/jblcorten.com\/wp-content\/uploads\/2025\/05\/tall-flower-pots-outdoor-16x12.jpg 16w\" sizes=\"(max-width: 750px) 100vw, 750px\" \/><\/p>\n<p><img loading=\"lazy\" decoding=\"async\" class=\"alignnone size-full wp-image-3053\" src=\"https:\/\/jblcorten.com\/wp-content\/uploads\/2025\/05\/tall-planter-box-outdoor.png\" alt=\"hoher Pflanzkasten f\u00fcr den Au\u00dfenbereich\" width=\"750\" height=\"501\" title=\"\" srcset=\"https:\/\/jblcorten.com\/wp-content\/uploads\/2025\/05\/tall-planter-box-outdoor.png 750w, https:\/\/jblcorten.com\/wp-content\/uploads\/2025\/05\/tall-planter-box-outdoor-600x401.png 600w, https:\/\/jblcorten.com\/wp-content\/uploads\/2025\/05\/tall-planter-box-outdoor-300x200.png 300w, https:\/\/jblcorten.com\/wp-content\/uploads\/2025\/05\/tall-planter-box-outdoor-18x12.png 18w\" sizes=\"(max-width: 750px) 100vw, 750px\" \/><\/p>","protected":false},"excerpt":{"rendered":"<p>Dieses hohe Pflanzgef\u00e4\u00df aus Cortenstahl kann in verschiedenen Gr\u00f6\u00dfen und Oberfl\u00e4chenbehandlungen hergestellt werden und l\u00e4sst sich flexibel nach Kundenwunsch bearbeiten, um sich an unterschiedliche Raumanforderungen anzupassen.<\/p>\n<p>Die Oberfl\u00e4che kann je nach Umgebung auch nat\u00fcrlich verrostet oder vorgerostet sein und sogar mit Rostschutzfarbe oder einer transparenten Schutzschicht bespr\u00fcht werden, um den Rostprozess an der Oberfl\u00e4che zu verz\u00f6gern.<\/p>","protected":false},"featured_media":3046,"template":"","meta":{"site-sidebar-layout":"default","site-content-layout":"","ast-site-content-layout":"default","site-content-style":"default","site-sidebar-style":"default","ast-global-header-display":"","ast-banner-title-visibility":"","ast-main-header-display":"","ast-hfb-above-header-display":"","ast-hfb-below-header-display":"","ast-hfb-mobile-header-display":"","site-post-title":"","ast-breadcrumbs-content":"","ast-featured-img":"","footer-sml-layout":"","ast-disable-related-posts":"","theme-transparent-header-meta":"default","adv-header-id-meta":"","stick-header-meta":"","header-above-stick-meta":"","header-main-stick-meta":"","header-below-stick-meta":"","astra-migrate-meta-layouts":"set","ast-page-background-enabled":"default","ast-page-background-meta":{"desktop":{"background-color":"var(--ast-global-color-4)","background-image":"","background-repeat":"repeat","background-position":"center center","background-size":"auto","background-attachment":"scroll","background-type":"","background-media":"","overlay-type":"","overlay-color":"","overlay-opacity":"","overlay-gradient":""},"tablet":{"background-color":"","background-image":"","background-repeat":"repeat","background-position":"center center","background-size":"auto","background-attachment":"scroll","background-type":"","background-media":"","overlay-type":"","overlay-color":"","overlay-opacity":"","overlay-gradient":""},"mobile":{"background-color":"","background-image":"","background-repeat":"repeat","background-position":"center center","background-size":"auto","background-attachment":"scroll","background-type":"","background-media":"","overlay-type":"","overlay-color":"","overlay-opacity":"","overlay-gradient":""}},"ast-content-background-meta":{"desktop":{"background-color":"var(--ast-global-color-5)","background-image":"","background-repeat":"repeat","background-position":"center center","background-size":"auto","background-attachment":"scroll","background-type":"","background-media":"","overlay-type":"","overlay-color":"","overlay-opacity":"","overlay-gradient":""},"tablet":{"background-color":"var(--ast-global-color-5)","background-image":"","background-repeat":"repeat","background-position":"center center","background-size":"auto","background-attachment":"scroll","background-type":"","background-media":"","overlay-type":"","overlay-color":"","overlay-opacity":"","overlay-gradient":""},"mobile":{"background-color":"var(--ast-global-color-5)","background-image":"","background-repeat":"repeat","background-position":"center center","background-size":"auto","background-attachment":"scroll","background-type":"","background-media":"","overlay-type":"","overlay-color":"","overlay-opacity":"","overlay-gradient":""}}},"product_brand":[],"product_cat":[34],"product_tag":[],"class_list":{"0":"post-3044","1":"product","2":"type-product","3":"status-publish","4":"has-post-thumbnail","6":"product_cat-planter-pots","7":"desktop-align-center","8":"tablet-align-left","9":"mobile-align-left","11":"first","12":"instock","13":"shipping-taxable","14":"product-type-simple"},"_links":{"self":[{"href":"https:\/\/jblcorten.com\/de\/wp-json\/wp\/v2\/product\/3044","targetHints":{"allow":["GET"]}}],"collection":[{"href":"https:\/\/jblcorten.com\/de\/wp-json\/wp\/v2\/product"}],"about":[{"href":"https:\/\/jblcorten.com\/de\/wp-json\/wp\/v2\/types\/product"}],"wp:featuredmedia":[{"embeddable":true,"href":"https:\/\/jblcorten.com\/de\/wp-json\/wp\/v2\/media\/3046"}],"wp:attachment":[{"href":"https:\/\/jblcorten.com\/de\/wp-json\/wp\/v2\/media?parent=3044"}],"wp:term":[{"taxonomy":"product_brand","embeddable":true,"href":"https:\/\/jblcorten.com\/de\/wp-json\/wp\/v2\/product_brand?post=3044"},{"taxonomy":"product_cat","embeddable":true,"href":"https:\/\/jblcorten.com\/de\/wp-json\/wp\/v2\/product_cat?post=3044"},{"taxonomy":"product_tag","embeddable":true,"href":"https:\/\/jblcorten.com\/de\/wp-json\/wp\/v2\/product_tag?post=3044"}],"curies":[{"name":"wp","href":"https:\/\/api.w.org\/{rel}","templated":true}]}}