{"id":3031,"date":"2025-05-12T15:21:52","date_gmt":"2025-05-12T07:21:52","guid":{"rendered":"https:\/\/jblcorten.com\/?post_type=product&#038;p=3031"},"modified":"2025-05-12T15:24:07","modified_gmt":"2025-05-12T07:24:07","slug":"konische-pflanzgefase-aus-cortenstahl","status":"publish","type":"product","link":"https:\/\/jblcorten.com\/de\/corten-steel-tapered-planter\/","title":{"rendered":"Konischer Pflanzk\u00fcbel aus Cortenstahl"},"content":{"rendered":"<h2 style=\"text-align: center;\"><span style=\"font-size: 14pt;\">Konischer Pflanzk\u00fcbel aus Cortenstahl<\/span><\/h2>\n<p>Der konische Pflanzk\u00fcbel aus Cortenstahl besteht aus dem Hauptmaterial Cortenstahl, das eine hohe Witterungsbest\u00e4ndigkeit und ein einzigartiges Aussehen aufweist. Die Gesamtform ist ein hoher Kegel mit einem schmalen Boden, der sich nach oben hin allm\u00e4hlich verbreitert. Es kombiniert die geometrische Struktur des \u00e4u\u00dferen Quadrats und des inneren Kegels und hat klare, kantige Linien am Rand, was ihm einen robusten, aufrechten und kraftvollen visuellen Effekt verleiht. Dieser konisch zulaufende Pflanzk\u00fcbel aus Cortenstahl kann in Gewerbegebieten, Villenh\u00f6fen, \u00f6ffentlichen Pl\u00e4tzen, Hoteleing\u00e4ngen oder Terrassen aufgestellt werden.<\/p>\n<p>Das h\u00f6here, sich verj\u00fcngende Pflanzgef\u00e4\u00df sorgt nicht nur f\u00fcr eine st\u00e4rkere visuelle Konzentration der Pflanzen in der Gesamtlandschaft, sondern bildet auch eine nat\u00fcrliche Unterteilung und F\u00fchrung im Raum. Es eignet sich f\u00fcr Funktionsbereiche wie Stra\u00dfenf\u00fchrung, beide Seiten von Sichtachsen und Eingangsbereiche in gro\u00dfen Freifl\u00e4chen. Die hohe Positionierung verhindert au\u00dferdem, dass die Vegetation durch nassen Boden oder Sch\u00e4dlinge gest\u00f6rt wird, und erleichtert die t\u00e4gliche Pflege.<\/p>\n<p><strong><span style=\"font-size: 14pt;\">Produktspezifikation:<\/span><\/strong><\/p>\n<table style=\"border-collapse: collapse; width: 100%;\">\n<tbody>\n<tr>\n<td style=\"width: 26.8886%; background-color: #f5f5f5;\">Produktname<\/td>\n<td style=\"width: 73.1114%; background-color: #f5f5f5;\">Konischer Pflanzk\u00fcbel aus Cortenstahl<\/td>\n<\/tr>\n<tr>\n<td style=\"width: 26.8886%;\">Material<\/td>\n<td style=\"width: 73.1114%;\">Cortenstahl\/Bewitterungsstahl<\/td>\n<\/tr>\n<tr>\n<td style=\"width: 26.8886%; background-color: #f5f5f5;\">Form<\/td>\n<td style=\"width: 73.1114%; background-color: #f5f5f5;\">Konisches Quadrat<\/td>\n<\/tr>\n<tr>\n<td style=\"width: 26.8886%;\">Abmessungen<\/td>\n<td style=\"width: 73.1114%;\">L 40\u00d7B 40\u00d7H 90cm<\/td>\n<\/tr>\n<tr>\n<td style=\"width: 26.8886%; background-color: #f5f5f5;\">Gewicht<\/td>\n<td style=\"width: 73.1114%; background-color: #f5f5f5;\">25kg<\/td>\n<\/tr>\n<\/tbody>\n<\/table>\n<p><strong><span style=\"font-size: 14pt;\">Produktmerkmale:<\/span><\/strong><\/p>\n<p>1. Langlebiges Material<br \/>\nWetterfester Stahl hat eine extrem hohe Korrosionsbest\u00e4ndigkeit und kann bei Wind und Regen auf nat\u00fcrliche Weise eine sch\u00fctzende Oxidschicht bilden. Er ist nicht nur stark und haltbar, sondern verf\u00fcgt auch \u00fcber nat\u00fcrliche Schutzfunktionen, ben\u00f6tigt keine zus\u00e4tzliche Beschichtung und hat geringe Wartungskosten.<\/p>\n<p>2. Einzigartiges Erscheinungsbild<br \/>\nDie Oberfl\u00e4che ver\u00e4ndert sich mit der Zeit und weist einen nat\u00fcrlichen rostroten Ton auf, mit einer ruhigen Textur und reichen Farbschichten.<\/p>\n<p>3. Verj\u00fcngtes Design<br \/>\nDie sich allm\u00e4hlich von unten nach oben erweiternde Form und der \u00e4u\u00dfere quadratische Umriss machen den Blumentopf als Ganzes einfach und kraftvoll, mit einem starken Sinn f\u00fcr architektonische \u00c4sthetik.<\/p>\n<p>4. Hohe Pflanzgef\u00e4\u00dfstruktur, hohe Raumausnutzung<br \/>\nDer H\u00f6henvorteil erm\u00f6glicht die Anpflanzung von Pflanzen mit tiefem Wurzelwerk und hohen K\u00f6rpern, was zum Aufbau von Landschaftsebenen beitr\u00e4gt, und ist au\u00dferdem f\u00f6rderlich f\u00fcr die Drainage und Entw\u00e4sserung, was die Qualit\u00e4t der Pflanzenwachstumsumgebung verbessert.<\/p>\n<p>5. Entw\u00e4sserungssystem<br \/>\nEntsprechend den Wachstumsbed\u00fcrfnissen der verschiedenen Pflanzen sind am Boden des Blumentopfes Drainagel\u00f6cher angebracht, um den Wasserabfluss zu erleichtern und Wasseransammlungen zu verhindern, was gleichzeitig die gesunde Entwicklung der Pflanzenwurzeln beg\u00fcnstigt.<\/p>\n<p><strong><span style=\"font-size: 14pt;\">Was ist Cortenstahl?<\/span><\/strong><\/p>\n<p>Cortenstahl (wetterfester Stahl), auch bekannt als atmosph\u00e4risch korrosionsbest\u00e4ndiger Stahl, ist ein spezieller Stahl, der seine antioxidative Kapazit\u00e4t durch Hinzuf\u00fcgen von Spurenlegierungselementen (wie Kupfer, Chrom und Nickel) erh\u00f6ht. Der gr\u00f6\u00dfte Vorteil dieses Materials ist, dass es unter nat\u00fcrlichen Klimabedingungen allm\u00e4hlich eine dichte rostrote Oxidschicht auf der Oberfl\u00e4che bilden kann. Diese Schicht verf\u00fcgt nicht nur \u00fcber eine ausgezeichnete Haftung und Stabilit\u00e4t, sondern kann auch die weitere Korrosion des inneren Metalls durch Luft und Feuchtigkeit verhindern.<\/p>\n<p><img fetchpriority=\"high\" decoding=\"async\" class=\"alignnone size-full wp-image-2519\" src=\"https:\/\/jblcorten.com\/wp-content\/uploads\/2025\/03\/corten-steel-material.jpg\" alt=\"\" width=\"750\" height=\"321\" title=\"\" srcset=\"https:\/\/jblcorten.com\/wp-content\/uploads\/2025\/03\/corten-steel-material.jpg 750w, https:\/\/jblcorten.com\/wp-content\/uploads\/2025\/03\/corten-steel-material-600x257.jpg 600w, https:\/\/jblcorten.com\/wp-content\/uploads\/2025\/03\/corten-steel-material-300x128.jpg 300w, https:\/\/jblcorten.com\/wp-content\/uploads\/2025\/03\/corten-steel-material-18x8.jpg 18w\" sizes=\"(max-width: 750px) 100vw, 750px\" \/><\/p>\n<p><strong><span style=\"font-size: 14pt;\">Produktbilder:<\/span><\/strong><\/p>\n<p><img decoding=\"async\" class=\"alignnone size-full wp-image-3037\" src=\"https:\/\/jblcorten.com\/wp-content\/uploads\/2025\/05\/tall-tapered-planter-pot-for-sale.jpg\" alt=\"hoher konischer Pflanzentopf zu verkaufen\" width=\"750\" height=\"641\" title=\"\" srcset=\"https:\/\/jblcorten.com\/wp-content\/uploads\/2025\/05\/tall-tapered-planter-pot-for-sale.jpg 750w, https:\/\/jblcorten.com\/wp-content\/uploads\/2025\/05\/tall-tapered-planter-pot-for-sale-600x513.jpg 600w, https:\/\/jblcorten.com\/wp-content\/uploads\/2025\/05\/tall-tapered-planter-pot-for-sale-300x256.jpg 300w, https:\/\/jblcorten.com\/wp-content\/uploads\/2025\/05\/tall-tapered-planter-pot-for-sale-14x12.jpg 14w\" sizes=\"(max-width: 750px) 100vw, 750px\" \/><\/p>\n<p><img decoding=\"async\" class=\"alignnone size-full wp-image-3036\" src=\"https:\/\/jblcorten.com\/wp-content\/uploads\/2025\/05\/Corten-Steel-Tapered-Planter-1.jpg\" alt=\"Konischer Pflanzk\u00fcbel aus Cortenstahl\" width=\"750\" height=\"750\" title=\"\" srcset=\"https:\/\/jblcorten.com\/wp-content\/uploads\/2025\/05\/Corten-Steel-Tapered-Planter-1.jpg 750w, https:\/\/jblcorten.com\/wp-content\/uploads\/2025\/05\/Corten-Steel-Tapered-Planter-1-600x600.jpg 600w, https:\/\/jblcorten.com\/wp-content\/uploads\/2025\/05\/Corten-Steel-Tapered-Planter-1-100x100.jpg 100w, https:\/\/jblcorten.com\/wp-content\/uploads\/2025\/05\/Corten-Steel-Tapered-Planter-1-300x300.jpg 300w, https:\/\/jblcorten.com\/wp-content\/uploads\/2025\/05\/Corten-Steel-Tapered-Planter-1-150x150.jpg 150w, https:\/\/jblcorten.com\/wp-content\/uploads\/2025\/05\/Corten-Steel-Tapered-Planter-1-12x12.jpg 12w\" sizes=\"(max-width: 750px) 100vw, 750px\" \/><\/p>\n<p><strong><span style=\"font-size: 14pt;\">FAQ:<\/span><\/strong><\/p>\n<p>1. Wie lange dauert es, bis Cortenstahl rostet?<br \/>\nIn der Regel dauert es 4-10 Monate, je nach Wetterbedingungen.<\/p>\n<p>2. Kann ich den Prozess des Rostens beschleunigen?<br \/>\nJa, die Verwendung einer L\u00f6sung aus Essig, Salz und Wasser kann das Rosten beschleunigen. (Wir sind ein Hersteller von Pflanzgef\u00e4\u00dfen aus Cortenstahl und k\u00f6nnen auch die Pflanzgef\u00e4\u00dfe rosten).<\/p>\n<p>3. Sind Pflanzgef\u00e4\u00dfe aus Cortenstahl sicher f\u00fcr Pflanzen?<br \/>\nWenn sich der Rost vollst\u00e4ndig gebildet hat, ist er nat\u00fcrlich ungiftig und sicher f\u00fcr Pflanzen. Anf\u00e4nglicher Rost kann Eisen in den Boden freisetzen, ist aber im Allgemeinen harmlos.<\/p>","protected":false},"excerpt":{"rendered":"<p>H\u00f6here konische Pflanzgef\u00e4\u00dfe aus Cortenstahl eignen sich f\u00fcr funktionale Bereiche wie Stra\u00dfenf\u00fchrungen, beidseitige Sichtkan\u00e4le und Eingangsschilder von gro\u00dfen Freifl\u00e4chen.<\/p>\n<p>Die hohe Positionierung verhindert au\u00dferdem, dass die Vegetation durch nassen Boden oder Sch\u00e4dlinge gest\u00f6rt wird, und erleichtert die t\u00e4gliche Pflege.<\/p>","protected":false},"featured_media":3032,"template":"","meta":{"site-sidebar-layout":"default","site-content-layout":"","ast-site-content-layout":"default","site-content-style":"default","site-sidebar-style":"default","ast-global-header-display":"","ast-banner-title-visibility":"","ast-main-header-display":"","ast-hfb-above-header-display":"","ast-hfb-below-header-display":"","ast-hfb-mobile-header-display":"","site-post-title":"","ast-breadcrumbs-content":"","ast-featured-img":"","footer-sml-layout":"","ast-disable-related-posts":"","theme-transparent-header-meta":"default","adv-header-id-meta":"","stick-header-meta":"","header-above-stick-meta":"","header-main-stick-meta":"","header-below-stick-meta":"","astra-migrate-meta-layouts":"set","ast-page-background-enabled":"default","ast-page-background-meta":{"desktop":{"background-color":"var(--ast-global-color-4)","background-image":"","background-repeat":"repeat","background-position":"center center","background-size":"auto","background-attachment":"scroll","background-type":"","background-media":"","overlay-type":"","overlay-color":"","overlay-opacity":"","overlay-gradient":""},"tablet":{"background-color":"","background-image":"","background-repeat":"repeat","background-position":"center center","background-size":"auto","background-attachment":"scroll","background-type":"","background-media":"","overlay-type":"","overlay-color":"","overlay-opacity":"","overlay-gradient":""},"mobile":{"background-color":"","background-image":"","background-repeat":"repeat","background-position":"center center","background-size":"auto","background-attachment":"scroll","background-type":"","background-media":"","overlay-type":"","overlay-color":"","overlay-opacity":"","overlay-gradient":""}},"ast-content-background-meta":{"desktop":{"background-color":"var(--ast-global-color-5)","background-image":"","background-repeat":"repeat","background-position":"center center","background-size":"auto","background-attachment":"scroll","background-type":"","background-media":"","overlay-type":"","overlay-color":"","overlay-opacity":"","overlay-gradient":""},"tablet":{"background-color":"var(--ast-global-color-5)","background-image":"","background-repeat":"repeat","background-position":"center center","background-size":"auto","background-attachment":"scroll","background-type":"","background-media":"","overlay-type":"","overlay-color":"","overlay-opacity":"","overlay-gradient":""},"mobile":{"background-color":"var(--ast-global-color-5)","background-image":"","background-repeat":"repeat","background-position":"center center","background-size":"auto","background-attachment":"scroll","background-type":"","background-media":"","overlay-type":"","overlay-color":"","overlay-opacity":"","overlay-gradient":""}}},"product_brand":[],"product_cat":[34],"product_tag":[],"class_list":{"0":"post-3031","1":"product","2":"type-product","3":"status-publish","4":"has-post-thumbnail","6":"product_cat-planter-pots","7":"desktop-align-center","8":"tablet-align-left","9":"mobile-align-left","11":"first","12":"instock","13":"shipping-taxable","14":"product-type-simple"},"_links":{"self":[{"href":"https:\/\/jblcorten.com\/de\/wp-json\/wp\/v2\/product\/3031","targetHints":{"allow":["GET"]}}],"collection":[{"href":"https:\/\/jblcorten.com\/de\/wp-json\/wp\/v2\/product"}],"about":[{"href":"https:\/\/jblcorten.com\/de\/wp-json\/wp\/v2\/types\/product"}],"wp:featuredmedia":[{"embeddable":true,"href":"https:\/\/jblcorten.com\/de\/wp-json\/wp\/v2\/media\/3032"}],"wp:attachment":[{"href":"https:\/\/jblcorten.com\/de\/wp-json\/wp\/v2\/media?parent=3031"}],"wp:term":[{"taxonomy":"product_brand","embeddable":true,"href":"https:\/\/jblcorten.com\/de\/wp-json\/wp\/v2\/product_brand?post=3031"},{"taxonomy":"product_cat","embeddable":true,"href":"https:\/\/jblcorten.com\/de\/wp-json\/wp\/v2\/product_cat?post=3031"},{"taxonomy":"product_tag","embeddable":true,"href":"https:\/\/jblcorten.com\/de\/wp-json\/wp\/v2\/product_tag?post=3031"}],"curies":[{"name":"wp","href":"https:\/\/api.w.org\/{rel}","templated":true}]}}