{"id":2959,"date":"2025-05-07T14:44:54","date_gmt":"2025-05-07T06:44:54","guid":{"rendered":"https:\/\/jblcorten.com\/?post_type=product&#038;p=2959"},"modified":"2025-05-07T14:58:12","modified_gmt":"2025-05-07T06:58:12","slug":"tragbare-holzbefeuerte-feuerstelle","status":"publish","type":"product","link":"https:\/\/jblcorten.com\/de\/portable-wood-burning-fire-pit\/","title":{"rendered":"Tragbare holzbefeuerte Feuerstelle"},"content":{"rendered":"<h2 style=\"text-align: center;\"><span style=\"font-size: 14pt;\">Tragbare holzbefeuerte Feuerstelle<\/span><\/h2>\n<p>Das Design dieser tragbaren Holzfeuerstelle ist sehr modern im industriellen Stil, mit einem Hauch von Retro-Atmosph\u00e4re. Seine Struktur ist einfach und stabil. Das Gesamterscheinungsbild ist: Es gibt eine runde Feuerstelle auf der Oberseite und eine halbkreisf\u00f6rmige Basis auf der Unterseite. Die beiden sind stabil miteinander verbunden und bieten guten Halt und Sicherheit bei der Benutzung. Diese symmetrische und glatte Form verbessert nicht nur die Gesamtstruktur des Erscheinungsbildes, sondern macht die Feuerstelle auch visuell harmonischer.<\/p>\n<p>Das Material der Feuerstelle besteht aus hochwertigem Metall, das sehr temperatur- und witterungsbest\u00e4ndig ist und wiederholtem Abbrennen sowie Wind und Sonne im Freien standh\u00e4lt. Die Oberfl\u00e4che ist mit einer speziellen Beschichtung behandelt, die eine zur\u00fcckhaltende, ruhige Retro-Farbe mit einer leichten alten Textur in der Farbe zeigt, als ob sie im Laufe der Jahre ausgef\u00e4llt wurde, und sie ist sehr k\u00fcnstlerisch. Diese Retro-Farbe wertet nicht nur die Gesamtqualit\u00e4t des Produkts auf, sondern bildet auch einen sanften Kontrast zur nat\u00fcrlichen Umgebung im Freien.<\/p>\n<p><img fetchpriority=\"high\" decoding=\"async\" class=\"alignnone size-full wp-image-2966\" src=\"https:\/\/jblcorten.com\/wp-content\/uploads\/2025\/05\/fire-pit.jpg\" alt=\"Feuerstelle zu verkaufen\" width=\"750\" height=\"600\" title=\"\" srcset=\"https:\/\/jblcorten.com\/wp-content\/uploads\/2025\/05\/fire-pit.jpg 750w, https:\/\/jblcorten.com\/wp-content\/uploads\/2025\/05\/fire-pit-600x480.jpg 600w, https:\/\/jblcorten.com\/wp-content\/uploads\/2025\/05\/fire-pit-300x240.jpg 300w, https:\/\/jblcorten.com\/wp-content\/uploads\/2025\/05\/fire-pit-15x12.jpg 15w\" sizes=\"(max-width: 750px) 100vw, 750px\" \/><\/p>\n<p><strong><span style=\"font-size: 14pt;\">Produktspezifikation:<\/span><\/strong><\/p>\n<table style=\"border-collapse: collapse; width: 100%; height: 371px;\">\n<tbody>\n<tr style=\"height: 53px;\">\n<td style=\"width: 25.8414%; height: 53px; background-color: #f5f5f5;\">Produktname<\/td>\n<td style=\"width: 74.1586%; height: 53px; background-color: #f5f5f5;\">Tragbare holzbefeuerte Feuerstelle<\/td>\n<\/tr>\n<tr style=\"height: 53px;\">\n<td style=\"width: 25.8414%; height: 53px;\">Material<\/td>\n<td style=\"width: 74.1586%; height: 53px;\">Stahl<\/td>\n<\/tr>\n<tr style=\"height: 53px;\">\n<td style=\"width: 25.8414%; height: 53px; background-color: #f5f5f5;\">Oberfl\u00e4che<\/td>\n<td style=\"width: 74.1586%; height: 53px; background-color: #f5f5f5;\">Kupfer-Finish<\/td>\n<\/tr>\n<tr style=\"height: 53px;\">\n<td style=\"width: 25.8414%; height: 53px;\">Farbe<\/td>\n<td style=\"width: 74.1586%; height: 53px;\">Braun<\/td>\n<\/tr>\n<tr style=\"height: 53px;\">\n<td style=\"width: 25.8414%; height: 53px; background-color: #f5f5f5;\">Kraftstoff<\/td>\n<td style=\"width: 74.1586%; height: 53px; background-color: #f5f5f5;\">Holz<\/td>\n<\/tr>\n<tr style=\"height: 53px;\">\n<td style=\"width: 25.8414%; height: 53px;\">Form<\/td>\n<td style=\"width: 74.1586%; height: 53px;\">Rund<\/td>\n<\/tr>\n<tr style=\"height: 53px;\">\n<td style=\"width: 25.8414%; height: 53px; background-color: #f5f5f5;\">Montage<\/td>\n<td style=\"width: 74.1586%; height: 53px; background-color: #f5f5f5;\">Montage erforderlich<\/td>\n<\/tr>\n<\/tbody>\n<\/table>\n<p><strong><span style=\"font-size: 14pt;\">Produktmerkmale:<\/span><\/strong><\/p>\n<p><span style=\"font-size: 18pt;\">-<\/span> Robustes Material:<br \/>\nHergestellt aus hochfestem Stahl, hochtemperatur- und korrosionsbest\u00e4ndig.<\/p>\n<p><span style=\"font-size: 18pt;\">-<\/span> Halbkreisf\u00f6rmiges Aussehen der Feuerstelle:<br \/>\nDie einfache und elegante halbrunde Form des Feuerbeckens hat eine stabile Struktur und ein gro\u00dfes Fassungsverm\u00f6gen, das mehr Brennholz aufnehmen und die Brenndauer verl\u00e4ngern kann.<\/p>\n<p><span style=\"font-size: 18pt;\">-<\/span> Doppelseitige Ringgriffe:<br \/>\nDie Feuerstelle ist an beiden Seiten mit Metallgriffen ausgestattet, die das Tragen in der Hand und das Einstellen der Position im gek\u00fchlten Zustand erleichtern und sich f\u00fcr den Transport und die Lagerung bei Aktivit\u00e4ten im Freien eignen.<\/p>\n<p><span style=\"font-size: 18pt;\">-<\/span> Schwarzer Netzbezug:<br \/>\nDie schwarze, transparente Netzabdeckung verhindert nicht nur das Verspritzen von Funken, sondern erleichtert auch die Beobachtung der Flammendynamik und verbessert die Sicherheit bei der Verwendung.<\/p>\n<p><img decoding=\"async\" class=\"alignnone size-full wp-image-2967\" src=\"https:\/\/jblcorten.com\/wp-content\/uploads\/2025\/05\/outdoor-wood-burning-fire-pit.jpg\" alt=\"Holzfeuergrube f\u00fcr den Au\u00dfenbereich\" width=\"750\" height=\"500\" title=\"\" srcset=\"https:\/\/jblcorten.com\/wp-content\/uploads\/2025\/05\/outdoor-wood-burning-fire-pit.jpg 750w, https:\/\/jblcorten.com\/wp-content\/uploads\/2025\/05\/outdoor-wood-burning-fire-pit-600x400.jpg 600w, https:\/\/jblcorten.com\/wp-content\/uploads\/2025\/05\/outdoor-wood-burning-fire-pit-300x200.jpg 300w, https:\/\/jblcorten.com\/wp-content\/uploads\/2025\/05\/outdoor-wood-burning-fire-pit-18x12.jpg 18w\" sizes=\"(max-width: 750px) 100vw, 750px\" \/><\/p>\n<p><img decoding=\"async\" class=\"alignnone size-full wp-image-2968\" src=\"https:\/\/jblcorten.com\/wp-content\/uploads\/2025\/05\/portable-outdoor-wood-fire-pit.jpg\" alt=\"tragbare Holzfeuerstelle im Freien\" width=\"750\" height=\"562\" title=\"\" srcset=\"https:\/\/jblcorten.com\/wp-content\/uploads\/2025\/05\/portable-outdoor-wood-fire-pit.jpg 750w, https:\/\/jblcorten.com\/wp-content\/uploads\/2025\/05\/portable-outdoor-wood-fire-pit-600x450.jpg 600w, https:\/\/jblcorten.com\/wp-content\/uploads\/2025\/05\/portable-outdoor-wood-fire-pit-300x225.jpg 300w, https:\/\/jblcorten.com\/wp-content\/uploads\/2025\/05\/portable-outdoor-wood-fire-pit-16x12.jpg 16w\" sizes=\"(max-width: 750px) 100vw, 750px\" \/><\/p>\n<p><img loading=\"lazy\" decoding=\"async\" class=\"alignnone size-full wp-image-2969\" src=\"https:\/\/jblcorten.com\/wp-content\/uploads\/2025\/05\/portable-wood-burning-fire-pit-for-camping.jpg\" alt=\"Tragbare Holzfeuerstelle f\u00fcr Camping\" width=\"750\" height=\"500\" title=\"\" srcset=\"https:\/\/jblcorten.com\/wp-content\/uploads\/2025\/05\/portable-wood-burning-fire-pit-for-camping.jpg 750w, https:\/\/jblcorten.com\/wp-content\/uploads\/2025\/05\/portable-wood-burning-fire-pit-for-camping-600x400.jpg 600w, https:\/\/jblcorten.com\/wp-content\/uploads\/2025\/05\/portable-wood-burning-fire-pit-for-camping-300x200.jpg 300w, https:\/\/jblcorten.com\/wp-content\/uploads\/2025\/05\/portable-wood-burning-fire-pit-for-camping-18x12.jpg 18w\" sizes=\"(max-width: 750px) 100vw, 750px\" \/><\/p>\n<p><strong><span style=\"font-size: 14pt;\">FAQ:<\/span><\/strong><\/p>\n<p>1. sind Sie ein Hersteller?<br \/>\nJa, wir haben unsere eigene Fabrik.<\/p>\n<p>2. welches Zubeh\u00f6r ist in dieser Feuerstelle enthalten?<br \/>\nWie auf dem Bild zu sehen, enth\u00e4lt diese Feuerstelle: Feuerstelle, Deckel, Sch\u00fcrhaken.<\/p>\n<p>3. ist diese Feuerstelle anpassbar?<br \/>\nNat\u00fcrlich akzeptiert die Feuerstelle auch OEM und ODM.<\/p>","protected":false},"excerpt":{"rendered":"<p>Zwei runde Griffe sind auf beiden Seiten des Randes der tragbaren Feuerstelle angebracht, die nicht nur dekorative Elemente in die Form einbringen, sondern auch die Praktikabilit\u00e4t erheblich verbessern.<\/p>\n<p>Wir k\u00f6nnen die Feuerstelle bequemer und ohne viele Hilfsmittel verschieben oder neu positionieren, was f\u00fcr die t\u00e4gliche Wartung und Nutzung sehr praktisch ist.<\/p>","protected":false},"featured_media":2960,"template":"","meta":{"site-sidebar-layout":"default","site-content-layout":"","ast-site-content-layout":"default","site-content-style":"default","site-sidebar-style":"default","ast-global-header-display":"","ast-banner-title-visibility":"","ast-main-header-display":"","ast-hfb-above-header-display":"","ast-hfb-below-header-display":"","ast-hfb-mobile-header-display":"","site-post-title":"","ast-breadcrumbs-content":"","ast-featured-img":"","footer-sml-layout":"","ast-disable-related-posts":"","theme-transparent-header-meta":"default","adv-header-id-meta":"","stick-header-meta":"","header-above-stick-meta":"","header-main-stick-meta":"","header-below-stick-meta":"","astra-migrate-meta-layouts":"set","ast-page-background-enabled":"default","ast-page-background-meta":{"desktop":{"background-color":"var(--ast-global-color-4)","background-image":"","background-repeat":"repeat","background-position":"center center","background-size":"auto","background-attachment":"scroll","background-type":"","background-media":"","overlay-type":"","overlay-color":"","overlay-opacity":"","overlay-gradient":""},"tablet":{"background-color":"","background-image":"","background-repeat":"repeat","background-position":"center center","background-size":"auto","background-attachment":"scroll","background-type":"","background-media":"","overlay-type":"","overlay-color":"","overlay-opacity":"","overlay-gradient":""},"mobile":{"background-color":"","background-image":"","background-repeat":"repeat","background-position":"center center","background-size":"auto","background-attachment":"scroll","background-type":"","background-media":"","overlay-type":"","overlay-color":"","overlay-opacity":"","overlay-gradient":""}},"ast-content-background-meta":{"desktop":{"background-color":"var(--ast-global-color-5)","background-image":"","background-repeat":"repeat","background-position":"center center","background-size":"auto","background-attachment":"scroll","background-type":"","background-media":"","overlay-type":"","overlay-color":"","overlay-opacity":"","overlay-gradient":""},"tablet":{"background-color":"var(--ast-global-color-5)","background-image":"","background-repeat":"repeat","background-position":"center center","background-size":"auto","background-attachment":"scroll","background-type":"","background-media":"","overlay-type":"","overlay-color":"","overlay-opacity":"","overlay-gradient":""},"mobile":{"background-color":"var(--ast-global-color-5)","background-image":"","background-repeat":"repeat","background-position":"center center","background-size":"auto","background-attachment":"scroll","background-type":"","background-media":"","overlay-type":"","overlay-color":"","overlay-opacity":"","overlay-gradient":""}}},"product_brand":[],"product_cat":[29,45],"product_tag":[],"class_list":{"0":"post-2959","1":"product","2":"type-product","3":"status-publish","4":"has-post-thumbnail","6":"product_cat-fire-pit","7":"product_cat-wood-burning-fire-pit","8":"desktop-align-center","9":"tablet-align-left","10":"mobile-align-left","12":"first","13":"instock","14":"shipping-taxable","15":"product-type-simple"},"_links":{"self":[{"href":"https:\/\/jblcorten.com\/de\/wp-json\/wp\/v2\/product\/2959","targetHints":{"allow":["GET"]}}],"collection":[{"href":"https:\/\/jblcorten.com\/de\/wp-json\/wp\/v2\/product"}],"about":[{"href":"https:\/\/jblcorten.com\/de\/wp-json\/wp\/v2\/types\/product"}],"wp:featuredmedia":[{"embeddable":true,"href":"https:\/\/jblcorten.com\/de\/wp-json\/wp\/v2\/media\/2960"}],"wp:attachment":[{"href":"https:\/\/jblcorten.com\/de\/wp-json\/wp\/v2\/media?parent=2959"}],"wp:term":[{"taxonomy":"product_brand","embeddable":true,"href":"https:\/\/jblcorten.com\/de\/wp-json\/wp\/v2\/product_brand?post=2959"},{"taxonomy":"product_cat","embeddable":true,"href":"https:\/\/jblcorten.com\/de\/wp-json\/wp\/v2\/product_cat?post=2959"},{"taxonomy":"product_tag","embeddable":true,"href":"https:\/\/jblcorten.com\/de\/wp-json\/wp\/v2\/product_tag?post=2959"}],"curies":[{"name":"wp","href":"https:\/\/api.w.org\/{rel}","templated":true}]}}