{"id":2904,"date":"2025-04-25T14:42:42","date_gmt":"2025-04-25T06:42:42","guid":{"rendered":"https:\/\/jblcorten.com\/?post_type=product&#038;p=2904"},"modified":"2025-04-25T16:07:00","modified_gmt":"2025-04-25T08:07:00","slug":"holzfeuergrube-bbq-grill","status":"publish","type":"product","link":"https:\/\/jblcorten.com\/de\/wood-burning-fire-pit-bbq-grill\/","title":{"rendered":"Holzfeuerkorb BBQ Grill"},"content":{"rendered":"<h2 style=\"text-align: center;\"><span style=\"font-size: 14pt;\">Holzfeuerkorb BBQ Grill<\/span><\/h2>\n<p>Der holzbefeuerte Grill ist ein Grillger\u00e4t f\u00fcr den Au\u00dfenbereich, das sowohl dekorativ als auch praktisch ist. Er ist aus schwarzem, hochwertigem Metall gefertigt und hat ein einfaches und elegantes Aussehen. Seine Oberfl\u00e4che ist mit exquisiten Hohlmustern graviert. Wenn er in Betrieb ist, scheinen die Flammen im Inneren durch diese Muster hindurch und erzeugen einen visuellen Effekt mit einem starken Gef\u00fchl von Atmosph\u00e4re, der nicht nur das Grillerlebnis verbessert, sondern auch einen Hauch von W\u00e4rme und Romantik f\u00fcr n\u00e4chtliche Zusammenk\u00fcnfte im Freien bietet.<\/p>\n<p>Das gr\u00f6\u00dfte Highlight dieses Holzkohlegrills ist sein multifunktionales Design. Er ist sowohl eine Feuerstelle als auch ein Barbecue-Grill. Nachts kann er als Feuerstelle im Freien verwendet werden, um den Menschen, die um ihn herum sitzen, W\u00e4rme und Licht zu spenden; und wenn Sie k\u00f6stliche Speisen zubereiten m\u00f6chten, brauchen Sie nur den Grill auf der Oberseite zu installieren, um einfach in den Grillmodus zu wechseln. Wir k\u00f6nnen Brennholz als Hauptbrennstoff verwenden und das einzigartige rauchige Aroma genie\u00dfen, das durch die nat\u00fcrliche Verbrennung entsteht. Ob Barbecue, Meeresfr\u00fcchte oder Gem\u00fcse, Sie k\u00f6nnen den urspr\u00fcnglichen Geschmack der Natur erleben.<\/p>\n<p>Die Feuerstelle ist aus hochwertigem Pr\u00e4zisionsmetall gefertigt und verf\u00fcgt \u00fcber eine extrem hohe Hitze- und Wetterbest\u00e4ndigkeit. Sie h\u00e4lt nicht nur dem langfristigen Brennen offener Flammen bei hohen Temperaturen stand, sondern auch Wind, Sonne und Regen im Au\u00dfenbereich und hat eine lange Lebensdauer. Die schwarz gespritzte Oberfl\u00e4che wertet nicht nur die Gesamtstruktur auf, sondern ist auch leichter zu reinigen und zu pflegen. Wischen Sie sie nach Gebrauch einfach ab, damit sie so sauber wie neu bleibt.<\/p>\n<p><strong><span style=\"font-size: 14pt;\">Produktspezifikation:<\/span><\/strong><\/p>\n<table style=\"width: 100%; height: 621px;\">\n<tbody>\n<tr style=\"height: 69px;\">\n<td style=\"height: 69px; background-color: #f5f5f5;\" width=\"169\">Produktname<\/td>\n<td style=\"height: 69px; background-color: #f5f5f5;\" width=\"580\">Holzfeuerkorb BBQ Grill<\/td>\n<\/tr>\n<tr style=\"height: 69px;\">\n<td style=\"height: 69px;\" width=\"169\">Material<\/td>\n<td style=\"height: 69px;\" width=\"580\">Metall<\/td>\n<\/tr>\n<tr style=\"height: 69px;\">\n<td style=\"height: 69px; background-color: #f5f5f5;\" width=\"169\">Fertigstellung<\/td>\n<td style=\"height: 69px; background-color: #f5f5f5;\" width=\"580\">Verzinkt<\/td>\n<\/tr>\n<tr style=\"height: 69px;\">\n<td style=\"height: 69px;\" width=\"169\">Farbe<\/td>\n<td style=\"height: 69px;\" width=\"580\">Schwarz<\/td>\n<\/tr>\n<tr style=\"height: 69px;\">\n<td style=\"height: 69px; background-color: #f5f5f5;\" width=\"169\">Kraftstoff<\/td>\n<td style=\"height: 69px; background-color: #f5f5f5;\" width=\"580\">Holz<\/td>\n<\/tr>\n<tr style=\"height: 69px;\">\n<td style=\"height: 69px;\" width=\"169\">Gr\u00f6\u00dfe<\/td>\n<td style=\"height: 69px;\" width=\"580\">68,0*30,5*69,5cm<\/td>\n<\/tr>\n<tr style=\"height: 69px;\">\n<td style=\"height: 69px; background-color: #f5f5f5;\" width=\"169\">Sicherheitseinrichtung<\/td>\n<td style=\"height: 69px; background-color: #f5f5f5;\" width=\"580\">Flammensicherungseinrichtung<\/td>\n<\/tr>\n<tr style=\"height: 69px;\">\n<td style=\"height: 69px;\" width=\"169\">Merkmal<\/td>\n<td style=\"height: 69px;\" width=\"580\">Leicht zu montieren, leicht zu reinigen, leicht zu s\u00e4ubern<\/td>\n<\/tr>\n<tr style=\"height: 69px;\">\n<td style=\"height: 69px;\" colspan=\"2\" width=\"750\"><strong><span style=\"color: #e64747;\">Unsere Feuerstellen sind individuell anpassbar.<\/span><\/strong><\/td>\n<\/tr>\n<\/tbody>\n<\/table>\n<p><strong><span style=\"font-size: 14pt;\">Einzelheiten zum Produkt:<\/span><\/strong><\/p>\n<p><img fetchpriority=\"high\" decoding=\"async\" class=\"alignnone size-full wp-image-2906\" src=\"https:\/\/jblcorten.com\/wp-content\/uploads\/2025\/04\/fire-pit-bbq.png\" alt=\"Feuergrube-BBQ\" width=\"750\" height=\"500\" title=\"\" srcset=\"https:\/\/jblcorten.com\/wp-content\/uploads\/2025\/04\/fire-pit-bbq.png 750w, https:\/\/jblcorten.com\/wp-content\/uploads\/2025\/04\/fire-pit-bbq-600x400.png 600w, https:\/\/jblcorten.com\/wp-content\/uploads\/2025\/04\/fire-pit-bbq-300x200.png 300w, https:\/\/jblcorten.com\/wp-content\/uploads\/2025\/04\/fire-pit-bbq-18x12.png 18w\" sizes=\"(max-width: 750px) 100vw, 750px\" \/><\/p>\n<p><img decoding=\"async\" class=\"alignnone size-full wp-image-2912\" src=\"https:\/\/jblcorten.com\/wp-content\/uploads\/2025\/04\/wood-fire-pit-grill.png\" alt=\"Holzkohlegrill\" width=\"750\" height=\"500\" title=\"\" srcset=\"https:\/\/jblcorten.com\/wp-content\/uploads\/2025\/04\/wood-fire-pit-grill.png 750w, https:\/\/jblcorten.com\/wp-content\/uploads\/2025\/04\/wood-fire-pit-grill-600x400.png 600w, https:\/\/jblcorten.com\/wp-content\/uploads\/2025\/04\/wood-fire-pit-grill-300x200.png 300w, https:\/\/jblcorten.com\/wp-content\/uploads\/2025\/04\/wood-fire-pit-grill-18x12.png 18w\" sizes=\"(max-width: 750px) 100vw, 750px\" \/><\/p>\n<p><img decoding=\"async\" class=\"alignnone size-full wp-image-2908\" src=\"https:\/\/jblcorten.com\/wp-content\/uploads\/2025\/04\/wood-burning-fire-pit-table-with-lid.png\" alt=\"Holzfeuerstelle Tisch mit Deckel\" width=\"750\" height=\"500\" title=\"\" srcset=\"https:\/\/jblcorten.com\/wp-content\/uploads\/2025\/04\/wood-burning-fire-pit-table-with-lid.png 750w, https:\/\/jblcorten.com\/wp-content\/uploads\/2025\/04\/wood-burning-fire-pit-table-with-lid-600x400.png 600w, https:\/\/jblcorten.com\/wp-content\/uploads\/2025\/04\/wood-burning-fire-pit-table-with-lid-300x200.png 300w, https:\/\/jblcorten.com\/wp-content\/uploads\/2025\/04\/wood-burning-fire-pit-table-with-lid-18x12.png 18w\" sizes=\"(max-width: 750px) 100vw, 750px\" \/><\/p>\n<p><strong><span style=\"font-size: 14pt;\">FAQ:<\/span><\/strong><\/p>\n<p>1. kann die Gr\u00f6\u00dfe und Farbe Ihrer Feuerstellen individuell angepasst werden?<br \/>\nJa, nat\u00fcrlich!<\/p>\n<p>2. kann diese Feuerstelle auch als Grill verwendet werden?<br \/>\nJa, diese Feuerstelle wird mit einem Grill geliefert, der leicht installiert werden kann.<\/p>\n<p><a href=\"\/de\/kontaktieren-sie-uns\/\"><!--more--><\/a><\/p>","protected":false},"excerpt":{"rendered":"<p>Das strukturelle Design dieses Holzfeuergrills ber\u00fccksichtigt die Notwendigkeit der Portabilit\u00e4t. Er ist leicht, einfach zu tragen und zu transportieren, und einfach zu montieren, was die flexible Gestaltung von Outdoor-Aktivit\u00e4ten erheblich erleichtert.<\/p>","protected":false},"featured_media":2905,"template":"","meta":{"site-sidebar-layout":"default","site-content-layout":"","ast-site-content-layout":"default","site-content-style":"default","site-sidebar-style":"default","ast-global-header-display":"","ast-banner-title-visibility":"","ast-main-header-display":"","ast-hfb-above-header-display":"","ast-hfb-below-header-display":"","ast-hfb-mobile-header-display":"","site-post-title":"","ast-breadcrumbs-content":"","ast-featured-img":"","footer-sml-layout":"","ast-disable-related-posts":"","theme-transparent-header-meta":"default","adv-header-id-meta":"","stick-header-meta":"","header-above-stick-meta":"","header-main-stick-meta":"","header-below-stick-meta":"","astra-migrate-meta-layouts":"set","ast-page-background-enabled":"default","ast-page-background-meta":{"desktop":{"background-color":"var(--ast-global-color-4)","background-image":"","background-repeat":"repeat","background-position":"center center","background-size":"auto","background-attachment":"scroll","background-type":"","background-media":"","overlay-type":"","overlay-color":"","overlay-opacity":"","overlay-gradient":""},"tablet":{"background-color":"","background-image":"","background-repeat":"repeat","background-position":"center center","background-size":"auto","background-attachment":"scroll","background-type":"","background-media":"","overlay-type":"","overlay-color":"","overlay-opacity":"","overlay-gradient":""},"mobile":{"background-color":"","background-image":"","background-repeat":"repeat","background-position":"center center","background-size":"auto","background-attachment":"scroll","background-type":"","background-media":"","overlay-type":"","overlay-color":"","overlay-opacity":"","overlay-gradient":""}},"ast-content-background-meta":{"desktop":{"background-color":"var(--ast-global-color-5)","background-image":"","background-repeat":"repeat","background-position":"center center","background-size":"auto","background-attachment":"scroll","background-type":"","background-media":"","overlay-type":"","overlay-color":"","overlay-opacity":"","overlay-gradient":""},"tablet":{"background-color":"var(--ast-global-color-5)","background-image":"","background-repeat":"repeat","background-position":"center center","background-size":"auto","background-attachment":"scroll","background-type":"","background-media":"","overlay-type":"","overlay-color":"","overlay-opacity":"","overlay-gradient":""},"mobile":{"background-color":"var(--ast-global-color-5)","background-image":"","background-repeat":"repeat","background-position":"center center","background-size":"auto","background-attachment":"scroll","background-type":"","background-media":"","overlay-type":"","overlay-color":"","overlay-opacity":"","overlay-gradient":""}}},"product_brand":[],"product_cat":[29,45],"product_tag":[],"class_list":{"0":"post-2904","1":"product","2":"type-product","3":"status-publish","4":"has-post-thumbnail","6":"product_cat-fire-pit","7":"product_cat-wood-burning-fire-pit","8":"desktop-align-center","9":"tablet-align-left","10":"mobile-align-left","12":"first","13":"instock","14":"shipping-taxable","15":"product-type-simple"},"_links":{"self":[{"href":"https:\/\/jblcorten.com\/de\/wp-json\/wp\/v2\/product\/2904","targetHints":{"allow":["GET"]}}],"collection":[{"href":"https:\/\/jblcorten.com\/de\/wp-json\/wp\/v2\/product"}],"about":[{"href":"https:\/\/jblcorten.com\/de\/wp-json\/wp\/v2\/types\/product"}],"wp:featuredmedia":[{"embeddable":true,"href":"https:\/\/jblcorten.com\/de\/wp-json\/wp\/v2\/media\/2905"}],"wp:attachment":[{"href":"https:\/\/jblcorten.com\/de\/wp-json\/wp\/v2\/media?parent=2904"}],"wp:term":[{"taxonomy":"product_brand","embeddable":true,"href":"https:\/\/jblcorten.com\/de\/wp-json\/wp\/v2\/product_brand?post=2904"},{"taxonomy":"product_cat","embeddable":true,"href":"https:\/\/jblcorten.com\/de\/wp-json\/wp\/v2\/product_cat?post=2904"},{"taxonomy":"product_tag","embeddable":true,"href":"https:\/\/jblcorten.com\/de\/wp-json\/wp\/v2\/product_tag?post=2904"}],"curies":[{"name":"wp","href":"https:\/\/api.w.org\/{rel}","templated":true}]}}