{"id":2897,"date":"2025-04-25T10:55:07","date_gmt":"2025-04-25T02:55:07","guid":{"rendered":"https:\/\/jblcorten.com\/?post_type=product&#038;p=2897"},"modified":"2025-04-25T10:55:07","modified_gmt":"2025-04-25T02:55:07","slug":"holzkohlegrill-fur-den-ausenbereich","status":"publish","type":"product","link":"https:\/\/jblcorten.com\/de\/outdoor-wood-burning-bbq-grill\/","title":{"rendered":"Holzbefeuerter BBQ-Grill im Freien"},"content":{"rendered":"<h2 style=\"text-align: center;\"><span style=\"font-size: 14pt;\">Holzbefeuerter BBQ-Grill im Freien<\/span><\/h2>\n<p>Der Holzgrill f\u00fcr den Au\u00dfenbereich ist ein leistungsstarkes Grillger\u00e4t f\u00fcr Menschen, die die Natur lieben und Wert auf Lebensqualit\u00e4t legen. Er besteht haupts\u00e4chlich aus wetterfestem Stahl. Er hat nicht nur eine einzigartige rostrote nat\u00fcrliche Textur, sondern auch eine hohe Korrosionsbest\u00e4ndigkeit und Temperaturbest\u00e4ndigkeit und kann lange Zeit im Freien verwendet werden. Mit der Zeit bildet sich auf der Oberfl\u00e4che von wetterfestem Stahl eine stabile Oxidschutzschicht, die nicht nur eine erhebliche Rostschutzwirkung hat, sondern dem Grill auch eine robuste Sch\u00f6nheit verleiht, die durch jahrelange Verwitterung entsteht und sich perfekt in eine Vielzahl von Au\u00dfenbereichen wie Innenh\u00f6fe, Terrassen und G\u00e4rten einf\u00fcgt.<\/p>\n<p><strong><span style=\"font-size: 14pt;\">Produktspezifikation:<\/span><\/strong><\/p>\n<table>\n<tbody>\n<tr>\n<td width=\"87\">Artikel<\/td>\n<td width=\"662\">Holzbefeuerter BBQ-Grill im Freien<\/td>\n<\/tr>\n<tr>\n<td width=\"87\">Material<\/td>\n<td width=\"662\">Cortenstahl \/ wetterfester Stahl<\/td>\n<\/tr>\n<tr>\n<td width=\"87\">Dicke<\/td>\n<td width=\"662\">2 mm, Grillplatte: 10 mm<\/td>\n<\/tr>\n<tr>\n<td width=\"87\">Paket<\/td>\n<td width=\"662\">Innen: Verschlei\u00dffestes Schaumstoffpapier, Au\u00dfen: Karton Schachtel<\/td>\n<\/tr>\n<tr>\n<td width=\"87\">Oberfl\u00e4che<\/td>\n<td width=\"662\">Vorgerostet, kann individuell angepasst werden<\/td>\n<\/tr>\n<\/tbody>\n<\/table>\n<p><strong><span style=\"font-size: 14pt;\">Warum sollten Sie sich f\u00fcr einen Holzkohlegrill f\u00fcr den Au\u00dfenbereich entscheiden?<\/span><\/strong><\/p>\n<p><strong>1. Grill aus Kohlenstoffstahl<\/strong><\/p>\n<p>Dieser Holzkohlegrill f\u00fcr den Au\u00dfenbereich ist mit einem hochwertigen Grillrost aus Kohlenstoffstahl ausgestattet, der sich durch gute W\u00e4rmeleitf\u00e4higkeit und W\u00e4rmespeicherleistung auszeichnet. Das Kohlenstoffstahlmaterial erm\u00f6glicht ein schnelles Aufheizen des Grills und sorgt f\u00fcr eine gleichm\u00e4\u00dfige Temperatur w\u00e4hrend des Heizvorgangs, sodass die Zutaten gleichm\u00e4\u00dfig erhitzt werden k\u00f6nnen. Ob dick geschnittene Steaks, H\u00e4hnchenschenkel oder Gem\u00fcse und Meeresfr\u00fcchte \u2013 alles l\u00e4sst sich in kurzer Zeit knusprig von au\u00dfen und zart von innen grillen, mit guter Farbe, Aroma und Geschmack. Im Vergleich zu gew\u00f6hnlichen Edelstahl- oder verchromten Grills verformt sich Kohlenstoffstahl bei hohen Temperaturen nicht so leicht und ist langlebig.<\/p>\n<p><img fetchpriority=\"high\" decoding=\"async\" class=\"alignnone size-full wp-image-2900\" src=\"https:\/\/jblcorten.com\/wp-content\/uploads\/2025\/04\/outdoor-wood-burning-bbq-grill.png\" alt=\"Holzkohlegrill f\u00fcr den Au\u00dfenbereich\" width=\"750\" height=\"499\" title=\"\" srcset=\"https:\/\/jblcorten.com\/wp-content\/uploads\/2025\/04\/outdoor-wood-burning-bbq-grill.png 750w, https:\/\/jblcorten.com\/wp-content\/uploads\/2025\/04\/outdoor-wood-burning-bbq-grill-600x399.png 600w, https:\/\/jblcorten.com\/wp-content\/uploads\/2025\/04\/outdoor-wood-burning-bbq-grill-300x200.png 300w, https:\/\/jblcorten.com\/wp-content\/uploads\/2025\/04\/outdoor-wood-burning-bbq-grill-18x12.png 18w\" sizes=\"(max-width: 750px) 100vw, 750px\" \/><\/p>\n<p><strong>2. Brennstoff \u2013 Holz<\/strong><\/p>\n<p>Der Grill verwendet Brennholz als Hauptbrennstoff. Beim Verbrennen setzt Holz ein nat\u00fcrliches Raucharoma frei, das den Speisen einen einzigartigen Geschmack verleiht, der von Gas- oder Elektrogrills nicht erreicht wird. Benutzer k\u00f6nnen je nach ihren pers\u00f6nlichen Vorlieben zwischen verschiedenen Holzarten w\u00e4hlen, wie z. B. Eiche, Apfelholz, Kirschholz usw. Der Rauch, der von verschiedenen Holzarten erzeugt wird, hat unterschiedliche Aromen, die sich f\u00fcr das Grillen verschiedener Zutaten eignen und den Geschmack des Grillguts noch verbessern. Dar\u00fcber hinaus hat das Brennholz eine starke Feuerkraft und brennt lange, wodurch der Grillvorgang effizienter und stabiler wird, was sich f\u00fcr langes Grillen und Zusammenk\u00fcnfte mit mehreren Personen eignet.<\/p>\n<p><strong>3. Voll funktionsf\u00e4hig<\/strong><\/p>\n<p>Um die Benutzerfreundlichkeit zu verbessern, ist der Holzgrill f\u00fcr den Au\u00dfenbereich auch mit praktischen Werkzeugen wie Schaufeln ausgestattet, mit denen Benutzer die Zutaten bequemer wenden, die Holzkohle anpassen und die Asche entfernen k\u00f6nnen, was den Komfort und die Sicherheit der gesamten Bedienung verbessert. Diese Werkzeuge werden einheitlich, ordentlich und \u00fcbersichtlich aufbewahrt, wodurch der Grillvorgang reibungsloser verl\u00e4uft. Das Design sieht auch einen Holzvorratsschrank vor, der zur Aufbewahrung von Ersatzholz verwendet werden kann und auch als zus\u00e4tzlicher Arbeitstisch dient, wodurch die Funktionalit\u00e4t und der Stauraum des Grillger\u00e4ts erh\u00f6ht werden. Dar\u00fcber hinaus spielt der Holzvorratsschrank auch eine Rolle bei der \u00e4sthetischen Gestaltung und l\u00e4sst das gesamte Grillger\u00e4t professioneller und stilvoller wirken.<\/p>\n<p><img decoding=\"async\" class=\"alignnone size-full wp-image-2899\" src=\"https:\/\/jblcorten.com\/wp-content\/uploads\/2025\/04\/bbq-grill.jpg\" alt=\"\" width=\"750\" height=\"400\" title=\"\" srcset=\"https:\/\/jblcorten.com\/wp-content\/uploads\/2025\/04\/bbq-grill.jpg 750w, https:\/\/jblcorten.com\/wp-content\/uploads\/2025\/04\/bbq-grill-600x320.jpg 600w, https:\/\/jblcorten.com\/wp-content\/uploads\/2025\/04\/bbq-grill-300x160.jpg 300w, https:\/\/jblcorten.com\/wp-content\/uploads\/2025\/04\/bbq-grill-18x10.jpg 18w\" sizes=\"(max-width: 750px) 100vw, 750px\" \/><\/p>\n<p><strong><span style=\"font-size: 14pt;\">Produktpaket:<\/span><\/strong><\/p>\n<p><img decoding=\"async\" class=\"alignnone size-full wp-image-2461\" src=\"https:\/\/jblcorten.com\/wp-content\/uploads\/2024\/08\/wood-burning-stove-grill.jpg\" alt=\"Holzofengrill\" width=\"750\" height=\"285\" title=\"\" srcset=\"https:\/\/jblcorten.com\/wp-content\/uploads\/2024\/08\/wood-burning-stove-grill.jpg 750w, https:\/\/jblcorten.com\/wp-content\/uploads\/2024\/08\/wood-burning-stove-grill-600x228.jpg 600w, https:\/\/jblcorten.com\/wp-content\/uploads\/2024\/08\/wood-burning-stove-grill-300x114.jpg 300w, https:\/\/jblcorten.com\/wp-content\/uploads\/2024\/08\/wood-burning-stove-grill-18x7.jpg 18w\" sizes=\"(max-width: 750px) 100vw, 750px\" \/><\/p>\n<p><strong><span style=\"font-size: 14pt;\">Mehr Bilder:<\/span><\/strong><\/p>\n<p><img loading=\"lazy\" decoding=\"async\" class=\"alignnone size-full wp-image-2903\" src=\"https:\/\/jblcorten.com\/wp-content\/uploads\/2025\/04\/wood-burning-bbq-grills-for-sale.jpg\" alt=\"holz brennende bbq grill zu verkaufen\" width=\"750\" height=\"421\" title=\"\" srcset=\"https:\/\/jblcorten.com\/wp-content\/uploads\/2025\/04\/wood-burning-bbq-grills-for-sale.jpg 750w, https:\/\/jblcorten.com\/wp-content\/uploads\/2025\/04\/wood-burning-bbq-grills-for-sale-600x337.jpg 600w, https:\/\/jblcorten.com\/wp-content\/uploads\/2025\/04\/wood-burning-bbq-grills-for-sale-300x168.jpg 300w, https:\/\/jblcorten.com\/wp-content\/uploads\/2025\/04\/wood-burning-bbq-grills-for-sale-18x10.jpg 18w\" sizes=\"(max-width: 750px) 100vw, 750px\" \/><\/p>\n<p><img loading=\"lazy\" decoding=\"async\" class=\"alignnone size-full wp-image-2902\" src=\"https:\/\/jblcorten.com\/wp-content\/uploads\/2025\/04\/wood-burning-bbq-grill.jpg\" alt=\"Holzkohlegrill\" width=\"750\" height=\"421\" title=\"\" srcset=\"https:\/\/jblcorten.com\/wp-content\/uploads\/2025\/04\/wood-burning-bbq-grill.jpg 750w, https:\/\/jblcorten.com\/wp-content\/uploads\/2025\/04\/wood-burning-bbq-grill-600x337.jpg 600w, https:\/\/jblcorten.com\/wp-content\/uploads\/2025\/04\/wood-burning-bbq-grill-300x168.jpg 300w, https:\/\/jblcorten.com\/wp-content\/uploads\/2025\/04\/wood-burning-bbq-grill-18x10.jpg 18w\" sizes=\"(max-width: 750px) 100vw, 750px\" \/><\/p>\n<p><img loading=\"lazy\" decoding=\"async\" class=\"alignnone size-full wp-image-2901\" src=\"https:\/\/jblcorten.com\/wp-content\/uploads\/2025\/04\/best-wood-burning-bbq-grill.jpg\" alt=\"bester holzbefeuerter bbq-grill\" width=\"750\" height=\"421\" title=\"\" srcset=\"https:\/\/jblcorten.com\/wp-content\/uploads\/2025\/04\/best-wood-burning-bbq-grill.jpg 750w, https:\/\/jblcorten.com\/wp-content\/uploads\/2025\/04\/best-wood-burning-bbq-grill-600x337.jpg 600w, https:\/\/jblcorten.com\/wp-content\/uploads\/2025\/04\/best-wood-burning-bbq-grill-300x168.jpg 300w, https:\/\/jblcorten.com\/wp-content\/uploads\/2025\/04\/best-wood-burning-bbq-grill-18x10.jpg 18w\" sizes=\"(max-width: 750px) 100vw, 750px\" \/><\/p>","protected":false},"excerpt":{"rendered":"<p>Der Holzgrill f\u00fcr den Au\u00dfenbereich verf\u00fcgt \u00fcber ein offenes Heizdesign, wodurch die Hitze gleichm\u00e4\u00dfig im gesamten Grill verteilt wird und eine lokale \u00dcberhitzung oder ein ungleichm\u00e4\u00dfiges Garen, wie es bei herk\u00f6mmlichen Grills h\u00e4ufig vorkommt, vermieden wird.<\/p>\n<p>Benutzer k\u00f6nnen die Stapelposition und die Feuerkraft des Brennholzes nach Bedarf anpassen, um die Temperatur verschiedener Bereiche flexibel zu steuern und mehrere Zutaten gleichzeitig zu garen.<\/p>","protected":false},"featured_media":2456,"template":"","meta":{"site-sidebar-layout":"default","site-content-layout":"","ast-site-content-layout":"default","site-content-style":"default","site-sidebar-style":"default","ast-global-header-display":"","ast-banner-title-visibility":"","ast-main-header-display":"","ast-hfb-above-header-display":"","ast-hfb-below-header-display":"","ast-hfb-mobile-header-display":"","site-post-title":"","ast-breadcrumbs-content":"","ast-featured-img":"","footer-sml-layout":"","ast-disable-related-posts":"","theme-transparent-header-meta":"default","adv-header-id-meta":"","stick-header-meta":"","header-above-stick-meta":"","header-main-stick-meta":"","header-below-stick-meta":"","astra-migrate-meta-layouts":"set","ast-page-background-enabled":"default","ast-page-background-meta":{"desktop":{"background-color":"var(--ast-global-color-4)","background-image":"","background-repeat":"repeat","background-position":"center center","background-size":"auto","background-attachment":"scroll","background-type":"","background-media":"","overlay-type":"","overlay-color":"","overlay-opacity":"","overlay-gradient":""},"tablet":{"background-color":"","background-image":"","background-repeat":"repeat","background-position":"center center","background-size":"auto","background-attachment":"scroll","background-type":"","background-media":"","overlay-type":"","overlay-color":"","overlay-opacity":"","overlay-gradient":""},"mobile":{"background-color":"","background-image":"","background-repeat":"repeat","background-position":"center center","background-size":"auto","background-attachment":"scroll","background-type":"","background-media":"","overlay-type":"","overlay-color":"","overlay-opacity":"","overlay-gradient":""}},"ast-content-background-meta":{"desktop":{"background-color":"var(--ast-global-color-5)","background-image":"","background-repeat":"repeat","background-position":"center center","background-size":"auto","background-attachment":"scroll","background-type":"","background-media":"","overlay-type":"","overlay-color":"","overlay-opacity":"","overlay-gradient":""},"tablet":{"background-color":"var(--ast-global-color-5)","background-image":"","background-repeat":"repeat","background-position":"center center","background-size":"auto","background-attachment":"scroll","background-type":"","background-media":"","overlay-type":"","overlay-color":"","overlay-opacity":"","overlay-gradient":""},"mobile":{"background-color":"var(--ast-global-color-5)","background-image":"","background-repeat":"repeat","background-position":"center center","background-size":"auto","background-attachment":"scroll","background-type":"","background-media":"","overlay-type":"","overlay-color":"","overlay-opacity":"","overlay-gradient":""}}},"product_brand":[],"product_cat":[25],"product_tag":[],"class_list":{"0":"post-2897","1":"product","2":"type-product","3":"status-publish","4":"has-post-thumbnail","6":"product_cat-bbq-grill","7":"desktop-align-center","8":"tablet-align-left","9":"mobile-align-left","11":"first","12":"instock","13":"shipping-taxable","14":"product-type-simple"},"_links":{"self":[{"href":"https:\/\/jblcorten.com\/de\/wp-json\/wp\/v2\/product\/2897","targetHints":{"allow":["GET"]}}],"collection":[{"href":"https:\/\/jblcorten.com\/de\/wp-json\/wp\/v2\/product"}],"about":[{"href":"https:\/\/jblcorten.com\/de\/wp-json\/wp\/v2\/types\/product"}],"wp:featuredmedia":[{"embeddable":true,"href":"https:\/\/jblcorten.com\/de\/wp-json\/wp\/v2\/media\/2456"}],"wp:attachment":[{"href":"https:\/\/jblcorten.com\/de\/wp-json\/wp\/v2\/media?parent=2897"}],"wp:term":[{"taxonomy":"product_brand","embeddable":true,"href":"https:\/\/jblcorten.com\/de\/wp-json\/wp\/v2\/product_brand?post=2897"},{"taxonomy":"product_cat","embeddable":true,"href":"https:\/\/jblcorten.com\/de\/wp-json\/wp\/v2\/product_cat?post=2897"},{"taxonomy":"product_tag","embeddable":true,"href":"https:\/\/jblcorten.com\/de\/wp-json\/wp\/v2\/product_tag?post=2897"}],"curies":[{"name":"wp","href":"https:\/\/api.w.org\/{rel}","templated":true}]}}