{"id":2687,"date":"2025-04-09T06:36:40","date_gmt":"2025-04-09T06:36:40","guid":{"rendered":"https:\/\/jblcorten.com\/?post_type=product&#038;p=2687"},"modified":"2025-04-09T06:37:37","modified_gmt":"2025-04-09T06:37:37","slug":"siebdruckplatten-aus-cortenstahl","status":"publish","type":"product","link":"https:\/\/jblcorten.com\/de\/corten-steel-screen-panels\/","title":{"rendered":"Cortenstahl-Schirmtafeln"},"content":{"rendered":"<h2 style=\"text-align: center;\"><span style=\"font-size: 14pt;\"><strong><span style=\"font-family: arial, helvetica, sans-serif;\">Cortenstahl-Schirmtafeln<\/span><\/strong><\/span><\/h2>\n<p>Sichtschutzw\u00e4nde aus Cortenstahl sind ein beliebter und stilvoller architektonischer Akzent, der die Funktionalit\u00e4t und Sch\u00f6nheit von Innen- und Au\u00dfenbereichen verbessert. Die aus Cortenstahl (auch als wetterfester Stahl bekannt) hergestellten Paneele entwickeln eine stabile rost\u00e4hnliche Patina, wenn sie den Elementen ausgesetzt werden. Dies verleiht ihnen nicht nur ein einzigartiges industrielles Aussehen, sondern dient auch als Schutzschicht, um weitere Korrosion zu verhindern. Dieser nat\u00fcrliche Oxidationsprozess macht sie au\u00dfergew\u00f6hnlich langlebig.<\/p>\n<p>Diese Paneele werden h\u00e4ufig bei der Gartengestaltung, auf Terrassen, Balkonen und an Gesch\u00e4ftsfassaden eingesetzt und k\u00f6nnen als Sichtschutz, Zaun, dekorative Trennwand und Wandkunst verwendet werden. Ihre komplizierten Ausschnittmuster reichen von geometrischen Formen bis hin zu von der Natur inspirierten Designs, die f\u00fcr visuelles Interesse sorgen und gleichzeitig den Fluss von Licht und Luft f\u00f6rdern, w\u00e4hrend die Privatsph\u00e4re gewahrt bleibt.<\/p>\n<p><img fetchpriority=\"high\" decoding=\"async\" class=\"alignnone wp-image-2688\" src=\"https:\/\/jblcorten.com\/wp-content\/uploads\/2025\/04\/corten-screen-panels.jpg\" alt=\"Cortengitterplatten\" width=\"750\" height=\"471\" title=\"\" srcset=\"https:\/\/jblcorten.com\/wp-content\/uploads\/2025\/04\/corten-screen-panels.jpg 766w, https:\/\/jblcorten.com\/wp-content\/uploads\/2025\/04\/corten-screen-panels-600x377.jpg 600w, https:\/\/jblcorten.com\/wp-content\/uploads\/2025\/04\/corten-screen-panels-300x188.jpg 300w, https:\/\/jblcorten.com\/wp-content\/uploads\/2025\/04\/corten-screen-panels-18x12.jpg 18w\" sizes=\"(max-width: 750px) 100vw, 750px\" \/><\/p>\n<p>Cortenstahl-Paneele sind nicht nur dekorativ, sondern auch wartungsarm und umweltfreundlich, da sie weder gestrichen noch chemisch behandelt werden m\u00fcssen, um den Elementen im Freien standzuhalten. Das Aussehen des Stahls ver\u00e4ndert sich im Laufe der Zeit und verleiht jedem Paneel eine einzigartige Pers\u00f6nlichkeit, die sich nat\u00fcrlich in die Umgebung einf\u00fcgt. Ob in Wohn- oder Gesch\u00e4ftsr\u00e4umen, diese Paravents sind sowohl praktisch als auch k\u00fcnstlerisch und verwandeln gew\u00f6hnliche R\u00e4ume in ansprechende und funktionale R\u00e4ume.<\/p>\n<p><strong><span style=\"font-size: 14pt;\">Produktspezifikation:<\/span><\/strong><\/p>\n<table class=\"has-title hight-light-first-column all magic-15\" style=\"width: 100%;\">\n<tbody>\n<tr>\n<td style=\"width: 21.8399%;\">\n<div class=\"magic-19\"><span style=\"color: #000000;\" data-spm-anchor-id=\"a2700.details.0.i74.512894f1kKuIok\">Artikel<\/span><\/div>\n<\/td>\n<td style=\"width: 78.0853%;\">\n<div class=\"magic-20\">Cortenstahl-Schirmtafeln<\/div>\n<\/td>\n<\/tr>\n<tr>\n<td style=\"width: 21.8399%;\">\n<div class=\"magic-19\"><span style=\"color: #000000;\">Material<\/span><\/div>\n<\/td>\n<td style=\"width: 78.0853%;\">\n<div class=\"magic-20\"><span style=\"color: #000000;\">Cortenstahl\/Bewitterungsstahl<\/span><\/div>\n<\/td>\n<\/tr>\n<tr>\n<td style=\"width: 21.8399%;\">\n<div class=\"magic-19\"><span style=\"color: #000000;\">Standardgr\u00f6\u00dfe<\/span><\/div>\n<\/td>\n<td style=\"width: 78.0853%;\">\n<div class=\"magic-20\"><span style=\"color: #000000;\">H:2000 B:1200 mm, Dicke: 3mm<\/span><\/div>\n<\/td>\n<\/tr>\n<tr>\n<td style=\"width: 21.8399%;\">\n<div class=\"magic-19\"><span style=\"color: #000000;\">Oberfl\u00e4chenbehandlung<\/span><\/div>\n<\/td>\n<td style=\"width: 78.0853%;\">\n<div class=\"magic-20\"><span style=\"color: #000000;\">Vorgerostet\/vorverwittert, kann individuell angepasst werden<\/span><\/div>\n<\/td>\n<\/tr>\n<tr>\n<td style=\"width: 21.8399%;\">\n<div class=\"magic-19\"><span style=\"color: #000000;\">Verpacken<\/span><\/div>\n<\/td>\n<td style=\"width: 78.0853%;\">\n<div class=\"magic-20\"><span style=\"color: #000000;\">Innen: verschlei\u00dffestes Schaumstoffpapier; Au\u00dfen: Holzpalette<\/span><\/div>\n<\/td>\n<\/tr>\n<\/tbody>\n<\/table>\n<p><strong><span style=\"font-size: 14pt;\">Wie werden Cortenstahl-Sichtschutzpaneele installiert?<\/span><\/strong><\/p>\n<p>1. vor der Installation der Cortenstahlgitterplatten m\u00fcssen Sie zuerst die Gr\u00f6\u00dfe des Installationsortes entsprechend der Umgebung vor Ort messen, um sicherzustellen, dass die Gr\u00f6\u00dfe des Gitters mit der H\u00f6he und Breite des Raumes \u00fcbereinstimmt, und einen entsprechenden Installationsabstand reservieren.<\/p>\n<p>2. dann sollten Sie je nach Material des Bodens oder der Wand die geeignete Befestigungsmethode w\u00e4hlen.<\/p>\n<ul>\n<li>Bei der Aufstellung auf dem Boden k\u00f6nnen Sie zur Befestigung des Sockels eingelassene Teile oder Dehnschrauben verwenden und die Leinwand durch Schwei\u00dfen oder Bolzen fest mit dem Sockel verbinden;<\/li>\n<li>Bei der Montage an der Wand m\u00fcssen Sie professionelle Spreizd\u00fcbel oder chemische Anker verwenden, um die Leinwand fest an der Wandunterkonstruktion zu befestigen und ihre Stabilit\u00e4t zu gew\u00e4hrleisten.<\/li>\n<\/ul>\n<p>Achten Sie w\u00e4hrend des Einbaus besonders darauf, dass der Bildschirm vertikal und horizontal ausgerichtet ist. Es wird empfohlen, ein waagerechtes Lineal zur Unterst\u00fctzung bei der Positionierung zu verwenden. Um die Gesamtwirkung und die Lebensdauer zu verbessern, k\u00f6nnen die Schwei\u00dfn\u00e4hte und Verbindungsstellen nach der Montage mit einem Korrosionsschutzmittel behandelt werden, oder es kann eine einheitliche Behandlung zur Erhaltung der Oberfl\u00e4chenoxidation durchgef\u00fchrt werden, um dem Schirm eine nat\u00fcrliche Roststruktur zu verleihen.<\/p>\n<p><img decoding=\"async\" class=\"alignnone wp-image-2429 size-full\" src=\"https:\/\/jblcorten.com\/wp-content\/uploads\/2024\/09\/bamboo-privacy-screen.png\" alt=\"Sichtschutz aus Bambus\" width=\"750\" height=\"484\" title=\"\" srcset=\"https:\/\/jblcorten.com\/wp-content\/uploads\/2024\/09\/bamboo-privacy-screen.png 750w, https:\/\/jblcorten.com\/wp-content\/uploads\/2024\/09\/bamboo-privacy-screen-600x387.png 600w, https:\/\/jblcorten.com\/wp-content\/uploads\/2024\/09\/bamboo-privacy-screen-300x194.png 300w, https:\/\/jblcorten.com\/wp-content\/uploads\/2024\/09\/bamboo-privacy-screen-18x12.png 18w\" sizes=\"(max-width: 750px) 100vw, 750px\" \/><\/p>\n<p><strong><span style=\"font-size: 14pt;\">Produkt-Verpackung:<\/span><\/strong><\/p>\n<p><img decoding=\"async\" class=\"alignnone size-full wp-image-2693\" src=\"https:\/\/jblcorten.com\/wp-content\/uploads\/2025\/04\/corten-steel-decorative-screens.png\" alt=\"Cortenstahl Dekorative Bildschirme Paket\" width=\"750\" height=\"750\" title=\"\" srcset=\"https:\/\/jblcorten.com\/wp-content\/uploads\/2025\/04\/corten-steel-decorative-screens.png 750w, https:\/\/jblcorten.com\/wp-content\/uploads\/2025\/04\/corten-steel-decorative-screens-600x600.png 600w, https:\/\/jblcorten.com\/wp-content\/uploads\/2025\/04\/corten-steel-decorative-screens-100x100.png 100w, https:\/\/jblcorten.com\/wp-content\/uploads\/2025\/04\/corten-steel-decorative-screens-300x300.png 300w, https:\/\/jblcorten.com\/wp-content\/uploads\/2025\/04\/corten-steel-decorative-screens-150x150.png 150w, https:\/\/jblcorten.com\/wp-content\/uploads\/2025\/04\/corten-steel-decorative-screens-12x12.png 12w\" sizes=\"(max-width: 750px) 100vw, 750px\" \/><\/p>\n<p><strong><span style=\"font-size: 14pt;\">FAQ:<\/span><\/strong><\/p>\n<div class=\"kche-t202-tit\">\n<p>1. sind Sie eine Fabrik oder ein Gewerbetreibender?<br \/>\nWir sind ein Hersteller und haben unsere eigene Fabrik.<\/p>\n<p>2. sind die Muster Ihrer Bildschirme lasergeschnitten?<br \/>\nJa.<\/p>\n<p>3. k\u00f6nnen die Muster Ihres Sichtschutzzauns angepasst werden?<br \/>\nNat\u00fcrlich unterst\u00fctzen wir OEM und ODM. Unsere Bildschirmzaun Muster k\u00f6nnen nach Kundenwunsch hergestellt werden.<\/p>\n<\/div>","protected":false},"excerpt":{"rendered":"<p>Diese Cortenstahl-Paneele werden h\u00e4ufig bei der Gartengestaltung, f\u00fcr Terrassen, Balkone und gewerbliche Fassaden verwendet und k\u00f6nnen als Sichtschutz, Z\u00e4une, dekorative Trennw\u00e4nde und Wandkunst eingesetzt werden.<\/p>\n<p>Die filigranen Ausschnitte reichen von geometrischen Formen bis hin zu von der Natur inspirierten Mustern, die f\u00fcr visuelles Interesse sorgen und gleichzeitig den Durchfluss von Licht und Luft f\u00f6rdern, ohne die Privatsph\u00e4re zu beeintr\u00e4chtigen.<\/p>","protected":false},"featured_media":2689,"template":"","meta":{"site-sidebar-layout":"default","site-content-layout":"","ast-site-content-layout":"default","site-content-style":"default","site-sidebar-style":"default","ast-global-header-display":"","ast-banner-title-visibility":"","ast-main-header-display":"","ast-hfb-above-header-display":"","ast-hfb-below-header-display":"","ast-hfb-mobile-header-display":"","site-post-title":"","ast-breadcrumbs-content":"","ast-featured-img":"","footer-sml-layout":"","ast-disable-related-posts":"","theme-transparent-header-meta":"default","adv-header-id-meta":"","stick-header-meta":"","header-above-stick-meta":"","header-main-stick-meta":"","header-below-stick-meta":"","astra-migrate-meta-layouts":"set","ast-page-background-enabled":"default","ast-page-background-meta":{"desktop":{"background-color":"var(--ast-global-color-4)","background-image":"","background-repeat":"repeat","background-position":"center center","background-size":"auto","background-attachment":"scroll","background-type":"","background-media":"","overlay-type":"","overlay-color":"","overlay-opacity":"","overlay-gradient":""},"tablet":{"background-color":"","background-image":"","background-repeat":"repeat","background-position":"center center","background-size":"auto","background-attachment":"scroll","background-type":"","background-media":"","overlay-type":"","overlay-color":"","overlay-opacity":"","overlay-gradient":""},"mobile":{"background-color":"","background-image":"","background-repeat":"repeat","background-position":"center center","background-size":"auto","background-attachment":"scroll","background-type":"","background-media":"","overlay-type":"","overlay-color":"","overlay-opacity":"","overlay-gradient":""}},"ast-content-background-meta":{"desktop":{"background-color":"var(--ast-global-color-5)","background-image":"","background-repeat":"repeat","background-position":"center center","background-size":"auto","background-attachment":"scroll","background-type":"","background-media":"","overlay-type":"","overlay-color":"","overlay-opacity":"","overlay-gradient":""},"tablet":{"background-color":"var(--ast-global-color-5)","background-image":"","background-repeat":"repeat","background-position":"center center","background-size":"auto","background-attachment":"scroll","background-type":"","background-media":"","overlay-type":"","overlay-color":"","overlay-opacity":"","overlay-gradient":""},"mobile":{"background-color":"var(--ast-global-color-5)","background-image":"","background-repeat":"repeat","background-position":"center center","background-size":"auto","background-attachment":"scroll","background-type":"","background-media":"","overlay-type":"","overlay-color":"","overlay-opacity":"","overlay-gradient":""}}},"product_brand":[],"product_cat":[31],"product_tag":[],"class_list":{"0":"post-2687","1":"product","2":"type-product","3":"status-publish","4":"has-post-thumbnail","6":"product_cat-garden-screens","7":"desktop-align-center","8":"tablet-align-left","9":"mobile-align-left","11":"first","12":"instock","13":"shipping-taxable","14":"product-type-simple"},"_links":{"self":[{"href":"https:\/\/jblcorten.com\/de\/wp-json\/wp\/v2\/product\/2687","targetHints":{"allow":["GET"]}}],"collection":[{"href":"https:\/\/jblcorten.com\/de\/wp-json\/wp\/v2\/product"}],"about":[{"href":"https:\/\/jblcorten.com\/de\/wp-json\/wp\/v2\/types\/product"}],"wp:featuredmedia":[{"embeddable":true,"href":"https:\/\/jblcorten.com\/de\/wp-json\/wp\/v2\/media\/2689"}],"wp:attachment":[{"href":"https:\/\/jblcorten.com\/de\/wp-json\/wp\/v2\/media?parent=2687"}],"wp:term":[{"taxonomy":"product_brand","embeddable":true,"href":"https:\/\/jblcorten.com\/de\/wp-json\/wp\/v2\/product_brand?post=2687"},{"taxonomy":"product_cat","embeddable":true,"href":"https:\/\/jblcorten.com\/de\/wp-json\/wp\/v2\/product_cat?post=2687"},{"taxonomy":"product_tag","embeddable":true,"href":"https:\/\/jblcorten.com\/de\/wp-json\/wp\/v2\/product_tag?post=2687"}],"curies":[{"name":"wp","href":"https:\/\/api.w.org\/{rel}","templated":true}]}}