{"id":2578,"date":"2025-03-27T07:47:52","date_gmt":"2025-03-27T07:47:52","guid":{"rendered":"https:\/\/jblcorten.com\/?post_type=product&#038;p=2578"},"modified":"2025-04-18T15:57:01","modified_gmt":"2025-04-18T07:57:01","slug":"schwarzes-rechteck-gas-feuerstelle","status":"publish","type":"product","link":"https:\/\/jblcorten.com\/de\/black-rectangle-gas-fire-pit\/","title":{"rendered":"Schwarzer rechteckiger Gas-Feuerplatz"},"content":{"rendered":"<h2 style=\"text-align: center;\"><span style=\"font-size: 14pt;\">Schwarzer rechteckiger Gas-Feuerplatz<\/span><\/h2>\n<p>Die schwarze, rechteckige Gas-Feuerstelle ist aus hochwertigem Cortenstahl gefertigt, der f\u00fcr au\u00dfergew\u00f6hnliche Haltbarkeit und Witterungsbest\u00e4ndigkeit sorgt und eine glatte schwarze Oberfl\u00e4che aufweist. Die rechteckige Form bietet reichlich Platz f\u00fcr die Flammen, um einen beeindruckenden visuellen Effekt zu erzeugen.<\/p>\n<p>Das Steuerventil befindet sich an der Seite der schwarzen rechteckigen Gas-Feuerstelle, so dass der Benutzer das Feuer leicht entz\u00fcnden kann. Mit einer einfachen Drehung eines Knopfes ist die Feuerstelle bereit, W\u00e4rme und Atmosph\u00e4re zu verbreiten. Durch die elektronische Z\u00fcndung per Knopfdruck entf\u00e4llt das Anz\u00fcnden des Feuers, das Lagern von Holz und das Aufr\u00e4umen der Asche, was eine komfortablere Alternative zu herk\u00f6mmlichen Feuerstellen darstellt.<\/p>\n<p>Die Feuerstelle bietet ausreichend Platz f\u00fcr die diskrete Aufbewahrung des Brennstoffs im Inneren und sorgt f\u00fcr ein sauberes und aufger\u00e4umtes Erscheinungsbild. Dieses Design verbessert nicht nur die Sicherheit, indem es den Gastank vor den Elementen sch\u00fctzt, sondern sorgt auch f\u00fcr eine nahtlose Integration in jede Innen- oder Au\u00dfenumgebung.<\/p>\n<p><strong><span style=\"font-size: 14pt;\">Produktspezifikation:<\/span><\/strong><\/p>\n<table>\n<tbody>\n<tr>\n<td width=\"181\">Produktname<\/td>\n<td width=\"385\">Schwarzer rechteckiger Gas-Feuerplatz<\/td>\n<\/tr>\n<tr>\n<td width=\"181\">Material<\/td>\n<td width=\"385\">Cortenstahl<\/td>\n<\/tr>\n<tr>\n<td width=\"181\">Farbe<\/td>\n<td width=\"385\">Rostrot &amp; Schwarz<\/td>\n<\/tr>\n<tr>\n<td width=\"181\">Typ<\/td>\n<td width=\"385\">Morden Feuerstelle<\/td>\n<\/tr>\n<tr>\n<td width=\"181\">Gr\u00f6\u00dfe<\/td>\n<td width=\"385\">1200*500*600mm oder kundenspezifisch<\/td>\n<\/tr>\n<tr>\n<td width=\"181\">Technologie<\/td>\n<td width=\"385\">Biegen &amp; Schwei\u00dfen &amp; Vor-Oberfl\u00e4che<\/td>\n<\/tr>\n<tr>\n<td width=\"181\">Gebraucht<\/td>\n<td width=\"385\">Haus Hof &amp; Garten &amp; Park &amp; Outdoor<\/td>\n<\/tr>\n<\/tbody>\n<\/table>\n<p><strong><span style=\"font-size: 14pt;\">Produktbilder:<\/span><\/strong><\/p>\n<p><img fetchpriority=\"high\" decoding=\"async\" class=\"alignnone wp-image-2586 size-full\" src=\"https:\/\/jblcorten.com\/wp-content\/uploads\/2025\/03\/black-rectangular-propane-fire-pit.jpg\" alt=\"\" width=\"750\" height=\"500\" title=\"\" srcset=\"https:\/\/jblcorten.com\/wp-content\/uploads\/2025\/03\/black-rectangular-propane-fire-pit.jpg 750w, https:\/\/jblcorten.com\/wp-content\/uploads\/2025\/03\/black-rectangular-propane-fire-pit-600x400.jpg 600w, https:\/\/jblcorten.com\/wp-content\/uploads\/2025\/03\/black-rectangular-propane-fire-pit-300x200.jpg 300w, https:\/\/jblcorten.com\/wp-content\/uploads\/2025\/03\/black-rectangular-propane-fire-pit-18x12.jpg 18w\" sizes=\"(max-width: 750px) 100vw, 750px\" \/><br \/>\n<img decoding=\"async\" class=\"alignleft wp-image-2587 size-full\" src=\"https:\/\/jblcorten.com\/wp-content\/uploads\/2025\/03\/rectangle-natural-gas-fire-table.jpg\" alt=\"\" width=\"750\" height=\"500\" title=\"\" srcset=\"https:\/\/jblcorten.com\/wp-content\/uploads\/2025\/03\/rectangle-natural-gas-fire-table.jpg 750w, https:\/\/jblcorten.com\/wp-content\/uploads\/2025\/03\/rectangle-natural-gas-fire-table-600x400.jpg 600w, https:\/\/jblcorten.com\/wp-content\/uploads\/2025\/03\/rectangle-natural-gas-fire-table-300x200.jpg 300w, https:\/\/jblcorten.com\/wp-content\/uploads\/2025\/03\/rectangle-natural-gas-fire-table-18x12.jpg 18w\" sizes=\"(max-width: 750px) 100vw, 750px\" \/><br \/>\n<img decoding=\"async\" class=\"alignnone size-full wp-image-2588\" src=\"https:\/\/jblcorten.com\/wp-content\/uploads\/2025\/03\/fire-pit-propane-rectangle.jpg\" alt=\"\" width=\"750\" height=\"500\" title=\"\" srcset=\"https:\/\/jblcorten.com\/wp-content\/uploads\/2025\/03\/fire-pit-propane-rectangle.jpg 750w, https:\/\/jblcorten.com\/wp-content\/uploads\/2025\/03\/fire-pit-propane-rectangle-600x400.jpg 600w, https:\/\/jblcorten.com\/wp-content\/uploads\/2025\/03\/fire-pit-propane-rectangle-300x200.jpg 300w, https:\/\/jblcorten.com\/wp-content\/uploads\/2025\/03\/fire-pit-propane-rectangle-18x12.jpg 18w\" sizes=\"(max-width: 750px) 100vw, 750px\" \/><\/p>\n<p><strong><span style=\"font-size: 14pt;\">Produkt-Verpackung:<\/span><\/strong><\/p>\n<p><img loading=\"lazy\" decoding=\"async\" class=\"alignnone wp-image-2576\" src=\"https:\/\/jblcorten.com\/wp-content\/uploads\/2025\/03\/fire-pit-gas-rectangle.jpg\" alt=\"\" width=\"750\" height=\"1125\" title=\"\" srcset=\"https:\/\/jblcorten.com\/wp-content\/uploads\/2025\/03\/fire-pit-gas-rectangle.jpg 1000w, https:\/\/jblcorten.com\/wp-content\/uploads\/2025\/03\/fire-pit-gas-rectangle-600x900.jpg 600w, https:\/\/jblcorten.com\/wp-content\/uploads\/2025\/03\/fire-pit-gas-rectangle-200x300.jpg 200w, https:\/\/jblcorten.com\/wp-content\/uploads\/2025\/03\/fire-pit-gas-rectangle-683x1024.jpg 683w, https:\/\/jblcorten.com\/wp-content\/uploads\/2025\/03\/fire-pit-gas-rectangle-768x1152.jpg 768w, https:\/\/jblcorten.com\/wp-content\/uploads\/2025\/03\/fire-pit-gas-rectangle-8x12.jpg 8w\" sizes=\"(max-width: 750px) 100vw, 750px\" \/><\/p>\n<p><strong><span style=\"font-size: 14pt;\">FAQ:<\/span><\/strong><\/p>\n<p>1.Q:Sind Sie ein Handelsunternehmen oder ein Hersteller?<br \/>\nA: Wir haben unsere eigene Fabrik.<\/p>\n<p>2.Q:Akzeptieren Sie OEM?<br \/>\nA: Ja, das tun wir, viele Designs sind verf\u00fcgbar und wenn Sie sie anpassen m\u00fcssen, ist das kein Problem.<\/p>\n<p>3.Q: Alle Feuerstellen sind f\u00fcr die Verwendung mit Erdgas, kommen sie mit einem Propan-Umr\u00fcstsatz?<br \/>\nA: Ja, wenn Sie es brauchen, k\u00f6nnen wir es anbieten.<\/p>","protected":false},"excerpt":{"rendered":"<p>Die schwarze, rechteckige Gas-Feuerstelle ist aus hochwertigem Cortenstahl gefertigt, der f\u00fcr au\u00dfergew\u00f6hnliche Haltbarkeit und Witterungsbest\u00e4ndigkeit sorgt und eine glatte schwarze Oberfl\u00e4che aufweist. Die rechteckige Form bietet reichlich Platz f\u00fcr die Flammen, um einen beeindruckenden visuellen Effekt zu erzeugen.<\/p>","protected":false},"featured_media":2581,"template":"","meta":{"site-sidebar-layout":"default","site-content-layout":"","ast-site-content-layout":"default","site-content-style":"default","site-sidebar-style":"default","ast-global-header-display":"","ast-banner-title-visibility":"","ast-main-header-display":"","ast-hfb-above-header-display":"","ast-hfb-below-header-display":"","ast-hfb-mobile-header-display":"","site-post-title":"","ast-breadcrumbs-content":"","ast-featured-img":"","footer-sml-layout":"","ast-disable-related-posts":"","theme-transparent-header-meta":"default","adv-header-id-meta":"","stick-header-meta":"","header-above-stick-meta":"","header-main-stick-meta":"","header-below-stick-meta":"","astra-migrate-meta-layouts":"set","ast-page-background-enabled":"default","ast-page-background-meta":{"desktop":{"background-color":"var(--ast-global-color-4)","background-image":"","background-repeat":"repeat","background-position":"center center","background-size":"auto","background-attachment":"scroll","background-type":"","background-media":"","overlay-type":"","overlay-color":"","overlay-opacity":"","overlay-gradient":""},"tablet":{"background-color":"","background-image":"","background-repeat":"repeat","background-position":"center center","background-size":"auto","background-attachment":"scroll","background-type":"","background-media":"","overlay-type":"","overlay-color":"","overlay-opacity":"","overlay-gradient":""},"mobile":{"background-color":"","background-image":"","background-repeat":"repeat","background-position":"center center","background-size":"auto","background-attachment":"scroll","background-type":"","background-media":"","overlay-type":"","overlay-color":"","overlay-opacity":"","overlay-gradient":""}},"ast-content-background-meta":{"desktop":{"background-color":"var(--ast-global-color-5)","background-image":"","background-repeat":"repeat","background-position":"center center","background-size":"auto","background-attachment":"scroll","background-type":"","background-media":"","overlay-type":"","overlay-color":"","overlay-opacity":"","overlay-gradient":""},"tablet":{"background-color":"var(--ast-global-color-5)","background-image":"","background-repeat":"repeat","background-position":"center center","background-size":"auto","background-attachment":"scroll","background-type":"","background-media":"","overlay-type":"","overlay-color":"","overlay-opacity":"","overlay-gradient":""},"mobile":{"background-color":"var(--ast-global-color-5)","background-image":"","background-repeat":"repeat","background-position":"center center","background-size":"auto","background-attachment":"scroll","background-type":"","background-media":"","overlay-type":"","overlay-color":"","overlay-opacity":"","overlay-gradient":""}}},"product_brand":[],"product_cat":[29,47],"product_tag":[],"class_list":{"0":"post-2578","1":"product","2":"type-product","3":"status-publish","4":"has-post-thumbnail","6":"product_cat-fire-pit","7":"product_cat-gas-fire-pit","8":"desktop-align-center","9":"tablet-align-left","10":"mobile-align-left","12":"first","13":"instock","14":"shipping-taxable","15":"product-type-simple"},"_links":{"self":[{"href":"https:\/\/jblcorten.com\/de\/wp-json\/wp\/v2\/product\/2578","targetHints":{"allow":["GET"]}}],"collection":[{"href":"https:\/\/jblcorten.com\/de\/wp-json\/wp\/v2\/product"}],"about":[{"href":"https:\/\/jblcorten.com\/de\/wp-json\/wp\/v2\/types\/product"}],"wp:featuredmedia":[{"embeddable":true,"href":"https:\/\/jblcorten.com\/de\/wp-json\/wp\/v2\/media\/2581"}],"wp:attachment":[{"href":"https:\/\/jblcorten.com\/de\/wp-json\/wp\/v2\/media?parent=2578"}],"wp:term":[{"taxonomy":"product_brand","embeddable":true,"href":"https:\/\/jblcorten.com\/de\/wp-json\/wp\/v2\/product_brand?post=2578"},{"taxonomy":"product_cat","embeddable":true,"href":"https:\/\/jblcorten.com\/de\/wp-json\/wp\/v2\/product_cat?post=2578"},{"taxonomy":"product_tag","embeddable":true,"href":"https:\/\/jblcorten.com\/de\/wp-json\/wp\/v2\/product_tag?post=2578"}],"curies":[{"name":"wp","href":"https:\/\/api.w.org\/{rel}","templated":true}]}}