{"id":2554,"date":"2025-03-27T03:44:31","date_gmt":"2025-03-27T03:44:31","guid":{"rendered":"https:\/\/jblcorten.com\/?post_type=product&#038;p=2554"},"modified":"2025-03-27T03:45:50","modified_gmt":"2025-03-27T03:45:50","slug":"cortengas-feuerstelle","status":"publish","type":"product","link":"https:\/\/jblcorten.com\/de\/corten-gas-fire-pit\/","title":{"rendered":"Corten Gas Feuerstelle"},"content":{"rendered":"<h2 style=\"text-align: center;\"><span style=\"font-size: 14pt;\">Corten Gas Feuerstelle<\/span><\/h2>\n<p>Die Corten-Gas-Feuerstelle ist einfach zu bedienen. Corten-Gas-Feuerstelle z\u00fcndet sofort mit einem einfachen Druckknopf oder elektronischen Z\u00fcndsystem. Es bietet einstellbare Flammen, so dass die Benutzer die W\u00e4rmeabgabe nach ihren Bed\u00fcrfnissen steuern k\u00f6nnen. Au\u00dferdem entf\u00e4llt bei Corten-Gas-Feuerstellen die l\u00e4stige Asche-, Rauch- und Holzlagerung, was sie zu einer sauberen und effizienten Alternative macht. Sie wird in der Regel mit Propan- oder Erdgas betrieben, so dass der Benutzer die Flexibilit\u00e4t hat, die Brennstoffquelle zu w\u00e4hlen, die am besten zu seinem Au\u00dfenbereich passt.<\/p>\n<p>* Diese Cortengas-Feuerstelle ist rostbehandelt. Wenn Sie uns nicht brauchen, um es zu rosten zu behandeln, <a href=\"\/de\/kontaktieren-sie-uns\/\">k\u00f6nnen Sie mit uns kommunizieren.<\/a><\/p>\n<p><strong><span style=\"font-size: 14pt;\">Produktspezifikation:<\/span><\/strong><\/p>\n<table>\n<tbody>\n<tr>\n<td style=\"text-align: left; vertical-align: middle;\">Produktname<\/td>\n<td style=\"text-align: left; vertical-align: middle;\">Corten Gas Feuerstelle<\/td>\n<\/tr>\n<tr>\n<td style=\"text-align: left; vertical-align: middle;\">Material<\/td>\n<td style=\"text-align: left; vertical-align: middle;\">Cortenstahl, rostfreier Stahl<\/td>\n<\/tr>\n<tr>\n<td style=\"text-align: left; vertical-align: middle;\">Kraftstoff<\/td>\n<td style=\"text-align: left; vertical-align: middle;\">Erdgas oder Propan<\/td>\n<\/tr>\n<tr>\n<td style=\"text-align: left; vertical-align: middle;\">Gr\u00f6\u00dfe<\/td>\n<td style=\"text-align: left; vertical-align: middle;\">600*600*400mm\/600*600*600mm (kundenspezifisch)<\/td>\n<\/tr>\n<tr>\n<td style=\"text-align: left; vertical-align: middle;\">Oberfl\u00e4chenbehandlung<\/td>\n<td style=\"text-align: left; vertical-align: middle;\">Vorgerostet, schwarz lackiert, kann angepasst werden<\/td>\n<\/tr>\n<tr>\n<td style=\"text-align: left; vertical-align: middle;\">Paket<\/td>\n<td style=\"text-align: left; vertical-align: middle;\">Innen: verschlei\u00dffestes Schaumstoffpapier<br \/>\nAu\u00dfenseite : Sperrholzkiste<\/td>\n<\/tr>\n<\/tbody>\n<\/table>\n<p><strong><span style=\"font-size: 14pt;\">Einzelheiten zum Produkt:<\/span><\/strong><\/p>\n<p>Die Corten-Gas-Feuerstelle hat einen herausnehmbaren Gasbrenner aus Edelstahl im Inneren installiert.<\/p>\n<p><img fetchpriority=\"high\" decoding=\"async\" class=\"alignnone wp-image-2561\" src=\"https:\/\/jblcorten.com\/wp-content\/uploads\/2025\/03\/natural-gas-patio-fire-pit.jpg\" alt=\"\" width=\"750\" height=\"375\" title=\"\" srcset=\"https:\/\/jblcorten.com\/wp-content\/uploads\/2025\/03\/natural-gas-patio-fire-pit.jpg 1000w, https:\/\/jblcorten.com\/wp-content\/uploads\/2025\/03\/natural-gas-patio-fire-pit-600x300.jpg 600w, https:\/\/jblcorten.com\/wp-content\/uploads\/2025\/03\/natural-gas-patio-fire-pit-300x150.jpg 300w, https:\/\/jblcorten.com\/wp-content\/uploads\/2025\/03\/natural-gas-patio-fire-pit-768x384.jpg 768w, https:\/\/jblcorten.com\/wp-content\/uploads\/2025\/03\/natural-gas-patio-fire-pit-18x9.jpg 18w\" sizes=\"(max-width: 750px) 100vw, 750px\" \/><\/p>\n<p><img decoding=\"async\" class=\"alignnone wp-image-2562 size-full\" src=\"https:\/\/jblcorten.com\/wp-content\/uploads\/2025\/03\/natural-gas-fire-pit.jpg\" alt=\"\" width=\"750\" height=\"500\" title=\"\" srcset=\"https:\/\/jblcorten.com\/wp-content\/uploads\/2025\/03\/natural-gas-fire-pit.jpg 750w, https:\/\/jblcorten.com\/wp-content\/uploads\/2025\/03\/natural-gas-fire-pit-600x400.jpg 600w, https:\/\/jblcorten.com\/wp-content\/uploads\/2025\/03\/natural-gas-fire-pit-300x200.jpg 300w, https:\/\/jblcorten.com\/wp-content\/uploads\/2025\/03\/natural-gas-fire-pit-18x12.jpg 18w\" sizes=\"(max-width: 750px) 100vw, 750px\" \/><\/p>\n<p><strong><span style=\"font-size: 14pt;\">Produkt-Verpackung:<\/span><\/strong><\/p>\n<p><img decoding=\"async\" class=\"alignnone size-full wp-image-2563\" src=\"https:\/\/jblcorten.com\/wp-content\/uploads\/2025\/03\/fire-pit-packing.png\" alt=\"\" width=\"750\" height=\"548\" title=\"\" srcset=\"https:\/\/jblcorten.com\/wp-content\/uploads\/2025\/03\/fire-pit-packing.png 750w, https:\/\/jblcorten.com\/wp-content\/uploads\/2025\/03\/fire-pit-packing-600x438.png 600w, https:\/\/jblcorten.com\/wp-content\/uploads\/2025\/03\/fire-pit-packing-300x219.png 300w, https:\/\/jblcorten.com\/wp-content\/uploads\/2025\/03\/fire-pit-packing-16x12.png 16w\" sizes=\"(max-width: 750px) 100vw, 750px\" \/><\/p>","protected":false},"excerpt":{"rendered":"<p>Die Corten-Gas-Feuerstelle ist eine moderne Heiz- und Dekorationsl\u00f6sung f\u00fcr den Au\u00dfenbereich, die die einzigartige Sch\u00f6nheit von verwittertem Stahl mit dem Komfort einer Gasflamme kombiniert.<\/p>\n<p>Im Gegensatz zu traditionellen Feuerstellen, die Holz oder Holzkohle ben\u00f6tigen, bieten Cortengas-Feuerstellen ein sauberes, rauchfreies Erlebnis.<\/p>","protected":false},"featured_media":2555,"template":"","meta":{"site-sidebar-layout":"default","site-content-layout":"","ast-site-content-layout":"default","site-content-style":"default","site-sidebar-style":"default","ast-global-header-display":"","ast-banner-title-visibility":"","ast-main-header-display":"","ast-hfb-above-header-display":"","ast-hfb-below-header-display":"","ast-hfb-mobile-header-display":"","site-post-title":"","ast-breadcrumbs-content":"","ast-featured-img":"","footer-sml-layout":"","ast-disable-related-posts":"","theme-transparent-header-meta":"default","adv-header-id-meta":"","stick-header-meta":"","header-above-stick-meta":"","header-main-stick-meta":"","header-below-stick-meta":"","astra-migrate-meta-layouts":"set","ast-page-background-enabled":"default","ast-page-background-meta":{"desktop":{"background-color":"var(--ast-global-color-4)","background-image":"","background-repeat":"repeat","background-position":"center center","background-size":"auto","background-attachment":"scroll","background-type":"","background-media":"","overlay-type":"","overlay-color":"","overlay-opacity":"","overlay-gradient":""},"tablet":{"background-color":"","background-image":"","background-repeat":"repeat","background-position":"center center","background-size":"auto","background-attachment":"scroll","background-type":"","background-media":"","overlay-type":"","overlay-color":"","overlay-opacity":"","overlay-gradient":""},"mobile":{"background-color":"","background-image":"","background-repeat":"repeat","background-position":"center center","background-size":"auto","background-attachment":"scroll","background-type":"","background-media":"","overlay-type":"","overlay-color":"","overlay-opacity":"","overlay-gradient":""}},"ast-content-background-meta":{"desktop":{"background-color":"var(--ast-global-color-5)","background-image":"","background-repeat":"repeat","background-position":"center center","background-size":"auto","background-attachment":"scroll","background-type":"","background-media":"","overlay-type":"","overlay-color":"","overlay-opacity":"","overlay-gradient":""},"tablet":{"background-color":"var(--ast-global-color-5)","background-image":"","background-repeat":"repeat","background-position":"center center","background-size":"auto","background-attachment":"scroll","background-type":"","background-media":"","overlay-type":"","overlay-color":"","overlay-opacity":"","overlay-gradient":""},"mobile":{"background-color":"var(--ast-global-color-5)","background-image":"","background-repeat":"repeat","background-position":"center center","background-size":"auto","background-attachment":"scroll","background-type":"","background-media":"","overlay-type":"","overlay-color":"","overlay-opacity":"","overlay-gradient":""}}},"product_brand":[],"product_cat":[29,47],"product_tag":[],"class_list":{"0":"post-2554","1":"product","2":"type-product","3":"status-publish","4":"has-post-thumbnail","6":"product_cat-fire-pit","7":"product_cat-gas-fire-pit","8":"desktop-align-center","9":"tablet-align-left","10":"mobile-align-left","12":"first","13":"instock","14":"shipping-taxable","15":"product-type-simple"},"_links":{"self":[{"href":"https:\/\/jblcorten.com\/de\/wp-json\/wp\/v2\/product\/2554","targetHints":{"allow":["GET"]}}],"collection":[{"href":"https:\/\/jblcorten.com\/de\/wp-json\/wp\/v2\/product"}],"about":[{"href":"https:\/\/jblcorten.com\/de\/wp-json\/wp\/v2\/types\/product"}],"wp:featuredmedia":[{"embeddable":true,"href":"https:\/\/jblcorten.com\/de\/wp-json\/wp\/v2\/media\/2555"}],"wp:attachment":[{"href":"https:\/\/jblcorten.com\/de\/wp-json\/wp\/v2\/media?parent=2554"}],"wp:term":[{"taxonomy":"product_brand","embeddable":true,"href":"https:\/\/jblcorten.com\/de\/wp-json\/wp\/v2\/product_brand?post=2554"},{"taxonomy":"product_cat","embeddable":true,"href":"https:\/\/jblcorten.com\/de\/wp-json\/wp\/v2\/product_cat?post=2554"},{"taxonomy":"product_tag","embeddable":true,"href":"https:\/\/jblcorten.com\/de\/wp-json\/wp\/v2\/product_tag?post=2554"}],"curies":[{"name":"wp","href":"https:\/\/api.w.org\/{rel}","templated":true}]}}