{"id":2522,"date":"2025-03-24T08:37:07","date_gmt":"2025-03-24T08:37:07","guid":{"rendered":"https:\/\/jblcorten.com\/?post_type=product&#038;p=2522"},"modified":"2025-03-24T08:48:07","modified_gmt":"2025-03-24T08:48:07","slug":"holzbefeuerte-feuerstelle-fur-die-terrasse","status":"publish","type":"product","link":"https:\/\/jblcorten.com\/de\/wood-burning-patio-fire-pit\/","title":{"rendered":"Holzbefeuerte Feuerstelle auf der Terrasse"},"content":{"rendered":"<p style=\"text-align: center;\"><strong><span style=\"font-size: 14pt;\">Holzbefeuerte Feuerstelle auf der Terrasse<\/span><\/strong><\/p>\n<p>Ein mit Holz befeuerter Terrassenkamin bietet ein realistisches Flammenerlebnis. Im Gegensatz zu Gas- oder Elektrokaminen vermitteln Holzkamine ein rustikales, nat\u00fcrliches Gef\u00fchl mit echten Flammen, knisternden Ger\u00e4uschen und dem charakteristischen Aroma von brennendem Holz. Die flackernden Flammen schaffen eine entspannende Atmosph\u00e4re, die sich perfekt f\u00fcr das Zelten mit Freunden eignet. Dar\u00fcber hinaus ist die W\u00e4rme, die von holzbefeuerten Terrassenkaminen erzeugt wird, in der Regel st\u00e4rker als bei anderen Arten von Kaminen, wodurch Au\u00dfenbereiche effektiver erw\u00e4rmt werden k\u00f6nnen.<\/p>\n<p>Bei der Auswahl einer holzbefeuerten Feuerstelle f\u00fcr die Terrasse sind das Material und die Haltbarkeit einer der Faktoren, die zu ber\u00fccksichtigen sind. Die Feuerstelle ist aus Stahl mit einer hochtemperaturbest\u00e4ndigen Beschichtung gefertigt. Diese Feuerstelle kann die W\u00e4rme gut speichern und effizient abstrahlen und ist au\u00dferdem rostfrei und korrosionsbest\u00e4ndig. Diese Feuerstelle ist auch mit dekorativen Elementen wie sch\u00f6nen Hohlk\u00f6rpermustern oder k\u00fcnstlerischen Beschichtungen versehen, die der Terrasse einen stilvollen Touch verleihen.<\/p>\n<p><strong><span style=\"font-size: 14pt;\">Produktspezifikation:<\/span><\/strong><\/p>\n<table style=\"border-collapse: collapse; width: 100%; height: 265px;\">\n<tbody>\n<tr style=\"height: 53px; background-color: #cfcfcf;\">\n<td style=\"width: 27.4869%; height: 53px;\">Produktname<\/td>\n<td style=\"width: 72.5131%; height: 53px;\">Holzbefeuerte Feuerstelle auf der Terrasse<\/td>\n<\/tr>\n<tr style=\"height: 53px;\">\n<td style=\"width: 27.4869%; height: 53px;\">Material<\/td>\n<td style=\"width: 72.5131%; height: 53px;\">Stahl<\/td>\n<\/tr>\n<tr style=\"height: 53px;\">\n<td style=\"width: 27.4869%; height: 53px;\">Kraftstoff<\/td>\n<td style=\"width: 72.5131%; height: 53px;\">Holz<\/td>\n<\/tr>\n<tr style=\"height: 53px;\">\n<td style=\"width: 27.4869%; height: 53px;\">Farbe<\/td>\n<td style=\"width: 72.5131%; height: 53px;\">Schwarz<\/td>\n<\/tr>\n<tr style=\"height: 53px;\">\n<td style=\"width: 27.4869%; height: 53px;\">Gr\u00f6\u00dfe<\/td>\n<td style=\"width: 72.5131%; height: 53px;\">68,0*30,5*69,5cm<\/td>\n<\/tr>\n<tr>\n<td style=\"width: 27.4869%;\">Gewicht<\/td>\n<td style=\"width: 72.5131%;\">10,5 kg<\/td>\n<\/tr>\n<\/tbody>\n<\/table>\n<p><strong><span style=\"font-size: 14pt;\">Einzelheiten zum Produkt:<\/span><\/strong><\/p>\n<p>Diese holzbefeuerte Feuerstelle f\u00fcr die Terrasse ist vielseitig: Sie kann sowohl zum Heizen als auch zum Grillen verwendet werden.<\/p>\n<p><img fetchpriority=\"high\" decoding=\"async\" class=\"alignnone wp-image-2528\" src=\"https:\/\/jblcorten.com\/wp-content\/uploads\/2025\/03\/Wood-Burning-Patio-Fire-Pit-for-sale.jpg\" alt=\"\" width=\"750\" height=\"375\" title=\"\" srcset=\"https:\/\/jblcorten.com\/wp-content\/uploads\/2025\/03\/Wood-Burning-Patio-Fire-Pit-for-sale.jpg 1000w, https:\/\/jblcorten.com\/wp-content\/uploads\/2025\/03\/Wood-Burning-Patio-Fire-Pit-for-sale-600x300.jpg 600w, https:\/\/jblcorten.com\/wp-content\/uploads\/2025\/03\/Wood-Burning-Patio-Fire-Pit-for-sale-300x150.jpg 300w, https:\/\/jblcorten.com\/wp-content\/uploads\/2025\/03\/Wood-Burning-Patio-Fire-Pit-for-sale-768x384.jpg 768w, https:\/\/jblcorten.com\/wp-content\/uploads\/2025\/03\/Wood-Burning-Patio-Fire-Pit-for-sale-18x9.jpg 18w\" sizes=\"(max-width: 750px) 100vw, 750px\" \/><\/p>\n<p><strong><span style=\"font-size: 14pt;\">Produkt-Verpackung:<\/span><\/strong><\/p>\n<p><img decoding=\"async\" class=\"alignnone wp-image-2529\" src=\"https:\/\/jblcorten.com\/wp-content\/uploads\/2025\/03\/fire-pit-supplier.jpg\" alt=\"\" width=\"750\" height=\"375\" title=\"\" srcset=\"https:\/\/jblcorten.com\/wp-content\/uploads\/2025\/03\/fire-pit-supplier.jpg 1000w, https:\/\/jblcorten.com\/wp-content\/uploads\/2025\/03\/fire-pit-supplier-600x300.jpg 600w, https:\/\/jblcorten.com\/wp-content\/uploads\/2025\/03\/fire-pit-supplier-300x150.jpg 300w, https:\/\/jblcorten.com\/wp-content\/uploads\/2025\/03\/fire-pit-supplier-768x384.jpg 768w, https:\/\/jblcorten.com\/wp-content\/uploads\/2025\/03\/fire-pit-supplier-18x9.jpg 18w\" sizes=\"(max-width: 750px) 100vw, 750px\" \/><\/p>\n<p><strong><span style=\"font-size: 14pt;\">FAQ:<\/span><\/strong><\/p>\n<p>1.Q:Sind Sie ein Handelsunternehmen oder ein Hersteller?<br \/>\nA: Wir haben unsere eigene Fabrik.<\/p>\n<p>2. Q: Wie sieht es mit der Lieferfrist aus?<br \/>\nA: Innerhalb von 10-30 Tagen nach Erhalt der Anzahlung oder LC auf Sicht. Es h\u00e4ngt auch von der Menge der Produkte.<\/p>\n<p>3.Q: Machen Sie ma\u00dfgeschneiderte Produkte auf der Grundlage unserer Design-Zeichnungen oder Ideen?<br \/>\nA: Ja, wir sind ein professioneller Hersteller von Cortenstahl und verf\u00fcgen \u00fcber ein erfahrenes Ingenieurteam, das ma\u00dfgeschneiderte Produkte nach den Zeichnungen und Ideen der Kunden herstellt.<\/p>","protected":false},"excerpt":{"rendered":"<p>Die holzbefeuerte Terrassenfeuerstelle ist aus Stahl mit einer hochtemperaturbest\u00e4ndigen Beschichtung hergestellt. Diese Feuerstelle kann die W\u00e4rme gut speichern und effizient abstrahlen, und diese Feuerstelle ist auch rostfrei und korrosionsbest\u00e4ndig.<\/p>\n<p>Diese Feuerstelle ist auch mit dekorativen Elementen wie sch\u00f6nen Hohlmustern oder k\u00fcnstlerischen Beschichtungen versehen, die der Terrasse einen stilvollen Touch verleihen.<\/p>","protected":false},"featured_media":2523,"template":"","meta":{"site-sidebar-layout":"default","site-content-layout":"","ast-site-content-layout":"default","site-content-style":"default","site-sidebar-style":"default","ast-global-header-display":"","ast-banner-title-visibility":"","ast-main-header-display":"","ast-hfb-above-header-display":"","ast-hfb-below-header-display":"","ast-hfb-mobile-header-display":"","site-post-title":"","ast-breadcrumbs-content":"","ast-featured-img":"","footer-sml-layout":"","ast-disable-related-posts":"","theme-transparent-header-meta":"default","adv-header-id-meta":"","stick-header-meta":"","header-above-stick-meta":"","header-main-stick-meta":"","header-below-stick-meta":"","astra-migrate-meta-layouts":"set","ast-page-background-enabled":"default","ast-page-background-meta":{"desktop":{"background-color":"var(--ast-global-color-4)","background-image":"","background-repeat":"repeat","background-position":"center center","background-size":"auto","background-attachment":"scroll","background-type":"","background-media":"","overlay-type":"","overlay-color":"","overlay-opacity":"","overlay-gradient":""},"tablet":{"background-color":"","background-image":"","background-repeat":"repeat","background-position":"center center","background-size":"auto","background-attachment":"scroll","background-type":"","background-media":"","overlay-type":"","overlay-color":"","overlay-opacity":"","overlay-gradient":""},"mobile":{"background-color":"","background-image":"","background-repeat":"repeat","background-position":"center center","background-size":"auto","background-attachment":"scroll","background-type":"","background-media":"","overlay-type":"","overlay-color":"","overlay-opacity":"","overlay-gradient":""}},"ast-content-background-meta":{"desktop":{"background-color":"var(--ast-global-color-5)","background-image":"","background-repeat":"repeat","background-position":"center center","background-size":"auto","background-attachment":"scroll","background-type":"","background-media":"","overlay-type":"","overlay-color":"","overlay-opacity":"","overlay-gradient":""},"tablet":{"background-color":"var(--ast-global-color-5)","background-image":"","background-repeat":"repeat","background-position":"center center","background-size":"auto","background-attachment":"scroll","background-type":"","background-media":"","overlay-type":"","overlay-color":"","overlay-opacity":"","overlay-gradient":""},"mobile":{"background-color":"var(--ast-global-color-5)","background-image":"","background-repeat":"repeat","background-position":"center center","background-size":"auto","background-attachment":"scroll","background-type":"","background-media":"","overlay-type":"","overlay-color":"","overlay-opacity":"","overlay-gradient":""}}},"product_brand":[],"product_cat":[29,45],"product_tag":[63],"class_list":{"0":"post-2522","1":"product","2":"type-product","3":"status-publish","4":"has-post-thumbnail","6":"product_cat-fire-pit","7":"product_cat-wood-burning-fire-pit","8":"product_tag-fire-pit","9":"desktop-align-center","10":"tablet-align-left","11":"mobile-align-left","13":"first","14":"instock","15":"featured","16":"shipping-taxable","17":"product-type-simple"},"_links":{"self":[{"href":"https:\/\/jblcorten.com\/de\/wp-json\/wp\/v2\/product\/2522","targetHints":{"allow":["GET"]}}],"collection":[{"href":"https:\/\/jblcorten.com\/de\/wp-json\/wp\/v2\/product"}],"about":[{"href":"https:\/\/jblcorten.com\/de\/wp-json\/wp\/v2\/types\/product"}],"wp:featuredmedia":[{"embeddable":true,"href":"https:\/\/jblcorten.com\/de\/wp-json\/wp\/v2\/media\/2523"}],"wp:attachment":[{"href":"https:\/\/jblcorten.com\/de\/wp-json\/wp\/v2\/media?parent=2522"}],"wp:term":[{"taxonomy":"product_brand","embeddable":true,"href":"https:\/\/jblcorten.com\/de\/wp-json\/wp\/v2\/product_brand?post=2522"},{"taxonomy":"product_cat","embeddable":true,"href":"https:\/\/jblcorten.com\/de\/wp-json\/wp\/v2\/product_cat?post=2522"},{"taxonomy":"product_tag","embeddable":true,"href":"https:\/\/jblcorten.com\/de\/wp-json\/wp\/v2\/product_tag?post=2522"}],"curies":[{"name":"wp","href":"https:\/\/api.w.org\/{rel}","templated":true}]}}