{"id":2517,"date":"2025-03-24T07:28:04","date_gmt":"2025-03-24T07:28:04","guid":{"rendered":"https:\/\/jblcorten.com\/?post_type=product&#038;p=2517"},"modified":"2025-03-24T07:30:35","modified_gmt":"2025-03-24T07:30:35","slug":"feuerschale-aus-cortenstahl","status":"publish","type":"product","link":"https:\/\/jblcorten.com\/de\/corten-steel-fire-bowl\/","title":{"rendered":"Cortenstahl Feuerschale"},"content":{"rendered":"<p>Eine Feuerschale aus Cortenstahl wertet Ihre Terrasse, Ihren Garten oder Ihren Hof optisch auf. Sie ist aus Cortenstahl gefertigt, einem Material, das besonders witterungsbest\u00e4ndig ist. Bei der Verwendung im Freien bildet die Stahloberfl\u00e4che mit der Zeit eine einzigartige Rostschicht. Dieser nat\u00fcrliche Oxidationsprozess verleiht der Feuerstelle nicht nur eine klassische, industrielle \u00c4sthetik, sondern bildet auch eine Schutzbarriere, die weitere Korrosion verhindert und so die Lebensdauer der Feuerschale verl\u00e4ngert.<\/p>\n<p>Feuerschalen aus Cortenstahl haben hervorragende W\u00e4rmespeichereigenschaften. Die dicke Stahlstruktur absorbiert und leitet die W\u00e4rme effektiv ab und schafft eine warme und gem\u00fctliche Atmosph\u00e4re f\u00fcr Zusammenk\u00fcnfte im Freien. Diese Feuerschalen k\u00f6nnen mit Holz oder Holzkohle befeuert werden, je nach Modell und Bedarf des Benutzers. Mit Holz befeuerte Feuerschalen bieten ein realistisches Lagerfeuererlebnis mit knisternden Ger\u00e4uschen und einem nat\u00fcrlichen W\u00e4rmegef\u00fchl, wenn die Flammen brennen.<\/p>\n<p><strong><span style=\"font-size: 14pt;\">Produktspezifikation:<\/span><\/strong><\/p>\n<table>\n<tbody>\n<tr style=\"background-color: #cfcfcf;\">\n<td>Name des Produkts<\/td>\n<td>Cortenstahl Feuerschale<\/td>\n<\/tr>\n<tr>\n<td>Oberfl\u00e4chenbehandlung<\/td>\n<td>Rost Korrosion<\/td>\n<\/tr>\n<tr>\n<td>Typ<\/td>\n<td>Feuerstelle<\/td>\n<\/tr>\n<tr>\n<td>Material<\/td>\n<td>Cortenstahl<\/td>\n<\/tr>\n<tr>\n<td>Gr\u00f6\u00dfe des Produkts<\/td>\n<td>600*600*300mm\/800*800*345\/1000*1000*385mm<\/td>\n<\/tr>\n<tr>\n<td>Gestaltung<\/td>\n<td>Viele Ausf\u00fchrungen sind je nach Kundenanforderung erh\u00e4ltlich<\/td>\n<\/tr>\n<tr>\n<td>Gewicht<\/td>\n<td>10.3\/17.9\/38.5kg<\/td>\n<\/tr>\n<tr>\n<td>Kundenspezifischer Design-Service<\/td>\n<td>Ja<\/td>\n<\/tr>\n<tr>\n<td>Details zur Verpackung<\/td>\n<td>Sperrholzkiste &amp; Stahlrahmen<\/td>\n<\/tr>\n<tr>\n<td>Bemerkungen<\/td>\n<td>Jede Feuerstelle kann in Farbe und Gr\u00f6\u00dfe angepasst werden.<\/td>\n<\/tr>\n<\/tbody>\n<\/table>\n<p><strong><span style=\"font-size: 14pt;\">Cortenstahl vs. Normalstahl<\/span><\/strong><\/p>\n<p>Anders als herk\u00f6mmlicher Stahl korrodiert Cortenstahl nicht schnell, wenn er Feuchtigkeit ausgesetzt wird, sondern bildet eine stabile Rostschicht, die eine weitere Oxidation verhindert. Dies macht ihn zu einer perfekten Feuerstelle f\u00fcr den Au\u00dfenbereich, die einer Vielzahl von Wetterbedingungen standh\u00e4lt. Diese Eigenschaft macht sie nicht nur zu einem praktischen Heizger\u00e4t, sondern auch zu einem dekorativen Element, das lange Zeit verwendet werden kann und dem Au\u00dfenbereich einen einzigartigen Stil verleiht.<\/p>\n<p><img fetchpriority=\"high\" decoding=\"async\" class=\"alignnone wp-image-2518\" src=\"https:\/\/jblcorten.com\/wp-content\/uploads\/2025\/03\/Corten-Steel-vs.-Regular-Steel.jpg\" alt=\"Cortenstahl vs. Normalstahl\" width=\"750\" height=\"413\" title=\"\" srcset=\"https:\/\/jblcorten.com\/wp-content\/uploads\/2025\/03\/Corten-Steel-vs.-Regular-Steel.jpg 699w, https:\/\/jblcorten.com\/wp-content\/uploads\/2025\/03\/Corten-Steel-vs.-Regular-Steel-600x330.jpg 600w, https:\/\/jblcorten.com\/wp-content\/uploads\/2025\/03\/Corten-Steel-vs.-Regular-Steel-300x165.jpg 300w, https:\/\/jblcorten.com\/wp-content\/uploads\/2025\/03\/Corten-Steel-vs.-Regular-Steel-18x10.jpg 18w\" sizes=\"(max-width: 750px) 100vw, 750px\" \/><\/p>\n<p>Nach dem obigen Diagramm stellt die rote Kurve die Korrosionsver\u00e4nderung von Cortenstahl und die blaue Kurve die Korrosionsver\u00e4nderung von normalem Stahl dar. Im Laufe der Zeit wird deutlich, dass sich die Korrosionsbest\u00e4ndigkeit von Cortenstahl allm\u00e4hlich stabilisiert. Es ist zu erkennen, dass die Qualit\u00e4t von Cortenstahl auf den normalen Stahl zur\u00fcckzuf\u00fchren ist.<\/p>\n<p><img decoding=\"async\" class=\"alignnone wp-image-2519 size-full\" src=\"https:\/\/jblcorten.com\/wp-content\/uploads\/2025\/03\/corten-steel-material.jpg\" alt=\"\" width=\"750\" height=\"321\" title=\"\" srcset=\"https:\/\/jblcorten.com\/wp-content\/uploads\/2025\/03\/corten-steel-material.jpg 750w, https:\/\/jblcorten.com\/wp-content\/uploads\/2025\/03\/corten-steel-material-600x257.jpg 600w, https:\/\/jblcorten.com\/wp-content\/uploads\/2025\/03\/corten-steel-material-300x128.jpg 300w, https:\/\/jblcorten.com\/wp-content\/uploads\/2025\/03\/corten-steel-material-18x8.jpg 18w\" sizes=\"(max-width: 750px) 100vw, 750px\" \/><\/p>\n<p><strong><span style=\"font-size: 14pt;\">Produkt-Verpackung:<\/span><\/strong><\/p>\n<p>Holzkiste oder nach Wunsch des Kunden.<\/p>\n<p><img decoding=\"async\" class=\"alignnone wp-image-2452\" src=\"https:\/\/jblcorten.com\/wp-content\/uploads\/2024\/08\/metal-fire-pit.jpg\" alt=\"\" width=\"750\" height=\"473\" title=\"\" srcset=\"https:\/\/jblcorten.com\/wp-content\/uploads\/2024\/08\/metal-fire-pit.jpg 711w, https:\/\/jblcorten.com\/wp-content\/uploads\/2024\/08\/metal-fire-pit-600x378.jpg 600w, https:\/\/jblcorten.com\/wp-content\/uploads\/2024\/08\/metal-fire-pit-300x189.jpg 300w, https:\/\/jblcorten.com\/wp-content\/uploads\/2024\/08\/metal-fire-pit-18x12.jpg 18w\" sizes=\"(max-width: 750px) 100vw, 750px\" \/><\/p>\n<p style=\"text-align: center;\"><span style=\"font-size: 14pt;\"><a href=\"\/de\/kontaktieren-sie-uns\/\"><strong><span style=\"color: #00ccff;\">Kontaktieren Sie uns f\u00fcr weitere Informationen.<\/span><\/strong><\/a><\/span><\/p>","protected":false},"excerpt":{"rendered":"<p>Die Feuerschale aus Cortenstahl hat hervorragende W\u00e4rmespeichereigenschaften. Die dicke Stahlstruktur absorbiert und leitet die W\u00e4rme effektiv ab und schafft eine warme und gem\u00fctliche Atmosph\u00e4re f\u00fcr Zusammenk\u00fcnfte im Freien. Die holzbefeuerte Feuerschale bietet ein realistisches Lagerfeuererlebnis mit knisternden Ger\u00e4uschen und einem nat\u00fcrlichen W\u00e4rmegef\u00fchl, wenn die Flammen brennen.<\/p>","protected":false},"featured_media":2520,"template":"","meta":{"site-sidebar-layout":"default","site-content-layout":"","ast-site-content-layout":"default","site-content-style":"default","site-sidebar-style":"default","ast-global-header-display":"","ast-banner-title-visibility":"","ast-main-header-display":"","ast-hfb-above-header-display":"","ast-hfb-below-header-display":"","ast-hfb-mobile-header-display":"","site-post-title":"","ast-breadcrumbs-content":"","ast-featured-img":"","footer-sml-layout":"","ast-disable-related-posts":"","theme-transparent-header-meta":"default","adv-header-id-meta":"","stick-header-meta":"","header-above-stick-meta":"","header-main-stick-meta":"","header-below-stick-meta":"","astra-migrate-meta-layouts":"set","ast-page-background-enabled":"default","ast-page-background-meta":{"desktop":{"background-color":"var(--ast-global-color-4)","background-image":"","background-repeat":"repeat","background-position":"center center","background-size":"auto","background-attachment":"scroll","background-type":"","background-media":"","overlay-type":"","overlay-color":"","overlay-opacity":"","overlay-gradient":""},"tablet":{"background-color":"","background-image":"","background-repeat":"repeat","background-position":"center center","background-size":"auto","background-attachment":"scroll","background-type":"","background-media":"","overlay-type":"","overlay-color":"","overlay-opacity":"","overlay-gradient":""},"mobile":{"background-color":"","background-image":"","background-repeat":"repeat","background-position":"center center","background-size":"auto","background-attachment":"scroll","background-type":"","background-media":"","overlay-type":"","overlay-color":"","overlay-opacity":"","overlay-gradient":""}},"ast-content-background-meta":{"desktop":{"background-color":"var(--ast-global-color-5)","background-image":"","background-repeat":"repeat","background-position":"center center","background-size":"auto","background-attachment":"scroll","background-type":"","background-media":"","overlay-type":"","overlay-color":"","overlay-opacity":"","overlay-gradient":""},"tablet":{"background-color":"var(--ast-global-color-5)","background-image":"","background-repeat":"repeat","background-position":"center center","background-size":"auto","background-attachment":"scroll","background-type":"","background-media":"","overlay-type":"","overlay-color":"","overlay-opacity":"","overlay-gradient":""},"mobile":{"background-color":"var(--ast-global-color-5)","background-image":"","background-repeat":"repeat","background-position":"center center","background-size":"auto","background-attachment":"scroll","background-type":"","background-media":"","overlay-type":"","overlay-color":"","overlay-opacity":"","overlay-gradient":""}}},"product_brand":[],"product_cat":[29,45],"product_tag":[],"class_list":{"0":"post-2517","1":"product","2":"type-product","3":"status-publish","4":"has-post-thumbnail","6":"product_cat-fire-pit","7":"product_cat-wood-burning-fire-pit","8":"desktop-align-center","9":"tablet-align-left","10":"mobile-align-left","12":"first","13":"instock","14":"shipping-taxable","15":"product-type-simple"},"_links":{"self":[{"href":"https:\/\/jblcorten.com\/de\/wp-json\/wp\/v2\/product\/2517","targetHints":{"allow":["GET"]}}],"collection":[{"href":"https:\/\/jblcorten.com\/de\/wp-json\/wp\/v2\/product"}],"about":[{"href":"https:\/\/jblcorten.com\/de\/wp-json\/wp\/v2\/types\/product"}],"wp:featuredmedia":[{"embeddable":true,"href":"https:\/\/jblcorten.com\/de\/wp-json\/wp\/v2\/media\/2520"}],"wp:attachment":[{"href":"https:\/\/jblcorten.com\/de\/wp-json\/wp\/v2\/media?parent=2517"}],"wp:term":[{"taxonomy":"product_brand","embeddable":true,"href":"https:\/\/jblcorten.com\/de\/wp-json\/wp\/v2\/product_brand?post=2517"},{"taxonomy":"product_cat","embeddable":true,"href":"https:\/\/jblcorten.com\/de\/wp-json\/wp\/v2\/product_cat?post=2517"},{"taxonomy":"product_tag","embeddable":true,"href":"https:\/\/jblcorten.com\/de\/wp-json\/wp\/v2\/product_tag?post=2517"}],"curies":[{"name":"wp","href":"https:\/\/api.w.org\/{rel}","templated":true}]}}