{"id":2288,"date":"2025-02-21T09:17:42","date_gmt":"2025-02-21T09:17:42","guid":{"rendered":"https:\/\/jblcorten.com\/?post_type=product&#038;p=2288"},"modified":"2025-02-21T09:21:13","modified_gmt":"2025-02-21T09:21:13","slug":"runde-pflanzgefase-aus-cortenstahl","status":"publish","type":"product","link":"https:\/\/jblcorten.com\/de\/round-corten-steel-planters\/","title":{"rendered":"Runde Pflanzgef\u00e4\u00dfe aus Cortenstahl"},"content":{"rendered":"<p><strong>Runde Pflanzgef\u00e4\u00dfe aus Cortenstahl<\/strong><\/p>\n<p>Der runde Cortenstahl-Pflanzk\u00fcbel ist ein Pflanzgef\u00e4\u00df f\u00fcr B\u00e4ume, Str\u00e4ucher, Blumen und andere Pflanzen aus Cortenstahl. Anstelle der traditionellen runden Form hat dieses Pflanzgef\u00e4\u00df eine einzigartige Form, die oben breiter und unten schmaler ist.<\/p>\n<p>Das f\u00fcr die Pflanzgef\u00e4\u00dfe verwendete Material wurde aufgrund seiner Eigenschaften ausgew\u00e4hlt. Cortenstahl ist ein hochfester, niedrig legierter Stahl, der mit der Zeit eine sch\u00fctzende Rostschicht bildet, die weitere Korrosion verhindert. Dieses Material ist ideal f\u00fcr die Verwendung im Freien und kann rauen Witterungsbedingungen standhalten, ohne die strukturelle Integrit\u00e4t und \u00c4sthetik zu beeintr\u00e4chtigen.<\/p>\n<p><strong>Produktspezifikation:<\/strong><\/p>\n<table>\n<tbody>\n<tr>\n<td width=\"276\">Produktname<\/td>\n<td>Runde Pflanzgef\u00e4\u00dfe aus Cortenstahl<\/td>\n<\/tr>\n<tr>\n<td width=\"276\">Material<\/td>\n<td>Cortenstahl\/Wetterfester Stahl<\/td>\n<\/tr>\n<tr>\n<td width=\"276\">Farbe<\/td>\n<td>Verrostet oder lackiert<\/td>\n<\/tr>\n<tr>\n<td width=\"276\">Gr\u00f6\u00dfe(cm)<\/td>\n<td>D 80 * H 60 oder Benutzerdefiniert<\/td>\n<\/tr>\n<tr>\n<td width=\"276\">Dicke<\/td>\n<td>3mm<\/td>\n<\/tr>\n<tr>\n<td width=\"276\">Gewicht<\/td>\n<td>30kg<\/td>\n<\/tr>\n<tr>\n<td width=\"276\">Paket<\/td>\n<td>Innen: verschlei\u00dffestes Schaumstoffpapier, Au\u00dfen: Kartonschachtel<\/td>\n<\/tr>\n<\/tbody>\n<\/table>\n<p><strong>Was ist Cortenstahl?<\/strong><\/p>\n<p>Cortenstahl, auch bekannt als atmosph\u00e4risch korrosionsbest\u00e4ndiger Stahl, ist eine spezielle Stahllegierung. Er kann in der nat\u00fcrlichen Umgebung eine dichte und stabile Rostschicht bilden. Diese Rostschicht verhindert nicht nur die weitere Korrosion des inneren Stahls, sondern spielt auch eine sch\u00fctzende Rolle und verl\u00e4ngert die Lebensdauer des Blumentopfs erheblich. Im Vergleich zu gew\u00f6hnlichem Stahl ben\u00f6tigt wetterfester Stahl keine zus\u00e4tzliche Korrosionsschutzbeschichtung oder Wartung und kann sich auf nat\u00fcrliche Weise an verschiedene klimatische Bedingungen anpassen, egal ob es sich um eine nasse Regenzeit oder einen trockenen Sommer handelt, er kann seine einzigartige Beschaffenheit und Leistung beibehalten.<\/p>\n<p><img fetchpriority=\"high\" decoding=\"async\" class=\"alignnone wp-image-2271\" src=\"https:\/\/jblcorten.com\/wp-content\/uploads\/2025\/02\/corten-steel-material.jpg\" alt=\"\" width=\"700\" height=\"280\" title=\"\" srcset=\"https:\/\/jblcorten.com\/wp-content\/uploads\/2025\/02\/corten-steel-material.jpg 750w, https:\/\/jblcorten.com\/wp-content\/uploads\/2025\/02\/corten-steel-material-600x240.jpg 600w, https:\/\/jblcorten.com\/wp-content\/uploads\/2025\/02\/corten-steel-material-300x120.jpg 300w, https:\/\/jblcorten.com\/wp-content\/uploads\/2025\/02\/corten-steel-material-18x7.jpg 18w\" sizes=\"(max-width: 700px) 100vw, 700px\" \/><\/p>\n<p><span style=\"color: #ff0000;\">\u00a0 \u00a0 \u00a0 \u00a0 \u00a0 \u00a0 \u00a0 \u00a0 \u00a0 \u00a0 \u00a0 Baustahl Vs. Cortenstahl Vs. Lackierter Stahl<\/span><\/p>\n<p><strong>Produktanzeige:<\/strong><\/p>\n<p><img decoding=\"async\" class=\"alignnone wp-image-2293\" src=\"https:\/\/jblcorten.com\/wp-content\/uploads\/2025\/02\/cor-ten-steel-planter.png\" alt=\"\" width=\"348\" height=\"348\" title=\"\" srcset=\"https:\/\/jblcorten.com\/wp-content\/uploads\/2025\/02\/cor-ten-steel-planter.png 580w, https:\/\/jblcorten.com\/wp-content\/uploads\/2025\/02\/cor-ten-steel-planter-100x100.png 100w, https:\/\/jblcorten.com\/wp-content\/uploads\/2025\/02\/cor-ten-steel-planter-300x300.png 300w, https:\/\/jblcorten.com\/wp-content\/uploads\/2025\/02\/cor-ten-steel-planter-150x150.png 150w, https:\/\/jblcorten.com\/wp-content\/uploads\/2025\/02\/cor-ten-steel-planter-12x12.png 12w\" sizes=\"(max-width: 348px) 100vw, 348px\" \/> <img decoding=\"async\" class=\"alignnone wp-image-2294\" src=\"https:\/\/jblcorten.com\/wp-content\/uploads\/2025\/02\/corten-garden-planters-300x300.png\" alt=\"\" width=\"348\" height=\"348\" title=\"\" srcset=\"https:\/\/jblcorten.com\/wp-content\/uploads\/2025\/02\/corten-garden-planters-300x300.png 300w, https:\/\/jblcorten.com\/wp-content\/uploads\/2025\/02\/corten-garden-planters-100x100.png 100w, https:\/\/jblcorten.com\/wp-content\/uploads\/2025\/02\/corten-garden-planters-150x150.png 150w, https:\/\/jblcorten.com\/wp-content\/uploads\/2025\/02\/corten-garden-planters-12x12.png 12w, https:\/\/jblcorten.com\/wp-content\/uploads\/2025\/02\/corten-garden-planters.png 580w\" sizes=\"(max-width: 348px) 100vw, 348px\" \/><\/p>\n<p><img loading=\"lazy\" decoding=\"async\" class=\"alignnone wp-image-2295\" src=\"https:\/\/jblcorten.com\/wp-content\/uploads\/2025\/02\/circular-corten-steel-planters.jpg\" alt=\"\" width=\"700\" height=\"525\" title=\"\" srcset=\"https:\/\/jblcorten.com\/wp-content\/uploads\/2025\/02\/circular-corten-steel-planters.jpg 750w, https:\/\/jblcorten.com\/wp-content\/uploads\/2025\/02\/circular-corten-steel-planters-600x450.jpg 600w, https:\/\/jblcorten.com\/wp-content\/uploads\/2025\/02\/circular-corten-steel-planters-300x225.jpg 300w, https:\/\/jblcorten.com\/wp-content\/uploads\/2025\/02\/circular-corten-steel-planters-16x12.jpg 16w\" sizes=\"(max-width: 700px) 100vw, 700px\" \/><\/p>\n<p><img loading=\"lazy\" decoding=\"async\" class=\"alignnone wp-image-2297\" src=\"https:\/\/jblcorten.com\/wp-content\/uploads\/2025\/02\/round-corten-steel-planters.jpg\" alt=\"\" width=\"700\" height=\"525\" title=\"\" srcset=\"https:\/\/jblcorten.com\/wp-content\/uploads\/2025\/02\/round-corten-steel-planters.jpg 750w, https:\/\/jblcorten.com\/wp-content\/uploads\/2025\/02\/round-corten-steel-planters-600x450.jpg 600w, https:\/\/jblcorten.com\/wp-content\/uploads\/2025\/02\/round-corten-steel-planters-300x225.jpg 300w, https:\/\/jblcorten.com\/wp-content\/uploads\/2025\/02\/round-corten-steel-planters-16x12.jpg 16w\" sizes=\"(max-width: 700px) 100vw, 700px\" \/><\/p>\n<p><strong>FAQ:<\/strong><\/p>\n<p><span style=\"color: #ff6600;\"><em><strong>1. werden meine Pflanzgef\u00e4\u00dfe rostig ankommen?<\/strong><\/em><\/span><\/p>\n<p>Das h\u00e4ngt vom Kunden ab. Wir k\u00f6nnen rosten oder malen, je nach den Anforderungen des Kunden.<\/p>\n<p><span style=\"color: #ff6600;\"><em><strong>2. wie lange dauert es, bis die Pflanzgef\u00e4\u00dfe rosten?<\/strong><\/em><\/span><\/p>\n<p>Es h\u00e4ngt vom Wetter ab, aber der nat\u00fcrliche Prozess kann zwischen 3 und 12 Monaten dauern.<\/p>\n<p><span style=\"color: #ff6600;\"><em><strong>3. haben die Pflanzgef\u00e4\u00dfe Entw\u00e4sserungsl\u00f6cher?<\/strong><\/em><\/span><\/p>\n<p>Ja, alle Pflanzgef\u00e4\u00dfe haben eine minimale Anzahl von Entw\u00e4sserungsl\u00f6chern, so dass unsere Kunden bei Bedarf weitere L\u00f6cher bohren k\u00f6nnen.<\/p>\n<p><span style=\"color: #ff6600;\"><em><strong>4. stellen Sie Pflanzgef\u00e4\u00dfe in Sondergr\u00f6\u00dfen her?<\/strong><\/em><\/span><\/p>\n<p>Aber nat\u00fcrlich! Teilen Sie uns einfach mit, welche Gr\u00f6\u00dfe Sie ben\u00f6tigen, und wir senden Ihnen ein Angebot zu.<\/p>\n<p><strong><em><span style=\"color: #ff6600;\">5. k\u00f6nnen Sie unser Design machen?<\/span><\/em><\/strong><\/p>\n<p>Ja, wir k\u00f6nnen Ihr individuelles Design herstellen. Zeigen Sie uns einfach Ihre Zeichnungen\/Ideen\/Fotos.<\/p>","protected":false},"excerpt":{"rendered":"<p>Die runden Cortenstahl-Pflanzgef\u00e4\u00dfe sind Pflanzgef\u00e4\u00dfe f\u00fcr B\u00e4ume, Str\u00e4ucher, Blumen und andere Pflanzen aus Cortenstahl. Anstelle der traditionellen runden Form hat dieses Pflanzgef\u00e4\u00df eine einzigartige Form, die oben breiter und unten schmaler ist.<\/p>","protected":false},"featured_media":2298,"template":"","meta":{"site-sidebar-layout":"default","site-content-layout":"","ast-site-content-layout":"default","site-content-style":"default","site-sidebar-style":"default","ast-global-header-display":"","ast-banner-title-visibility":"","ast-main-header-display":"","ast-hfb-above-header-display":"","ast-hfb-below-header-display":"","ast-hfb-mobile-header-display":"","site-post-title":"","ast-breadcrumbs-content":"","ast-featured-img":"","footer-sml-layout":"","ast-disable-related-posts":"","theme-transparent-header-meta":"default","adv-header-id-meta":"","stick-header-meta":"","header-above-stick-meta":"","header-main-stick-meta":"","header-below-stick-meta":"","astra-migrate-meta-layouts":"set","ast-page-background-enabled":"default","ast-page-background-meta":{"desktop":{"background-color":"var(--ast-global-color-4)","background-image":"","background-repeat":"repeat","background-position":"center center","background-size":"auto","background-attachment":"scroll","background-type":"","background-media":"","overlay-type":"","overlay-color":"","overlay-opacity":"","overlay-gradient":""},"tablet":{"background-color":"","background-image":"","background-repeat":"repeat","background-position":"center center","background-size":"auto","background-attachment":"scroll","background-type":"","background-media":"","overlay-type":"","overlay-color":"","overlay-opacity":"","overlay-gradient":""},"mobile":{"background-color":"","background-image":"","background-repeat":"repeat","background-position":"center center","background-size":"auto","background-attachment":"scroll","background-type":"","background-media":"","overlay-type":"","overlay-color":"","overlay-opacity":"","overlay-gradient":""}},"ast-content-background-meta":{"desktop":{"background-color":"var(--ast-global-color-5)","background-image":"","background-repeat":"repeat","background-position":"center center","background-size":"auto","background-attachment":"scroll","background-type":"","background-media":"","overlay-type":"","overlay-color":"","overlay-opacity":"","overlay-gradient":""},"tablet":{"background-color":"var(--ast-global-color-5)","background-image":"","background-repeat":"repeat","background-position":"center center","background-size":"auto","background-attachment":"scroll","background-type":"","background-media":"","overlay-type":"","overlay-color":"","overlay-opacity":"","overlay-gradient":""},"mobile":{"background-color":"var(--ast-global-color-5)","background-image":"","background-repeat":"repeat","background-position":"center center","background-size":"auto","background-attachment":"scroll","background-type":"","background-media":"","overlay-type":"","overlay-color":"","overlay-opacity":"","overlay-gradient":""}}},"product_brand":[],"product_cat":[34],"product_tag":[],"class_list":{"0":"post-2288","1":"product","2":"type-product","3":"status-publish","4":"has-post-thumbnail","6":"product_cat-planter-pots","7":"desktop-align-center","8":"tablet-align-left","9":"mobile-align-left","11":"first","12":"instock","13":"shipping-taxable","14":"product-type-simple"},"_links":{"self":[{"href":"https:\/\/jblcorten.com\/de\/wp-json\/wp\/v2\/product\/2288","targetHints":{"allow":["GET"]}}],"collection":[{"href":"https:\/\/jblcorten.com\/de\/wp-json\/wp\/v2\/product"}],"about":[{"href":"https:\/\/jblcorten.com\/de\/wp-json\/wp\/v2\/types\/product"}],"wp:featuredmedia":[{"embeddable":true,"href":"https:\/\/jblcorten.com\/de\/wp-json\/wp\/v2\/media\/2298"}],"wp:attachment":[{"href":"https:\/\/jblcorten.com\/de\/wp-json\/wp\/v2\/media?parent=2288"}],"wp:term":[{"taxonomy":"product_brand","embeddable":true,"href":"https:\/\/jblcorten.com\/de\/wp-json\/wp\/v2\/product_brand?post=2288"},{"taxonomy":"product_cat","embeddable":true,"href":"https:\/\/jblcorten.com\/de\/wp-json\/wp\/v2\/product_cat?post=2288"},{"taxonomy":"product_tag","embeddable":true,"href":"https:\/\/jblcorten.com\/de\/wp-json\/wp\/v2\/product_tag?post=2288"}],"curies":[{"name":"wp","href":"https:\/\/api.w.org\/{rel}","templated":true}]}}