{"id":2279,"date":"2025-02-21T05:58:23","date_gmt":"2025-02-21T05:58:23","guid":{"rendered":"https:\/\/jblcorten.com\/?post_type=product&#038;p=2279"},"modified":"2025-02-21T05:58:23","modified_gmt":"2025-02-21T05:58:23","slug":"pflanzgefas-aus-quadratischem-cortenstahl","status":"publish","type":"product","link":"https:\/\/jblcorten.com\/de\/square-corten-steel-planter\/","title":{"rendered":"Quadratische Cortenstahl-Pflanzgef\u00e4\u00dfe"},"content":{"rendered":"<p><strong>Quadratische Cortenstahl-Pflanzgef\u00e4\u00dfe<\/strong><\/p>\n<p>Das quadratische Pflanzgef\u00e4\u00df aus Cortenstahl ist ein modernes und langlebiges Pflanzgef\u00e4\u00df aus hochwertigem wetterfestem Stahl. Dieses spezielle Metallmaterial entwickelt eine einzigartige Rostschutzschicht, wenn es Luft und Feuchtigkeit ausgesetzt wird. Dies verleiht dem Pflanzgef\u00e4\u00df nicht nur eine industrielle \u00c4sthetik, sondern verhindert auch wirksam weitere Korrosion. Im Gegensatz zu herk\u00f6mmlichem Stahl zersetzt sich Cortenstahl nicht im Laufe der Zeit, sondern sch\u00fctzt die innere Struktur durch diese stabile Oxidschicht, die einen langfristigen Einsatz im Freien gew\u00e4hrleistet.<\/p>\n<p>Das quadratische Design verleiht diesem Pflanzgef\u00e4\u00df einen ausgewogenen und symmetrischen visuellen Effekt und macht es zu einer idealen Wahl f\u00fcr eine Vielzahl von Landschaftsgestaltungen. Ob einzeln oder in Gruppen aufgestellt, die einfachen geometrischen Linien verleihen Innenh\u00f6fen, Terrassen, G\u00e4rten und Gesch\u00e4ftsr\u00e4umen einen modernen Look. Gleichzeitig kann die quadratische Struktur den Raum optimal ausnutzen und l\u00e4sst sich leicht in verschiedene Umgebungen integrieren, egal ob es sich um ein kleines oder gro\u00dfes Gartenprojekt handelt.<\/p>\n<p><strong>Produktspezifikation:<\/strong><\/p>\n<table>\n<tbody>\n<tr>\n<td width=\"276\">Produktname<\/td>\n<td>Quadratische Cortenstahl-Pflanzgef\u00e4\u00dfe<\/td>\n<\/tr>\n<tr>\n<td width=\"276\">Material<\/td>\n<td>Cortenstahl\/Wetterfester Stahl<\/td>\n<\/tr>\n<tr>\n<td width=\"276\">Farbe<\/td>\n<td>Verrostet oder lackiert<\/td>\n<\/tr>\n<tr>\n<td width=\"276\">Gr\u00f6\u00dfe<\/td>\n<td>Standard oder Benutzerdefiniert<\/td>\n<\/tr>\n<tr>\n<td width=\"276\">Dicke<\/td>\n<td>2mm<\/td>\n<\/tr>\n<tr>\n<td width=\"276\">Paket<\/td>\n<td>Innen: verschlei\u00dffestes Schaumstoffpapier, Au\u00dfen: Kartonschachtel<\/td>\n<\/tr>\n<\/tbody>\n<\/table>\n<p><strong>Was ist Cortenstahl?<\/strong><\/p>\n<p>Cortenstahl, auch bekannt als atmosph\u00e4risch korrosionsbest\u00e4ndiger Stahl, ist eine spezielle Stahllegierung. Er kann in der nat\u00fcrlichen Umgebung eine dichte und stabile Rostschicht bilden. Diese Rostschicht verhindert nicht nur die weitere Korrosion des inneren Stahls, sondern spielt auch eine sch\u00fctzende Rolle und verl\u00e4ngert die Lebensdauer des Blumentopfs erheblich. Im Vergleich zu gew\u00f6hnlichem Stahl ben\u00f6tigt wetterfester Stahl keine zus\u00e4tzliche Korrosionsschutzbeschichtung oder Wartung und kann sich auf nat\u00fcrliche Weise an verschiedene klimatische Bedingungen anpassen, egal ob es sich um eine nasse Regenzeit oder einen trockenen Sommer handelt, er kann seine einzigartige Beschaffenheit und Leistung beibehalten.<\/p>\n<p><img fetchpriority=\"high\" decoding=\"async\" class=\"alignnone wp-image-2271\" src=\"https:\/\/jblcorten.com\/wp-content\/uploads\/2025\/02\/corten-steel-material.jpg\" alt=\"\" width=\"700\" height=\"280\" title=\"\" srcset=\"https:\/\/jblcorten.com\/wp-content\/uploads\/2025\/02\/corten-steel-material.jpg 750w, https:\/\/jblcorten.com\/wp-content\/uploads\/2025\/02\/corten-steel-material-600x240.jpg 600w, https:\/\/jblcorten.com\/wp-content\/uploads\/2025\/02\/corten-steel-material-300x120.jpg 300w, https:\/\/jblcorten.com\/wp-content\/uploads\/2025\/02\/corten-steel-material-18x7.jpg 18w\" sizes=\"(max-width: 700px) 100vw, 700px\" \/><\/p>\n<p><span style=\"color: #ff0000;\">\u00a0 \u00a0 \u00a0 \u00a0 \u00a0 \u00a0 \u00a0 \u00a0 \u00a0 \u00a0 \u00a0Baustahl Vs. Cortenstahl Vs. Lackierter Stahl<\/span><\/p>\n<p><strong>Warum sollten Sie sich f\u00fcr unsere quadratischen Pflanzgef\u00e4\u00dfe aus Cortenstahl entscheiden?<\/strong><\/p>\n<ul>\n<li>Quadratisches Design:<br \/>\nDie quadratischen Blument\u00f6pfe aus verwittertem Stahl haben einfache geometrische Formen mit starken Linien. Das quadratische Design ist nicht nur sch\u00f6n, sondern nutzt auch effektiv den Raum und eignet sich f\u00fcr verschiedene Innen- und Au\u00dfenbereiche.<\/li>\n<li>Stabile Struktur:<br \/>\nDie quadratischen Blument\u00f6pfe aus wetterfestem Stahl sind in der Regel geschwei\u00dft, haben eine stabile Struktur und sind in der Lage, schwerem Gewicht und Druck standzuhalten, und eignen sich f\u00fcr die Bepflanzung mit gro\u00dfen Pflanzen oder als Landschaftsdekoration.<\/li>\n<li>Entw\u00e4sserungssystem:<br \/>\nAm Boden des Blumentopfes sind Entw\u00e4sserungsl\u00f6cher vorgesehen, damit die Pflanzenwurzeln nicht durch Wasseransammlungen verfaulen.<\/li>\n<li>Vielseitigkeit:<br \/>\nQuadratische Blument\u00f6pfe aus wetterfestem Stahl eignen sich nicht nur f\u00fcr die Gartenarbeit zu Hause, sondern k\u00f6nnen auch in \u00f6ffentlichen Landschaften, in Gesch\u00e4ftsr\u00e4umen und bei anderen Gelegenheiten verwendet werden, um die Bed\u00fcrfnisse verschiedener Nutzer zu erf\u00fcllen.<\/li>\n<li>Gr\u00f6\u00dfenauswahl:<br \/>\nW\u00e4hlen Sie die passende Gr\u00f6\u00dfe des Blumentopfes je nach Art und Menge der zu pflanzenden Pflanzen. Die Gr\u00f6\u00dfe unserer Blument\u00f6pfe ist individuell anpassbar.<\/li>\n<\/ul>\n<p><img decoding=\"async\" class=\"alignnone wp-image-2286\" src=\"https:\/\/jblcorten.com\/wp-content\/uploads\/2025\/02\/corten-steel-garden-boxes.jpg\" alt=\"\" width=\"700\" height=\"393\" title=\"\" srcset=\"https:\/\/jblcorten.com\/wp-content\/uploads\/2025\/02\/corten-steel-garden-boxes.jpg 750w, https:\/\/jblcorten.com\/wp-content\/uploads\/2025\/02\/corten-steel-garden-boxes-600x337.jpg 600w, https:\/\/jblcorten.com\/wp-content\/uploads\/2025\/02\/corten-steel-garden-boxes-300x168.jpg 300w, https:\/\/jblcorten.com\/wp-content\/uploads\/2025\/02\/corten-steel-garden-boxes-18x10.jpg 18w\" sizes=\"(max-width: 700px) 100vw, 700px\" \/><\/p>\n<p><img decoding=\"async\" class=\"alignnone wp-image-2285\" src=\"https:\/\/jblcorten.com\/wp-content\/uploads\/2025\/02\/corten-garden-planters.jpg\" alt=\"\" width=\"700\" height=\"393\" title=\"\" srcset=\"https:\/\/jblcorten.com\/wp-content\/uploads\/2025\/02\/corten-garden-planters.jpg 750w, https:\/\/jblcorten.com\/wp-content\/uploads\/2025\/02\/corten-garden-planters-600x337.jpg 600w, https:\/\/jblcorten.com\/wp-content\/uploads\/2025\/02\/corten-garden-planters-300x168.jpg 300w, https:\/\/jblcorten.com\/wp-content\/uploads\/2025\/02\/corten-garden-planters-18x10.jpg 18w\" sizes=\"(max-width: 700px) 100vw, 700px\" \/><\/p>\n<p><img loading=\"lazy\" decoding=\"async\" class=\"alignnone wp-image-2284\" src=\"https:\/\/jblcorten.com\/wp-content\/uploads\/2025\/02\/cheap-corten-steel-planters.jpg\" alt=\"\" width=\"700\" height=\"456\" title=\"\" srcset=\"https:\/\/jblcorten.com\/wp-content\/uploads\/2025\/02\/cheap-corten-steel-planters.jpg 750w, https:\/\/jblcorten.com\/wp-content\/uploads\/2025\/02\/cheap-corten-steel-planters-600x391.jpg 600w, https:\/\/jblcorten.com\/wp-content\/uploads\/2025\/02\/cheap-corten-steel-planters-300x196.jpg 300w, https:\/\/jblcorten.com\/wp-content\/uploads\/2025\/02\/cheap-corten-steel-planters-18x12.jpg 18w\" sizes=\"(max-width: 700px) 100vw, 700px\" \/><\/p>\n<p><strong>FAQ:<\/strong><\/p>\n<p><span style=\"color: #ff6600;\"><em><strong>1. werden meine Pflanzgef\u00e4\u00dfe rostig ankommen?<\/strong><\/em><\/span><\/p>\n<p>Das h\u00e4ngt vom Kunden ab. Wir k\u00f6nnen rosten oder malen, je nach den Anforderungen des Kunden.<\/p>\n<p><span style=\"color: #ff6600;\"><em><strong>2. wie lange dauert es, bis die Pflanzgef\u00e4\u00dfe rosten?<\/strong><\/em><\/span><\/p>\n<p>Dies h\u00e4ngt von den Witterungsbedingungen ab, aber der nat\u00fcrliche Prozess kann zwischen 3 und 12 Monaten dauern.<\/p>\n<p><span style=\"color: #ff6600;\"><em><strong>3. haben die Pflanzgef\u00e4\u00dfe Entw\u00e4sserungsl\u00f6cher?<\/strong><\/em><\/span><\/p>\n<p>Ja, alle Pflanzgef\u00e4\u00dfe haben eine minimale Anzahl von Entw\u00e4sserungsl\u00f6chern, so dass unsere Kunden bei Bedarf weitere L\u00f6cher bohren k\u00f6nnen.<\/p>\n<p><span style=\"color: #ff6600;\"><em><strong>4. stellen Sie Pflanzgef\u00e4\u00dfe in Sondergr\u00f6\u00dfen her?<\/strong><\/em><\/span><\/p>\n<p>Aber nat\u00fcrlich! Teilen Sie uns einfach mit, welche Gr\u00f6\u00dfe Sie ben\u00f6tigen, und wir senden Ihnen ein Angebot zu.<\/p>","protected":false},"excerpt":{"rendered":"<p>Das quadratische Design des Pflanzgef\u00e4\u00dfes aus Cortenstahl verleiht diesem Pflanzgef\u00e4\u00df eine ausgewogene und symmetrische Optik und macht es zu einer idealen Wahl f\u00fcr eine Vielzahl von Landschaftsgestaltungen. Ob einzeln oder in Gruppen aufgestellt, seine einfachen geometrischen Linien verleihen Innenh\u00f6fen, Terrassen, G\u00e4rten und gewerblichen R\u00e4umen einen modernen Look. Gleichzeitig kann die quadratische Struktur den Raum optimal ausnutzen und l\u00e4sst sich leicht in verschiedene Umgebungen integrieren, egal ob es sich um ein kleines oder gro\u00dfes Gartenprojekt handelt.<\/p>","protected":false},"featured_media":2280,"template":"","meta":{"site-sidebar-layout":"default","site-content-layout":"","ast-site-content-layout":"default","site-content-style":"default","site-sidebar-style":"default","ast-global-header-display":"","ast-banner-title-visibility":"","ast-main-header-display":"","ast-hfb-above-header-display":"","ast-hfb-below-header-display":"","ast-hfb-mobile-header-display":"","site-post-title":"","ast-breadcrumbs-content":"","ast-featured-img":"","footer-sml-layout":"","ast-disable-related-posts":"","theme-transparent-header-meta":"default","adv-header-id-meta":"","stick-header-meta":"","header-above-stick-meta":"","header-main-stick-meta":"","header-below-stick-meta":"","astra-migrate-meta-layouts":"set","ast-page-background-enabled":"default","ast-page-background-meta":{"desktop":{"background-color":"var(--ast-global-color-4)","background-image":"","background-repeat":"repeat","background-position":"center center","background-size":"auto","background-attachment":"scroll","background-type":"","background-media":"","overlay-type":"","overlay-color":"","overlay-opacity":"","overlay-gradient":""},"tablet":{"background-color":"","background-image":"","background-repeat":"repeat","background-position":"center center","background-size":"auto","background-attachment":"scroll","background-type":"","background-media":"","overlay-type":"","overlay-color":"","overlay-opacity":"","overlay-gradient":""},"mobile":{"background-color":"","background-image":"","background-repeat":"repeat","background-position":"center center","background-size":"auto","background-attachment":"scroll","background-type":"","background-media":"","overlay-type":"","overlay-color":"","overlay-opacity":"","overlay-gradient":""}},"ast-content-background-meta":{"desktop":{"background-color":"var(--ast-global-color-5)","background-image":"","background-repeat":"repeat","background-position":"center center","background-size":"auto","background-attachment":"scroll","background-type":"","background-media":"","overlay-type":"","overlay-color":"","overlay-opacity":"","overlay-gradient":""},"tablet":{"background-color":"var(--ast-global-color-5)","background-image":"","background-repeat":"repeat","background-position":"center center","background-size":"auto","background-attachment":"scroll","background-type":"","background-media":"","overlay-type":"","overlay-color":"","overlay-opacity":"","overlay-gradient":""},"mobile":{"background-color":"var(--ast-global-color-5)","background-image":"","background-repeat":"repeat","background-position":"center center","background-size":"auto","background-attachment":"scroll","background-type":"","background-media":"","overlay-type":"","overlay-color":"","overlay-opacity":"","overlay-gradient":""}}},"product_brand":[],"product_cat":[34],"product_tag":[],"class_list":{"0":"post-2279","1":"product","2":"type-product","3":"status-publish","4":"has-post-thumbnail","6":"product_cat-planter-pots","7":"desktop-align-center","8":"tablet-align-left","9":"mobile-align-left","11":"first","12":"instock","13":"shipping-taxable","14":"product-type-simple"},"_links":{"self":[{"href":"https:\/\/jblcorten.com\/de\/wp-json\/wp\/v2\/product\/2279","targetHints":{"allow":["GET"]}}],"collection":[{"href":"https:\/\/jblcorten.com\/de\/wp-json\/wp\/v2\/product"}],"about":[{"href":"https:\/\/jblcorten.com\/de\/wp-json\/wp\/v2\/types\/product"}],"wp:featuredmedia":[{"embeddable":true,"href":"https:\/\/jblcorten.com\/de\/wp-json\/wp\/v2\/media\/2280"}],"wp:attachment":[{"href":"https:\/\/jblcorten.com\/de\/wp-json\/wp\/v2\/media?parent=2279"}],"wp:term":[{"taxonomy":"product_brand","embeddable":true,"href":"https:\/\/jblcorten.com\/de\/wp-json\/wp\/v2\/product_brand?post=2279"},{"taxonomy":"product_cat","embeddable":true,"href":"https:\/\/jblcorten.com\/de\/wp-json\/wp\/v2\/product_cat?post=2279"},{"taxonomy":"product_tag","embeddable":true,"href":"https:\/\/jblcorten.com\/de\/wp-json\/wp\/v2\/product_tag?post=2279"}],"curies":[{"name":"wp","href":"https:\/\/api.w.org\/{rel}","templated":true}]}}