{"id":2277,"date":"2025-02-20T08:21:57","date_gmt":"2025-02-20T08:21:57","guid":{"rendered":"https:\/\/jblcorten.com\/?post_type=product&#038;p=2277"},"modified":"2025-02-20T08:34:43","modified_gmt":"2025-02-20T08:34:43","slug":"rechteckige-pflanzgefase-aus-cortenstahl","status":"publish","type":"product","link":"https:\/\/jblcorten.com\/de\/rectangular-corten-steel-planters\/","title":{"rendered":"Pflanzgef\u00e4\u00dfe aus Cortenstahl, rechteckig"},"content":{"rendered":"<p><strong>Pflanzgef\u00e4\u00dfe aus Cortenstahl, rechteckig<\/strong><\/p>\n<p>Die rechteckigen Pflanzgef\u00e4\u00dfe aus Cortenstahl sind ein modernes Gartenprodukt, das Zweckm\u00e4\u00dfigkeit und Sch\u00f6nheit vereint. Sie sind aus hochwertigem Cortenstahl gefertigt. Dieser Spezialstahl bildet nach dem Kontakt mit Luft und Feuchtigkeit eine einzigartige Rostschutzschicht, die dem Blumentopf nicht nur ein einzigartiges industrielles Aussehen verleiht, sondern auch weitere Korrosion wirksam verhindert und ihn im Au\u00dfenbereich langlebig macht.<\/p>\n<p>Im Vergleich zu herk\u00f6mmlichen Blument\u00f6pfen aus Metall ist Cortenstahl witterungsbest\u00e4ndiger und langlebiger. Selbst bei rauen Witterungsbedingungen wie Regen, Schnee, Frost oder starker Sonneneinstrahlung beh\u00e4lt er seine stabile Struktur und l\u00e4sst sich nicht so leicht knacken, verformen oder besch\u00e4digen. Au\u00dferdem muss der Blumentopf aus verwitterndem Stahl nicht zus\u00e4tzlich bespr\u00fcht oder gewartet werden, und seine nat\u00fcrliche Rostfarbe wird im Laufe der Zeit immer intensiver, was ein einzigartiges Gef\u00fchl von Schichtung und Textur vermittelt.<\/p>\n<p><strong>Produktspezifikation:<\/strong><\/p>\n<table>\n<tbody>\n<tr>\n<td><strong><b>Produktname<\/b><\/strong><\/td>\n<td>Pflanzgef\u00e4\u00dfe aus Cortenstahl, rechteckig<\/td>\n<\/tr>\n<tr>\n<td><strong><b>Typ<\/b><\/strong><\/td>\n<td>Gartent\u00f6pfe &amp; Pflanzgef\u00e4\u00dfe<\/td>\n<\/tr>\n<tr>\n<td><strong><b>Material<\/b><\/strong><\/td>\n<td>Cortenstahl \/ wetterfester Stahl<\/td>\n<\/tr>\n<tr>\n<td><strong><b>Gr\u00f6\u00dfe<\/b><\/strong><\/td>\n<td>Kundenspezifisch<\/td>\n<\/tr>\n<tr>\n<td><strong><b>Technologie<\/b><\/strong><\/td>\n<td>Proofing, Laserschnitt, Biegen, Stanzen, Schwei\u00dfen, Rost<\/td>\n<\/tr>\n<tr>\n<td><strong><b>Oberfl\u00e4chenbehandlung<\/b><\/strong><\/td>\n<td>Vorgerostet, schwarz lackiert, kann angepasst werden<\/td>\n<\/tr>\n<tr>\n<td><strong><b>OEM &amp; ODM<\/b><\/strong><\/td>\n<td>Ma\u00dfgeschneiderter Service ist verf\u00fcgbar.<\/td>\n<\/tr>\n<\/tbody>\n<\/table>\n<p><strong>Was ist Cortenstahl?<\/strong><\/p>\n<p>Cortenstahl, auch bekannt als atmosph\u00e4risch korrosionsbest\u00e4ndiger Stahl, ist eine spezielle Stahllegierung. Er kann in der nat\u00fcrlichen Umgebung eine dichte und stabile Rostschicht bilden. Diese Rostschicht verhindert nicht nur die weitere Korrosion des inneren Stahls, sondern spielt auch eine sch\u00fctzende Rolle, was die Lebensdauer des Blumentopfs erheblich verl\u00e4ngert. Im Vergleich zu gew\u00f6hnlichem Stahl ben\u00f6tigt Cortenstahl keine zus\u00e4tzliche Korrosionsschutzbeschichtung oder Wartung und kann sich auf nat\u00fcrliche Weise an verschiedene klimatische Bedingungen anpassen, egal ob es sich um eine nasse Regenzeit oder einen trockenen Sommer handelt, er kann seine einzigartige Textur und Leistung beibehalten.<\/p>\n<p><img fetchpriority=\"high\" decoding=\"async\" class=\"alignnone wp-image-2271\" src=\"https:\/\/jblcorten.com\/wp-content\/uploads\/2025\/02\/corten-steel-material.jpg\" alt=\"Werkstoff Cortenstahl\" width=\"700\" height=\"280\" title=\"\" srcset=\"https:\/\/jblcorten.com\/wp-content\/uploads\/2025\/02\/corten-steel-material.jpg 750w, https:\/\/jblcorten.com\/wp-content\/uploads\/2025\/02\/corten-steel-material-600x240.jpg 600w, https:\/\/jblcorten.com\/wp-content\/uploads\/2025\/02\/corten-steel-material-300x120.jpg 300w, https:\/\/jblcorten.com\/wp-content\/uploads\/2025\/02\/corten-steel-material-18x7.jpg 18w\" sizes=\"(max-width: 700px) 100vw, 700px\" \/><\/p>\n<p style=\"text-align: left;\">\u00a0 \u00a0 \u00a0 \u00a0 \u00a0 \u00a0 \u00a0 \u00a0 \u00a0 \u00a0 \u00a0 \u00a0 <span style=\"color: #ff0000;\">Baustahl Vs. Cortenstahl Vs. Lackierter Stahl<\/span><\/p>\n<p><span style=\"color: #000000;\"><strong>Warum sollten Sie sich f\u00fcr die rechteckigen Pflanzgef\u00e4\u00dfe aus Cortenstahl entscheiden?<\/strong><\/span><\/p>\n<p>Das lange Streifendesign der rechteckigen Pflanzgef\u00e4\u00dfe aus Cortenstahl ist nicht nur sch\u00f6n und gro\u00dfz\u00fcgig, sondern auch praktisch und kann eine Vielzahl von Bepflanzungsanforderungen erf\u00fcllen. Die L\u00e4nge des Blumentopfs kann je nach dem tats\u00e4chlichen Einsatzszenario angepasst werden und eignet sich f\u00fcr die Bepflanzung mit verschiedenen Pflanzenkombinationen wie Kr\u00e4uterblumen, Sukkulenten, kleinen Str\u00e4uchern usw. Ob allein oder in Kombination verwendet, kann es ein Gef\u00fchl von Hierarchie und Kunst zu Ihrem Garten Raum hinzuf\u00fcgen.<\/p>\n<p>Die Kanten der Blument\u00f6pfe sind fein poliert, glatt und abgerundet, was nicht nur die Sicherheit der Verwendung gew\u00e4hrleistet, sondern auch die Gesamtstruktur verbessert. Der Boden ist mit Drainagel\u00f6chern versehen, die Wasseransammlungen wirksam verhindern und das gesunde Wachstum der Pflanzenwurzeln gew\u00e4hrleisten.<\/p>\n<p><img decoding=\"async\" class=\"alignnone wp-image-2272\" src=\"https:\/\/jblcorten.com\/wp-content\/uploads\/2025\/02\/large-corten-steel-planters-1.jpg\" alt=\"\" width=\"700\" height=\"464\" title=\"\" srcset=\"https:\/\/jblcorten.com\/wp-content\/uploads\/2025\/02\/large-corten-steel-planters-1.jpg 750w, https:\/\/jblcorten.com\/wp-content\/uploads\/2025\/02\/large-corten-steel-planters-1-600x398.jpg 600w, https:\/\/jblcorten.com\/wp-content\/uploads\/2025\/02\/large-corten-steel-planters-1-300x199.jpg 300w, https:\/\/jblcorten.com\/wp-content\/uploads\/2025\/02\/large-corten-steel-planters-1-18x12.jpg 18w\" sizes=\"(max-width: 700px) 100vw, 700px\" \/><\/p>\n<p><img decoding=\"async\" class=\"alignnone wp-image-2273\" style=\"font-style: inherit; font-weight: inherit;\" src=\"https:\/\/jblcorten.com\/wp-content\/uploads\/2025\/02\/planter-pot.jpg\" alt=\"\" width=\"700\" height=\"420\" title=\"\" srcset=\"https:\/\/jblcorten.com\/wp-content\/uploads\/2025\/02\/planter-pot.jpg 500w, https:\/\/jblcorten.com\/wp-content\/uploads\/2025\/02\/planter-pot-300x180.jpg 300w, https:\/\/jblcorten.com\/wp-content\/uploads\/2025\/02\/planter-pot-18x12.jpg 18w\" sizes=\"(max-width: 700px) 100vw, 700px\" \/><\/p>\n<p><img loading=\"lazy\" decoding=\"async\" class=\"alignnone wp-image-2274\" style=\"font-style: inherit; font-weight: inherit;\" src=\"https:\/\/jblcorten.com\/wp-content\/uploads\/2025\/02\/rusted-steel-planters.jpg\" alt=\"\" width=\"700\" height=\"525\" title=\"\" srcset=\"https:\/\/jblcorten.com\/wp-content\/uploads\/2025\/02\/rusted-steel-planters.jpg 1706w, https:\/\/jblcorten.com\/wp-content\/uploads\/2025\/02\/rusted-steel-planters-600x450.jpg 600w, https:\/\/jblcorten.com\/wp-content\/uploads\/2025\/02\/rusted-steel-planters-300x225.jpg 300w, https:\/\/jblcorten.com\/wp-content\/uploads\/2025\/02\/rusted-steel-planters-1024x768.jpg 1024w, https:\/\/jblcorten.com\/wp-content\/uploads\/2025\/02\/rusted-steel-planters-768x576.jpg 768w, https:\/\/jblcorten.com\/wp-content\/uploads\/2025\/02\/rusted-steel-planters-1536x1152.jpg 1536w, https:\/\/jblcorten.com\/wp-content\/uploads\/2025\/02\/rusted-steel-planters-16x12.jpg 16w\" sizes=\"(max-width: 700px) 100vw, 700px\" \/><\/p>\n<p><strong>FAQ:<\/strong><\/p>\n<p><em><strong><span style=\"color: #ff6600;\">1. werden meine Pflanzgef\u00e4\u00dfe rostig ankommen?<\/span><\/strong><\/em><\/p>\n<p><span style=\"color: #000000;\">Das h\u00e4ngt vom Kunden ab. Wir k\u00f6nnen rosten oder malen, je nach den Anforderungen des Kunden.<\/span><\/p>\n<p><em><strong><span style=\"color: #ff6600;\">2. wie lange dauert es, bis die Pflanzgef\u00e4\u00dfe rosten?<\/span><\/strong><\/em><\/p>\n<p><span style=\"color: #000000;\">Dies h\u00e4ngt von den Witterungsbedingungen ab, aber der nat\u00fcrliche Prozess kann zwischen 3 und 12 Monaten dauern.<\/span><\/p>\n<p><em><strong><span style=\"color: #ff6600;\">3. haben die Pflanzgef\u00e4\u00dfe Entw\u00e4sserungsl\u00f6cher?<\/span><\/strong><\/em><\/p>\n<p><span style=\"color: #000000;\">Ja, alle Pflanzgef\u00e4\u00dfe haben eine minimale Anzahl von Entw\u00e4sserungsl\u00f6chern, so dass unsere Kunden bei Bedarf weitere L\u00f6cher bohren k\u00f6nnen.<\/span><\/p>\n<p><em><strong><span style=\"color: #ff6600;\">4. stellen Sie Pflanzgef\u00e4\u00dfe in Sondergr\u00f6\u00dfen her?<\/span><\/strong><\/em><\/p>\n<p><span style=\"color: #000000;\">Aber nat\u00fcrlich! Teilen Sie uns einfach mit, welche Gr\u00f6\u00dfe Sie ben\u00f6tigen, und wir senden Ihnen ein Angebot zu.<\/span><\/p>","protected":false},"excerpt":{"rendered":"<p>Die rechteckigen Pflanzgef\u00e4\u00dfe aus Cortenstahl sind ein modernes Gartenprodukt, das Zweckm\u00e4\u00dfigkeit und Sch\u00f6nheit vereint. Sie sind aus hochwertigem Cortenstahl gefertigt. Dieser Spezialstahl bildet nach dem Kontakt mit Luft und Feuchtigkeit eine einzigartige Rostschutzschicht, die dem Blumentopf nicht nur ein einzigartiges industrielles Aussehen verleiht, sondern auch weitere Korrosion wirksam verhindert und ihn im Au\u00dfenbereich langlebig macht.<\/p>","protected":false},"featured_media":2268,"template":"","meta":{"site-sidebar-layout":"default","site-content-layout":"","ast-site-content-layout":"default","site-content-style":"default","site-sidebar-style":"default","ast-global-header-display":"","ast-banner-title-visibility":"","ast-main-header-display":"","ast-hfb-above-header-display":"","ast-hfb-below-header-display":"","ast-hfb-mobile-header-display":"","site-post-title":"","ast-breadcrumbs-content":"","ast-featured-img":"","footer-sml-layout":"","ast-disable-related-posts":"","theme-transparent-header-meta":"default","adv-header-id-meta":"","stick-header-meta":"","header-above-stick-meta":"","header-main-stick-meta":"","header-below-stick-meta":"","astra-migrate-meta-layouts":"set","ast-page-background-enabled":"default","ast-page-background-meta":{"desktop":{"background-color":"var(--ast-global-color-4)","background-image":"","background-repeat":"repeat","background-position":"center center","background-size":"auto","background-attachment":"scroll","background-type":"","background-media":"","overlay-type":"","overlay-color":"","overlay-opacity":"","overlay-gradient":""},"tablet":{"background-color":"","background-image":"","background-repeat":"repeat","background-position":"center center","background-size":"auto","background-attachment":"scroll","background-type":"","background-media":"","overlay-type":"","overlay-color":"","overlay-opacity":"","overlay-gradient":""},"mobile":{"background-color":"","background-image":"","background-repeat":"repeat","background-position":"center center","background-size":"auto","background-attachment":"scroll","background-type":"","background-media":"","overlay-type":"","overlay-color":"","overlay-opacity":"","overlay-gradient":""}},"ast-content-background-meta":{"desktop":{"background-color":"var(--ast-global-color-5)","background-image":"","background-repeat":"repeat","background-position":"center center","background-size":"auto","background-attachment":"scroll","background-type":"","background-media":"","overlay-type":"","overlay-color":"","overlay-opacity":"","overlay-gradient":""},"tablet":{"background-color":"var(--ast-global-color-5)","background-image":"","background-repeat":"repeat","background-position":"center center","background-size":"auto","background-attachment":"scroll","background-type":"","background-media":"","overlay-type":"","overlay-color":"","overlay-opacity":"","overlay-gradient":""},"mobile":{"background-color":"var(--ast-global-color-5)","background-image":"","background-repeat":"repeat","background-position":"center center","background-size":"auto","background-attachment":"scroll","background-type":"","background-media":"","overlay-type":"","overlay-color":"","overlay-opacity":"","overlay-gradient":""}}},"product_brand":[],"product_cat":[34],"product_tag":[],"class_list":{"0":"post-2277","1":"product","2":"type-product","3":"status-publish","4":"has-post-thumbnail","6":"product_cat-planter-pots","7":"desktop-align-center","8":"tablet-align-left","9":"mobile-align-left","11":"first","12":"instock","13":"shipping-taxable","14":"product-type-simple"},"_links":{"self":[{"href":"https:\/\/jblcorten.com\/de\/wp-json\/wp\/v2\/product\/2277","targetHints":{"allow":["GET"]}}],"collection":[{"href":"https:\/\/jblcorten.com\/de\/wp-json\/wp\/v2\/product"}],"about":[{"href":"https:\/\/jblcorten.com\/de\/wp-json\/wp\/v2\/types\/product"}],"wp:featuredmedia":[{"embeddable":true,"href":"https:\/\/jblcorten.com\/de\/wp-json\/wp\/v2\/media\/2268"}],"wp:attachment":[{"href":"https:\/\/jblcorten.com\/de\/wp-json\/wp\/v2\/media?parent=2277"}],"wp:term":[{"taxonomy":"product_brand","embeddable":true,"href":"https:\/\/jblcorten.com\/de\/wp-json\/wp\/v2\/product_brand?post=2277"},{"taxonomy":"product_cat","embeddable":true,"href":"https:\/\/jblcorten.com\/de\/wp-json\/wp\/v2\/product_cat?post=2277"},{"taxonomy":"product_tag","embeddable":true,"href":"https:\/\/jblcorten.com\/de\/wp-json\/wp\/v2\/product_tag?post=2277"}],"curies":[{"name":"wp","href":"https:\/\/api.w.org\/{rel}","templated":true}]}}