{"id":1311,"date":"2024-11-08T09:16:41","date_gmt":"2024-11-08T09:16:41","guid":{"rendered":"https:\/\/jblcorten.com\/?post_type=product&#038;p=1311"},"modified":"2025-04-01T02:08:38","modified_gmt":"2025-04-01T02:08:38","slug":"pflanzgefase-aus-cortenstahl","status":"publish","type":"product","link":"https:\/\/jblcorten.com\/de\/corten-steel-planters\/","title":{"rendered":"Pflanzgef\u00e4\u00dfe aus Cortenstahl"},"content":{"rendered":"<p><strong><span style=\"font-size: 14pt;\">Pflanzgef\u00e4\u00dfe aus Cortenstahl<\/span><\/strong><\/p>\n<p>Die Cortenstahl-Blumen sind ein Blumentopf aus Cortenstahl, der wegen seines einzigartigen Aussehens und seiner hervorragenden Haltbarkeit beliebt ist. Cortenstahl, auch bekannt als korrosionsbest\u00e4ndiger Stahl, ist ein Stahlmaterial, das auf nat\u00fcrliche Weise eine sch\u00fctzende Rostschicht auf der Oberfl\u00e4che bilden kann. Diese Rostschicht hat nicht nur eine Korrosionsschutzfunktion, sondern verleiht dem Cortenstahl auch einen einzigartigen, warmen Naturton, der ihn rustikal und strukturiert aussehen l\u00e4sst, was sich sehr gut f\u00fcr die Garten- und Au\u00dfendekoration eignet.<\/p>\n<p><strong><span style=\"font-size: 14pt;\">Produktspezifikation:<\/span><\/strong><\/p>\n<table>\n<tbody>\n<tr>\n<td><strong><b>Produktname<\/b><\/strong><\/td>\n<td>Cortenstahl Pflanzentopf<\/td>\n<\/tr>\n<tr>\n<td><strong><b>Typ<\/b><\/strong><\/td>\n<td>Gartent\u00f6pfe &amp; Pflanzgef\u00e4\u00dfe<\/td>\n<\/tr>\n<tr>\n<td><strong><b>Material<\/b><\/strong><\/td>\n<td>Cortenstahl \/ wetterfester Stahl<\/td>\n<\/tr>\n<tr>\n<td><strong><b>Gr\u00f6\u00dfe<\/b><\/strong><\/td>\n<td>Kundenspezifisch<\/td>\n<\/tr>\n<tr>\n<td><strong><b>Technologie<\/b><\/strong><\/td>\n<td>Proofing, Laserschnitt, Biegen, Stanzen, Schwei\u00dfen, Rost<\/td>\n<\/tr>\n<tr>\n<td><strong><b>Oberfl\u00e4chenbehandlung<\/b><\/strong><\/td>\n<td>Vorgerostet, schwarz lackiert, kann angepasst werden<\/td>\n<\/tr>\n<tr>\n<td><strong><b>MOQ<\/b><\/strong><\/td>\n<td>1 St\u00fcck<\/td>\n<\/tr>\n<tr>\n<td><strong><b>OEM &amp; ODM<\/b><\/strong><\/td>\n<td>Ma\u00dfgeschneiderter Service ist verf\u00fcgbar.<\/td>\n<\/tr>\n<\/tbody>\n<\/table>\n<p><strong><span style=\"font-size: 14pt;\">Einzelheiten zum Produkt:<\/span><\/strong><\/p>\n<p><img fetchpriority=\"high\" decoding=\"async\" class=\"alignnone wp-image-1324 size-full\" src=\"https:\/\/jblcorten.com\/wp-content\/uploads\/2024\/11\/2024_05_24_16_23_IMG_9896.jpg\" alt=\"\" width=\"750\" height=\"562\" title=\"\" srcset=\"https:\/\/jblcorten.com\/wp-content\/uploads\/2024\/11\/2024_05_24_16_23_IMG_9896.jpg 750w, https:\/\/jblcorten.com\/wp-content\/uploads\/2024\/11\/2024_05_24_16_23_IMG_9896-600x450.jpg 600w, https:\/\/jblcorten.com\/wp-content\/uploads\/2024\/11\/2024_05_24_16_23_IMG_9896-300x225.jpg 300w\" sizes=\"(max-width: 750px) 100vw, 750px\" \/><\/p>\n<p><img decoding=\"async\" class=\"alignleft wp-image-1325\" src=\"https:\/\/jblcorten.com\/wp-content\/uploads\/2024\/11\/planter-pot-1-225x300.jpg\" alt=\"\" width=\"233\" height=\"311\" title=\"\" srcset=\"https:\/\/jblcorten.com\/wp-content\/uploads\/2024\/11\/planter-pot-1-225x300.jpg 225w, https:\/\/jblcorten.com\/wp-content\/uploads\/2024\/11\/planter-pot-1-600x800.jpg 600w, https:\/\/jblcorten.com\/wp-content\/uploads\/2024\/11\/planter-pot-1.jpg 750w\" sizes=\"(max-width: 233px) 100vw, 233px\" \/> <img decoding=\"async\" class=\"alignleft wp-image-1326\" src=\"https:\/\/jblcorten.com\/wp-content\/uploads\/2024\/11\/planter-pot-2-225x300.jpg\" alt=\"\" width=\"233\" height=\"311\" title=\"\" srcset=\"https:\/\/jblcorten.com\/wp-content\/uploads\/2024\/11\/planter-pot-2-225x300.jpg 225w, https:\/\/jblcorten.com\/wp-content\/uploads\/2024\/11\/planter-pot-2-600x800.jpg 600w, https:\/\/jblcorten.com\/wp-content\/uploads\/2024\/11\/planter-pot-2.jpg 750w\" sizes=\"(max-width: 233px) 100vw, 233px\" \/> <img loading=\"lazy\" decoding=\"async\" class=\"alignleft wp-image-1327\" src=\"https:\/\/jblcorten.com\/wp-content\/uploads\/2024\/11\/planter-pot-3-225x300.jpg\" alt=\"\" width=\"233\" height=\"311\" title=\"\" srcset=\"https:\/\/jblcorten.com\/wp-content\/uploads\/2024\/11\/planter-pot-3-225x300.jpg 225w, https:\/\/jblcorten.com\/wp-content\/uploads\/2024\/11\/planter-pot-3-600x800.jpg 600w, https:\/\/jblcorten.com\/wp-content\/uploads\/2024\/11\/planter-pot-3.jpg 750w\" sizes=\"(max-width: 233px) 100vw, 233px\" \/><\/p>","protected":false},"excerpt":{"rendered":"<p>Wenn Sie auf der Suche nach einem sch\u00f6nen und langlebigen Pflanzgef\u00e4\u00df sind, sind Sie bei den Cortenstahl-Pflanzgef\u00e4\u00dfen genau richtig. Diese Pflanzgef\u00e4\u00dfe werden aus Cortenstahl hergestellt, einer Stahlsorte, die rostfrei ist und eine Schutzschicht bildet, die das Pflanzgef\u00e4\u00df sch\u00fctzt und seine Lebensdauer verl\u00e4ngert.<\/p>","protected":false},"featured_media":1322,"template":"","meta":{"site-sidebar-layout":"default","site-content-layout":"","ast-site-content-layout":"default","site-content-style":"default","site-sidebar-style":"default","ast-global-header-display":"","ast-banner-title-visibility":"","ast-main-header-display":"","ast-hfb-above-header-display":"","ast-hfb-below-header-display":"","ast-hfb-mobile-header-display":"","site-post-title":"","ast-breadcrumbs-content":"","ast-featured-img":"","footer-sml-layout":"","ast-disable-related-posts":"","theme-transparent-header-meta":"default","adv-header-id-meta":"","stick-header-meta":"","header-above-stick-meta":"","header-main-stick-meta":"","header-below-stick-meta":"","astra-migrate-meta-layouts":"set","ast-page-background-enabled":"default","ast-page-background-meta":{"desktop":{"background-color":"var(--ast-global-color-4)","background-image":"","background-repeat":"repeat","background-position":"center center","background-size":"auto","background-attachment":"scroll","background-type":"","background-media":"","overlay-type":"","overlay-color":"","overlay-opacity":"","overlay-gradient":""},"tablet":{"background-color":"","background-image":"","background-repeat":"repeat","background-position":"center center","background-size":"auto","background-attachment":"scroll","background-type":"","background-media":"","overlay-type":"","overlay-color":"","overlay-opacity":"","overlay-gradient":""},"mobile":{"background-color":"","background-image":"","background-repeat":"repeat","background-position":"center center","background-size":"auto","background-attachment":"scroll","background-type":"","background-media":"","overlay-type":"","overlay-color":"","overlay-opacity":"","overlay-gradient":""}},"ast-content-background-meta":{"desktop":{"background-color":"var(--ast-global-color-5)","background-image":"","background-repeat":"repeat","background-position":"center center","background-size":"auto","background-attachment":"scroll","background-type":"","background-media":"","overlay-type":"","overlay-color":"","overlay-opacity":"","overlay-gradient":""},"tablet":{"background-color":"var(--ast-global-color-5)","background-image":"","background-repeat":"repeat","background-position":"center center","background-size":"auto","background-attachment":"scroll","background-type":"","background-media":"","overlay-type":"","overlay-color":"","overlay-opacity":"","overlay-gradient":""},"mobile":{"background-color":"var(--ast-global-color-5)","background-image":"","background-repeat":"repeat","background-position":"center center","background-size":"auto","background-attachment":"scroll","background-type":"","background-media":"","overlay-type":"","overlay-color":"","overlay-opacity":"","overlay-gradient":""}}},"product_brand":[],"product_cat":[34],"product_tag":[],"class_list":{"0":"post-1311","1":"product","2":"type-product","3":"status-publish","4":"has-post-thumbnail","6":"product_cat-planter-pots","7":"desktop-align-center","8":"tablet-align-left","9":"mobile-align-left","11":"first","12":"instock","13":"shipping-taxable","14":"product-type-simple"},"_links":{"self":[{"href":"https:\/\/jblcorten.com\/de\/wp-json\/wp\/v2\/product\/1311","targetHints":{"allow":["GET"]}}],"collection":[{"href":"https:\/\/jblcorten.com\/de\/wp-json\/wp\/v2\/product"}],"about":[{"href":"https:\/\/jblcorten.com\/de\/wp-json\/wp\/v2\/types\/product"}],"wp:featuredmedia":[{"embeddable":true,"href":"https:\/\/jblcorten.com\/de\/wp-json\/wp\/v2\/media\/1322"}],"wp:attachment":[{"href":"https:\/\/jblcorten.com\/de\/wp-json\/wp\/v2\/media?parent=1311"}],"wp:term":[{"taxonomy":"product_brand","embeddable":true,"href":"https:\/\/jblcorten.com\/de\/wp-json\/wp\/v2\/product_brand?post=1311"},{"taxonomy":"product_cat","embeddable":true,"href":"https:\/\/jblcorten.com\/de\/wp-json\/wp\/v2\/product_cat?post=1311"},{"taxonomy":"product_tag","embeddable":true,"href":"https:\/\/jblcorten.com\/de\/wp-json\/wp\/v2\/product_tag?post=1311"}],"curies":[{"name":"wp","href":"https:\/\/api.w.org\/{rel}","templated":true}]}}