{"id":1310,"date":"2024-11-15T08:33:31","date_gmt":"2024-11-15T08:33:31","guid":{"rendered":"https:\/\/jblcorten.com\/?post_type=product&#038;p=1310"},"modified":"2025-03-20T07:08:51","modified_gmt":"2025-03-20T07:08:51","slug":"stahl-pflanzgefas","status":"publish","type":"product","link":"https:\/\/jblcorten.com\/de\/steel-planter-pot\/","title":{"rendered":"Pflanzentopf aus Stahl"},"content":{"rendered":"<p><span style=\"font-size: 14pt;\"><strong>Pflanzentopf aus Stahl<\/strong><\/span><\/p>\n<p>Pflanzgef\u00e4\u00dfe aus Stahl sind Gef\u00e4\u00dfe aus Stahl, die f\u00fcr den Anbau von Pflanzen verwendet werden. Unsere Stahl-Pflanzgef\u00e4\u00dfe sind aus Cortenstahl gefertigt, was sie stark und haltbar macht und sie perfekt f\u00fcr den Einsatz im Garten oder auf der Terrasse macht. Pflanzgef\u00e4\u00dfe aus Stahl haben Vorteile gegen\u00fcber anderen Pflanzgef\u00e4\u00dfen aus Holz, Ton oder Kunststoff. Sie sind vielseitig, stilvoll und in einer Vielzahl von Gr\u00f6\u00dfen, Formen und Designs erh\u00e4ltlich.<\/p>\n<p><strong><span style=\"font-size: 14pt;\">Produktspezifikation:<\/span><\/strong><\/p>\n<table>\n<tbody>\n<tr>\n<td width=\"223\">Name des Produkts<\/td>\n<td width=\"520\">Pflanzentopf aus Stahl<\/td>\n<\/tr>\n<tr>\n<td width=\"223\">Material<\/td>\n<td width=\"520\">Cortenstahl<\/td>\n<\/tr>\n<tr>\n<td width=\"223\">Dicke<\/td>\n<td width=\"520\">2,0-10 mm<\/td>\n<\/tr>\n<tr>\n<td width=\"223\">Form<\/td>\n<td width=\"520\">Rund<\/td>\n<\/tr>\n<tr>\n<td width=\"223\">Oberfl\u00e4chenbehandlung<\/td>\n<td width=\"520\">Schwarz oder vorgerostet<\/td>\n<\/tr>\n<tr>\n<td width=\"223\">Verwendung<\/td>\n<td width=\"520\">Pflanzlich und dekorativ<\/td>\n<\/tr>\n<tr>\n<td width=\"223\">Paket<\/td>\n<td width=\"520\">Holzkiste<\/td>\n<\/tr>\n<tr>\n<td width=\"223\">Bemerkungen<\/td>\n<td width=\"520\">Jedes Pflanzgef\u00e4\u00df kann in Farbe, Gr\u00f6\u00dfe und Muster angepasst werden.<\/td>\n<\/tr>\n<\/tbody>\n<\/table>\n<p><strong><span style=\"font-size: 14pt;\">Einzelheiten zum Produkt:<\/span><\/strong><\/p>\n<p><img fetchpriority=\"high\" decoding=\"async\" class=\"alignnone wp-image-1364\" src=\"https:\/\/jblcorten.com\/wp-content\/uploads\/2024\/11\/garden-containers.jpg\" alt=\"\" width=\"750\" height=\"563\" title=\"\" srcset=\"https:\/\/jblcorten.com\/wp-content\/uploads\/2024\/11\/garden-containers.jpg 800w, https:\/\/jblcorten.com\/wp-content\/uploads\/2024\/11\/garden-containers-600x450.jpg 600w, https:\/\/jblcorten.com\/wp-content\/uploads\/2024\/11\/garden-containers-300x225.jpg 300w, https:\/\/jblcorten.com\/wp-content\/uploads\/2024\/11\/garden-containers-768x576.jpg 768w\" sizes=\"(max-width: 750px) 100vw, 750px\" \/><\/p>\n<p><img decoding=\"async\" class=\"alignnone wp-image-1362\" src=\"https:\/\/jblcorten.com\/wp-content\/uploads\/2024\/11\/plant-containers.jpg\" alt=\"\" width=\"372\" height=\"279\" title=\"\" srcset=\"https:\/\/jblcorten.com\/wp-content\/uploads\/2024\/11\/plant-containers.jpg 800w, https:\/\/jblcorten.com\/wp-content\/uploads\/2024\/11\/plant-containers-600x450.jpg 600w, https:\/\/jblcorten.com\/wp-content\/uploads\/2024\/11\/plant-containers-300x225.jpg 300w, https:\/\/jblcorten.com\/wp-content\/uploads\/2024\/11\/plant-containers-768x576.jpg 768w\" sizes=\"(max-width: 372px) 100vw, 372px\" \/> <img decoding=\"async\" class=\"alignnone wp-image-1365\" src=\"https:\/\/jblcorten.com\/wp-content\/uploads\/2024\/11\/modern-outdoor-planters.jpg\" alt=\"\" width=\"372\" height=\"279\" title=\"\" srcset=\"https:\/\/jblcorten.com\/wp-content\/uploads\/2024\/11\/modern-outdoor-planters.jpg 800w, https:\/\/jblcorten.com\/wp-content\/uploads\/2024\/11\/modern-outdoor-planters-600x450.jpg 600w, https:\/\/jblcorten.com\/wp-content\/uploads\/2024\/11\/modern-outdoor-planters-300x225.jpg 300w, https:\/\/jblcorten.com\/wp-content\/uploads\/2024\/11\/modern-outdoor-planters-768x576.jpg 768w\" sizes=\"(max-width: 372px) 100vw, 372px\" \/><\/p>\n<p><img loading=\"lazy\" decoding=\"async\" class=\"alignnone wp-image-1368\" src=\"https:\/\/jblcorten.com\/wp-content\/uploads\/2024\/11\/big-pots-for-plants.jpg\" alt=\"\" width=\"372\" height=\"495\" title=\"\" srcset=\"https:\/\/jblcorten.com\/wp-content\/uploads\/2024\/11\/big-pots-for-plants.jpg 800w, https:\/\/jblcorten.com\/wp-content\/uploads\/2024\/11\/big-pots-for-plants-600x799.jpg 600w, https:\/\/jblcorten.com\/wp-content\/uploads\/2024\/11\/big-pots-for-plants-225x300.jpg 225w, https:\/\/jblcorten.com\/wp-content\/uploads\/2024\/11\/big-pots-for-plants-769x1024.jpg 769w, https:\/\/jblcorten.com\/wp-content\/uploads\/2024\/11\/big-pots-for-plants-768x1022.jpg 768w\" sizes=\"(max-width: 372px) 100vw, 372px\" \/> <img loading=\"lazy\" decoding=\"async\" class=\"alignnone wp-image-1367\" src=\"https:\/\/jblcorten.com\/wp-content\/uploads\/2024\/11\/corten-steel-planter-pot.jpg\" alt=\"\" width=\"372\" height=\"496\" title=\"\" srcset=\"https:\/\/jblcorten.com\/wp-content\/uploads\/2024\/11\/corten-steel-planter-pot.jpg 800w, https:\/\/jblcorten.com\/wp-content\/uploads\/2024\/11\/corten-steel-planter-pot-600x800.jpg 600w, https:\/\/jblcorten.com\/wp-content\/uploads\/2024\/11\/corten-steel-planter-pot-225x300.jpg 225w, https:\/\/jblcorten.com\/wp-content\/uploads\/2024\/11\/corten-steel-planter-pot-768x1023.jpg 768w\" sizes=\"(max-width: 372px) 100vw, 372px\" \/><\/p>\n<p>&nbsp;<\/p>","protected":false},"excerpt":{"rendered":"<p>Im Vergleich zu anderen Arten von Pflanzgef\u00e4\u00dfen k\u00f6nnen Pflanzgef\u00e4\u00dfe aus Stahl Ihren Au\u00dfen- oder Innengarten versch\u00f6nern. Wenn Sie Ihren Garten mit langlebigen und dennoch stilvollen Pflanzgef\u00e4\u00dfen versch\u00f6nern m\u00f6chten, ist ein Pflanzgef\u00e4\u00df aus Stahl die perfekte Wahl f\u00fcr Sie.<\/p>","protected":false},"featured_media":1355,"template":"","meta":{"site-sidebar-layout":"default","site-content-layout":"","ast-site-content-layout":"default","site-content-style":"default","site-sidebar-style":"default","ast-global-header-display":"","ast-banner-title-visibility":"","ast-main-header-display":"","ast-hfb-above-header-display":"","ast-hfb-below-header-display":"","ast-hfb-mobile-header-display":"","site-post-title":"","ast-breadcrumbs-content":"","ast-featured-img":"","footer-sml-layout":"","ast-disable-related-posts":"","theme-transparent-header-meta":"default","adv-header-id-meta":"","stick-header-meta":"","header-above-stick-meta":"","header-main-stick-meta":"","header-below-stick-meta":"","astra-migrate-meta-layouts":"set","ast-page-background-enabled":"default","ast-page-background-meta":{"desktop":{"background-color":"var(--ast-global-color-4)","background-image":"","background-repeat":"repeat","background-position":"center center","background-size":"auto","background-attachment":"scroll","background-type":"","background-media":"","overlay-type":"","overlay-color":"","overlay-opacity":"","overlay-gradient":""},"tablet":{"background-color":"","background-image":"","background-repeat":"repeat","background-position":"center center","background-size":"auto","background-attachment":"scroll","background-type":"","background-media":"","overlay-type":"","overlay-color":"","overlay-opacity":"","overlay-gradient":""},"mobile":{"background-color":"","background-image":"","background-repeat":"repeat","background-position":"center center","background-size":"auto","background-attachment":"scroll","background-type":"","background-media":"","overlay-type":"","overlay-color":"","overlay-opacity":"","overlay-gradient":""}},"ast-content-background-meta":{"desktop":{"background-color":"var(--ast-global-color-5)","background-image":"","background-repeat":"repeat","background-position":"center center","background-size":"auto","background-attachment":"scroll","background-type":"","background-media":"","overlay-type":"","overlay-color":"","overlay-opacity":"","overlay-gradient":""},"tablet":{"background-color":"var(--ast-global-color-5)","background-image":"","background-repeat":"repeat","background-position":"center center","background-size":"auto","background-attachment":"scroll","background-type":"","background-media":"","overlay-type":"","overlay-color":"","overlay-opacity":"","overlay-gradient":""},"mobile":{"background-color":"var(--ast-global-color-5)","background-image":"","background-repeat":"repeat","background-position":"center center","background-size":"auto","background-attachment":"scroll","background-type":"","background-media":"","overlay-type":"","overlay-color":"","overlay-opacity":"","overlay-gradient":""}}},"product_brand":[],"product_cat":[34],"product_tag":[],"class_list":{"0":"post-1310","1":"product","2":"type-product","3":"status-publish","4":"has-post-thumbnail","6":"product_cat-planter-pots","7":"desktop-align-center","8":"tablet-align-left","9":"mobile-align-left","11":"first","12":"instock","13":"shipping-taxable","14":"product-type-simple"},"_links":{"self":[{"href":"https:\/\/jblcorten.com\/de\/wp-json\/wp\/v2\/product\/1310","targetHints":{"allow":["GET"]}}],"collection":[{"href":"https:\/\/jblcorten.com\/de\/wp-json\/wp\/v2\/product"}],"about":[{"href":"https:\/\/jblcorten.com\/de\/wp-json\/wp\/v2\/types\/product"}],"wp:featuredmedia":[{"embeddable":true,"href":"https:\/\/jblcorten.com\/de\/wp-json\/wp\/v2\/media\/1355"}],"wp:attachment":[{"href":"https:\/\/jblcorten.com\/de\/wp-json\/wp\/v2\/media?parent=1310"}],"wp:term":[{"taxonomy":"product_brand","embeddable":true,"href":"https:\/\/jblcorten.com\/de\/wp-json\/wp\/v2\/product_brand?post=1310"},{"taxonomy":"product_cat","embeddable":true,"href":"https:\/\/jblcorten.com\/de\/wp-json\/wp\/v2\/product_cat?post=1310"},{"taxonomy":"product_tag","embeddable":true,"href":"https:\/\/jblcorten.com\/de\/wp-json\/wp\/v2\/product_tag?post=1310"}],"curies":[{"name":"wp","href":"https:\/\/api.w.org\/{rel}","templated":true}]}}